{"id":4272,"date":"2025-12-06T02:31:58","date_gmt":"2025-12-05T18:31:58","guid":{"rendered":"https:\/\/phi-cycling.cc\/ueber-uns\/"},"modified":"2026-04-08T09:43:00","modified_gmt":"2026-04-08T01:43:00","slug":"ueber-uns","status":"publish","type":"page","link":"https:\/\/phi-cycling.cc\/de\/ueber-uns\/","title":{"rendered":"\u00dcber uns"},"content":{"rendered":"\t\t<div data-elementor-type=\"wp-page\" data-elementor-id=\"4272\" class=\"elementor elementor-4272 elementor-76\" data-elementor-post-type=\"page\">\n\t\t\t\t\t\t<section class=\"elementor-section elementor-top-section elementor-element elementor-element-3610c5bf elementor-section-height-min-height elementor-section-boxed elementor-section-height-default elementor-section-items-middle\" data-id=\"3610c5bf\" data-element_type=\"section\" data-e-type=\"section\" data-settings=\"{&quot;background_background&quot;:&quot;classic&quot;,&quot;background_motion_fx_motion_fx_scrolling&quot;:&quot;yes&quot;,&quot;background_motion_fx_translateY_effect&quot;:&quot;yes&quot;,&quot;background_motion_fx_translateY_speed&quot;:{&quot;unit&quot;:&quot;px&quot;,&quot;size&quot;:4,&quot;sizes&quot;:[]},&quot;background_motion_fx_translateY_affectedRange&quot;:{&quot;unit&quot;:&quot;%&quot;,&quot;size&quot;:&quot;&quot;,&quot;sizes&quot;:{&quot;start&quot;:0,&quot;end&quot;:100}},&quot;background_motion_fx_devices&quot;:[&quot;desktop&quot;,&quot;tablet&quot;,&quot;mobile&quot;]}\">\n\t\t\t\t\t\t\t<div class=\"elementor-background-overlay\"><\/div>\n\t\t\t\t\t\t\t<div class=\"elementor-container elementor-column-gap-wider\">\n\t\t\t\t\t<div class=\"elementor-column elementor-col-100 elementor-top-column elementor-element elementor-element-2b51f6d5\" data-id=\"2b51f6d5\" data-element_type=\"column\" data-e-type=\"column\">\n\t\t\t<div class=\"elementor-widget-wrap elementor-element-populated\">\n\t\t\t\t\t\t<div class=\"elementor-element elementor-element-6b19e615 elementor-widget elementor-widget-heading\" data-id=\"6b19e615\" data-element_type=\"widget\" data-e-type=\"widget\" data-widget_type=\"heading.default\">\n\t\t\t\t\t<h1 class=\"elementor-heading-title elementor-size-default\">\u00dcber  <\/h1>\t\t\t\t<\/div>\n\t\t\t\t\t<\/div>\n\t\t<\/div>\n\t\t\t\t\t<\/div>\n\t\t<\/section>\n\t\t<div class=\"elementor-element elementor-element-52de9a4 e-flex e-con-boxed e-con e-parent\" data-id=\"52de9a4\" data-element_type=\"container\" data-e-type=\"container\" data-settings=\"{&quot;background_background&quot;:&quot;classic&quot;}\">\n\t\t\t\t\t<div class=\"e-con-inner\">\n\t\t\t\t<div class=\"elementor-element elementor-element-8fadca1 elementor-widget elementor-widget-text-editor\" data-id=\"8fadca1\" data-element_type=\"widget\" data-e-type=\"widget\" data-widget_type=\"text-editor.default\">\n\t\t\t\t\t\t\t\t\t<p>PHi: Der Goldene Schnitt der Leistung, entwickelt f\u00fcr Performance Balance<\/p><p>Erstklassige Qualit\u00e4t, erschwingliche Preise, lokaler Service und lackierfreie Eco Carbon Tech<\/p><p>PHi (\u03a6) ist kein Symbol, das wir uns ausgeliehen haben &#8211; es ist ein Prinzip, nach dem wir entwickeln. Im Hochleistungsradsport hat jeder Gewinn seinen Preis:<br>Leichter bedeutet schw\u00e4cher, steifer bedeutet h\u00e4rter, schneller bedeutet oft schwerer. PHi wurde geschaffen, um diesen Widerspruch zu l\u00f6sen.  <\/p><p>PHi stammt aus der gleichen Produktionsst\u00e4tte in Xiamen wie die weltweit f\u00fchrenden europ\u00e4ischen und amerikanischen Marken f\u00fcr Carbonr\u00e4der. Mit identischen Produktionslinien, erstklassigen Rohstoffen und strengen QC-Standards liefern wir authentische Spitzenqualit\u00e4t direkt von der Quelle. Dar\u00fcber hinaus bieten wir jedem Fahrer diese Elite-Qualit\u00e4t mit erschwinglichen Preisen und professionellem lokalem Service &#8211; die perfekte Mischung aus globaler Premium-Qualit\u00e4t und ma\u00dfgeschneidertem lokalem Support.  <\/p><p>Wir glauben, dass jeder den Nervenkitzel der ultimativen Leistung erleben sollte. Unsere Mission ist einfach: High-End-Carbonfaserprodukte, die fr\u00fcher nur Elite-Athleten vorbehalten waren, f\u00fcr alle passionierten Radfahrer verf\u00fcgbar zu machen. &#8222;Explore the Limits of Carbon&#8220; ist nicht nur unser Slogan, sondern auch unsere Verpflichtung zu unerm\u00fcdlicher Innovation.  <\/p>\t\t\t\t\t\t\t\t<\/div>\n\t\t\t\t\t<\/div>\n\t\t\t\t<\/div>\n\t\t\t\t<\/div>\n\t\t","protected":false},"excerpt":{"rendered":"<p>\u00dcber PHi: Der Goldene Schnitt der Leistung, entwickelt f\u00fcr Performance Balance Erstklassige Qualit\u00e4t, erschwingliche Preise, lokaler Service und lackierfreie Eco Carbon Tech PHi (\u03a6) ist kein Symbol, das wir uns ausgeliehen haben &#8211; es ist ein Prinzip, nach dem wir entwickeln. Im Hochleistungsradsport hat jeder Gewinn seinen Preis:Leichter bedeutet schw\u00e4cher, steifer bedeutet h\u00e4rter, schneller bedeutet [&hellip;]<\/p>\n","protected":false},"author":1,"featured_media":0,"parent":0,"menu_order":0,"comment_status":"closed","ping_status":"closed","template":"","meta":{"footnotes":""},"class_list":["post-4272","page","type-page","status-publish","hentry"],"_links":{"self":[{"href":"https:\/\/phi-cycling.cc\/de\/wp-json\/wp\/v2\/pages\/4272","targetHints":{"allow":["GET"]}}],"collection":[{"href":"https:\/\/phi-cycling.cc\/de\/wp-json\/wp\/v2\/pages"}],"about":[{"href":"https:\/\/phi-cycling.cc\/de\/wp-json\/wp\/v2\/types\/page"}],"author":[{"embeddable":true,"href":"https:\/\/phi-cycling.cc\/de\/wp-json\/wp\/v2\/users\/1"}],"replies":[{"embeddable":true,"href":"https:\/\/phi-cycling.cc\/de\/wp-json\/wp\/v2\/comments?post=4272"}],"version-history":[{"count":2,"href":"https:\/\/phi-cycling.cc\/de\/wp-json\/wp\/v2\/pages\/4272\/revisions"}],"predecessor-version":[{"id":4700,"href":"https:\/\/phi-cycling.cc\/de\/wp-json\/wp\/v2\/pages\/4272\/revisions\/4700"}],"wp:attachment":[{"href":"https:\/\/phi-cycling.cc\/de\/wp-json\/wp\/v2\/media?parent=4272"}],"curies":[{"name":"wp","href":"https:\/\/api.w.org\/{rel}","templated":true}]}}