{"id":4298,"date":"2025-12-16T03:37:49","date_gmt":"2025-12-15T19:37:49","guid":{"rendered":"https:\/\/phi-cycling.cc\/versandpolitik\/"},"modified":"2026-04-08T09:42:34","modified_gmt":"2026-04-08T01:42:34","slug":"versandpolitik","status":"publish","type":"page","link":"https:\/\/phi-cycling.cc\/de\/versandpolitik\/","title":{"rendered":"Versandpolitik"},"content":{"rendered":"\t\t<div data-elementor-type=\"wp-page\" data-elementor-id=\"4298\" class=\"elementor elementor-4298 elementor-792\" data-elementor-post-type=\"page\">\n\t\t\t\t<div class=\"elementor-element elementor-element-c4eed0c e-flex e-con-boxed e-con e-parent\" data-id=\"c4eed0c\" data-element_type=\"container\" data-e-type=\"container\" data-settings=\"{&quot;background_background&quot;:&quot;classic&quot;}\">\n\t\t\t\t\t<div class=\"e-con-inner\">\n\t\t\t\t<div class=\"elementor-element elementor-element-bb17af0 elementor-widget elementor-widget-text-editor\" data-id=\"bb17af0\" data-element_type=\"widget\" data-e-type=\"widget\" data-widget_type=\"text-editor.default\">\n\t\t\t\t\t\t\t\t\t<p>Kostenloser Versand<br>Wir versenden weltweit \u00fcber einen renommierten internationalen Kurierdienst. Wenn Ihr Land auf unserer Website nicht als Option angeboten wird, kontaktieren Sie uns bitte unter service@phi-cycling.cc f\u00fcr weitere Informationen. <\/p><p>Wir bieten kostenlosen Versand in mehr als 70 L\u00e4nder f\u00fcr alle Laufradsatz-Bestellungen auf unserer Website.<\/p><p>Au\u00dferdem bieten wir derzeit einen steuerfreien Versand in die folgenden L\u00e4nder an:<\/p><p>Vereinigte Staaten<br>Kanada (auf Anfrage erh\u00e4ltlich)<br>Die meisten EU-L\u00e4nder<br>Vereinigtes K\u00f6nigreich<br>Australien<br>Vereinigte Arabische Emirate<br>Malaysia<br>Thailand<br>Vietnam<br>Manila, Philippinen (auf Anfrage erh\u00e4ltlich)<\/p><p>Kunden m\u00fcssen keine Z\u00f6lle zahlen, wenn sie bei ihrer Bestellung die Versandart &#8222;inklusive Steuern&#8220; w\u00e4hlen.<\/p><p>Aufgrund der hohen Kurierkosten f\u00fcr den Versand in bestimmte abgelegene L\u00e4nder k\u00f6nnen wir keinen kostenlosen Versand in die folgenden L\u00e4nder anbieten. Es fallen zus\u00e4tzliche Geb\u00fchren an: <\/p><p>T\u00fcrkei, Israel, Chile, Brasilien, Argentinien, Uruguay, Peru, Mexiko, Costa Rica, Saudi-Arabien, Katar. Wenn Ihre Lieferadresse in einem dieser L\u00e4nder liegt, kontaktieren Sie uns bitte unter service@phi-cycling.cc f\u00fcr weitere Informationen. <\/p><p>Wir bieten mehrere Lieferoptionen an. Die Versanddauer h\u00e4ngt von der verwendeten Versandmethode ab: (EMS\/DPD: 15-30 Tage, Fedex\/DHL\/UPS: 5-10 Tage). Weitere Verz\u00f6gerungen k\u00f6nnen durch die Zollabfertigung im Zielland entstehen.  <\/p><p>Nachdem die Bestellung versandt wurde, senden wir Ihnen umgehend die Tracking-Nummer per E-Mail zu. Sie k\u00f6nnen sie auch direkt auf unserer Website abrufen. Au\u00dferdem k\u00f6nnen Sie Ihr Paket \u00fcber diese Website verfolgen: https:\/\/www.17track.net\/  <\/p><p>*Der kostenlose Versand ist nur auf Laufradsatz-Bestellungen beschr\u00e4nkt. Bei Bestellungen mit Zubeh\u00f6r fallen zus\u00e4tzliche Versandgeb\u00fchren an. <\/p><p>Bestellungsbearbeitung<br>Alle Bestellungen, die von Montag bis Freitag aufgegeben werden, werden noch am selben Tag bearbeitet. Bestellungen, die am Samstag oder Sonntag aufgegeben werden, werden am folgenden Montag bearbeitet. Nachdem Sie die Bestellung aufgegeben haben, schicken wir die Bestellung zur Produktion an das Werk. Die Produktion dauert in der Regel 5 Arbeitstage, wenn die Felgen auf Lager sind. Sonderanfertigungen oder Bestellungen mit Felgen, die derzeit nicht auf Lager sind, dauern in der Regel 12-15 Werktage. Die Lieferzeit ergibt sich aus der Summe der Produktionszeit und der Logistikzeit. Nachdem die Felgen versandt wurden, senden wir Ihnen die Tracking-Nummer.(*Internationaler Versand hat eine Bearbeitungszeit von 3-5 Werktagen)<\/p><p>Wir haben keinen Einfluss auf die Geschwindigkeit des Versands, sobald ein Artikel unser Lager verlassen hat. Bitte haben Sie Geduld. Wenn Sie einen schnelleren Versand w\u00fcnschen, kontaktieren Sie uns bitte unter service@phi-cycling.cc.  <\/p>\t\t\t\t\t\t\t\t<\/div>\n\t\t\t\t\t<\/div>\n\t\t\t\t<\/div>\n\t\t\t\t<\/div>\n\t\t","protected":false},"excerpt":{"rendered":"<p>Kostenloser VersandWir versenden weltweit \u00fcber einen renommierten internationalen Kurierdienst. Wenn Ihr Land auf unserer Website nicht als Option angeboten wird, kontaktieren Sie uns bitte unter service@phi-cycling.cc f\u00fcr weitere Informationen. Wir bieten kostenlosen Versand in mehr als 70 L\u00e4nder f\u00fcr alle Laufradsatz-Bestellungen auf unserer Website. Au\u00dferdem bieten wir derzeit einen steuerfreien Versand in die folgenden L\u00e4nder [&hellip;]<\/p>\n","protected":false},"author":1,"featured_media":0,"parent":0,"menu_order":0,"comment_status":"closed","ping_status":"closed","template":"","meta":{"footnotes":""},"class_list":["post-4298","page","type-page","status-publish","hentry"],"_links":{"self":[{"href":"https:\/\/phi-cycling.cc\/de\/wp-json\/wp\/v2\/pages\/4298","targetHints":{"allow":["GET"]}}],"collection":[{"href":"https:\/\/phi-cycling.cc\/de\/wp-json\/wp\/v2\/pages"}],"about":[{"href":"https:\/\/phi-cycling.cc\/de\/wp-json\/wp\/v2\/types\/page"}],"author":[{"embeddable":true,"href":"https:\/\/phi-cycling.cc\/de\/wp-json\/wp\/v2\/users\/1"}],"replies":[{"embeddable":true,"href":"https:\/\/phi-cycling.cc\/de\/wp-json\/wp\/v2\/comments?post=4298"}],"version-history":[{"count":2,"href":"https:\/\/phi-cycling.cc\/de\/wp-json\/wp\/v2\/pages\/4298\/revisions"}],"predecessor-version":[{"id":4676,"href":"https:\/\/phi-cycling.cc\/de\/wp-json\/wp\/v2\/pages\/4298\/revisions\/4676"}],"wp:attachment":[{"href":"https:\/\/phi-cycling.cc\/de\/wp-json\/wp\/v2\/media?parent=4298"}],"curies":[{"name":"wp","href":"https:\/\/api.w.org\/{rel}","templated":true}]}}