{"id":4783,"date":"2025-12-06T01:47:58","date_gmt":"2025-12-05T17:47:58","guid":{"rendered":"https:\/\/phi-cycling.cc\/refund_returns\/"},"modified":"2026-04-08T13:35:03","modified_gmt":"2026-04-08T05:35:03","slug":"rueckerstattungs-und-rueckgaberichtlinie","status":"publish","type":"page","link":"https:\/\/phi-cycling.cc\/de\/rueckerstattungs-und-rueckgaberichtlinie\/","title":{"rendered":"R\u00fcckerstattungs- und R\u00fcckgaberichtlinie"},"content":{"rendered":"\t\t<div data-elementor-type=\"wp-page\" data-elementor-id=\"4783\" class=\"elementor elementor-4783 elementor-12\" data-elementor-post-type=\"page\">\n\t\t\t\t<div class=\"elementor-element elementor-element-398e84a6 e-flex e-con-boxed e-con e-parent\" data-id=\"398e84a6\" data-element_type=\"container\" data-e-type=\"container\" data-settings=\"{&quot;background_background&quot;:&quot;classic&quot;}\">\n\t\t\t\t\t<div class=\"e-con-inner\">\n\t\t\t\t<div class=\"elementor-element elementor-element-72c1bc6a elementor-widget elementor-widget-text-editor\" data-id=\"72c1bc6a\" data-element_type=\"widget\" data-e-type=\"widget\" data-widget_type=\"text-editor.default\">\n\t\t\t\t\t\t\t\t\t<div class=\"qk-md-paragraph\"><strong class=\"qk-md-strong complete\"><span class=\"qk-md-text complete\">R\u00fcckerstattungs- und R\u00fcckgaberichtlinie<\/span><\/strong><\/div>\n<div class=\"qk-md-paragraph\"><span class=\"qk-md-text complete\">Alle R\u00fcckgabeanfragen m\u00fcssen gestellt werden, indem zuerst das Kundendienst-Anforderungsformular ausgef\u00fcllt wird. Bitte senden Sie keine Artikel an uns zur\u00fcck, ohne vorherige Genehmigung erhalten zu haben. Alle Artikel, die ohne vorherige Genehmigung zur\u00fcckgesendet werden, sind nicht f\u00fcr eine R\u00fcckerstattung berechtigt. Alle Probleme bez\u00fcglich besch\u00e4digter oder fehlender Ware m\u00fcssen PHi innerhalb von 7 Tagen nach der Lieferung mitgeteilt werden. Wenn dies nicht innerhalb von 7 Tagen geschieht, \u00fcbernimmt PHi keine Verantwortung f\u00fcr Sch\u00e4den oder Verluste.<\/span><\/div>\n<div class=\"qk-md-paragraph\"><strong class=\"qk-md-strong complete\"><span class=\"qk-md-text complete\">1 STORNIERUNG ODER \u00c4NDERUNG EINER BESTELLUNG VOR DEM VERSAND<\/span><\/strong><\/div>\n<ol class=\"qk-md-ol\" start=\"1\">\n<li class=\"qk-md-li complete\">\n<div class=\"qk-md-paragraph\"><span class=\"qk-md-text complete\">Wenn Sie Ihre Bestellung \u00e4ndern oder stornieren m\u00f6chten, tun Sie dies bitte innerhalb von 24 Stunden nach Aufgabe Ihrer Bestellung, indem Sie PHiwheels per E-Mail oder den Live-Chat der offiziellen Website kontaktieren. Anfragen zur \u00c4nderung oder Stornierung nach 24 Stunden werden m\u00f6glicherweise nicht genehmigt. Wenn sie genehmigt werden, k\u00f6nnen zus\u00e4tzliche Geb\u00fchren anfallen.<\/span><\/div>\n<\/li>\n<li class=\"qk-md-li complete\">\n<div class=\"qk-md-paragraph\"><span class=\"qk-md-text complete\">Nach 24 Stunden nach Aufgabe einer Sonderbestellung sind R\u00fcckgaben und\/oder \u00c4nderungen sehr unwahrscheinlich. Sonderbestellungen umfassen Sonderfelgen, aufgewertete Naben, aufgewertete Speichen, Sonderaufkleber, keine Aufkleber usw.<\/span><\/div>\n<\/li>\n<li class=\"qk-md-li complete\">\n<div class=\"qk-md-paragraph\"><span class=\"qk-md-text complete\">Wenn Sie Ihre Bestellung stornieren m\u00f6chten, bevor sie versandt wurde, k\u00f6nnen Sie uns per E-Mail oder den Live-Chat der offiziellen Website von PHi benachrichtigen. In einigen F\u00e4llen kann die Bestellung bereits versandt worden sein, bevor Sie eine Benachrichtigung erhalten.<\/span><\/div>\n<\/li>\n<li class=\"qk-md-li complete\">\n<div class=\"qk-md-paragraph\"><span class=\"qk-md-text complete\">Sobald eine Bestellung \u00fcber den Spediteur versandt wurde, kann sie nicht mehr storniert oder ge\u00e4ndert werden.<\/span><\/div>\n<\/li>\n<\/ol>\n<div class=\"qk-md-paragraph\"><strong class=\"qk-md-strong complete\"><span class=\"qk-md-text complete\">2 BESCH\u00c4DIGTES ODER FEHLENDES PRODUKT<\/span><\/strong><\/div>\n<ol class=\"qk-md-ol\" start=\"1\">\n<li class=\"qk-md-li complete\">\n<div class=\"qk-md-paragraph\"><span class=\"qk-md-text complete\">Bitte \u00fcberpr\u00fcfen Sie das Lieferpaket bei Ankunft sorgf\u00e4ltig, bevor Sie es unterschreiben. Wenn offensichtliche Sch\u00e4den vorliegen, machen Sie bitte Fotos vom Schaden und lehnen Sie das Paket ab. Senden Sie PHi innerhalb von 7 Tagen nach Ankunft die Fotos des besch\u00e4digten Pakets per E-Mail oder Live-Chat.<\/span><\/div>\n<\/li>\n<li class=\"qk-md-li complete\">\n<div class=\"qk-md-paragraph\"><span class=\"qk-md-text complete\">Wenn eine Reklamation bei der Spedition eingereicht wird, stellt diese eine Entsch\u00e4digungsnummer zur Verf\u00fcgung. Bitte informieren Sie PHi \u00fcber diese Nummer zum Zweck der Sendungsverfolgung.<\/span><\/div>\n<\/li>\n<li class=\"qk-md-li complete\">\n<div class=\"qk-md-paragraph\"><span class=\"qk-md-text complete\">Wenn Sie das Paket unterschrieben haben und dann feststellen, dass die Ware nach dem \u00d6ffnen besch\u00e4digt ist, kontaktieren Sie PHi bitte innerhalb von 7 Tagen nach der Lieferung. Nach Erhalt der Genehmigung f\u00fcr eine R\u00fccksendung senden Sie das Paket innerhalb von 30 Tagen nach dem Lieferdatum an PHi zur\u00fcck. Innerhalb von 10 Tagen, nachdem die Ware an PHi zur\u00fcckgesendet wurde, wird die Ursache des Problems \u00fcberpr\u00fcft, und Sie werden bez\u00fcglich der M\u00f6glichkeit einer vollen R\u00fcckerstattung oder eines Ersatzes kontaktiert. Im Falle einer R\u00fcckerstattung wird die R\u00fcckerstattung auf Ihr urspr\u00fcngliches Zahlungskonto gesendet.<\/span><\/div>\n<\/li>\n<\/ol>\n<div class=\"qk-md-paragraph\"><strong class=\"qk-md-strong complete\"><span class=\"qk-md-text complete\">3 R\u00dcCKGABEN, DIE NICHT MIT DEM ZUSTAND DES PRODUKTS ZUSAMMENH\u00c4NGEN<\/span><\/strong><br \/><span class=\"qk-md-text complete\">Wir hoffen, dass Sie Ihren Kauf genie\u00dfen. Wenn das Produkt, das Sie bestellt haben, aus irgendeinem Grund nicht Ihren Erwartungen entspricht, kann es mit bestimmten Einschr\u00e4nkungen zur\u00fcckgegeben werden.<\/span><\/div>\n<div class=\"qk-md-paragraph\"><span class=\"qk-md-text complete\">Kontaktieren Sie PHi innerhalb von 30 Tagen nach der Lieferung \u00fcber den Live-Chat der offiziellen Website oder per E-Mail. Senden Sie keine Artikel ohne vorherige Genehmigung an PHi zur\u00fcck.<\/span><\/div>\n<div class=\"qk-md-paragraph\"><span class=\"qk-md-text complete\">Sie sind f\u00fcr Folgendes verantwortlich: Versandkosten zu Ihrer Adresse, Versandkosten zu PHi und alle mit dem Versand verbundenen Steuern, Geb\u00fchren oder Z\u00f6lle. Innerhalb von 10 Werktagen nach R\u00fccksendung des Produkts an PHiw wird die R\u00fcckerstattung veranlasst.<\/span><\/div>\n<div class=\"qk-md-paragraph\"><span class=\"qk-md-text complete\">Wenn eines dieser Kriterien auf Ihre Bestellung zutrifft, ist sie nicht f\u00fcr eine R\u00fcckgabe berechtigt:<\/span><\/div>\n<ul class=\"qk-md-ul\">\n<li class=\"qk-md-li complete\"><span class=\"qk-md-text complete\">Das Produkt wurde verwendet<\/span><\/li>\n<li class=\"qk-md-li complete\"><span class=\"qk-md-text complete\">Die Produktverpackung ist besch\u00e4digt<\/span><\/li>\n<li class=\"qk-md-li complete\"><span class=\"qk-md-text complete\">Das Produkt selbst ist besch\u00e4digt<\/span><\/li>\n<li class=\"qk-md-li complete\"><span class=\"qk-md-text complete\">Das Produkt ist nicht in vollem Wiederverkaufszustand<\/span><\/li>\n<li class=\"qk-md-li complete\"><span class=\"qk-md-text complete\">Das zur\u00fcckgesendete Produkt wird nicht von PHi erhalten<\/span><\/li>\n<li class=\"qk-md-li complete\"><span class=\"qk-md-text complete\">Es sind mehr als 30 Tage seit der Lieferung vergangen<\/span><\/li>\n<li class=\"qk-md-li complete\"><span class=\"qk-md-text complete\">Es gibt keinen Kaufnachweis<\/span><\/li>\n<li class=\"qk-md-li complete\"><span class=\"qk-md-text complete\">Das Produkt ist als nur zeitlich begrenzt klassifiziert und\/oder wird nicht mehr produziert<\/span><\/li>\n<\/ul>\n<div class=\"qk-md-paragraph\"><strong class=\"qk-md-strong complete\"><span class=\"qk-md-text complete\">4 VERMUTETE HERSTELLUNGSFEHLER<\/span><\/strong><br \/><span class=\"qk-md-text complete\">Wenn bei einem bei PHi gekauften Produkt innerhalb von 3 Jahren nach dem Lieferdatum ein Herstellungsfehler vermutet wird, f\u00fcllen Sie bitte unser Kundendienst-Anforderungsformular aus. Weitere Informationen finden Sie in unserer Garantierichtlinie.<\/span><\/div>\n<div class=\"qk-md-paragraph\"><strong class=\"qk-md-strong complete\"><span class=\"qk-md-text complete\">5 R\u00dcCKERSTATTUNGSVERFAHREN<\/span><\/strong><br \/><span class=\"qk-md-text complete\">Wenn das Produkt, das Sie zur\u00fccksenden, den R\u00fcckgabe- und R\u00fcckerstattungsstandards von PHi entspricht, werden Sie innerhalb von 10 Werktagen kontaktiert, um den zu erstattenden Betrag mit Ihnen zu best\u00e4tigen und die Auszahlung zu veranlassen. Eine R\u00fcckerstattung w\u00fcrde dann auf Ihr urspr\u00fcngliches Zahlungskonto gesendet. Die Bank kann einige Tage ben\u00f6tigen, um die Transaktion zu bearbeiten. Wenn PHi Ihnen mitteilt, dass die R\u00fcckerstattung gesendet wurde, und es zu einer Verz\u00f6gerung kommt, kontaktieren Sie bitte direkt Ihre Bank. Wenn die R\u00fcckerstattung innerhalb von 7 Tagen nach der Benachrichtigung noch nicht eingegangen ist, kontaktieren Sie bitte PHi.<\/span><\/div>\n<div class=\"qk-md-paragraph\"><span class=\"qk-md-text complete\">Wenn das zur\u00fcckgesendete Produkt nicht den R\u00fcckgabe- und R\u00fcckerstattungsstandards von PHi entspricht, wird es abgelehnt und an Sie zur\u00fcckgesendet. In diesem Fall sind Sie f\u00fcr die Versandkosten verantwortlich.<\/span><\/div>\n<div class=\"qk-md-paragraph\"><span class=\"qk-md-text complete\">Bitte beachten Sie, dass der erstattete Betrag keine zus\u00e4tzlichen \u00dcberweisungsgeb\u00fchren oder \u00c4nderungen der Wechselkurse beinhaltet. Wenn zus\u00e4tzliche Geb\u00fchren im Zusammenhang mit einer \u00dcberweisung an PHi anfallen, werden diese Geb\u00fchren vom Kunden getragen.<\/span><\/div>\n<div class=\"qk-md-paragraph\"><span class=\"qk-md-text complete\">Wenn ein Fehler in Ihrer Bestellung vorlag, wie z. B. der Versand des falschen Artikels, \u00fcbernimmt PHi die R\u00fccksendekosten.<\/span><\/div>\n<div class=\"qk-md-paragraph\"><span class=\"qk-md-text complete\">W\u00e4hrend Verkaufsveranstaltungen k\u00f6nnen R\u00fcckgabe- und R\u00fcckerstattungszeiten \u00c4nderungen unterliegen. Bitte \u00fcberpr\u00fcfen Sie die Veranstaltungsdetails f\u00fcr weitere Informationen.<\/span><\/div>\n<div class=\"qk-md-paragraph\"><span class=\"qk-md-text complete\">Wenn Sie Fragen zu Ihrem Kauf oder seiner Garantie haben, verweisen wir Sie auf die Garantierichtlinie von PHi. Sie k\u00f6nnen PHi auch per E-Mail unter\u00a0<\/span><a class=\"qk-md-link\" href=\"mailto:service@phi-cycling.cc\" target=\"_blank\" rel=\"noopener noreferrer\">mailto:service@phi-cycling.cc<\/a><span class=\"qk-md-text complete\">\u00a0oder \u00fcber den Live-Chat der offiziellen Website kontaktieren.<\/span><\/div>\n<div class=\"qk-md-paragraph\"><span class=\"qk-md-text complete\">PHi ist bestrebt und dabei, ein globales Servicenetzwerk aufzubauen. Der Zweck dieses Netzwerks ist es, unsere Fahrer besser zu bedienen. Dies erm\u00f6glicht bequemen Service und Support, egal wo Sie auf der Welt sind.<\/span><\/div>\t\t\t\t\t\t\t\t<\/div>\n\t\t\t\t\t<\/div>\n\t\t\t\t<\/div>\n\t\t\t\t<\/div>\n\t\t","protected":false},"excerpt":{"rendered":"<p>R\u00fcckerstattungs- und R\u00fcckgaberichtlinie Alle R\u00fcckgabeanfragen m\u00fcssen gestellt werden, indem zuerst das Kundendienst-Anforderungsformular ausgef\u00fcllt wird. Bitte senden Sie keine Artikel an uns zur\u00fcck, ohne vorherige Genehmigung erhalten zu haben. Alle Artikel, die ohne vorherige Genehmigung zur\u00fcckgesendet werden, sind nicht f\u00fcr eine R\u00fcckerstattung berechtigt. Alle Probleme bez\u00fcglich besch\u00e4digter oder fehlender Ware m\u00fcssen PHi innerhalb von 7 Tagen [&hellip;]<\/p>\n","protected":false},"author":1,"featured_media":0,"parent":0,"menu_order":0,"comment_status":"closed","ping_status":"closed","template":"","meta":{"footnotes":""},"class_list":["post-4783","page","type-page","status-publish","hentry"],"_links":{"self":[{"href":"https:\/\/phi-cycling.cc\/de\/wp-json\/wp\/v2\/pages\/4783","targetHints":{"allow":["GET"]}}],"collection":[{"href":"https:\/\/phi-cycling.cc\/de\/wp-json\/wp\/v2\/pages"}],"about":[{"href":"https:\/\/phi-cycling.cc\/de\/wp-json\/wp\/v2\/types\/page"}],"author":[{"embeddable":true,"href":"https:\/\/phi-cycling.cc\/de\/wp-json\/wp\/v2\/users\/1"}],"replies":[{"embeddable":true,"href":"https:\/\/phi-cycling.cc\/de\/wp-json\/wp\/v2\/comments?post=4783"}],"version-history":[{"count":5,"href":"https:\/\/phi-cycling.cc\/de\/wp-json\/wp\/v2\/pages\/4783\/revisions"}],"predecessor-version":[{"id":4856,"href":"https:\/\/phi-cycling.cc\/de\/wp-json\/wp\/v2\/pages\/4783\/revisions\/4856"}],"wp:attachment":[{"href":"https:\/\/phi-cycling.cc\/de\/wp-json\/wp\/v2\/media?parent=4783"}],"curies":[{"name":"wp","href":"https:\/\/api.w.org\/{rel}","templated":true}]}}