{"id":4788,"date":"2025-12-06T01:36:43","date_gmt":"2025-12-05T17:36:43","guid":{"rendered":"https:\/\/phi-cycling.cc\/privacy-policy\/"},"modified":"2026-04-08T11:31:58","modified_gmt":"2026-04-08T03:31:58","slug":"datenschutzrichtlinie","status":"publish","type":"page","link":"https:\/\/phi-cycling.cc\/de\/datenschutzrichtlinie\/","title":{"rendered":"DATENSCHUTZRICHTLINIE"},"content":{"rendered":"\t\t<div data-elementor-type=\"wp-page\" data-elementor-id=\"4788\" class=\"elementor elementor-4788 elementor-3\" data-elementor-post-type=\"page\">\n\t\t\t\t<div class=\"elementor-element elementor-element-794755c4 e-flex e-con-boxed e-con e-parent\" data-id=\"794755c4\" data-element_type=\"container\" data-e-type=\"container\" data-settings=\"{&quot;background_background&quot;:&quot;classic&quot;}\">\n\t\t\t\t\t<div class=\"e-con-inner\">\n\t\t\t\t<div class=\"elementor-element elementor-element-bff2088 elementor-widget elementor-widget-text-editor\" data-id=\"bff2088\" data-element_type=\"widget\" data-e-type=\"widget\" data-widget_type=\"text-editor.default\">\n\t\t\t\t\t\t\t\t\t<div class=\"qk-md-paragraph\"><strong class=\"qk-md-strong complete\"><span class=\"qk-md-text complete\">DATENSCHUTZRICHTLINIE<\/span><\/strong><\/div>\n<div class=\"qk-md-paragraph\"><span class=\"qk-md-text complete\">PHi verpflichtet sich, die Privatsph\u00e4re aller Besucher unserer Website zu wahren. Bitte lesen Sie die folgende Datenschutzrichtlinie, um zu verstehen, wie wir die Informationen, die Sie uns zur Verf\u00fcgung stellen, verwenden und sch\u00fctzen.<\/span><\/div>\n<div class=\"qk-md-paragraph\"><span class=\"qk-md-text complete\">Durch die Registrierung oder die Abgabe einer Bestellung auf dieser Website stimmen Sie der Erhebung und Nutzung Ihrer Informationen gem\u00e4\u00df den Bedingungen dieser Richtlinie zu.<\/span><\/div>\n<div class=\"qk-md-paragraph\"><strong class=\"qk-md-strong complete\"><span class=\"qk-md-text complete\">INFORMATIONEN, DIE WIR VON IHNEN ERHEBEN<\/span><\/strong><br \/><span class=\"qk-md-text complete\">Wenn Sie PHi besuchen, sich registrieren oder Produkte oder Dienstleistungen bestellen, werden Sie m\u00f6glicherweise aufgefordert, bestimmte Informationen \u00fcber sich selbst anzugeben, einschlie\u00dflich Ihres Namens, Ihrer Kontaktdaten und Ihrer Kredit- oder Debitkarteninformationen.<\/span><\/div>\n<div class=\"qk-md-paragraph\"><span class=\"qk-md-text complete\">Wir k\u00f6nnen auch Informationen \u00fcber Ihre Nutzung unserer Website, Chat-Nachrichten und E-Mails oder Briefe, die Sie uns senden, sammeln.<\/span><\/div>\n<div class=\"qk-md-paragraph\"><span class=\"qk-md-text complete\">Um die Standards des Kundenservice aufrechtzuerhalten und die Mitarbeiterschulung zu unterst\u00fctzen, k\u00f6nnen wir eingehende Anrufe aufzeichnen und \u00fcberwachen.<\/span><\/div>\n<div class=\"qk-md-paragraph\"><strong class=\"qk-md-strong complete\"><span class=\"qk-md-text complete\">NUTZUNG IHRER INFORMATIONEN<\/span><\/strong><br \/><span class=\"qk-md-text complete\">Ihre Informationen erm\u00f6glichen es uns, Ihnen Zugang zur Chat-Funktion sowie zur Bezahlfunktion unserer Website zu gew\u00e4hren. Sie erm\u00f6glichen es uns auch, Sie zu fakturieren und Sie bez\u00fcglich Ihrer Bestellungen zu kontaktieren. Wir werden die von uns gesammelten Informationen auch verwenden und analysieren, damit wir unseren Kundenservice und unsere Produkte verbessern k\u00f6nnen.<\/span><\/div>\n<div class=\"qk-md-paragraph\"><span class=\"qk-md-text complete\">Sie haben die M\u00f6glichkeit, unseren E-Mail-Newsletter zu abonnieren. Wir k\u00f6nnen Ihre Informationen nutzen, um Sie um Feedback zu bitten und Sie gelegentlich \u00fcber wichtige \u00c4nderungen auf unserer Website sowie \u00fcber neue Produktangebote und Dienstleistungen, die Sie interessieren k\u00f6nnten, zu informieren. Um den Kunden zu respektieren, werden diese Updates nur einige Male pro Jahr versendet. Wenn Sie Ihre Meinung dar\u00fcber \u00e4ndern, in Zukunft kontaktiert zu werden, teilen Sie uns dies bitte per E-Mail an\u00a0<\/span><a class=\"qk-md-link\" href=\"mailto:service@phi-cycling.cc\" target=\"_blank\" rel=\"noopener noreferrer\">mailto:service@phi-cycling.cc<\/a><span class=\"qk-md-text complete\">\u00a0mit.<\/span><\/div>\n<div class=\"qk-md-paragraph\"><strong class=\"qk-md-strong complete\"><span class=\"qk-md-text complete\">COOKIES<\/span><\/strong><br \/><span class=\"qk-md-text complete\">Cookies sind kleine Informationsmengen, die von unserem Webserver erstellt werden und auf Ihrem Computer, Telefon oder einem anderen Ger\u00e4t mit einem Webbrowser gespeichert werden k\u00f6nnen. Sofern Sie nicht die Option ausgew\u00e4hlt haben, Cookies auf der Website nicht zu akzeptieren, wird unser System Cookies auf Ihr Ger\u00e4t ausstellen, wenn Sie sich auf der Website anmelden. Cookies erleichtern Ihnen die Anmeldung und die zuk\u00fcnftige Nutzung der Website. Sie erm\u00f6glichen es uns auch, den Website-Verkehr zu \u00fcberwachen und den Inhalt der Website f\u00fcr Sie zu personalisieren. Sie k\u00f6nnen Ihren Browser so konfigurieren, dass Cookies deaktiviert werden.<\/span><\/div>\n<div class=\"qk-md-paragraph\"><strong class=\"qk-md-strong complete\"><span class=\"qk-md-text complete\">SICHERHEIT UND DATENAUFBEWAHRUNG<\/span><\/strong><br \/><span class=\"qk-md-text complete\">Wir setzen Sicherheitsma\u00dfnahmen ein, um Ihre Informationen vor dem Zugriff unbefugter Personen und vor unrechtm\u00e4\u00dfiger Verarbeitung, unbeabsichtigtem Verlust, Zerst\u00f6rung und Besch\u00e4digung zu sch\u00fctzen. Wir werden Ihre Informationen f\u00fcr einen angemessenen Zeitraum oder so lange aufbewahren, wie es das Gesetz erfordert. Wir speichern keine Kreditkarteninformationen.<\/span><\/div>\n<div class=\"qk-md-paragraph\"><strong class=\"qk-md-strong complete\"><span class=\"qk-md-text complete\">ZUGRIFF UND AKTUALISIERUNG<\/span><\/strong><br \/><span class=\"qk-md-text complete\">Sie haben das Recht, die \u00fcber Sie gespeicherten Informationen einzusehen, und Sie k\u00f6nnen uns bitten, erforderliche \u00c4nderungen vorzunehmen, um sicherzustellen, dass sie korrekt und auf dem neuesten Stand sind. Wenn Sie dies w\u00fcnschen, kontaktieren Sie uns bitte per E-Mail an\u00a0<\/span><a class=\"qk-md-link\" href=\"mailto:service@phi-cycling.cc\" target=\"_blank\" rel=\"noopener noreferrer\">mailto:service@phi-cycling.cc<\/a><span class=\"qk-md-text complete\">.<\/span><\/div>\n<div class=\"qk-md-paragraph\"><strong class=\"qk-md-strong complete\"><span class=\"qk-md-text complete\">\u00c4NDERUNGEN UNSERER DATENSCHUTZRICHTLINIE<\/span><\/strong><br \/><span class=\"qk-md-text complete\">Alle zuk\u00fcnftigen \u00c4nderungen unserer Datenschutzrichtlinie werden auf der Website ver\u00f6ffentlicht und, falls zutreffend, per E-Mail an Sie gesendet.<\/span><\/div>\n<div class=\"qk-md-paragraph\"><strong class=\"qk-md-strong complete\"><span class=\"qk-md-text complete\">KONTAKT<\/span><\/strong><br \/><span class=\"qk-md-text complete\">Alle Kommentare, Fragen und Anfragen bez\u00fcglich unserer Nutzung Ihrer Informationen sind willkommen und sollten per E-Mail an\u00a0<\/span><a class=\"qk-md-link\" href=\"mailto:service@phi-cycling.cc\" target=\"_blank\" rel=\"noopener noreferrer\">mailto:service@phi-cycling.cc<\/a><span class=\"qk-md-text complete\">\u00a0an uns gesendet werden.<\/span><\/div>\t\t\t\t\t\t\t\t<\/div>\n\t\t\t\t\t<\/div>\n\t\t\t\t<\/div>\n\t\t\t\t<\/div>\n\t\t","protected":false},"excerpt":{"rendered":"<p>DATENSCHUTZRICHTLINIE PHi verpflichtet sich, die Privatsph\u00e4re aller Besucher unserer Website zu wahren. Bitte lesen Sie die folgende Datenschutzrichtlinie, um zu verstehen, wie wir die Informationen, die Sie uns zur Verf\u00fcgung stellen, verwenden und sch\u00fctzen. Durch die Registrierung oder die Abgabe einer Bestellung auf dieser Website stimmen Sie der Erhebung und Nutzung Ihrer Informationen gem\u00e4\u00df den [&hellip;]<\/p>\n","protected":false},"author":1,"featured_media":0,"parent":0,"menu_order":0,"comment_status":"closed","ping_status":"open","template":"","meta":{"footnotes":""},"class_list":["post-4788","page","type-page","status-publish","hentry"],"_links":{"self":[{"href":"https:\/\/phi-cycling.cc\/de\/wp-json\/wp\/v2\/pages\/4788","targetHints":{"allow":["GET"]}}],"collection":[{"href":"https:\/\/phi-cycling.cc\/de\/wp-json\/wp\/v2\/pages"}],"about":[{"href":"https:\/\/phi-cycling.cc\/de\/wp-json\/wp\/v2\/types\/page"}],"author":[{"embeddable":true,"href":"https:\/\/phi-cycling.cc\/de\/wp-json\/wp\/v2\/users\/1"}],"replies":[{"embeddable":true,"href":"https:\/\/phi-cycling.cc\/de\/wp-json\/wp\/v2\/comments?post=4788"}],"version-history":[{"count":5,"href":"https:\/\/phi-cycling.cc\/de\/wp-json\/wp\/v2\/pages\/4788\/revisions"}],"predecessor-version":[{"id":4814,"href":"https:\/\/phi-cycling.cc\/de\/wp-json\/wp\/v2\/pages\/4788\/revisions\/4814"}],"wp:attachment":[{"href":"https:\/\/phi-cycling.cc\/de\/wp-json\/wp\/v2\/media?parent=4788"}],"curies":[{"name":"wp","href":"https:\/\/api.w.org\/{rel}","templated":true}]}}