{"id":4793,"date":"2025-12-17T09:24:05","date_gmt":"2025-12-17T01:24:05","guid":{"rendered":"https:\/\/phi-cycling.cc\/terms-and-conditions\/"},"modified":"2026-04-08T12:11:40","modified_gmt":"2026-04-08T04:11:40","slug":"allgemeine-geschaeftsbedingungen","status":"publish","type":"page","link":"https:\/\/phi-cycling.cc\/de\/allgemeine-geschaeftsbedingungen\/","title":{"rendered":"Allgemeine Gesch\u00e4ftsbedingungen"},"content":{"rendered":"\t\t<div data-elementor-type=\"wp-page\" data-elementor-id=\"4793\" class=\"elementor elementor-4793 elementor-942\" data-elementor-post-type=\"page\">\n\t\t\t\t<div class=\"elementor-element elementor-element-c1b1459 e-flex e-con-boxed e-con e-parent\" data-id=\"c1b1459\" data-element_type=\"container\" data-e-type=\"container\" data-settings=\"{&quot;background_background&quot;:&quot;classic&quot;}\">\n\t\t\t\t\t<div class=\"e-con-inner\">\n\t\t\t\t<div class=\"elementor-element elementor-element-c20467c elementor-widget elementor-widget-text-editor\" data-id=\"c20467c\" data-element_type=\"widget\" data-e-type=\"widget\" data-widget_type=\"text-editor.default\">\n\t\t\t\t\t\t\t\t\t<div class=\"qk-md-paragraph\"><strong class=\"qk-md-strong complete\"><span class=\"qk-md-text complete\">Allgemeine Gesch\u00e4ftsbedingungen<\/span><\/strong><br \/><span class=\"qk-md-text complete\">Diese Allgemeinen Gesch\u00e4ftsbedingungen gelten f\u00fcr die Nutzung dieser Website unter phi-cycling.cc. Durch den Zugriff auf diese Website und\/oder die Abgabe einer Bestellung erkl\u00e4ren Sie sich mit diesen Allgemeinen Gesch\u00e4ftsbedingungen einverstanden.<\/span><\/div><div class=\"qk-md-paragraph\"><span class=\"qk-md-text complete\">Die Nutzung dieser Website zeigt an, dass Sie diese Bedingungen akzeptieren, unabh\u00e4ngig davon, ob Sie sich bei uns registrieren oder bei uns bestellen. Wenn Sie diese Bedingungen nicht akzeptieren, nutzen Sie diese Website nicht.<\/span><\/div><div class=\"qk-md-paragraph\"><strong class=\"qk-md-strong complete\"><span class=\"qk-md-text complete\">UNSERE KONTAKTDATEN SIND WIE FOLGT:<\/span><\/strong><br \/><span class=\"qk-md-text complete\">Allgemeine E-Mail:\u00a0<\/span><a class=\"qk-md-link\" href=\"mailto:service@phi-cycling.cc\" target=\"_blank\" rel=\"noopener noreferrer\">mailto:service@phi-cycling.cc<\/a><\/div><div class=\"qk-md-paragraph\"><strong class=\"qk-md-strong complete\"><span class=\"qk-md-text complete\">EINF\u00dcHRUNG<\/span><\/strong><br \/><span class=\"qk-md-text complete\">1.1 Sie k\u00f6nnen auf alle Bereiche dieser Website zugreifen, ohne Ihre Daten bei uns zu registrieren, mit Ausnahme des Kassenprozesses und des Live-Chats.<\/span><\/div><div class=\"qk-md-paragraph\"><span class=\"qk-md-text complete\">1.2 Wir k\u00f6nnen diese Allgemeinen Gesch\u00e4ftsbedingungen jederzeit durch Aktualisierung dieser Ver\u00f6ffentlichung \u00fcberarbeiten. Wir empfehlen Ihnen, diese Website von Zeit zu Zeit zu \u00fcberpr\u00fcfen, um die dann aktuellen Allgemeinen Gesch\u00e4ftsbedingungen zu pr\u00fcfen, da diese f\u00fcr Sie bindend sind. Bestimmte Bestimmungen dieser Allgemeinen Gesch\u00e4ftsbedingungen k\u00f6nnen durch ausdr\u00fccklich bezeichnete rechtliche Hinweise oder Bedingungen, die sich auf bestimmten Seiten dieser Website befinden, au\u00dfer Kraft gesetzt werden. Wenn Sie keine neuen Allgemeinen Gesch\u00e4ftsbedingungen akzeptieren m\u00f6chten, nachdem wir dies bekannt gegeben haben, sollten Sie diese Website nicht weiter nutzen.<\/span><\/div><div class=\"qk-md-paragraph\"><strong class=\"qk-md-strong complete\"><span class=\"qk-md-text complete\">BESTELLUNG BEI UNS<\/span><\/strong><br \/><span class=\"qk-md-text complete\">2.1 Sie gelten als Bestellung bei uns, indem Sie \u00fcber unseren Online-Kassenprozess bestellen. Als Teil unseres Kassenprozesses erhalten Sie die M\u00f6glichkeit, Ihre Bestellung zu \u00fcberpr\u00fcfen und eventuelle Fehler zu korrigieren. Wir senden Ihnen eine Bestellbest\u00e4tigung, in der die von Ihnen bestellten Produkte aufgef\u00fchrt sind.<\/span><\/div><div class=\"qk-md-paragraph\"><span class=\"qk-md-text complete\">2.2 Wenn Ihre Zahlung eingegangen ist, wird die Bestellung bearbeitet. Wir bereiten den von Ihnen bestellten Artikel vor und versenden ihn so schnell wie m\u00f6glich. Sobald der Artikel versandt wurde, senden wir Ihnen die Lieferbenachrichtigung und die Logistikinformationen per E-Mail. Bestellungen k\u00f6nnen nicht storniert werden, nachdem sie versandt wurden. Wenn es Probleme bez\u00fcglich der Bestellung gibt, k\u00f6nnen Sie unsere Kundendienstrichtlinie \u00fcberpr\u00fcfen.<\/span><\/div><div class=\"qk-md-paragraph\"><span class=\"qk-md-text complete\">2.3 Wir k\u00f6nnen die Annahme einer Bestellung verweigern:<\/span><br \/><span class=\"qk-md-text complete\">(a) wenn Waren nicht verf\u00fcgbar sind;<\/span><br \/><span class=\"qk-md-text complete\">(b) wenn wir keine Autorisierung f\u00fcr Ihre Zahlung erhalten k\u00f6nnen;<\/span><br \/><span class=\"qk-md-text complete\">(c) wenn ein Preis- oder Produktbeschreibungsfehler vorliegt;<\/span><\/div><div class=\"qk-md-paragraph\"><strong class=\"qk-md-strong complete\"><span class=\"qk-md-text complete\">STORNIERUNGS- UND R\u00dcCKGABERICHTLINIE<\/span><\/strong><br \/><span class=\"qk-md-text complete\">Bitte sehen Sie auf unserer Seite zu Stornierungen, R\u00fcckerstattungen und R\u00fccksendungen unsere VOLLST\u00c4NDIGE STORNIERUNGS- UND R\u00dcCKGABERICHTLINIE nach.<\/span><\/div><div class=\"qk-md-paragraph\"><strong class=\"qk-md-strong complete\"><span class=\"qk-md-text complete\">LIZENZ<\/span><\/strong><br \/><span class=\"qk-md-text complete\">4.1 Sie sind berechtigt, auf dieser Website gefundenes Material f\u00fcr Ihren eigenen Gebrauch wie folgt auszudrucken und herunterzuladen:<\/span><br \/><span class=\"qk-md-text complete\">(a) keine Dokumente oder zugeh\u00f6rigen Grafiken auf dieser Website werden in irgendeiner Weise ge\u00e4ndert;<\/span><br \/><span class=\"qk-md-text complete\">(b) keine Grafiken auf dieser Website werden getrennt vom begleitenden Text verwendet;<\/span><br \/><span class=\"qk-md-text complete\">(c) alle unsere Urheberrechts- und Markenmitteilungen und diese Genehmigungserkl\u00e4rung erscheinen in allen Kopien.<\/span><\/div><div class=\"qk-md-paragraph\"><span class=\"qk-md-text complete\">4.2 Sofern nicht anders angegeben, liegen das Urheberrecht und andere geistige Eigentumsrechte an allen Materialien auf dieser Website (einschlie\u00dflich, aber nicht beschr\u00e4nkt auf Fotografien und grafische Bilder) bei uns oder unseren Lizenzgebern. F\u00fcr die Zwecke dieser Allgemeinen Gesch\u00e4ftsbedingungen ist jede Verwendung von Ausz\u00fcgen von dieser Website, die nicht in \u00dcbereinstimmung mit Klausel 4.1 oben f\u00fcr irgendeinen Zweck erfolgt, untersagt. Wenn Sie gegen eine der Bedingungen dieser Allgemeinen Gesch\u00e4ftsbedingungen versto\u00dfen, erlischt Ihre Berechtigung zur Nutzung dieser Website automatisch und Sie m\u00fcssen alle heruntergeladenen oder gedruckten Ausz\u00fcge von dieser Website unverz\u00fcglich vernichten.<\/span><\/div><div class=\"qk-md-paragraph\"><span class=\"qk-md-text complete\">4.3 Vorbehaltlich Klausel 4.1 darf kein Teil dieser Website ohne unsere vorherige schriftliche Genehmigung in einer anderen Website reproduziert oder gespeichert oder in ein \u00f6ffentliches oder privates elektronisches Abrufsystem oder einen Dienst aufgenommen werden.<\/span><\/div><div class=\"qk-md-paragraph\"><span class=\"qk-md-text complete\">4.4 Alle in diesen Bedingungen nicht ausdr\u00fccklich gew\u00e4hrten Rechte sind vorbehalten.<\/span><\/div><div class=\"qk-md-paragraph\"><span class=\"qk-md-text complete\">4.5 PHi, das PHi-Logo und das Symbol sind eine Marke von PHi und deren Verwendung und Vervielf\u00e4ltigung ist nur mit ausdr\u00fccklicher vorheriger schriftlicher Genehmigung von PHi gestattet.<\/span><\/div><div class=\"qk-md-paragraph\"><strong class=\"qk-md-strong complete\"><span class=\"qk-md-text complete\">DIENSTZUGANG<\/span><\/strong><br \/><span class=\"qk-md-text complete\">5.1 Obwohl wir uns bem\u00fchen, sicherzustellen, dass diese Website normalerweise 24 Stunden am Tag verf\u00fcgbar ist, haften wir nicht, wenn diese Website aus irgendeinem Grund zu irgendeinem Zeitpunkt oder f\u00fcr irgendeinen Zeitraum nicht verf\u00fcgbar ist.<\/span><br \/><span class=\"qk-md-text complete\">5.2 Der Zugang zu dieser Website kann vor\u00fcbergehend und ohne Ank\u00fcndigung im Falle eines Systemausfalls, Wartung oder Reparatur oder aus Gr\u00fcnden, die au\u00dferhalb unserer Kontrolle liegen, ausgesetzt werden.<\/span><\/div><div class=\"qk-md-paragraph\"><strong class=\"qk-md-strong complete\"><span class=\"qk-md-text complete\">BESUCHERMATERIAL UND VERHALTEN<\/span><\/strong><br \/><span class=\"qk-md-text complete\">6.1 Mit Ausnahme von pers\u00f6nlich identifizierbaren Informationen, die unter die Datenschutzrichtlinie fallen, gilt alles Material, das Sie an diese Website \u00fcbertragen oder dort ver\u00f6ffentlichen, als nicht vertraulich und nicht eigentumsrechtlich gesch\u00fctzt. Wir haben keine Verpflichtungen bez\u00fcglich dieses Materials. Wir und unsere Beauftragten sind frei, dieses Material und alle darin enthaltenen Daten, Bilder, T\u00f6ne, Texte und andere Dinge f\u00fcr alle kommerziellen oder nicht kommerziellen Zwecke zu kopieren, offenzulegen, zu verteilen, einzubeziehen und anderweitig zu verwenden.<\/span><br \/><span class=\"qk-md-text complete\">6.2 Es ist Ihnen untersagt, Material an oder von dieser Website zu ver\u00f6ffentlichen oder zu \u00fcbertragen, das:<\/span><br \/><span class=\"qk-md-text complete\">(a) bedrohlich, verleumderisch, obsz\u00f6n, unanst\u00e4ndig, aufr\u00fchrerisch, anst\u00f6\u00dfig, pornografisch, missbr\u00e4uchlich, geeignet, Rassenhass zu sch\u00fcren, diskriminierend, bedrohlich, skandal\u00f6s, hetzerisch, l\u00e4sterlich, vertraulichkeitsverletzend, privatverletzend ist oder \u00c4rger oder Unannehmlichkeiten verursachen kann;<\/span><br \/><span class=\"qk-md-text complete\">(b) f\u00fcr das Sie nicht alle notwendigen Lizenzen und\/oder Genehmigungen eingeholt haben;<\/span><br \/><span class=\"qk-md-text complete\">(c) das Verhalten darstellt oder f\u00f6rdert, das als strafbare Handlung angesehen w\u00fcrde, zivilrechtliche Haftung ausl\u00f6sen w\u00fcrde oder anderweitig gegen das Gesetz verst\u00f6\u00dft oder die Rechte Dritter in irgendeinem Land der Welt verletzt; oder<\/span><br \/><span class=\"qk-md-text complete\">(d) das technisch sch\u00e4dlich ist (einschlie\u00dflich, aber nicht beschr\u00e4nkt auf Computerviren, Logikbomben, Trojanische Pferde, W\u00fcrmer, sch\u00e4dliche Komponenten, korrupte Daten oder andere sch\u00e4dliche Software oder sch\u00e4dliche Daten).<\/span><\/div><div class=\"qk-md-paragraph\"><span class=\"qk-md-text complete\">6.3 Sie d\u00fcrfen die Website nicht missbr\u00e4uchlich nutzen (einschlie\u00dflich, aber nicht beschr\u00e4nkt auf Hacking).<\/span><\/div><div class=\"qk-md-paragraph\"><span class=\"qk-md-text complete\">6.4 Wir werden mit allen Strafverfolgungsbeh\u00f6rden oder Gerichtsbeschl\u00fcssen, die uns auffordern oder anweisen, die Identit\u00e4t offenzulegen oder jemanden zu lokalisieren, der Material ver\u00f6ffentlicht, das gegen die Klauseln 6.2 oder 6.3 verst\u00f6\u00dft, vollst\u00e4ndig zusammenarbeiten.<\/span><\/div><div class=\"qk-md-paragraph\"><strong class=\"qk-md-strong complete\"><span class=\"qk-md-text complete\">LINKS ZU UND VON ANDEREN WEBSITES<\/span><\/strong><br \/><span class=\"qk-md-text complete\">7.1 Links zu Websites Dritter auf dieser Website werden ausschlie\u00dflich zu Ihrer Bequemlichkeit bereitgestellt. Wenn Sie diese Links verwenden, verlassen Sie diese Website. Wir haben nicht alle diese Websites Dritter \u00fcberpr\u00fcft und kontrollieren diese Websites oder deren Inhalt oder Verf\u00fcgbarkeit nicht und sind nicht daf\u00fcr verantwortlich. Wir bef\u00fcrworten sie daher nicht und machen keine Aussagen \u00fcber sie oder \u00fcber Material, das sich dort befindet, oder \u00fcber Ergebnisse, die sich aus ihrer Verwendung ergeben k\u00f6nnen. Wenn Sie sich entscheiden, auf eine der mit dieser Website verkn\u00fcpften Websites Dritter zuzugreifen, tun Sie dies ausschlie\u00dflich auf eigene Gefahr.<\/span><\/div><div class=\"qk-md-paragraph\"><span class=\"qk-md-text complete\">7.2 Sie k\u00f6nnen einen Link zu dieser Website setzen, unterliegen jedoch den folgenden Bedingungen:<\/span><br \/><span class=\"qk-md-text complete\">(a) Sie entfernen, verzerren oder \u00e4ndern nicht die Gr\u00f6\u00dfe oder das Erscheinungsbild des PHi-Logos;<\/span><br \/><span class=\"qk-md-text complete\">(b) Sie erstellen keinen Rahmen oder eine andere Browser- oder Rahmenumgebung um diese Website;<\/span><br \/><span class=\"qk-md-text complete\">(c) Sie implizieren in keiner Weise, dass wir andere Produkte oder Dienstleistungen als unsere eigenen bef\u00fcrworten;<\/span><br \/><span class=\"qk-md-text complete\">(d) Sie geben Ihre Beziehung zu uns nicht falsch wieder noch stellen Sie andere falsche Informationen \u00fcber uns dar;<\/span><br \/><span class=\"qk-md-text complete\">(e) Sie verwenden keine auf dieser Website angezeigten PHi-Marken ohne unsere ausdr\u00fcckliche schriftliche Genehmigung;<\/span><br \/><span class=\"qk-md-text complete\">(g) Ihre Website enth\u00e4lt keine Inhalte, die geschmacklos, anst\u00f6\u00dfig oder kontrovers sind, geistige Eigentumsrechte oder andere Rechte anderer Personen verletzen oder anderweitig nicht mit allen geltenden Gesetzen und Vorschriften \u00fcbereinstimmen.<\/span><br \/><span class=\"qk-md-text complete\">Wir behalten uns ausdr\u00fccklich das Recht vor, das in dieser Klausel 7.2 gew\u00e4hrte Recht bei Versto\u00df gegen diese Bedingungen zu widerrufen und alle Ma\u00dfnahmen zu ergreifen, die wir f\u00fcr angemessen halten.<\/span><br \/><span class=\"qk-md-text complete\">7.3 Sie stellen uns vollst\u00e4ndig von jedem Verlust oder Schaden frei, den wir infolge Ihres Versto\u00dfes gegen Klausel 7.2 erleiden oder verursachen.<\/span><\/div><div class=\"qk-md-paragraph\"><strong class=\"qk-md-strong complete\"><span class=\"qk-md-text complete\">REGISTRIERUNG<\/span><\/strong><br \/><span class=\"qk-md-text complete\">8.1 Um sich bei phi-cycling.cc zu registrieren, m\u00fcssen Sie \u00fcber achtzehn Jahre alt sein.<\/span><\/div><div class=\"qk-md-paragraph\"><span class=\"qk-md-text complete\">8.2 Jede Registrierung gilt nur f\u00fcr einen einzelnen Benutzer. Wir erlauben Ihnen nicht, Ihren Benutzernamen und Ihr Passwort mit einer anderen Person oder mit mehreren Benutzern in einem Netzwerk zu teilen.<\/span><\/div><div class=\"qk-md-paragraph\"><span class=\"qk-md-text complete\">8.3 Die Verantwortung f\u00fcr die Sicherheit aller ausgegebenen Passw\u00f6rter liegt bei Ihnen, und wenn Sie wissen oder vermuten, dass jemand anderes Ihr Passwort kennt, sollten Sie uns unverz\u00fcglich kontaktieren.<\/span><\/div><div class=\"qk-md-paragraph\"><span class=\"qk-md-text complete\">8.4 Wir k\u00f6nnen Ihre Registrierung sofort nach unserem angemessenen Ermessen aussetzen oder k\u00fcndigen, wenn Sie gegen eine Ihrer Verpflichtungen aus diesen Allgemeinen Gesch\u00e4ftsbedingungen versto\u00dfen.<\/span><\/div><div class=\"qk-md-paragraph\"><strong class=\"qk-md-strong complete\"><span class=\"qk-md-text complete\">HAFTUNGSAUSSCHLUSS<\/span><\/strong><br \/><span class=\"qk-md-text complete\">9.1 Obwohl wir uns bem\u00fchen, sicherzustellen, dass die Informationen auf dieser Website korrekt sind, garantieren wir nicht die Richtigkeit und Vollst\u00e4ndigkeit des Materials auf dieser Website. Wir k\u00f6nnen \u00c4nderungen an dem Material auf dieser Website oder an den darin beschriebenen Produkten und Preisen jederzeit ohne Ank\u00fcndigung vornehmen. Das Material auf dieser Website kann veraltet sein, und wir verpflichten uns nicht, solches Material zu aktualisieren.<\/span><\/div>\t\t\t\t\t\t\t\t<\/div>\n\t\t\t\t\t<\/div>\n\t\t\t\t<\/div>\n\t\t\t\t<\/div>\n\t\t","protected":false},"excerpt":{"rendered":"<p>Allgemeine Gesch\u00e4ftsbedingungenDiese Allgemeinen Gesch\u00e4ftsbedingungen gelten f\u00fcr die Nutzung dieser Website unter phi-cycling.cc. Durch den Zugriff auf diese Website und\/oder die Abgabe einer Bestellung erkl\u00e4ren Sie sich mit diesen Allgemeinen Gesch\u00e4ftsbedingungen einverstanden.Die Nutzung dieser Website zeigt an, dass Sie diese Bedingungen akzeptieren, unabh\u00e4ngig davon, ob Sie sich bei uns registrieren oder bei uns bestellen. Wenn Sie [&hellip;]<\/p>\n","protected":false},"author":1,"featured_media":0,"parent":0,"menu_order":0,"comment_status":"closed","ping_status":"closed","template":"","meta":{"footnotes":""},"class_list":["post-4793","page","type-page","status-publish","hentry"],"_links":{"self":[{"href":"https:\/\/phi-cycling.cc\/de\/wp-json\/wp\/v2\/pages\/4793","targetHints":{"allow":["GET"]}}],"collection":[{"href":"https:\/\/phi-cycling.cc\/de\/wp-json\/wp\/v2\/pages"}],"about":[{"href":"https:\/\/phi-cycling.cc\/de\/wp-json\/wp\/v2\/types\/page"}],"author":[{"embeddable":true,"href":"https:\/\/phi-cycling.cc\/de\/wp-json\/wp\/v2\/users\/1"}],"replies":[{"embeddable":true,"href":"https:\/\/phi-cycling.cc\/de\/wp-json\/wp\/v2\/comments?post=4793"}],"version-history":[{"count":4,"href":"https:\/\/phi-cycling.cc\/de\/wp-json\/wp\/v2\/pages\/4793\/revisions"}],"predecessor-version":[{"id":4834,"href":"https:\/\/phi-cycling.cc\/de\/wp-json\/wp\/v2\/pages\/4793\/revisions\/4834"}],"wp:attachment":[{"href":"https:\/\/phi-cycling.cc\/de\/wp-json\/wp\/v2\/media?parent=4793"}],"curies":[{"name":"wp","href":"https:\/\/api.w.org\/{rel}","templated":true}]}}