{"id":3465,"date":"2026-03-02T11:40:40","date_gmt":"2026-03-02T03:40:40","guid":{"rendered":"https:\/\/phi-cycling.cc\/product\/phi-road-wheel-core-d62\/"},"modified":"2026-04-07T19:35:16","modified_gmt":"2026-04-07T11:35:16","slug":"phi-road-wheel-core-d62","status":"publish","type":"product","link":"https:\/\/phi-cycling.cc\/de\/produkt\/phi-road-wheel-core-d62\/","title":{"rendered":"PHi ROAD WHEEL CORE D62"},"content":{"rendered":"\t\t<div data-elementor-type=\"product-post\" data-elementor-id=\"3465\" class=\"elementor elementor-3465 elementor-2822\" data-elementor-post-type=\"product\">\n\t\t\t\t<div class=\"elementor-element elementor-element-514dacf e-flex e-con-boxed e-con e-parent\" data-id=\"514dacf\" data-element_type=\"container\" data-e-type=\"container\">\n\t\t\t\t\t<div class=\"e-con-inner\">\n\t\t<div class=\"elementor-element elementor-element-00acfa9 e-con-full e-flex e-con e-child\" data-id=\"00acfa9\" data-element_type=\"container\" data-e-type=\"container\">\n\t\t\t\t<div class=\"elementor-element elementor-element-0795b77 elementor-widget elementor-widget-text-editor\" data-id=\"0795b77\" data-element_type=\"widget\" data-e-type=\"widget\" data-widget_type=\"text-editor.default\">\n\t\t\t\t\t\t\t\t\t<table style=\"border-collapse: collapse; width: 99.897%;\"><tbody><tr><td style=\"width: 106.621%;\" colspan=\"2\" width=\"50%\">Felge<\/td><\/tr><tr><td style=\"width: 50%;\"><strong>Radgr\u00f6\u00dfe<\/strong><\/td><td style=\"width: 56.6214%;\">622mm(700c)<\/td><\/tr><tr><td style=\"width: 50%;\"><strong>Material<\/strong><\/td><td style=\"width: 56.6214%;\">Kohlefaser<\/td><\/tr><tr><td style=\"width: 50%;\"><strong>Kompatibilit\u00e4t der Reifen<\/strong><\/td><td style=\"width: 56.6214%;\">Schlauchlos bereit<\/td><\/tr><tr><td style=\"width: 50%;\"><strong>Perlen-Typ<\/strong><\/td><td style=\"width: 56.6214%;\">Gehakt<\/td><\/tr><tr><td style=\"width: 50%;\"><strong>Felgen-Tiefe<\/strong><\/td><td style=\"width: 56.6214%;\">62mm<\/td><\/tr><tr><td style=\"width: 50%;\"><strong>Innere Breite<\/strong><\/td><td style=\"width: 56.6214%;\">23mm<\/td><\/tr><tr><td style=\"width: 50%;\"><strong>\u00c4u\u00dfere Breite<\/strong><\/td><td style=\"width: 56.6214%;\">30mm<\/td><\/tr><\/tbody><\/table>\t\t\t\t\t\t\t\t<\/div>\n\t\t\t\t<\/div>\n\t\t<div class=\"elementor-element elementor-element-68d3727 e-con-full e-flex e-con e-child\" data-id=\"68d3727\" data-element_type=\"container\" data-e-type=\"container\">\n\t\t\t\t<div class=\"elementor-element elementor-element-4085215 elementor-widget elementor-widget-text-editor\" data-id=\"4085215\" data-element_type=\"widget\" data-e-type=\"widget\" data-widget_type=\"text-editor.default\">\n\t\t\t\t\t\t\t\t\t<table style=\"border-collapse: collapse; width: 100%;\"><tbody><tr><td style=\"width: 50%;\" colspan=\"2\" width=\"50%\"><strong>Nabe<\/strong><\/td><\/tr><tr><td style=\"width: 50%;\" width=\"50%\"><strong>Abstand der Vorderradnabe<\/strong><\/td><td style=\"width: 50%;\" width=\"50%\">12x100mm<\/td><\/tr><tr><td style=\"width: 50%;\"><strong>Abstand der Hinterradnabe<\/strong><\/td><td style=\"width: 50%;\">12x142mm<\/td><\/tr><tr><td style=\"width: 50%;\"><strong>Lager<\/strong><\/td><td style=\"width: 50%;\">S&amp;S Rostfrei<\/td><\/tr><tr><td style=\"width: 50%;\"><strong>Kompatibilit\u00e4t der Bremsen<\/strong><\/td><td style=\"width: 50%;\">Scheibe (Center Lock)<\/td><\/tr><tr><td style=\"width: 50%;\"><strong>Freilaufnabe Typ<\/strong><\/td><td style=\"width: 50%;\">Ratsche<\/td><\/tr><tr><td style=\"width: 50%;\"><strong>Kompatibilit\u00e4t der Freilaufnaben<\/strong><\/td><td style=\"width: 50%;\">Shimano HG\/ SRAM XDR<\/td><\/tr><tr><td style=\"width: 50%;\"><strong> <\/strong><\/td><td style=\"width: 50%;\"> <\/td><\/tr><\/tbody><\/table>\t\t\t\t\t\t\t\t<\/div>\n\t\t\t\t<\/div>\n\t\t<div class=\"elementor-element elementor-element-4a897de e-con-full e-flex e-con e-child\" data-id=\"4a897de\" data-element_type=\"container\" data-e-type=\"container\">\n\t\t\t\t<div class=\"elementor-element elementor-element-5deca42 elementor-widget elementor-widget-text-editor\" data-id=\"5deca42\" data-element_type=\"widget\" data-e-type=\"widget\" data-widget_type=\"text-editor.default\">\n\t\t\t\t\t\t\t\t\t<table style=\"border-collapse: collapse; width: 100%; height: 216px;\"><tbody><tr style=\"height: 24px;\"><td style=\"width: 100%; height: 24px;\" colspan=\"2\" width=\"50%\"><strong>Andere<\/strong><\/td><\/tr><tr style=\"height: 24px;\"><td style=\"width: 49.7255%; height: 24px;\"><strong>Felgen-Finish<\/strong><\/td><td style=\"width: 50.2745%; height: 24px;\">Ger\u00e4uchert Matt<\/td><\/tr><tr style=\"height: 24px;\"><td style=\"width: 49.7255%; height: 24px;\"><strong>Mitgeliefertes Zubeh\u00f6r<\/strong><\/td><td style=\"width: 50.2745%; height: 24px;\">Vorinstallierte Tubeless-Ventile &amp; B\u00e4nder<\/td><\/tr><tr style=\"height: 24px;\"><td style=\"width: 49.7255%; height: 24px;\"><strong>Gewicht (Paar)<\/strong><\/td><td style=\"width: 50.2745%; height: 24px;\">1367g\u00b13%(Ohne Tubeless-Ventile und B\u00e4nder)<\/td><\/tr><tr style=\"height: 24px;\"><td style=\"width: 49.7255%; height: 24px;\"><strong>Maximale Belastung, Fahrrad + Benutzer (kg)<\/strong><\/td><td style=\"width: 50.2745%; height: 24px;\">270lbs\/120kg<\/td><\/tr><tr style=\"height: 24px;\"><td style=\"width: 49.7255%; height: 24px;\"><strong>Kompatible Reifengr\u00f6\u00dfen<\/strong><\/td><td style=\"width: 50.2745%; height: 24px;\">700 x 28-45C<\/td><\/tr><tr style=\"height: 48px;\"><td style=\"width: 49.7255%; height: 48px;\"><strong>Empfohlene Reifengr\u00f6\u00dfen<\/strong><\/td><td style=\"width: 50.2745%; height: 48px;\">700 x 28-30C<\/td><\/tr><tr style=\"height: 24px;\"><td style=\"width: 49.7255%; height: 24px;\"><strong>Zertifizierung<\/strong><\/td><td style=\"width: 50.2745%; height: 24px;\">UCI-gepr\u00fcft<\/td><\/tr><\/tbody><\/table>\t\t\t\t\t\t\t\t<\/div>\n\t\t\t\t<\/div>\n\t\t<div class=\"elementor-element elementor-element-d2c7677 e-con-full e-flex e-con e-child\" data-id=\"d2c7677\" data-element_type=\"container\" data-e-type=\"container\">\n\t\t\t\t<div class=\"elementor-element elementor-element-7ce548a elementor-widget elementor-widget-text-editor\" data-id=\"7ce548a\" data-element_type=\"widget\" data-e-type=\"widget\" data-widget_type=\"text-editor.default\">\n\t\t\t\t\t\t\t\t\t<table style=\"width: 99.8969%; border-collapse: collapse; border-style: none; border-color: #ffffff; background-color: #ffffff;\" border=\"0\"><tbody><tr><td style=\"width: 106.918%;\" colspan=\"2\" width=\"50%\"><strong>Speichen<\/strong><\/td><\/tr><tr><td style=\"width: 50%;\"><strong>Speichenanzahl<\/strong><\/td><td style=\"width: 56.9178%;\">20F\/24R<\/td><\/tr><tr><td style=\"width: 50%;\"><strong>Speiche Typ<\/strong><\/td><td style=\"width: 56.9178%;\">VONOA ST320 Carbon Speiche<\/td><\/tr><tr><td style=\"width: 50%;\"><strong> <\/strong><\/td><td style=\"width: 56.9178%;\"> <\/td><\/tr><tr><td style=\"width: 50%;\"><strong> <\/strong><\/td><td style=\"width: 56.9178%;\"> <\/td><\/tr><tr><td style=\"width: 50%;\"><strong> <\/strong><\/td><td style=\"width: 56.9178%;\"> <\/td><\/tr><tr><td style=\"width: 50%;\"><strong> <\/strong><\/td><td style=\"width: 56.9178%;\"> <\/td><\/tr><tr><td style=\"width: 50%;\"><strong> <\/strong><\/td><td style=\"width: 56.9178%;\"> <\/td><\/tr><\/tbody><\/table>\t\t\t\t\t\t\t\t<\/div>\n\t\t\t\t<\/div>\n\t\t\t\t\t<\/div>\n\t\t\t\t<\/div>\n\t\t\t\t<\/div>\n\t\t","protected":false},"excerpt":{"rendered":"<p>Core Series | The Foundation of Performance<\/p>\n<p>Mit hochfesten VONOA-Carbon-Speichen und einem speziellen 62-mm-Felgenprofil sorgt dieser<\/p>\n<p>Laufradsatz f\u00fcr ein ausgewogenes Verh\u00e4ltnis zwischen Haltbarkeit und reaktionsschneller Kraft\u00fcbertragung.<\/p>\n<p>Die robuste Konstruktion bietet zuverl\u00e4ssige Beschleunigung f\u00fcr das t\u00e4gliche Training und progressive Fahrten<\/p>\n<p>&#8211; entwickelt f\u00fcr Radsportler, die auf Spitzenleistung hinarbeiten.<\/p>\n","protected":false},"featured_media":4010,"comment_status":"open","ping_status":"closed","template":"","meta":[],"product_brand":[],"product_cat":[81,72],"product_tag":[117,118],"class_list":{"0":"post-3465","1":"product","2":"type-product","3":"status-publish","4":"has-post-thumbnail","6":"product_cat-core","7":"product_cat-strassenlaufrad","8":"product_tag-700c","9":"product_tag-scheibenbremse","11":"first","12":"instock","13":"shipping-taxable","14":"purchasable","15":"product-type-variable"},"_links":{"self":[{"href":"https:\/\/phi-cycling.cc\/de\/wp-json\/wp\/v2\/product\/3465","targetHints":{"allow":["GET"]}}],"collection":[{"href":"https:\/\/phi-cycling.cc\/de\/wp-json\/wp\/v2\/product"}],"about":[{"href":"https:\/\/phi-cycling.cc\/de\/wp-json\/wp\/v2\/types\/product"}],"replies":[{"embeddable":true,"href":"https:\/\/phi-cycling.cc\/de\/wp-json\/wp\/v2\/comments?post=3465"}],"version-history":[{"count":3,"href":"https:\/\/phi-cycling.cc\/de\/wp-json\/wp\/v2\/product\/3465\/revisions"}],"predecessor-version":[{"id":4437,"href":"https:\/\/phi-cycling.cc\/de\/wp-json\/wp\/v2\/product\/3465\/revisions\/4437"}],"wp:featuredmedia":[{"embeddable":true,"href":"https:\/\/phi-cycling.cc\/de\/wp-json\/wp\/v2\/media\/4010"}],"wp:attachment":[{"href":"https:\/\/phi-cycling.cc\/de\/wp-json\/wp\/v2\/media?parent=3465"}],"wp:term":[{"taxonomy":"product_brand","embeddable":true,"href":"https:\/\/phi-cycling.cc\/de\/wp-json\/wp\/v2\/product_brand?post=3465"},{"taxonomy":"product_cat","embeddable":true,"href":"https:\/\/phi-cycling.cc\/de\/wp-json\/wp\/v2\/product_cat?post=3465"},{"taxonomy":"product_tag","embeddable":true,"href":"https:\/\/phi-cycling.cc\/de\/wp-json\/wp\/v2\/product_tag?post=3465"}],"curies":[{"name":"wp","href":"https:\/\/api.w.org\/{rel}","templated":true}]}}