{"id":4049,"date":"2025-12-25T11:01:11","date_gmt":"2025-12-25T03:01:11","guid":{"rendered":"https:\/\/phi-cycling.cc\/product\/phi-gravel-wheel-core-g32\/"},"modified":"2026-04-07T19:36:50","modified_gmt":"2026-04-07T11:36:50","slug":"phi-gravel-wheel-core-g32","status":"publish","type":"product","link":"https:\/\/phi-cycling.cc\/de\/produkt\/phi-gravel-wheel-core-g32\/","title":{"rendered":"PHi GRAVEL WHEEL CORE G32"},"content":{"rendered":"\t\t<div data-elementor-type=\"product-post\" data-elementor-id=\"4049\" class=\"elementor elementor-4049 elementor-1429\" data-elementor-post-type=\"product\">\n\t\t\t\t<div class=\"elementor-element elementor-element-514dacf e-flex e-con-boxed e-con e-parent\" data-id=\"514dacf\" data-element_type=\"container\" data-e-type=\"container\">\n\t\t\t\t\t<div class=\"e-con-inner\">\n\t\t<div class=\"elementor-element elementor-element-00acfa9 e-con-full e-flex e-con e-child\" data-id=\"00acfa9\" data-element_type=\"container\" data-e-type=\"container\">\n\t\t\t\t<div class=\"elementor-element elementor-element-0795b77 elementor-widget elementor-widget-text-editor\" data-id=\"0795b77\" data-element_type=\"widget\" data-e-type=\"widget\" data-widget_type=\"text-editor.default\">\n\t\t\t\t\t\t\t\t\t<table style=\"border-collapse: collapse; width: 99.8968%;\"><tbody><tr><td style=\"width: 106.699%;\" colspan=\"2\" width=\"50%\">Felge<\/td><\/tr><tr><td style=\"width: 50%;\"><strong>Radgr\u00f6\u00dfe<\/strong><\/td><td style=\"width: 56.6986%;\">622mm(700c)<\/td><\/tr><tr><td style=\"width: 50%;\"><strong>Material<\/strong><\/td><td style=\"width: 56.6986%;\">Kohlefaser<\/td><\/tr><tr><td style=\"width: 50%;\"><strong>Kompatibilit\u00e4t der Reifen<\/strong><\/td><td style=\"width: 56.6986%;\">Schlauchlos bereit<\/td><\/tr><tr><td style=\"width: 50%;\"><strong>Perlen-Typ<\/strong><\/td><td style=\"width: 56.6986%;\">Gehakt<\/td><\/tr><tr><td style=\"width: 50%;\"><strong>Felgen-Tiefe<\/strong><\/td><td style=\"width: 56.6986%;\">50mm<\/td><\/tr><tr><td style=\"width: 50%;\"><strong>Innere Breite<\/strong><\/td><td style=\"width: 56.6986%;\">25mm<\/td><\/tr><tr><td style=\"width: 50%;\"><strong>\u00c4u\u00dfere Breite<\/strong><\/td><td style=\"width: 56.6986%;\">31mm<\/td><\/tr><\/tbody><\/table>\t\t\t\t\t\t\t\t<\/div>\n\t\t\t\t<\/div>\n\t\t<div class=\"elementor-element elementor-element-68d3727 e-con-full e-flex e-con e-child\" data-id=\"68d3727\" data-element_type=\"container\" data-e-type=\"container\">\n\t\t\t\t<div class=\"elementor-element elementor-element-4085215 elementor-widget elementor-widget-text-editor\" data-id=\"4085215\" data-element_type=\"widget\" data-e-type=\"widget\" data-widget_type=\"text-editor.default\">\n\t\t\t\t\t\t\t\t\t<table style=\"border-collapse: collapse; width: 100%;\"><tbody><tr><td style=\"width: 50%;\" colspan=\"2\" width=\"50%\"><strong>Nabe<\/strong><\/td><\/tr><tr><td style=\"width: 50%;\" width=\"50%\"><strong>Abstand der Vorderradnabe<\/strong><\/td><td style=\"width: 50%;\" width=\"50%\">12x100mm<\/td><\/tr><tr><td style=\"width: 50%;\"><strong>Abstand der Hinterradnabe<\/strong><\/td><td style=\"width: 50%;\">12x142mm<\/td><\/tr><tr><td style=\"width: 50%;\"><strong>Lager<\/strong><\/td><td style=\"width: 50%;\">S&amp;S Rostfrei<\/td><\/tr><tr><td style=\"width: 50%;\"><strong>Kompatibilit\u00e4t der Bremsen<\/strong><\/td><td style=\"width: 50%;\">Scheibe (Center Lock)<\/td><\/tr><tr><td style=\"width: 50%;\"><strong>Freilaufnabe Typ<\/strong><\/td><td style=\"width: 50%;\">Ratsche<\/td><\/tr><tr><td style=\"width: 50%;\"><strong>Kompatibilit\u00e4t der Freilaufnaben<\/strong><\/td><td style=\"width: 50%;\">Shimano HG\/ SRAM XDR<\/td><\/tr><tr><td style=\"width: 50%;\"><strong> <\/strong><\/td><td style=\"width: 50%;\"> <\/td><\/tr><\/tbody><\/table>\t\t\t\t\t\t\t\t<\/div>\n\t\t\t\t<\/div>\n\t\t<div class=\"elementor-element elementor-element-4a897de e-con-full e-flex e-con e-child\" data-id=\"4a897de\" data-element_type=\"container\" data-e-type=\"container\">\n\t\t\t\t<div class=\"elementor-element elementor-element-5deca42 elementor-widget elementor-widget-text-editor\" data-id=\"5deca42\" data-element_type=\"widget\" data-e-type=\"widget\" data-widget_type=\"text-editor.default\">\n\t\t\t\t\t\t\t\t\t<table style=\"border-collapse: collapse; width: 100%; height: 216px;\"><tbody><tr style=\"height: 24px;\"><td style=\"width: 100%; height: 24px;\" colspan=\"2\" width=\"50%\"><strong>Andere<\/strong><\/td><\/tr><tr style=\"height: 24px;\"><td style=\"width: 50.6224%; height: 24px;\"><strong>Felgen-Finish<\/strong><\/td><td style=\"width: 49.3776%; height: 24px;\">Ger\u00e4uchert Matt<\/td><\/tr><tr style=\"height: 24px;\"><td style=\"width: 50.6224%; height: 24px;\"><strong>Mitgeliefertes Zubeh\u00f6r<\/strong><\/td><td style=\"width: 49.3776%; height: 24px;\">Vorinstallierte Tubeless-Ventile &amp; B\u00e4nder<\/td><\/tr><tr style=\"height: 24px;\"><td style=\"width: 50.6224%; height: 24px;\"><strong>Gewicht (Paar)<\/strong><\/td><td style=\"width: 49.3776%; height: 24px;\">1320g\u00b13%(Ohne Tubeless-Ventile und B\u00e4nder)<\/td><\/tr><tr style=\"height: 24px;\"><td style=\"width: 50.6224%; height: 24px;\"><strong>Maximale Belastung, Fahrrad + Benutzer (kg)<\/strong><\/td><td style=\"width: 49.3776%; height: 24px;\">285lbs\/120kg<\/td><\/tr><tr style=\"height: 24px;\"><td style=\"width: 50.6224%; height: 24px;\"><strong>Kompatible Reifengr\u00f6\u00dfen<\/strong><\/td><td style=\"width: 49.3776%; height: 24px;\">700 x 28-65C<\/td><\/tr><tr style=\"height: 48px;\"><td style=\"width: 50.6224%; height: 48px;\"><strong>Empfohlene Reifengr\u00f6\u00dfen<\/strong><\/td><td style=\"width: 49.3776%; height: 48px;\">700 x 28-40C<\/td><\/tr><tr style=\"height: 24px;\"><td style=\"width: 50.6224%; height: 24px;\"><strong>Zertifizierung<\/strong><\/td><td style=\"width: 49.3776%; height: 24px;\">UCI-gepr\u00fcft<\/td><\/tr><\/tbody><\/table>\t\t\t\t\t\t\t\t<\/div>\n\t\t\t\t<\/div>\n\t\t<div class=\"elementor-element elementor-element-d2c7677 e-con-full e-flex e-con e-child\" data-id=\"d2c7677\" data-element_type=\"container\" data-e-type=\"container\">\n\t\t\t\t<div class=\"elementor-element elementor-element-7ce548a elementor-widget elementor-widget-text-editor\" data-id=\"7ce548a\" data-element_type=\"widget\" data-e-type=\"widget\" data-widget_type=\"text-editor.default\">\n\t\t\t\t\t\t\t\t\t<table style=\"width: 99.897%; border-collapse: collapse; border-style: none; border-color: #ffffff; background-color: #ffffff;\" border=\"0\"><tbody><tr><td style=\"width: 106.693%;\" colspan=\"2\" width=\"50%\"><strong>Speiche <\/strong>(VONOA Carbon-Speiche)<\/td><\/tr><tr><td style=\"width: 50%;\"><strong>Speichenanzahl<\/strong><\/td><td style=\"width: 56.6928%;\">20F\/24R<\/td><\/tr><tr><td style=\"width: 50%;\"><strong>Speichen-Typ<\/strong><\/td><td style=\"width: 56.6928%;\">Karbonspeiche (3,2 mm)<\/td><\/tr><tr><td style=\"width: 50%;\"><strong> <\/strong><\/td><td style=\"width: 56.6928%;\"> <\/td><\/tr><tr><td style=\"width: 50%;\"><strong> <\/strong><\/td><td style=\"width: 56.6928%;\"> <\/td><\/tr><tr><td style=\"width: 50%;\"><strong> <\/strong><\/td><td style=\"width: 56.6928%;\"> <\/td><\/tr><tr><td style=\"width: 50%;\"><strong> <\/strong><\/td><td style=\"width: 56.6928%;\"> <\/td><\/tr><tr><td style=\"width: 50%;\"><strong> <\/strong><\/td><td style=\"width: 56.6928%;\"> <\/td><\/tr><\/tbody><\/table>\t\t\t\t\t\t\t\t<\/div>\n\t\t\t\t<\/div>\n\t\t\t\t\t<\/div>\n\t\t\t\t<\/div>\n\t\t\t\t<\/div>\n\t\t","protected":false},"excerpt":{"rendered":"<p>Core Gravel Series | Conquer Rough Terrain<\/p>\n<p>Dieser Laufradsatz wurde mit hochsteifen VONOA-Carbon-Speichen und 50-mm-Doppelprofil-Felgen<\/p>\n<p>speziell f\u00fcr Schotter entwickelt, um die Balance zwischen Vibrationsd\u00e4mpfung und<\/p>\n<p>Stabilit\u00e4t auf unvorhersehbarem Untergrund zu verbessern.Die 25 mm Innenbreite optimiert die Reifenunterst\u00fctzung<\/p>\n<p>f\u00fcr verbesserte Traktion und Komfort, w\u00e4hrend die vielseitigen Profile agile Kontrolle f\u00fcr technische<\/p>\n<p>Abschnitte und anhaltende Effizienz f\u00fcr gemischtes Terrain bieten &#8211; geschaffen f\u00fcr Abenteurer, die<\/p>\n<p>Grenzen neu definieren.<\/p>\n","protected":false},"featured_media":4060,"comment_status":"open","ping_status":"closed","template":"","meta":[],"product_brand":[],"product_cat":[96],"product_tag":[117,118],"class_list":{"0":"post-4049","1":"product","2":"type-product","3":"status-publish","4":"has-post-thumbnail","6":"product_cat-gravel-laufrad","7":"product_tag-700c","8":"product_tag-scheibenbremse","10":"first","11":"instock","12":"shipping-taxable","13":"purchasable","14":"product-type-variable"},"_links":{"self":[{"href":"https:\/\/phi-cycling.cc\/de\/wp-json\/wp\/v2\/product\/4049","targetHints":{"allow":["GET"]}}],"collection":[{"href":"https:\/\/phi-cycling.cc\/de\/wp-json\/wp\/v2\/product"}],"about":[{"href":"https:\/\/phi-cycling.cc\/de\/wp-json\/wp\/v2\/types\/product"}],"replies":[{"embeddable":true,"href":"https:\/\/phi-cycling.cc\/de\/wp-json\/wp\/v2\/comments?post=4049"}],"version-history":[{"count":2,"href":"https:\/\/phi-cycling.cc\/de\/wp-json\/wp\/v2\/product\/4049\/revisions"}],"predecessor-version":[{"id":4449,"href":"https:\/\/phi-cycling.cc\/de\/wp-json\/wp\/v2\/product\/4049\/revisions\/4449"}],"wp:featuredmedia":[{"embeddable":true,"href":"https:\/\/phi-cycling.cc\/de\/wp-json\/wp\/v2\/media\/4060"}],"wp:attachment":[{"href":"https:\/\/phi-cycling.cc\/de\/wp-json\/wp\/v2\/media?parent=4049"}],"wp:term":[{"taxonomy":"product_brand","embeddable":true,"href":"https:\/\/phi-cycling.cc\/de\/wp-json\/wp\/v2\/product_brand?post=4049"},{"taxonomy":"product_cat","embeddable":true,"href":"https:\/\/phi-cycling.cc\/de\/wp-json\/wp\/v2\/product_cat?post=4049"},{"taxonomy":"product_tag","embeddable":true,"href":"https:\/\/phi-cycling.cc\/de\/wp-json\/wp\/v2\/product_tag?post=4049"}],"curies":[{"name":"wp","href":"https:\/\/api.w.org\/{rel}","templated":true}]}}