{"id":4283,"date":"2025-12-06T02:31:58","date_gmt":"2025-12-05T18:31:58","guid":{"rendered":"https:\/\/phi-cycling.cc\/quienes-somos\/"},"modified":"2026-04-08T09:43:00","modified_gmt":"2026-04-08T01:43:00","slug":"quienes-somos","status":"publish","type":"page","link":"https:\/\/phi-cycling.cc\/es\/quienes-somos\/","title":{"rendered":"Qui\u00e9nes somos"},"content":{"rendered":"\t\t<div data-elementor-type=\"wp-page\" data-elementor-id=\"4283\" class=\"elementor elementor-4283 elementor-76\" data-elementor-post-type=\"page\">\n\t\t\t\t\t\t<section class=\"elementor-section elementor-top-section elementor-element elementor-element-3610c5bf elementor-section-height-min-height elementor-section-boxed elementor-section-height-default elementor-section-items-middle\" data-id=\"3610c5bf\" data-element_type=\"section\" data-e-type=\"section\" data-settings=\"{&quot;background_background&quot;:&quot;classic&quot;,&quot;background_motion_fx_motion_fx_scrolling&quot;:&quot;yes&quot;,&quot;background_motion_fx_translateY_effect&quot;:&quot;yes&quot;,&quot;background_motion_fx_translateY_speed&quot;:{&quot;unit&quot;:&quot;px&quot;,&quot;size&quot;:4,&quot;sizes&quot;:[]},&quot;background_motion_fx_translateY_affectedRange&quot;:{&quot;unit&quot;:&quot;%&quot;,&quot;size&quot;:&quot;&quot;,&quot;sizes&quot;:{&quot;start&quot;:0,&quot;end&quot;:100}},&quot;background_motion_fx_devices&quot;:[&quot;desktop&quot;,&quot;tablet&quot;,&quot;mobile&quot;]}\">\n\t\t\t\t\t\t\t<div class=\"elementor-background-overlay\"><\/div>\n\t\t\t\t\t\t\t<div class=\"elementor-container elementor-column-gap-wider\">\n\t\t\t\t\t<div class=\"elementor-column elementor-col-100 elementor-top-column elementor-element elementor-element-2b51f6d5\" data-id=\"2b51f6d5\" data-element_type=\"column\" data-e-type=\"column\">\n\t\t\t<div class=\"elementor-widget-wrap elementor-element-populated\">\n\t\t\t\t\t\t<div class=\"elementor-element elementor-element-6b19e615 elementor-widget elementor-widget-heading\" data-id=\"6b19e615\" data-element_type=\"widget\" data-e-type=\"widget\" data-widget_type=\"heading.default\">\n\t\t\t\t\t<h1 class=\"elementor-heading-title elementor-size-default\">Acerca de  <\/h1>\t\t\t\t<\/div>\n\t\t\t\t\t<\/div>\n\t\t<\/div>\n\t\t\t\t\t<\/div>\n\t\t<\/section>\n\t\t<div class=\"elementor-element elementor-element-52de9a4 e-flex e-con-boxed e-con e-parent\" data-id=\"52de9a4\" data-element_type=\"container\" data-e-type=\"container\" data-settings=\"{&quot;background_background&quot;:&quot;classic&quot;}\">\n\t\t\t\t\t<div class=\"e-con-inner\">\n\t\t\t\t<div class=\"elementor-element elementor-element-8fadca1 elementor-widget elementor-widget-text-editor\" data-id=\"8fadca1\" data-element_type=\"widget\" data-e-type=\"widget\" data-widget_type=\"text-editor.default\">\n\t\t\t\t\t\t\t\t\t<p>PHi: La proporci\u00f3n \u00e1urea del rendimiento, dise\u00f1ado para el equilibrio del rendimiento<\/p><p>Calidad de primer nivel, precios asequibles, servicio localizado y tecnolog\u00eda Eco Carbon sin pintura<\/p><p>PHi (\u03a6) no es un s\u00edmbolo que hayamos tomado prestado, sino un principio por el que nos regimos. En el ciclismo de alto rendimiento, toda ganancia tiene un coste:<br>m\u00e1s ligero significa m\u00e1s d\u00e9bil, m\u00e1s r\u00edgido significa m\u00e1s duro, m\u00e1s r\u00e1pido a menudo significa m\u00e1s pesado. PHi se cre\u00f3 para resolver esta contradicci\u00f3n.  <\/p><p>PHi procede de la misma planta de fabricaci\u00f3n de Xiamen que las principales marcas europeas y americanas de ruedas de carbono. Construidos con l\u00edneas de producci\u00f3n id\u00e9nticas, materias primas de primera calidad y estrictas normas de control de calidad, ofrecemos aut\u00e9ntica calidad de primer nivel directamente desde la fuente. Y lo que es m\u00e1s, ponemos esta artesan\u00eda de \u00e9lite al alcance de todos los motoristas con precios accesibles y asequibles y un servicio profesional localizado: la combinaci\u00f3n perfecta de calidad superior global y asistencia local a medida.  <\/p><p>Creemos que todo el mundo deber\u00eda experimentar la emoci\u00f3n del m\u00e1ximo rendimiento. Nuestra misi\u00f3n es sencilla: poner al alcance de todos los ciclistas apasionados productos de fibra de carbono de alta gama, antes reservados a los atletas de \u00e9lite. \u00abExplorar los l\u00edmites del carbono\u00bb no es s\u00f3lo nuestro lema; es nuestro compromiso con la innovaci\u00f3n incesante.  <\/p>\t\t\t\t\t\t\t\t<\/div>\n\t\t\t\t\t<\/div>\n\t\t\t\t<\/div>\n\t\t\t\t<\/div>\n\t\t","protected":false},"excerpt":{"rendered":"<p>Acerca de PHi: La proporci\u00f3n \u00e1urea del rendimiento, dise\u00f1ado para el equilibrio del rendimiento Calidad de primer nivel, precios asequibles, servicio localizado y tecnolog\u00eda Eco Carbon sin pintura PHi (\u03a6) no es un s\u00edmbolo que hayamos tomado prestado, sino un principio por el que nos regimos. En el ciclismo de alto rendimiento, toda ganancia tiene [&hellip;]<\/p>\n","protected":false},"author":1,"featured_media":0,"parent":0,"menu_order":0,"comment_status":"closed","ping_status":"closed","template":"","meta":{"footnotes":""},"class_list":["post-4283","page","type-page","status-publish","hentry"],"_links":{"self":[{"href":"https:\/\/phi-cycling.cc\/es\/wp-json\/wp\/v2\/pages\/4283","targetHints":{"allow":["GET"]}}],"collection":[{"href":"https:\/\/phi-cycling.cc\/es\/wp-json\/wp\/v2\/pages"}],"about":[{"href":"https:\/\/phi-cycling.cc\/es\/wp-json\/wp\/v2\/types\/page"}],"author":[{"embeddable":true,"href":"https:\/\/phi-cycling.cc\/es\/wp-json\/wp\/v2\/users\/1"}],"replies":[{"embeddable":true,"href":"https:\/\/phi-cycling.cc\/es\/wp-json\/wp\/v2\/comments?post=4283"}],"version-history":[{"count":2,"href":"https:\/\/phi-cycling.cc\/es\/wp-json\/wp\/v2\/pages\/4283\/revisions"}],"predecessor-version":[{"id":4695,"href":"https:\/\/phi-cycling.cc\/es\/wp-json\/wp\/v2\/pages\/4283\/revisions\/4695"}],"wp:attachment":[{"href":"https:\/\/phi-cycling.cc\/es\/wp-json\/wp\/v2\/media?parent=4283"}],"curies":[{"name":"wp","href":"https:\/\/api.w.org\/{rel}","templated":true}]}}