{"id":4291,"date":"2025-12-16T03:37:49","date_gmt":"2025-12-15T19:37:49","guid":{"rendered":"https:\/\/phi-cycling.cc\/politica-de-envios\/"},"modified":"2026-04-08T09:42:33","modified_gmt":"2026-04-08T01:42:33","slug":"politica-de-envios","status":"publish","type":"page","link":"https:\/\/phi-cycling.cc\/es\/politica-de-envios\/","title":{"rendered":"Pol\u00edtica de env\u00edos"},"content":{"rendered":"\t\t<div data-elementor-type=\"wp-page\" data-elementor-id=\"4291\" class=\"elementor elementor-4291 elementor-792\" data-elementor-post-type=\"page\">\n\t\t\t\t<div class=\"elementor-element elementor-element-c4eed0c e-flex e-con-boxed e-con e-parent\" data-id=\"c4eed0c\" data-element_type=\"container\" data-e-type=\"container\" data-settings=\"{&quot;background_background&quot;:&quot;classic&quot;}\">\n\t\t\t\t\t<div class=\"e-con-inner\">\n\t\t\t\t<div class=\"elementor-element elementor-element-bb17af0 elementor-widget elementor-widget-text-editor\" data-id=\"bb17af0\" data-element_type=\"widget\" data-e-type=\"widget\" data-widget_type=\"text-editor.default\">\n\t\t\t\t\t\t\t\t\t<p>Env\u00edo gratuito<br>Realizamos env\u00edos a todo el mundo mediante un reputado servicio de mensajer\u00eda internacional. Si tu pa\u00eds no aparece como opci\u00f3n en nuestro sitio web, ponte en contacto con nosotros en service@phi-cycling.cc para obtener m\u00e1s informaci\u00f3n. <\/p><p>Ofrecemos env\u00edo gratuito a m\u00e1s de 70 pa\u00edses en todos los pedidos de juegos de ruedas de nuestro sitio web.<\/p><p>Adem\u00e1s, actualmente ofrecemos un m\u00e9todo de env\u00edo con impuestos incluidos a los siguientes pa\u00edses:<\/p><p>Estados Unidos<br>Canad\u00e1 (disponible previa solicitud)<br>La mayor\u00eda de los pa\u00edses de la UE<br>Reino Unido<br>Australia<br>Emiratos \u00c1rabes Unidos<br>Malasia<br>Tailandia<br>Vietnam<br>Manila, Filipinas (disponible previa solicitud)<\/p><p>Los clientes no tienen que pagar derechos de aduana si eligen el m\u00e9todo de env\u00edo con impuestos incluidos en sus pedidos.<\/p><p>Debido a los elevados costes de env\u00edo a determinados destinos remotos, no podemos realizar env\u00edos gratuitos a los siguientes pa\u00edses. Se aplicar\u00e1n cargos adicionales: <\/p><p>Turqu\u00eda, Israel, Chile, Brasil, Argentina, Uruguay, Per\u00fa, M\u00e9xico, Costa Rica, Arabia Saud\u00ed, Qatar. Si tu direcci\u00f3n de env\u00edo se encuentra en uno de estos pa\u00edses, ponte en contacto con nosotros en service@phi-cycling.cc para obtener m\u00e1s informaci\u00f3n. <\/p><p>Ofrecemos varias opciones de entrega. El tiempo de env\u00edo variar\u00e1 en funci\u00f3n del m\u00e9todo de entrega utilizado: (EMS\/DPD: 15-30 d\u00edas, Fedex\/DHL\/UPS: 5-10 d\u00edas). Pueden producirse m\u00e1s retrasos debido al despacho de aduanas en el pa\u00eds de destino.  <\/p><p>Una vez enviado el pedido, te enviaremos inmediatamente el n\u00famero de seguimiento por correo electr\u00f3nico. Tambi\u00e9n puedes consultarlo directamente en nuestro sitio web. Adem\u00e1s, puedes hacer el seguimiento de tu paquete a trav\u00e9s de esta p\u00e1gina web: https:\/\/www.17track.net\/  <\/p><p>*El env\u00edo gratuito s\u00f3lo se aplica a los pedidos de juegos de ruedas. Los pedidos s\u00f3lo con accesorios est\u00e1n sujetos a gastos de env\u00edo adicionales. <\/p><p>Procesamiento de pedidos<br>Los pedidos realizados de lunes a viernes se procesar\u00e1n el mismo d\u00eda. Los pedidos realizados en s\u00e1bado o domingo se procesar\u00e1n el lunes siguiente. Una vez realizado el pedido, lo enviaremos a la f\u00e1brica para su producci\u00f3n. La producci\u00f3n suele tardar 5 d\u00edas laborables si las llantas est\u00e1n en stock. Los pedidos personalizados o con llantas que no est\u00e1n en stock suelen tardar entre 12 y 15 d\u00edas laborables. El plazo de entrega es la suma del tiempo de producci\u00f3n y del tiempo de log\u00edstica. Una vez enviadas las llantas, te enviaremos el n\u00famero de seguimiento (*El env\u00edo internacional tiene un tiempo de procesamiento de 3-5 d\u00edas laborables).<\/p><p>No podemos controlar la velocidad del env\u00edo una vez que el art\u00edculo ha salido de nuestro almac\u00e9n. Por favor, ten paciencia. Si necesitas un env\u00edo m\u00e1s r\u00e1pido, ponte en contacto con nosotros en service@phi-cycling.cc.  <\/p>\t\t\t\t\t\t\t\t<\/div>\n\t\t\t\t\t<\/div>\n\t\t\t\t<\/div>\n\t\t\t\t<\/div>\n\t\t","protected":false},"excerpt":{"rendered":"<p>Env\u00edo gratuitoRealizamos env\u00edos a todo el mundo mediante un reputado servicio de mensajer\u00eda internacional. Si tu pa\u00eds no aparece como opci\u00f3n en nuestro sitio web, ponte en contacto con nosotros en service@phi-cycling.cc para obtener m\u00e1s informaci\u00f3n. Ofrecemos env\u00edo gratuito a m\u00e1s de 70 pa\u00edses en todos los pedidos de juegos de ruedas de nuestro sitio [&hellip;]<\/p>\n","protected":false},"author":1,"featured_media":0,"parent":0,"menu_order":0,"comment_status":"closed","ping_status":"closed","template":"","meta":{"footnotes":""},"class_list":["post-4291","page","type-page","status-publish","hentry"],"_links":{"self":[{"href":"https:\/\/phi-cycling.cc\/es\/wp-json\/wp\/v2\/pages\/4291","targetHints":{"allow":["GET"]}}],"collection":[{"href":"https:\/\/phi-cycling.cc\/es\/wp-json\/wp\/v2\/pages"}],"about":[{"href":"https:\/\/phi-cycling.cc\/es\/wp-json\/wp\/v2\/types\/page"}],"author":[{"embeddable":true,"href":"https:\/\/phi-cycling.cc\/es\/wp-json\/wp\/v2\/users\/1"}],"replies":[{"embeddable":true,"href":"https:\/\/phi-cycling.cc\/es\/wp-json\/wp\/v2\/comments?post=4291"}],"version-history":[{"count":2,"href":"https:\/\/phi-cycling.cc\/es\/wp-json\/wp\/v2\/pages\/4291\/revisions"}],"predecessor-version":[{"id":4671,"href":"https:\/\/phi-cycling.cc\/es\/wp-json\/wp\/v2\/pages\/4291\/revisions\/4671"}],"wp:attachment":[{"href":"https:\/\/phi-cycling.cc\/es\/wp-json\/wp\/v2\/media?parent=4291"}],"curies":[{"name":"wp","href":"https:\/\/api.w.org\/{rel}","templated":true}]}}