{"id":4296,"date":"2025-12-16T03:34:12","date_gmt":"2025-12-15T19:34:12","guid":{"rendered":"https:\/\/phi-cycling.cc\/politica-de-garantia\/"},"modified":"2026-04-08T09:42:41","modified_gmt":"2026-04-08T01:42:41","slug":"politica-de-garantia","status":"publish","type":"page","link":"https:\/\/phi-cycling.cc\/es\/politica-de-garantia\/","title":{"rendered":"Pol\u00edtica de garant\u00eda"},"content":{"rendered":"\t\t<div data-elementor-type=\"wp-page\" data-elementor-id=\"4296\" class=\"elementor elementor-4296 elementor-787\" data-elementor-post-type=\"page\">\n\t\t\t\t<div class=\"elementor-element elementor-element-68bbc53 e-flex e-con-boxed e-con e-parent\" data-id=\"68bbc53\" data-element_type=\"container\" data-e-type=\"container\" data-settings=\"{&quot;background_background&quot;:&quot;classic&quot;}\">\n\t\t\t\t\t<div class=\"e-con-inner\">\n\t\t\t\t<div class=\"elementor-element elementor-element-7a7c9b3 elementor-widget elementor-widget-text-editor\" data-id=\"7a7c9b3\" data-element_type=\"widget\" data-e-type=\"widget\" data-widget_type=\"text-editor.default\">\n\t\t\t\t\t\t\t\t\t<p>POL\u00cdTICA DE GARANT\u00cdA EST\u00c1NDAR<br>Valoramos a nuestros clientes y nos esforzamos por ofrecerles una excelente satisfacci\u00f3n. Cada rueda nueva comprada en este sitio web, as\u00ed como a los distribuidores certificados que figuran en nuestro sitio web, tiene una garant\u00eda de 3 a\u00f1os. Nuestra garant\u00eda es una declaraci\u00f3n del compromiso continuo de PHi de fabricar productos de alta calidad.  <\/p><p>\u00bfCu\u00e1ndo empieza la garant\u00eda? \u00bfCu\u00e1nto dura? <\/p><p>La garant\u00eda limitada de 3 a\u00f1os comienza en la fecha de entrega de las ruedas. Finaliza en la misma fecha tres a\u00f1os despu\u00e9s. El periodo de garant\u00eda no se restablece si se sustituye una llanta u otra pieza.  <\/p><p>\u00bfQu\u00e9 ruedas est\u00e1n cubiertas por la garant\u00eda?<\/p><p>Todas las ruedas nuevas adquiridas en el sitio web phi-cycling.cc, as\u00ed como en los distribuidores certificados que se encuentran en el sitio web, est\u00e1n cubiertas por la garant\u00eda.<\/p><p>\u00bfLas ruedas de segunda mano est\u00e1n en garant\u00eda?<\/p><p>El programa de garant\u00eda no es transferible y s\u00f3lo se aplica al comprador inicial.<\/p><p>\u00bfQu\u00e9 cubre la garant\u00eda?<\/p><p>La garant\u00eda cubre ruedas, radios, cabecillas y bujes. La garant\u00eda limitada s\u00f3lo cubre los problemas causados por factores no externos durante el periodo de garant\u00eda. Ofrecemos la sustituci\u00f3n en caso de defectos en los materiales o en la fabricaci\u00f3n.  <\/p><p>\u00bfQu\u00e9 no cubre la garant\u00eda?<\/p><p>Piezas vulnerables como cojinetes, v\u00e1lvulas, cierres r\u00e1pidos, ejes pasantes y pastillas de freno.<br>Montaje o mantenimiento inadecuados.<br>Instalaci\u00f3n de piezas, accesorios o neum\u00e1ticos que no est\u00e9n previstos originalmente para las llantas\/ruedas o que no sean compatibles con ellas.<br>Da\u00f1os o fallos causados por un choque, da\u00f1os accidentales, uso indebido del producto, da\u00f1os por calor (normalmente causados porque la rueda est\u00e1 demasiado cerca del tubo de escape del veh\u00edculo), incumplimiento de las especificaciones de uso del fabricante o cualquier otro factor externo.<br>Uso de radios de calibre recto.<br>Exceder el l\u00edmite de peso m\u00e1ximo de la rueda<br>Exceder la presi\u00f3n de los neum\u00e1ticos que figura en la p\u00e1gina de producto de la rueda<br>Rodar en terrenos y condiciones no adecuados para el tipo de ruedas que se montan<br>Usar una rueda no dise\u00f1ada para eMTB en una eMTB<br>Ruedas compradas a vendedores no autorizados<br>\u00bfQu\u00e9 pasa con los gastos de env\u00edo y los impuestos?<\/p><p>Si el producto tiene alg\u00fan problema, correremos con los gastos de env\u00edo y los impuestos asociados s\u00f3lo si la causa est\u00e1 relacionada con la fabricaci\u00f3n. Si el problema se debe a factores externos, el cliente correr\u00e1 con los gastos de env\u00edo y los impuestos correspondientes.<br>\u00bfQu\u00e9 ocurre si mi rueda ya no est\u00e1 disponible en el sitio web? <\/p><p>Si PHi ya no fabrica la llanta, el buje o los radios que has comprado, te cambiaremos al modelo equivalente m\u00e1s reciente sin coste adicional.<\/p><p>\u00bfC\u00f3mo presentar una reclamaci\u00f3n de garant\u00eda?<\/p><p>Para presentar una reclamaci\u00f3n de garant\u00eda, rellena y env\u00eda el Formulario de servicio posventa . Debes rellenarlo y aportar pruebas fotogr\u00e1ficas del problema. Una vez que hayamos recibido el formulario, nos pondremos en contacto contigo para facilitarte m\u00e1s informaci\u00f3n.  <\/p><p>\u00bfD\u00f3nde se puede hacer el mantenimiento de las ruedas?<\/p><p>Mientras tus ruedas est\u00e9n en garant\u00eda, podemos repararlas en uno de nuestros centros de servicio o en el de nuestra sede central. Despu\u00e9s de presentar tu reclamaci\u00f3n de garant\u00eda y de que nos pongamos en contacto contigo, te diremos d\u00f3nde se puede reparar tu rueda. <\/p>\t\t\t\t\t\t\t\t<\/div>\n\t\t\t\t\t<\/div>\n\t\t\t\t<\/div>\n\t\t\t\t<\/div>\n\t\t","protected":false},"excerpt":{"rendered":"<p>POL\u00cdTICA DE GARANT\u00cdA EST\u00c1NDARValoramos a nuestros clientes y nos esforzamos por ofrecerles una excelente satisfacci\u00f3n. Cada rueda nueva comprada en este sitio web, as\u00ed como a los distribuidores certificados que figuran en nuestro sitio web, tiene una garant\u00eda de 3 a\u00f1os. Nuestra garant\u00eda es una declaraci\u00f3n del compromiso continuo de PHi de fabricar productos de [&hellip;]<\/p>\n","protected":false},"author":1,"featured_media":0,"parent":0,"menu_order":0,"comment_status":"closed","ping_status":"closed","template":"","meta":{"footnotes":""},"class_list":["post-4296","page","type-page","status-publish","hentry"],"_links":{"self":[{"href":"https:\/\/phi-cycling.cc\/es\/wp-json\/wp\/v2\/pages\/4296","targetHints":{"allow":["GET"]}}],"collection":[{"href":"https:\/\/phi-cycling.cc\/es\/wp-json\/wp\/v2\/pages"}],"about":[{"href":"https:\/\/phi-cycling.cc\/es\/wp-json\/wp\/v2\/types\/page"}],"author":[{"embeddable":true,"href":"https:\/\/phi-cycling.cc\/es\/wp-json\/wp\/v2\/users\/1"}],"replies":[{"embeddable":true,"href":"https:\/\/phi-cycling.cc\/es\/wp-json\/wp\/v2\/comments?post=4296"}],"version-history":[{"count":1,"href":"https:\/\/phi-cycling.cc\/es\/wp-json\/wp\/v2\/pages\/4296\/revisions"}],"predecessor-version":[{"id":4299,"href":"https:\/\/phi-cycling.cc\/es\/wp-json\/wp\/v2\/pages\/4296\/revisions\/4299"}],"wp:attachment":[{"href":"https:\/\/phi-cycling.cc\/es\/wp-json\/wp\/v2\/media?parent=4296"}],"curies":[{"name":"wp","href":"https:\/\/api.w.org\/{rel}","templated":true}]}}