{"id":4786,"date":"2025-12-06T01:47:58","date_gmt":"2025-12-05T17:47:58","guid":{"rendered":"https:\/\/phi-cycling.cc\/refund_returns\/"},"modified":"2026-04-08T13:40:38","modified_gmt":"2026-04-08T05:40:38","slug":"politica-de-reembolso-y-devolucion","status":"publish","type":"page","link":"https:\/\/phi-cycling.cc\/es\/politica-de-reembolso-y-devolucion\/","title":{"rendered":"Pol\u00edtica de Reembolso y Devoluci\u00f3n"},"content":{"rendered":"\t\t<div data-elementor-type=\"wp-page\" data-elementor-id=\"4786\" class=\"elementor elementor-4786 elementor-12\" data-elementor-post-type=\"page\">\n\t\t\t\t<div class=\"elementor-element elementor-element-398e84a6 e-flex e-con-boxed e-con e-parent\" data-id=\"398e84a6\" data-element_type=\"container\" data-e-type=\"container\" data-settings=\"{&quot;background_background&quot;:&quot;classic&quot;}\">\n\t\t\t\t\t<div class=\"e-con-inner\">\n\t\t\t\t<div class=\"elementor-element elementor-element-72c1bc6a elementor-widget elementor-widget-text-editor\" data-id=\"72c1bc6a\" data-element_type=\"widget\" data-e-type=\"widget\" data-widget_type=\"text-editor.default\">\n\t\t\t\t\t\t\t\t\t<div class=\"qk-md-paragraph\"><strong class=\"qk-md-strong complete\"><span class=\"qk-md-text complete\">Pol\u00edtica de Reembolso y Devoluci\u00f3n<\/span><\/strong><\/div>\n<div class=\"qk-md-paragraph\"><span class=\"qk-md-text complete\">Todas las solicitudes de devoluci\u00f3n deben realizarse completando primero el Formulario de Solicitud de Postventa. Por favor, no env\u00ede ning\u00fan art\u00edculo de vuelta sin haber recibido una aprobaci\u00f3n previa. Cualquier art\u00edculo devuelto sin aprobaci\u00f3n previa no ser\u00e1 elegible para un reembolso. Cualquier problema relacionado con mercanc\u00eda da\u00f1ada o faltante debe comunicarse a PHi dentro de los 7 d\u00edas posteriores a la entrega. Si esto no sucede dentro de los 7 d\u00edas, PHi no ser\u00e1 responsable de ning\u00fan da\u00f1o o p\u00e9rdida.<\/span><\/div>\n<div class=\"qk-md-paragraph\"><strong class=\"qk-md-strong complete\"><span class=\"qk-md-text complete\">1 CANCELAR O MODIFICAR UN PEDIDO ANTES DEL ENV\u00cdO<\/span><\/strong><\/div>\n<ol class=\"qk-md-ol\" start=\"1\">\n<li class=\"qk-md-li complete\">\n<div class=\"qk-md-paragraph\"><span class=\"qk-md-text complete\">Si desea modificar o cancelar su pedido, h\u00e1galo dentro de las 24 horas posteriores a la realizaci\u00f3n del mismo contactando a PHiwheels por correo electr\u00f3nico o el chat en vivo del sitio web oficial. Las solicitudes de modificaci\u00f3n o cancelaci\u00f3n despu\u00e9s de 24 horas pueden no ser concedidas. Si se conceden, puede haber cargos adicionales.<\/span><\/div>\n<\/li>\n<li class=\"qk-md-li complete\">\n<div class=\"qk-md-paragraph\"><span class=\"qk-md-text complete\">Despu\u00e9s de 24 horas de realizar un pedido personalizado, las devoluciones y\/o modificaciones son muy poco probables. Los pedidos personalizados incluyen llantas personalizadas, bujes mejorados, radios mejorados, calcoman\u00edas personalizadas, sin calcoman\u00edas, etc.<\/span><\/div>\n<\/li>\n<li class=\"qk-md-li complete\">\n<div class=\"qk-md-paragraph\"><span class=\"qk-md-text complete\">Si desea cancelar su pedido antes de que haya sido enviado, puede notific\u00e1rnoslo por correo electr\u00f3nico o el chat en vivo del sitio web oficial de PHi. En algunos casos, el pedido puede haber sido ya despachado antes de que reciba una notificaci\u00f3n.<\/span><\/div>\n<\/li>\n<li class=\"qk-md-li complete\">\n<div class=\"qk-md-paragraph\"><span class=\"qk-md-text complete\">Una vez que un pedido ha sido despachado a trav\u00e9s del transportista, no puede ser cancelado ni modificado.<\/span><\/div>\n<\/li>\n<\/ol>\n<div class=\"qk-md-paragraph\"><strong class=\"qk-md-strong complete\"><span class=\"qk-md-text complete\">2 PRODUCTO DA\u00d1ADO O FALTANTE<\/span><\/strong><\/div>\n<ol class=\"qk-md-ol\" start=\"1\">\n<li class=\"qk-md-li complete\">\n<div class=\"qk-md-paragraph\"><span class=\"qk-md-text complete\">Por favor, revise cuidadosamente el paquete de entrega a su llegada antes de firmarlo. Si hay da\u00f1os obvios, por favor tome fotos del da\u00f1o y rechace el paquete. Dentro de los 7 d\u00edas posteriores a la llegada, env\u00ede a PHi las fotos del paquete da\u00f1ado por correo electr\u00f3nico o chat en vivo.<\/span><\/div>\n<\/li>\n<li class=\"qk-md-li complete\">\n<div class=\"qk-md-paragraph\"><span class=\"qk-md-text complete\">Si se presenta un reclamo contra la empresa de env\u00edo, ellos proporcionar\u00e1n un n\u00famero de compensaci\u00f3n. Por favor, informe a PHi de este n\u00famero a efectos de seguimiento de la entrega.<\/span><\/div>\n<\/li>\n<li class=\"qk-md-li complete\">\n<div class=\"qk-md-paragraph\"><span class=\"qk-md-text complete\">Si ha firmado por el paquete y luego descubre que la mercanc\u00eda est\u00e1 da\u00f1ada despu\u00e9s de abrirlo, por favor contacte a PHi dentro de los 7 d\u00edas posteriores a la entrega. Despu\u00e9s de recibir la aprobaci\u00f3n para una devoluci\u00f3n, env\u00ede el paquete de vuelta a PHi dentro de los 30 d\u00edas posteriores a la fecha de entrega. Dentro de los 10 d\u00edas posteriores a la devoluci\u00f3n de la mercanc\u00eda a PHi, se verificar\u00e1 la causa del problema y se le contactar\u00e1 con respecto a la posibilidad de un reembolso completo o un reemplazo. En caso de reembolso, el reembolso se enviar\u00e1 a su cuenta de pago original.<\/span><\/div>\n<\/li>\n<\/ol>\n<div class=\"qk-md-paragraph\"><strong class=\"qk-md-strong complete\"><span class=\"qk-md-text complete\">3 DEVOLUCIONES NO RELACIONADAS CON EL ESTADO DEL PRODUCTO<\/span><\/strong><br \/><span class=\"qk-md-text complete\">Esperamos que disfrute de su compra. Si el producto que pidi\u00f3 no cumple con sus expectativas por cualquier motivo, puede ser devuelto con ciertas limitaciones.<\/span><\/div>\n<div class=\"qk-md-paragraph\"><span class=\"qk-md-text complete\">Dentro de los 30 d\u00edas posteriores a la entrega, contacte a PHi a trav\u00e9s del chat en vivo del sitio web oficial o por correo electr\u00f3nico. No env\u00ede ning\u00fan art\u00edculo de vuelta a PHi sin haber recibido una aprobaci\u00f3n previa.<\/span><\/div>\n<div class=\"qk-md-paragraph\"><span class=\"qk-md-text complete\">Usted ser\u00e1 responsable de lo siguiente: costo de env\u00edo a su direcci\u00f3n, costo de env\u00edo a PHi y cualquier impuesto, tarifa o derecho asociado con el env\u00edo. Dentro de los 10 d\u00edas h\u00e1biles posteriores a la devoluci\u00f3n del producto a PHiw, se organizar\u00e1 el reembolso.<\/span><\/div>\n<div class=\"qk-md-paragraph\"><span class=\"qk-md-text complete\">Si alguna de estas se aplica a su pedido, no es elegible para una devoluci\u00f3n:<\/span><\/div>\n<ul class=\"qk-md-ul\">\n<li class=\"qk-md-li complete\"><span class=\"qk-md-text complete\">El producto ha sido utilizado<\/span><\/li>\n<li class=\"qk-md-li complete\"><span class=\"qk-md-text complete\">El embalaje del producto est\u00e1 da\u00f1ado<\/span><\/li>\n<li class=\"qk-md-li complete\"><span class=\"qk-md-text complete\">El producto en s\u00ed est\u00e1 da\u00f1ado<\/span><\/li>\n<li class=\"qk-md-li complete\"><span class=\"qk-md-text complete\">El producto no est\u00e1 en plena condici\u00f3n de reventa<\/span><\/li>\n<li class=\"qk-md-li complete\"><span class=\"qk-md-text complete\">PHi no recibe el producto devuelto<\/span><\/li>\n<li class=\"qk-md-li complete\"><span class=\"qk-md-text complete\">Han pasado m\u00e1s de 30 d\u00edas desde la entrega<\/span><\/li>\n<li class=\"qk-md-li complete\"><span class=\"qk-md-text complete\">No hay prueba de compra<\/span><\/li>\n<li class=\"qk-md-li complete\"><span class=\"qk-md-text complete\">El producto se clasifica como solo por tiempo limitado y\/o ya no est\u00e1 en producci\u00f3n<\/span><\/li>\n<\/ul>\n<div class=\"qk-md-paragraph\"><strong class=\"qk-md-strong complete\"><span class=\"qk-md-text complete\">4 SOSPECHA DE DEFECTOS DE FABRICACI\u00d3N<\/span><\/strong><br \/><span class=\"qk-md-text complete\">Si se sospecha que cualquier producto comprado a PHi tiene un defecto de fabricaci\u00f3n dentro de los 3 a\u00f1os posteriores a su fecha de entrega, por favor complete nuestro Formulario de Solicitud de Postventa. Hay m\u00e1s informaci\u00f3n disponible en nuestra Pol\u00edtica de Garant\u00eda.<\/span><\/div>\n<div class=\"qk-md-paragraph\"><strong class=\"qk-md-strong complete\"><span class=\"qk-md-text complete\">5 PROCEDIMIENTO DE REEMBOLSO<\/span><\/strong><br \/><span class=\"qk-md-text complete\">Si el producto que est\u00e1 devolviendo cumple con los est\u00e1ndares de devoluci\u00f3n y reembolso de PHi, se le contactar\u00e1 dentro de los 10 d\u00edas h\u00e1biles para confirmar con usted la cantidad a reembolsar y organizar su env\u00edo. Un reembolso se enviar\u00eda entonces a su cuenta de pago original. El banco puede tardar unos d\u00edas en procesar la transacci\u00f3n. Si PHi le notifica que el reembolso ha sido enviado y hay un retraso, por favor contacte directamente a su banco. Si el reembolso a\u00fan no se ha recibido dentro de los 7 d\u00edas posteriores a la notificaci\u00f3n, por favor contacte a PHi.<\/span><\/div>\n<div class=\"qk-md-paragraph\"><span class=\"qk-md-text complete\">Si el producto devuelto no cumple con los est\u00e1ndares de devoluci\u00f3n y reembolso de PHi, ser\u00e1 rechazado y devuelto a usted. En este caso, usted ser\u00e1 responsable de los gastos de env\u00edo.<\/span><\/div>\n<div class=\"qk-md-paragraph\"><span class=\"qk-md-text complete\">Tenga en cuenta que la cantidad reembolsada no incluye cargos de transferencia adicionales ni cambios en los tipos de conversi\u00f3n de divisas. Si hay cargos adicionales asociados con una transferencia a PHi, estos cargos correr\u00e1n a cargo del cliente.<\/span><\/div>\n<div class=\"qk-md-paragraph\"><span class=\"qk-md-text complete\">Si hubo un error en su pedido, como el env\u00edo del art\u00edculo equivocado, PHi ser\u00e1 responsable de los gastos de env\u00edo de devoluci\u00f3n.<\/span><\/div>\n<div class=\"qk-md-paragraph\"><span class=\"qk-md-text complete\">Durante los eventos de ventas, los tiempos de devoluci\u00f3n y reembolso pueden estar sujetos a cambios. Por favor, consulte los detalles del evento para m\u00e1s informaci\u00f3n.<\/span><\/div>\n<div class=\"qk-md-paragraph\"><span class=\"qk-md-text complete\">Si tiene alguna pregunta con respecto a su compra o su garant\u00eda, por favor consulte la Pol\u00edtica de Garant\u00eda de PHi. Tambi\u00e9n puede contactar a PHi por correo electr\u00f3nico a\u00a0<\/span><a class=\"qk-md-link\" href=\"mailto:service@phi-cycling.cc\" target=\"_blank\" rel=\"noopener noreferrer\">mailto:service@phi-cycling.cc<\/a><span class=\"qk-md-text complete\">\u00a0o en el chat en vivo del sitio web oficial.<\/span><\/div>\n<div class=\"qk-md-paragraph\"><span class=\"qk-md-text complete\">PHi est\u00e1 comprometida y en proceso de construir una red de servicio global. El prop\u00f3sito de esta red es servir mejor a nuestros ciclistas. Esto permite un servicio y soporte convenientes sin importar d\u00f3nde se encuentre en el mundo.<\/span><\/div>\t\t\t\t\t\t\t\t<\/div>\n\t\t\t\t\t<\/div>\n\t\t\t\t<\/div>\n\t\t\t\t<\/div>\n\t\t","protected":false},"excerpt":{"rendered":"<p>Pol\u00edtica de Reembolso y Devoluci\u00f3n Todas las solicitudes de devoluci\u00f3n deben realizarse completando primero el Formulario de Solicitud de Postventa. Por favor, no env\u00ede ning\u00fan art\u00edculo de vuelta sin haber recibido una aprobaci\u00f3n previa. Cualquier art\u00edculo devuelto sin aprobaci\u00f3n previa no ser\u00e1 elegible para un reembolso. Cualquier problema relacionado con mercanc\u00eda da\u00f1ada o faltante debe [&hellip;]<\/p>\n","protected":false},"author":1,"featured_media":0,"parent":0,"menu_order":0,"comment_status":"closed","ping_status":"closed","template":"","meta":{"footnotes":""},"class_list":["post-4786","page","type-page","status-publish","hentry"],"_links":{"self":[{"href":"https:\/\/phi-cycling.cc\/es\/wp-json\/wp\/v2\/pages\/4786","targetHints":{"allow":["GET"]}}],"collection":[{"href":"https:\/\/phi-cycling.cc\/es\/wp-json\/wp\/v2\/pages"}],"about":[{"href":"https:\/\/phi-cycling.cc\/es\/wp-json\/wp\/v2\/types\/page"}],"author":[{"embeddable":true,"href":"https:\/\/phi-cycling.cc\/es\/wp-json\/wp\/v2\/users\/1"}],"replies":[{"embeddable":true,"href":"https:\/\/phi-cycling.cc\/es\/wp-json\/wp\/v2\/comments?post=4786"}],"version-history":[{"count":5,"href":"https:\/\/phi-cycling.cc\/es\/wp-json\/wp\/v2\/pages\/4786\/revisions"}],"predecessor-version":[{"id":4869,"href":"https:\/\/phi-cycling.cc\/es\/wp-json\/wp\/v2\/pages\/4786\/revisions\/4869"}],"wp:attachment":[{"href":"https:\/\/phi-cycling.cc\/es\/wp-json\/wp\/v2\/media?parent=4786"}],"curies":[{"name":"wp","href":"https:\/\/api.w.org\/{rel}","templated":true}]}}