{"id":4791,"date":"2025-12-06T01:36:43","date_gmt":"2025-12-05T17:36:43","guid":{"rendered":"https:\/\/phi-cycling.cc\/privacy-policy\/"},"modified":"2026-04-08T11:36:29","modified_gmt":"2026-04-08T03:36:29","slug":"politica-de-privacidad","status":"publish","type":"page","link":"https:\/\/phi-cycling.cc\/es\/politica-de-privacidad\/","title":{"rendered":"POL\u00cdTICA DE PRIVACIDAD"},"content":{"rendered":"\t\t<div data-elementor-type=\"wp-page\" data-elementor-id=\"4791\" class=\"elementor elementor-4791 elementor-3\" data-elementor-post-type=\"page\">\n\t\t\t\t<div class=\"elementor-element elementor-element-794755c4 e-flex e-con-boxed e-con e-parent\" data-id=\"794755c4\" data-element_type=\"container\" data-e-type=\"container\" data-settings=\"{&quot;background_background&quot;:&quot;classic&quot;}\">\n\t\t\t\t\t<div class=\"e-con-inner\">\n\t\t\t\t<div class=\"elementor-element elementor-element-bff2088 elementor-widget elementor-widget-text-editor\" data-id=\"bff2088\" data-element_type=\"widget\" data-e-type=\"widget\" data-widget_type=\"text-editor.default\">\n\t\t\t\t\t\t\t\t\t<div class=\"qk-md-paragraph\"><strong class=\"qk-md-strong complete\"><span class=\"qk-md-text complete\">POL\u00cdTICA DE PRIVACIDAD<\/span><\/strong><\/div>\n<div class=\"qk-md-paragraph\"><span class=\"qk-md-text complete\">PHi se compromete a preservar la privacidad de todos los visitantes de nuestro sitio web. Por favor, lea la siguiente pol\u00edtica de privacidad para comprender c\u00f3mo usamos y protegemos la informaci\u00f3n que nos proporciona.<\/span><\/div>\n<div class=\"qk-md-paragraph\"><span class=\"qk-md-text complete\">Al registrarse o realizar un pedido en este sitio web, usted consiente la recopilaci\u00f3n y el uso de su informaci\u00f3n bajo los t\u00e9rminos de esta pol\u00edtica.<\/span><\/div>\n<div class=\"qk-md-paragraph\"><strong class=\"qk-md-strong complete\"><span class=\"qk-md-text complete\">INFORMACI\u00d3N QUE RECOPILAMOS DE USTED<\/span><\/strong><br \/><span class=\"qk-md-text complete\">Cuando visita, se registra o pide productos o servicios en PHi, se le puede solicitar que proporcione cierta informaci\u00f3n sobre usted, incluido su nombre, datos de contacto e informaci\u00f3n de tarjeta de cr\u00e9dito o d\u00e9bito.<\/span><\/div>\n<div class=\"qk-md-paragraph\"><span class=\"qk-md-text complete\">Tambi\u00e9n podemos recopilar informaci\u00f3n sobre su uso de nuestro sitio web, mensajes de chat y correos electr\u00f3nicos o cartas que nos env\u00ede.<\/span><\/div>\n<div class=\"qk-md-paragraph\"><span class=\"qk-md-text complete\">Para mantener los est\u00e1ndares de servicio al cliente y ayudar a la capacitaci\u00f3n del personal, podemos grabar y monitorear las llamadas entrantes.<\/span><\/div>\n<div class=\"qk-md-paragraph\"><strong class=\"qk-md-strong complete\"><span class=\"qk-md-text complete\">USO DE SU INFORMACI\u00d3N<\/span><\/strong><br \/><span class=\"qk-md-text complete\">Su informaci\u00f3n nos permitir\u00e1 proporcionarle acceso a la funci\u00f3n de chat, as\u00ed como a la funci\u00f3n de pago de nuestro sitio web. Tambi\u00e9n nos permitir\u00e1 facturarle y contactarle con respecto a sus pedidos. Tambi\u00e9n usaremos y analizaremos la informaci\u00f3n que recopilamos para que podamos mejorar nuestro servicio al cliente y productos.<\/span><\/div>\n<div class=\"qk-md-paragraph\"><span class=\"qk-md-text complete\">Tiene la opci\u00f3n de suscribirse a nuestro bolet\u00edn informativo por correo electr\u00f3nico. Podemos usar su informaci\u00f3n para contactarle para obtener comentarios y para notificarle ocasionalmente sobre cambios importantes en nuestro sitio web, as\u00ed como sobre nuevas ofertas de productos y servicios que puedan interesarle. Para respetar al cliente, estas actualizaciones solo se enviar\u00e1n unas pocas veces al a\u00f1o. Si cambia de opini\u00f3n sobre ser contactado en el futuro, h\u00e1ganoslo saber por correo electr\u00f3nico a\u00a0<\/span><a class=\"qk-md-link\" href=\"mailto:service@phi-cycling.cc\" target=\"_blank\" rel=\"noopener noreferrer\">mailto:service@phi-cycling.cc<\/a><span class=\"qk-md-text complete\">.<\/span><\/div>\n<div class=\"qk-md-paragraph\"><strong class=\"qk-md-strong complete\"><span class=\"qk-md-text complete\">COOKIES<\/span><\/strong><br \/><span class=\"qk-md-text complete\">Las cookies son peque\u00f1as cantidades de informaci\u00f3n creadas por nuestro servidor web que pueden almacenarse en su computadora, tel\u00e9fono u otro dispositivo con un navegador web. A menos que haya seleccionado la opci\u00f3n de no aceptar cookies en el sitio web, nuestro sistema emitir\u00e1 cookies a su dispositivo cuando inicie sesi\u00f3n en el sitio. Las cookies facilitan el inicio de sesi\u00f3n y el uso del sitio en el futuro. Tambi\u00e9n nos permiten monitorear el tr\u00e1fico del sitio web y personalizar el contenido del sitio para usted. Puede elegir configurar su navegador para desactivar las cookies.<\/span><\/div>\n<div class=\"qk-md-paragraph\"><strong class=\"qk-md-strong complete\"><span class=\"qk-md-text complete\">SEGURIDAD Y RETENCI\u00d3N DE DATOS<\/span><\/strong><br \/><span class=\"qk-md-text complete\">Empleamos medidas de seguridad para proteger su informaci\u00f3n del acceso por personas no autorizadas y contra el procesamiento ilegal, la p\u00e9rdida accidental, la destrucci\u00f3n y el da\u00f1o. Conservaremos su informaci\u00f3n por un per\u00edodo razonable o mientras lo exija la ley. No almacenamos informaci\u00f3n de tarjetas de cr\u00e9dito.<\/span><\/div>\n<div class=\"qk-md-paragraph\"><strong class=\"qk-md-strong complete\"><span class=\"qk-md-text complete\">ACCESO Y ACTUALIZACI\u00d3N<\/span><\/strong><br \/><span class=\"qk-md-text complete\">Tiene derecho a ver la informaci\u00f3n que poseemos sobre usted, y puede pedirnos que realicemos los cambios necesarios para garantizar que sea precisa y se mantenga actualizada. Si desea hacer esto, cont\u00e1ctenos por correo electr\u00f3nico a\u00a0<\/span><a class=\"qk-md-link\" href=\"mailto:service@phi-cycling.cc\" target=\"_blank\" rel=\"noopener noreferrer\">mailto:service@phi-cycling.cc<\/a><span class=\"qk-md-text complete\">.<\/span><\/div>\n<div class=\"qk-md-paragraph\"><strong class=\"qk-md-strong complete\"><span class=\"qk-md-text complete\">CAMBIOS A NUESTRA POL\u00cdTICA DE PRIVACIDAD<\/span><\/strong><br \/><span class=\"qk-md-text complete\">Cualquier cambio realizado en nuestra pol\u00edtica de privacidad en el futuro se publicar\u00e1 en el sitio web y, cuando corresponda, se le enviar\u00e1 por correo electr\u00f3nico.<\/span><\/div>\n<div class=\"qk-md-paragraph\"><strong class=\"qk-md-strong\"><span class=\"qk-md-text complete\">CONTACTO<\/span><\/strong><br \/><span class=\"qk-md-text complete\">Todos los comentarios, consultas y solicitudes relacionadas con nuestro uso de su informaci\u00f3n son bienvenidos y deben envi\u00e1rsenos por correo electr\u00f3nico a\u00a0<\/span><a class=\"qk-md-link\" href=\"mailto:service@phi-cycling.cc\" target=\"_blank\" rel=\"noopener noreferrer\">mailto:service@phi-cycling.cc<\/a><span class=\"qk-md-text complete\">.<\/span><\/div>\t\t\t\t\t\t\t\t<\/div>\n\t\t\t\t\t<\/div>\n\t\t\t\t<\/div>\n\t\t\t\t<\/div>\n\t\t","protected":false},"excerpt":{"rendered":"<p>POL\u00cdTICA DE PRIVACIDAD PHi se compromete a preservar la privacidad de todos los visitantes de nuestro sitio web. Por favor, lea la siguiente pol\u00edtica de privacidad para comprender c\u00f3mo usamos y protegemos la informaci\u00f3n que nos proporciona. Al registrarse o realizar un pedido en este sitio web, usted consiente la recopilaci\u00f3n y el uso de [&hellip;]<\/p>\n","protected":false},"author":1,"featured_media":0,"parent":0,"menu_order":0,"comment_status":"closed","ping_status":"open","template":"","meta":{"footnotes":""},"class_list":["post-4791","page","type-page","status-publish","hentry"],"_links":{"self":[{"href":"https:\/\/phi-cycling.cc\/es\/wp-json\/wp\/v2\/pages\/4791","targetHints":{"allow":["GET"]}}],"collection":[{"href":"https:\/\/phi-cycling.cc\/es\/wp-json\/wp\/v2\/pages"}],"about":[{"href":"https:\/\/phi-cycling.cc\/es\/wp-json\/wp\/v2\/types\/page"}],"author":[{"embeddable":true,"href":"https:\/\/phi-cycling.cc\/es\/wp-json\/wp\/v2\/users\/1"}],"replies":[{"embeddable":true,"href":"https:\/\/phi-cycling.cc\/es\/wp-json\/wp\/v2\/comments?post=4791"}],"version-history":[{"count":5,"href":"https:\/\/phi-cycling.cc\/es\/wp-json\/wp\/v2\/pages\/4791\/revisions"}],"predecessor-version":[{"id":4826,"href":"https:\/\/phi-cycling.cc\/es\/wp-json\/wp\/v2\/pages\/4791\/revisions\/4826"}],"wp:attachment":[{"href":"https:\/\/phi-cycling.cc\/es\/wp-json\/wp\/v2\/media?parent=4791"}],"curies":[{"name":"wp","href":"https:\/\/api.w.org\/{rel}","templated":true}]}}