{"id":4796,"date":"2025-12-17T09:24:05","date_gmt":"2025-12-17T01:24:05","guid":{"rendered":"https:\/\/phi-cycling.cc\/terms-and-conditions\/"},"modified":"2026-04-08T12:27:35","modified_gmt":"2026-04-08T04:27:35","slug":"terminos-y-condiciones","status":"publish","type":"page","link":"https:\/\/phi-cycling.cc\/es\/terminos-y-condiciones\/","title":{"rendered":"T\u00e9rminos y condiciones"},"content":{"rendered":"\t\t<div data-elementor-type=\"wp-page\" data-elementor-id=\"4796\" class=\"elementor elementor-4796 elementor-942\" data-elementor-post-type=\"page\">\n\t\t\t\t<div class=\"elementor-element elementor-element-c1b1459 e-flex e-con-boxed e-con e-parent\" data-id=\"c1b1459\" data-element_type=\"container\" data-e-type=\"container\" data-settings=\"{&quot;background_background&quot;:&quot;classic&quot;}\">\n\t\t\t\t\t<div class=\"e-con-inner\">\n\t\t\t\t<div class=\"elementor-element elementor-element-c20467c elementor-widget elementor-widget-text-editor\" data-id=\"c20467c\" data-element_type=\"widget\" data-e-type=\"widget\" data-widget_type=\"text-editor.default\">\n\t\t\t\t\t\t\t\t\t<div class=\"qk-md-paragraph\"><strong class=\"qk-md-strong complete\"><span class=\"qk-md-text complete\">T\u00e9rminos y Condiciones<\/span><\/strong><br \/><span class=\"qk-md-text complete\">Estos t\u00e9rminos y condiciones se aplican al uso de este sitio web en phi-cycling.cc. Al acceder a este sitio web y\/o realizar un pedido, acepta quedar vinculado por estos t\u00e9rminos y condiciones.<\/span><\/div><div class=\"qk-md-paragraph\"><span class=\"qk-md-text complete\">El uso de este sitio web indica que acepta estos t\u00e9rminos independientemente de si elige registrarse con nosotros o hacer un pedido. Si no acepta estos t\u00e9rminos, no utilice este sitio web.<\/span><\/div><div class=\"qk-md-paragraph\"><strong class=\"qk-md-strong complete\"><span class=\"qk-md-text complete\">NUESTROS DATOS DE CONTACTO SON LOS SIGUIENTES:<\/span><\/strong><br \/><span class=\"qk-md-text complete\">Correo electr\u00f3nico general:\u00a0<\/span><a class=\"qk-md-link\" href=\"mailto:service@phi-cycling.cc\" target=\"_blank\" rel=\"noopener noreferrer\">mailto:service@phi-cycling.cc<\/a><\/div><div class=\"qk-md-paragraph\"><strong class=\"qk-md-strong complete\"><span class=\"qk-md-text complete\">INTRODUCCI\u00d3N<\/span><\/strong><br \/><span class=\"qk-md-text complete\">1.1 Podr\u00e1 acceder a todas las \u00e1reas de este sitio web sin registrar sus datos con nosotros, con la excepci\u00f3n del pago y el chat en vivo.<\/span><\/div><div class=\"qk-md-paragraph\"><span class=\"qk-md-text complete\">1.2 Podemos revisar estos t\u00e9rminos y condiciones en cualquier momento actualizando esta publicaci\u00f3n. Le aconsejamos que compruebe este sitio web de vez en cuando para revisar los t\u00e9rminos y condiciones vigentes, ya que son vinculantes para usted. Ciertas disposiciones de estos t\u00e9rminos y condiciones pueden ser reemplazadas por avisos legales o t\u00e9rminos expresamente designados ubicados en p\u00e1ginas particulares de este sitio web. Si no desea aceptar nuevos t\u00e9rminos y condiciones despu\u00e9s de que hayamos dado aviso, no debe continuar usando este sitio web.<\/span><\/div><div class=\"qk-md-paragraph\"><strong class=\"qk-md-strong complete\"><span class=\"qk-md-text complete\">HACER PEDIDOS CON NOSOTROS<\/span><\/strong><br \/><span class=\"qk-md-text complete\">2.1 Se considera que realiza un pedido con nosotros al pedir a trav\u00e9s de nuestro proceso de pago en l\u00ednea. Como parte de nuestro proceso de pago, se le dar\u00e1 la oportunidad de verificar su pedido y de corregir cualquier error. Le enviaremos un acuse de recibo del pedido, detallando los productos que ha pedido.<\/span><\/div><div class=\"qk-md-paragraph\"><span class=\"qk-md-text complete\">2.2 Cuando se haya recibido su pago, el pedido comenzar\u00e1 a procesarse. Prepararemos el art\u00edculo que pidi\u00f3 y lo enviaremos lo antes posible. Una vez que el art\u00edculo haya sido enviado, le enviaremos el aviso de entrega y la informaci\u00f3n log\u00edstica por correo electr\u00f3nico. Los pedidos no se pueden cancelar despu\u00e9s de haber sido enviados. Si hay alg\u00fan problema con respecto al pedido, puede revisar nuestra pol\u00edtica de postventa.<\/span><\/div><div class=\"qk-md-paragraph\"><span class=\"qk-md-text complete\">2.3 Podemos rechazar aceptar un pedido:<\/span><br \/><span class=\"qk-md-text complete\">(a) cuando los productos no est\u00e9n disponibles;<\/span><br \/><span class=\"qk-md-text complete\">(b) cuando no podamos obtener autorizaci\u00f3n para su pago;<\/span><br \/><span class=\"qk-md-text complete\">(c) si ha habido un error de precio o de descripci\u00f3n del producto;<\/span><\/div><div class=\"qk-md-paragraph\"><strong class=\"qk-md-strong complete\"><span class=\"qk-md-text complete\">POL\u00cdTICA DE CANCELACI\u00d3N Y DEVOLUCI\u00d3N<\/span><\/strong><br \/><span class=\"qk-md-text complete\">Por favor, vea nuestra p\u00e1gina de Cancelaciones, Reembolsos y Devoluciones para nuestra POL\u00cdTICA COMPLETA DE CANCELACI\u00d3N Y DEVOLUCI\u00d3N.<\/span><\/div><div class=\"qk-md-paragraph\"><strong class=\"qk-md-strong complete\"><span class=\"qk-md-text complete\">LICENCIA<\/span><\/strong><br \/><span class=\"qk-md-text complete\">4.1 Se le permite imprimir y descargar material encontrado en este sitio web para su propio uso sobre la siguiente base:<\/span><br \/><span class=\"qk-md-text complete\">(a) ning\u00fan documento o gr\u00e1ficos relacionados en este sitio web se modifican de ninguna manera;<\/span><br \/><span class=\"qk-md-text complete\">(b) ning\u00fan gr\u00e1fico en este sitio web se usa por separado del texto que lo acompa\u00f1a;<\/span><br \/><span class=\"qk-md-text complete\">(c) cualquier aviso de derechos de autor y marca comercial nuestro y este aviso de permiso aparecen en todas las copias.<\/span><\/div><div class=\"qk-md-paragraph\"><span class=\"qk-md-text complete\">4.2 Salvo que se indique lo contrario, los derechos de autor y otros derechos de propiedad intelectual sobre todo el material de este sitio web (incluidos, sin limitaci\u00f3n, fotograf\u00edas e im\u00e1genes gr\u00e1ficas) son de nuestra propiedad o de nuestros licenciantes. Para los fines de estos t\u00e9rminos y condiciones, cualquier uso de extractos de este sitio web que no sea de acuerdo con la cl\u00e1usula 4.1 anterior para cualquier prop\u00f3sito est\u00e1 prohibido. Si infringe cualquiera de los t\u00e9rminos de estos t\u00e9rminos y condiciones, su permiso para usar este sitio web termina autom\u00e1ticamente y debe destruir inmediatamente cualquier extracto descargado o impreso de este sitio web.<\/span><\/div><div class=\"qk-md-paragraph\"><span class=\"qk-md-text complete\">4.3 Sujeto a la cl\u00e1usula 4.1, ninguna parte de este sitio web puede ser reproducida o almacenada en ning\u00fan otro sitio web o incluida en ning\u00fan sistema o servicio de recuperaci\u00f3n electr\u00f3nica p\u00fablico o privado sin nuestro permiso previo por escrito.<\/span><\/div><div class=\"qk-md-paragraph\"><span class=\"qk-md-text complete\">4.4 Todos los derechos no concedidos expresamente en estos t\u00e9rminos est\u00e1n reservados.<\/span><\/div><div class=\"qk-md-paragraph\"><span class=\"qk-md-text complete\">4.5 PHi, el logotipo de PHi y el icono son una marca comercial de PHi y su uso y reproducci\u00f3n solo se permite con el previo permiso expreso por escrito de PHi.<\/span><\/div><div class=\"qk-md-paragraph\"><strong class=\"qk-md-strong complete\"><span class=\"qk-md-text complete\">ACCESO AL SERVICIO<\/span><\/strong><br \/><span class=\"qk-md-text complete\">5.1 Si bien nos esforzamos por garantizar que este sitio web est\u00e9 normalmente disponible las 24 horas del d\u00eda, no seremos responsables si por alguna raz\u00f3n este sitio web no est\u00e1 disponible en cualquier momento o por cualquier per\u00edodo.<\/span><br \/><span class=\"qk-md-text complete\">5.2 El acceso a este sitio web puede suspenderse temporalmente y sin previo aviso en caso de falla del sistema, mantenimiento o reparaci\u00f3n o por razones fuera de nuestro control.<\/span><\/div><div class=\"qk-md-paragraph\"><strong class=\"qk-md-strong complete\"><span class=\"qk-md-text complete\">MATERIAL Y CONDUCTA DEL VISITANTE<\/span><\/strong><br \/><span class=\"qk-md-text complete\">6.1 A excepci\u00f3n de la informaci\u00f3n de identificaci\u00f3n personal, que est\u00e1 cubierta por la Pol\u00edtica de Privacidad, cualquier material que transmita o publique en este sitio web se considerar\u00e1 no confidencial y no propietario. No tendremos obligaciones con respecto a dicho material. Nosotros y nuestros designados seremos libres de copiar, divulgar, distribuir, incorporar y usar de otra manera dicho material y todos los datos, im\u00e1genes, sonidos, textos y otras cosas incorporadas en \u00e9l para cualquier prop\u00f3sito comercial o no comercial.<\/span><br \/><span class=\"qk-md-text complete\">6.2 Tiene prohibido publicar o transmitir hacia o desde este sitio web cualquier material:<\/span><br \/><span class=\"qk-md-text complete\">(a) que sea amenazante, difamatorio, obsceno, indecente, sedicioso, ofensivo, pornogr\u00e1fico, abusivo, susceptible de incitar al odio racial, discriminatorio, amenazador, escandaloso, inflamatorio, blasfemo, en violaci\u00f3n de la confianza, en violaci\u00f3n de la privacidad o que pueda causar molestia o inconveniencia;<\/span><br \/><span class=\"qk-md-text complete\">(b) para el cual no haya obtenido todas las licencias y\/o aprobaciones necesarias;<\/span><br \/><span class=\"qk-md-text complete\">(c) que constituya o fomente una conducta que se considerar\u00eda un delito penal, dar\u00eda lugar a responsabilidad civil, o de otra manera ser\u00eda contrario a la ley o infringir\u00eda los derechos de cualquier tercero, en cualquier pa\u00eds del mundo; o<\/span><br \/><span class=\"qk-md-text complete\">(d) que sea t\u00e9cnicamente da\u00f1ino (incluidos, sin limitaci\u00f3n, virus inform\u00e1ticos, bombas l\u00f3gicas, caballos de Troya, gusanos, componentes da\u00f1inos, datos corruptos u otro software malicioso o datos da\u00f1inos).<\/span><\/div><div class=\"qk-md-paragraph\"><span class=\"qk-md-text complete\">6.3 No puede hacer un uso indebido del sitio web (incluidos, sin limitaci\u00f3n, el hacking).<\/span><\/div><div class=\"qk-md-paragraph\"><span class=\"qk-md-text complete\">6.4 Cooperaremos plenamente con cualquier autoridad de aplicaci\u00f3n de la ley u orden judicial que nos solicite o nos ordene divulgar la identidad o localizar a cualquier persona que publique cualquier material en violaci\u00f3n de las cl\u00e1usulas 6.2 o 6.3.<\/span><\/div><div class=\"qk-md-paragraph\"><strong class=\"qk-md-strong complete\"><span class=\"qk-md-text complete\">ENLACES A Y DESDE OTROS SITIOS WEB<\/span><\/strong><br \/><span class=\"qk-md-text complete\">7.1 Los enlaces a sitios web de terceros en este sitio web se proporcionan \u00fanicamente para su conveniencia. Si usa estos enlaces, abandona este sitio web. No hemos revisado todos estos sitios web de terceros y no controlamos ni somos responsables de estos sitios web o su contenido o disponibilidad. Por lo tanto, no los respaldamos ni hacemos declaraciones sobre ellos, ni sobre ning\u00fan material que se encuentre all\u00ed, ni sobre ning\u00fan resultado que pueda obtenerse al usarlos. Si decide acceder a cualquiera de los sitios web de terceros vinculados a este sitio web, lo hace enteramente bajo su propio riesgo.<\/span><\/div><div class=\"qk-md-paragraph\"><span class=\"qk-md-text complete\">7.2 Puede enlazar a este sitio web, pero est\u00e1 sujeto a las siguientes condiciones:<\/span><br \/><span class=\"qk-md-text complete\">(a) no quita, distorsiona o altera de otra manera el tama\u00f1o o la apariencia del logotipo de PHi;<\/span><br \/><span class=\"qk-md-text complete\">(b) no crea un marco ni ning\u00fan otro entorno de navegador o borde alrededor de este sitio web;<\/span><br \/><span class=\"qk-md-text complete\">(c) no implica de ninguna manera que estamos respaldando ning\u00fan producto o servicio que no sea el nuestro;<\/span><br \/><span class=\"qk-md-text complete\">(d) no tergiversa su relaci\u00f3n con nosotros ni presenta ninguna otra informaci\u00f3n falsa sobre nosotros;<\/span><br \/><span class=\"qk-md-text complete\">(e) no usa de ninguna otra manera ninguna marca comercial de PHi que se muestre en este sitio web sin nuestro permiso expreso por escrito;<\/span><br \/><span class=\"qk-md-text complete\">(g) su sitio web no contiene contenido que sea desagradable, ofensivo o controvertido, infringe cualquier derecho de propiedad intelectual u otros derechos de cualquier otra persona o de otra manera no cumple con todas las leyes y regulaciones aplicables.<\/span><br \/><span class=\"qk-md-text complete\">Nos reservamos expresamente el derecho de revocar el derecho otorgado en esta cl\u00e1usula 7.2 por incumplimiento de estos t\u00e9rminos y de tomar cualquier acci\u00f3n que consideremos apropiada.<\/span><br \/><span class=\"qk-md-text complete\">7.3 Nos indemnizar\u00e1 plenamente por cualquier p\u00e9rdida o da\u00f1o que podamos sufrir o incurrir como resultado de su incumplimiento de la cl\u00e1usula 7.2.<\/span><\/div><div class=\"qk-md-paragraph\"><strong class=\"qk-md-strong complete\"><span class=\"qk-md-text complete\">REGISTRO<\/span><\/strong><br \/><span class=\"qk-md-text complete\">8.1 Para registrarse en phi-cycling.cc debe ser mayor de dieciocho a\u00f1os.<\/span><\/div><div class=\"qk-md-paragraph\"><span class=\"qk-md-text complete\">8.2 Cada registro es para un solo usuario. No le permitimos compartir su nombre de usuario y contrase\u00f1a con ninguna otra persona ni con m\u00faltiples usuarios en una red.<\/span><\/div><div class=\"qk-md-paragraph\"><span class=\"qk-md-text complete\">8.3 La responsabilidad de la seguridad de cualquier contrase\u00f1a emitida recae en usted y si sabe o sospecha que alguien m\u00e1s conoce su contrase\u00f1a, debe contactarnos inmediatamente.<\/span><\/div><div class=\"qk-md-paragraph\"><span class=\"qk-md-text complete\">8.4 Podemos suspender o cancelar su registro inmediatamente a nuestra discreci\u00f3n razonable o si incumple cualquiera de sus obligaciones bajo estos t\u00e9rminos y condiciones.<\/span><\/div><div class=\"qk-md-paragraph\"><strong class=\"qk-md-strong\"><span class=\"qk-md-text complete\">RENUNCIA<\/span><\/strong><br \/><span class=\"qk-md-text complete\">9.1 Si bien nos esforzamos por garantizar que la informaci\u00f3n en este sitio web sea correcta, no garantizamos la precisi\u00f3n y integridad del material en este sitio web. Podemos realizar cambios en el material de este sitio web, o en los productos y precios descritos en \u00e9l, en cualquier momento sin previo aviso. El material en este sitio web puede estar desactualizado, y no asumimos ning\u00fan compromiso de actualizar dicho material.<\/span><\/div>\t\t\t\t\t\t\t\t<\/div>\n\t\t\t\t\t<\/div>\n\t\t\t\t<\/div>\n\t\t\t\t<\/div>\n\t\t","protected":false},"excerpt":{"rendered":"<p>T\u00e9rminos y CondicionesEstos t\u00e9rminos y condiciones se aplican al uso de este sitio web en phi-cycling.cc. Al acceder a este sitio web y\/o realizar un pedido, acepta quedar vinculado por estos t\u00e9rminos y condiciones.El uso de este sitio web indica que acepta estos t\u00e9rminos independientemente de si elige registrarse con nosotros o hacer un pedido. [&hellip;]<\/p>\n","protected":false},"author":1,"featured_media":0,"parent":0,"menu_order":0,"comment_status":"closed","ping_status":"closed","template":"","meta":{"footnotes":""},"class_list":["post-4796","page","type-page","status-publish","hentry"],"_links":{"self":[{"href":"https:\/\/phi-cycling.cc\/es\/wp-json\/wp\/v2\/pages\/4796","targetHints":{"allow":["GET"]}}],"collection":[{"href":"https:\/\/phi-cycling.cc\/es\/wp-json\/wp\/v2\/pages"}],"about":[{"href":"https:\/\/phi-cycling.cc\/es\/wp-json\/wp\/v2\/types\/page"}],"author":[{"embeddable":true,"href":"https:\/\/phi-cycling.cc\/es\/wp-json\/wp\/v2\/users\/1"}],"replies":[{"embeddable":true,"href":"https:\/\/phi-cycling.cc\/es\/wp-json\/wp\/v2\/comments?post=4796"}],"version-history":[{"count":4,"href":"https:\/\/phi-cycling.cc\/es\/wp-json\/wp\/v2\/pages\/4796\/revisions"}],"predecessor-version":[{"id":4848,"href":"https:\/\/phi-cycling.cc\/es\/wp-json\/wp\/v2\/pages\/4796\/revisions\/4848"}],"wp:attachment":[{"href":"https:\/\/phi-cycling.cc\/es\/wp-json\/wp\/v2\/media?parent=4796"}],"curies":[{"name":"wp","href":"https:\/\/api.w.org\/{rel}","templated":true}]}}