{"id":3466,"date":"2026-03-02T11:28:17","date_gmt":"2026-03-02T03:28:17","guid":{"rendered":"https:\/\/phi-cycling.cc\/product\/rueda-de-carretera-phi-elite-d35\/"},"modified":"2026-04-07T17:32:24","modified_gmt":"2026-04-07T09:32:24","slug":"rueda-de-carretera-phi-elite-d35","status":"publish","type":"product","link":"https:\/\/phi-cycling.cc\/es\/producto\/rueda-de-carretera-phi-elite-d35\/","title":{"rendered":"RUEDA DE CARRETERA PHi ELITE D35"},"content":{"rendered":"\t\t<div data-elementor-type=\"product-post\" data-elementor-id=\"3466\" class=\"elementor elementor-3466 elementor-2788\" data-elementor-post-type=\"product\">\n\t\t\t\t<div class=\"elementor-element elementor-element-514dacf e-flex e-con-boxed e-con e-parent\" data-id=\"514dacf\" data-element_type=\"container\" data-e-type=\"container\">\n\t\t\t\t\t<div class=\"e-con-inner\">\n\t\t<div class=\"elementor-element elementor-element-00acfa9 e-con-full e-flex e-con e-child\" data-id=\"00acfa9\" data-element_type=\"container\" data-e-type=\"container\">\n\t\t\t\t<div class=\"elementor-element elementor-element-0795b77 elementor-widget elementor-widget-text-editor\" data-id=\"0795b77\" data-element_type=\"widget\" data-e-type=\"widget\" data-widget_type=\"text-editor.default\">\n\t\t\t\t\t\t\t\t\t<table style=\"border-collapse: collapse; width: 99.4488%; height: 216px;\"><tbody><tr style=\"height: 24px;\"><td style=\"width: 106.22%; height: 24px;\" colspan=\"2\" width=\"50%\">Llanta<\/td><\/tr><tr style=\"height: 24px;\"><td style=\"width: 50%; height: 24px;\"><strong>Tama\u00f1o de la rueda<\/strong><\/td><td style=\"width: 56.2201%; height: 24px;\">622mm(700c)<\/td><\/tr><tr style=\"height: 24px;\"><td style=\"width: 50%; height: 24px;\">Material<strong><br><\/strong><\/td><td style=\"width: 56.2201%; height: 24px;\">Fibra de carbono<\/td><\/tr><tr style=\"height: 48px;\"><td style=\"width: 50%; height: 48px;\"><strong>Compatibilidad de neum\u00e1ticos<\/strong><\/td><td style=\"width: 56.2201%; height: 48px;\">Preparado para neum\u00e1ticos sin c\u00e1mara<\/td><\/tr><tr style=\"height: 24px;\"><td style=\"width: 50%; height: 24px;\"><strong>Tipo de cuenta<\/strong><\/td><td style=\"width: 56.2201%; height: 24px;\">Enganchado<\/td><\/tr><tr style=\"height: 24px;\"><td style=\"width: 50%; height: 24px;\"><strong>Profundidad del borde<\/strong><\/td><td style=\"width: 56.2201%; height: 24px;\">35 mm<\/td><\/tr><tr style=\"height: 24px;\"><td style=\"width: 50%; height: 24px;\"><strong>Anchura interior<\/strong><\/td><td style=\"width: 56.2201%; height: 24px;\">22 mm<\/td><\/tr><tr style=\"height: 24px;\"><td style=\"width: 50%; height: 24px;\"><strong>Anchura exterior<\/strong><\/td><td style=\"width: 56.2201%; height: 24px;\">30 mm<\/td><\/tr><\/tbody><\/table>\t\t\t\t\t\t\t\t<\/div>\n\t\t\t\t<\/div>\n\t\t<div class=\"elementor-element elementor-element-68d3727 e-con-full e-flex e-con e-child\" data-id=\"68d3727\" data-element_type=\"container\" data-e-type=\"container\">\n\t\t\t\t<div class=\"elementor-element elementor-element-4085215 elementor-widget elementor-widget-text-editor\" data-id=\"4085215\" data-element_type=\"widget\" data-e-type=\"widget\" data-widget_type=\"text-editor.default\">\n\t\t\t\t\t\t\t\t\t<table style=\"border-collapse: collapse; width: 100%;\"><tbody><tr><td style=\"width: 50%;\" colspan=\"2\" width=\"50%\"><strong>Cubo<\/strong><\/td><\/tr><tr><td style=\"width: 50%;\" width=\"50%\"><strong>Distancia entre bujes delanteros<\/strong><\/td><td style=\"width: 50%;\" width=\"50%\">12&#215;100 mm<\/td><\/tr><tr><td style=\"width: 50%;\"><strong>Distancia entre bujes traseros<\/strong><\/td><td style=\"width: 50%;\">12&#215;142 mm<\/td><\/tr><tr><td style=\"width: 50%;\"><strong>Rodamientos<\/strong><\/td><td style=\"width: 50%;\">Cer\u00e1mica TPI<\/td><\/tr><tr><td style=\"width: 50%;\"><strong>Compatibilidad de frenos<\/strong><\/td><td style=\"width: 50%;\">Disco (bloqueo central)<\/td><\/tr><tr><td style=\"width: 50%;\"><strong>Tipo de rueda libre<\/strong><\/td><td style=\"width: 50%;\">Carraca<\/td><\/tr><tr><td style=\"width: 50%;\"><strong>Compatibilidad buje libre<\/strong><\/td><td style=\"width: 50%;\">Shimano HG\/ SRAM XDR<\/td><\/tr><tr><td style=\"width: 50%;\"><strong> <\/strong><\/td><td style=\"width: 50%;\"> <\/td><\/tr><\/tbody><\/table>\t\t\t\t\t\t\t\t<\/div>\n\t\t\t\t<\/div>\n\t\t<div class=\"elementor-element elementor-element-4a897de e-con-full e-flex e-con e-child\" data-id=\"4a897de\" data-element_type=\"container\" data-e-type=\"container\">\n\t\t\t\t<div class=\"elementor-element elementor-element-5deca42 elementor-widget elementor-widget-text-editor\" data-id=\"5deca42\" data-element_type=\"widget\" data-e-type=\"widget\" data-widget_type=\"text-editor.default\">\n\t\t\t\t\t\t\t\t\t<table style=\"border-collapse: collapse; width: 100%; height: 216px;\"><tbody><tr style=\"height: 24px;\"><td style=\"width: 100%; height: 24px;\" colspan=\"2\" width=\"50%\"><strong>Otros<\/strong><\/td><\/tr><tr style=\"height: 24px;\"><td style=\"width: 49.2771%; height: 24px;\"><strong>Acabado de llanta<\/strong><\/td><td style=\"width: 50.7229%; height: 24px;\">Acabado en bruto<\/td><\/tr><tr style=\"height: 24px;\"><td style=\"width: 49.2771%; height: 24px;\"><strong>Accesorios incluidos<\/strong><\/td><td style=\"width: 50.7229%; height: 24px;\">V\u00e1lvulas y cintas sin c\u00e1mara preinstaladas<\/td><\/tr><tr style=\"height: 24px;\"><td style=\"width: 49.2771%; height: 24px;\"><strong>Peso (par)<\/strong><\/td><td style=\"width: 50.7229%; height: 24px;\">1100g\u00b13%(Sin v\u00e1lvulas tubeless ni cintas)<\/td><\/tr><tr style=\"height: 24px;\"><td style=\"width: 49.2771%; height: 24px;\"><strong>Carga m\u00e1xima, Bicicleta + Usuario (Kg)<\/strong><\/td><td style=\"width: 50.7229%; height: 24px;\">270lbs\/120kg<\/td><\/tr><tr style=\"height: 24px;\"><td style=\"width: 49.2771%; height: 24px;\"><strong>Tama\u00f1os de neum\u00e1ticos compatibles<\/strong><\/td><td style=\"width: 50.7229%; height: 24px;\">700 x 28-45C<\/td><\/tr><tr style=\"height: 48px;\"><td style=\"width: 49.2771%; height: 48px;\"><strong>Tama\u00f1os de neum\u00e1ticos recomendados<\/strong><\/td><td style=\"width: 50.7229%; height: 48px;\">700 x 28-30C<\/td><\/tr><tr style=\"height: 24px;\"><td style=\"width: 49.2771%; height: 24px;\"><strong>Certificaci\u00f3n<\/strong><\/td><td style=\"width: 50.7229%; height: 24px;\">Homologado por la UCI<\/td><\/tr><\/tbody><\/table>\t\t\t\t\t\t\t\t<\/div>\n\t\t\t\t<\/div>\n\t\t<div class=\"elementor-element elementor-element-d2c7677 e-con-full e-flex e-con e-child\" data-id=\"d2c7677\" data-element_type=\"container\" data-e-type=\"container\">\n\t\t\t\t<div class=\"elementor-element elementor-element-7ce548a elementor-widget elementor-widget-text-editor\" data-id=\"7ce548a\" data-element_type=\"widget\" data-e-type=\"widget\" data-widget_type=\"text-editor.default\">\n\t\t\t\t\t\t\t\t\t<table style=\"width: 99.8968%; border-collapse: collapse; border-style: none; border-color: #ffffff; background-color: #ffffff;\" border=\"0\"><tbody><tr><td style=\"width: 106.699%;\" colspan=\"2\" width=\"50%\"><strong>Spoke  <\/strong><\/td><\/tr><tr><td style=\"width: 50%;\"><strong>N\u00famero de radios<\/strong><\/td><td style=\"width: 56.6986%;\">20F\/24R<\/td><\/tr><tr><td style=\"width: 50%;\"><strong>Tipo de radio<\/strong><\/td><td style=\"width: 56.6986%;\">Radio de carbono ligero VONOA SLR320<\/td><\/tr><tr><td style=\"width: 50%;\"><strong> <\/strong><\/td><td style=\"width: 56.6986%;\"> <\/td><\/tr><tr><td style=\"width: 50%;\"><strong> <\/strong><\/td><td style=\"width: 56.6986%;\"> <\/td><\/tr><tr><td style=\"width: 50%;\"><strong> <\/strong><\/td><td style=\"width: 56.6986%;\"> <\/td><\/tr><tr><td style=\"width: 50%;\"><strong> <\/strong><\/td><td style=\"width: 56.6986%;\"> <\/td><\/tr><tr><td style=\"width: 50%;\"><strong> <\/strong><\/td><td style=\"width: 56.6986%;\"> <\/td><\/tr><\/tbody><\/table>\t\t\t\t\t\t\t\t<\/div>\n\t\t\t\t<\/div>\n\t\t\t\t\t<\/div>\n\t\t\t\t<\/div>\n\t\t\t\t<\/div>\n\t\t","protected":false},"excerpt":{"rendered":"<p>Serie ELITE | El competidor polifac\u00e9tico<\/p>\n<p>Dise\u00f1ada con radios de carbono desmontables VONOA ultraligeros y llantas de carbono de precisi\u00f3n.<\/p>\n<p>El dise\u00f1o de perfil doble de 35mm\/45mm\/62mm est\u00e1 optimizado para terrenos mixtos y escapadas.<\/p>\n<p>Con un peso inicial de 1100-1300g, consigue el equilibrio perfecto entre capacidad de respuesta en subidas<\/p>\n<p>y eficiencia aerodin\u00e1mica, dise\u00f1ado para el ciclista de competici\u00f3n completo.<\/p>\n","protected":false},"featured_media":2410,"comment_status":"open","ping_status":"closed","template":"","meta":[],"product_brand":[],"product_cat":[86,74],"product_tag":[],"class_list":{"0":"post-3466","1":"product","2":"type-product","3":"status-publish","4":"has-post-thumbnail","6":"product_cat-elite","7":"product_cat-rueda-de-carretera","9":"first","10":"instock","11":"shipping-taxable","12":"purchasable","13":"product-type-variable"},"_links":{"self":[{"href":"https:\/\/phi-cycling.cc\/es\/wp-json\/wp\/v2\/product\/3466","targetHints":{"allow":["GET"]}}],"collection":[{"href":"https:\/\/phi-cycling.cc\/es\/wp-json\/wp\/v2\/product"}],"about":[{"href":"https:\/\/phi-cycling.cc\/es\/wp-json\/wp\/v2\/types\/product"}],"replies":[{"embeddable":true,"href":"https:\/\/phi-cycling.cc\/es\/wp-json\/wp\/v2\/comments?post=3466"}],"version-history":[{"count":1,"href":"https:\/\/phi-cycling.cc\/es\/wp-json\/wp\/v2\/product\/3466\/revisions"}],"predecessor-version":[{"id":3469,"href":"https:\/\/phi-cycling.cc\/es\/wp-json\/wp\/v2\/product\/3466\/revisions\/3469"}],"wp:featuredmedia":[{"embeddable":true,"href":"https:\/\/phi-cycling.cc\/es\/wp-json\/wp\/v2\/media\/2410"}],"wp:attachment":[{"href":"https:\/\/phi-cycling.cc\/es\/wp-json\/wp\/v2\/media?parent=3466"}],"wp:term":[{"taxonomy":"product_brand","embeddable":true,"href":"https:\/\/phi-cycling.cc\/es\/wp-json\/wp\/v2\/product_brand?post=3466"},{"taxonomy":"product_cat","embeddable":true,"href":"https:\/\/phi-cycling.cc\/es\/wp-json\/wp\/v2\/product_cat?post=3466"},{"taxonomy":"product_tag","embeddable":true,"href":"https:\/\/phi-cycling.cc\/es\/wp-json\/wp\/v2\/product_tag?post=3466"}],"curies":[{"name":"wp","href":"https:\/\/api.w.org\/{rel}","templated":true}]}}