{"id":3941,"date":"2025-12-25T13:53:27","date_gmt":"2025-12-25T05:53:27","guid":{"rendered":"https:\/\/phi-cycling.cc\/product\/phi-master-de-rueda-de-disco\/"},"modified":"2026-04-07T17:32:17","modified_gmt":"2026-04-07T09:32:17","slug":"phi-master-de-rueda-de-disco","status":"publish","type":"product","link":"https:\/\/phi-cycling.cc\/es\/producto\/phi-master-de-rueda-de-disco\/","title":{"rendered":"PHi MASTER DE RUEDA DE DISCO"},"content":{"rendered":"\t\t<div data-elementor-type=\"product-post\" data-elementor-id=\"3941\" class=\"elementor elementor-3941 elementor-1515\" data-elementor-post-type=\"product\">\n\t\t\t\t<div class=\"elementor-element elementor-element-514dacf e-flex e-con-boxed e-con e-parent\" data-id=\"514dacf\" data-element_type=\"container\" data-e-type=\"container\">\n\t\t\t\t\t<div class=\"e-con-inner\">\n\t\t<div class=\"elementor-element elementor-element-00acfa9 e-con-full e-flex e-con e-child\" data-id=\"00acfa9\" data-element_type=\"container\" data-e-type=\"container\">\n\t\t\t\t<div class=\"elementor-element elementor-element-0795b77 elementor-widget elementor-widget-text-editor\" data-id=\"0795b77\" data-element_type=\"widget\" data-e-type=\"widget\" data-widget_type=\"text-editor.default\">\n\t\t\t\t\t\t\t\t\t<table style=\"border-collapse: collapse; width: 99.8949%; height: 256px;\"><tbody><tr style=\"height: 24px;\"><td style=\"width: 97.4176%; height: 24px;\" colspan=\"2\" width=\"50%\">Llanta (trasera)<\/td><\/tr><tr style=\"height: 24px;\"><td style=\"width: 50%; height: 24px;\"><strong>Tama\u00f1o de la rueda<\/strong><\/td><td style=\"width: 47.4176%; height: 24px;\">622mm(700c)<\/td><\/tr><tr><td style=\"width: 50%;\">Material<strong><br><\/strong><\/td><td style=\"width: 47.4176%;\">Fibra de carbono<\/td><\/tr><tr style=\"height: 48px;\"><td style=\"width: 50%; height: 48px;\"><strong>Compatibilidad de neum\u00e1ticos<\/strong><\/td><td style=\"width: 47.4176%; height: 48px;\">Preparado para neum\u00e1ticos sin c\u00e1mara<\/td><\/tr><tr style=\"height: 24px;\"><td style=\"width: 50%; height: 24px;\"><strong>Tipo de cuenta<\/strong><\/td><td style=\"width: 47.4176%; height: 24px;\">Enganchado<\/td><\/tr><tr style=\"height: 24px;\"><td style=\"width: 50%; height: 24px;\"><strong>Profundidad del borde<\/strong><\/td><td style=\"width: 47.4176%; height: 24px;\">25 mm<\/td><\/tr><tr style=\"height: 24px;\"><td style=\"width: 50%; height: 24px;\"><strong>Anchura interior<\/strong><\/td><td style=\"width: 47.4176%; height: 24px;\">23 mm<\/td><\/tr><tr style=\"height: 24px;\"><td style=\"width: 50%; height: 24px;\"><strong>Anchura exterior<\/strong><\/td><td style=\"width: 47.4176%; height: 24px;\">30 mm<\/td><\/tr><\/tbody><\/table>\t\t\t\t\t\t\t\t<\/div>\n\t\t\t\t<\/div>\n\t\t<div class=\"elementor-element elementor-element-68d3727 e-con-full e-flex e-con e-child\" data-id=\"68d3727\" data-element_type=\"container\" data-e-type=\"container\">\n\t\t\t\t<div class=\"elementor-element elementor-element-4085215 elementor-widget elementor-widget-text-editor\" data-id=\"4085215\" data-element_type=\"widget\" data-e-type=\"widget\" data-widget_type=\"text-editor.default\">\n\t\t\t\t\t\t\t\t\t<table style=\"border-collapse: collapse; width: 100%;\"><tbody><tr><td style=\"width: 50%;\" colspan=\"2\" width=\"50%\"><strong>Cubo<\/strong><\/td><\/tr><tr><td style=\"width: 50%;\"><strong>Distancia entre bujes traseros<\/strong><\/td><td style=\"width: 50%;\">12&#215;142 mm<\/td><\/tr><tr><td style=\"width: 50%;\"><strong>Rodamiento<\/strong><\/td><td style=\"width: 50%;\">Enduro Acero inoxidable<\/td><\/tr><tr><td style=\"width: 50%;\"><strong>Compatibilidad de frenos<\/strong><\/td><td style=\"width: 50%;\">Disco (bloqueo central)<\/td><\/tr><tr><td style=\"width: 50%;\"><strong>Tipo de rueda libre<\/strong><\/td><td style=\"width: 50%;\">Carraca<\/td><\/tr><tr><td style=\"width: 50%;\"><strong>Compatibilidad buje libre<\/strong><\/td><td style=\"width: 50%;\">Shimano HG\/ SRAM XDR<\/td><\/tr><tr><td style=\"width: 50%;\"><strong> <\/strong><\/td><td style=\"width: 50%;\"> <\/td><\/tr><tr><td style=\"width: 50%;\"><strong> <\/strong><\/td><td style=\"width: 50%;\"> <\/td><\/tr><\/tbody><\/table>\t\t\t\t\t\t\t\t<\/div>\n\t\t\t\t<\/div>\n\t\t<div class=\"elementor-element elementor-element-4a897de e-con-full e-flex e-con e-child\" data-id=\"4a897de\" data-element_type=\"container\" data-e-type=\"container\">\n\t\t\t\t<div class=\"elementor-element elementor-element-5deca42 elementor-widget elementor-widget-text-editor\" data-id=\"5deca42\" data-element_type=\"widget\" data-e-type=\"widget\" data-widget_type=\"text-editor.default\">\n\t\t\t\t\t\t\t\t\t<table style=\"border-collapse: collapse; width: 100%; height: 216px;\"><tbody><tr style=\"height: 24px;\"><td style=\"width: 100%; height: 24px;\" colspan=\"2\" width=\"50%\"><strong>Otros<\/strong><\/td><\/tr><tr style=\"height: 24px;\"><td style=\"width: 49.2772%; height: 24px;\"><strong>Acabado de llanta<\/strong><\/td><td style=\"width: 50.7228%; height: 24px;\">Acabado en bruto<\/td><\/tr><tr style=\"height: 24px;\"><td style=\"width: 49.2772%; height: 24px;\"><strong>Accesorios incluidos<\/strong><\/td><td style=\"width: 50.7228%; height: 24px;\">V\u00e1lvulas y cintas sin c\u00e1mara preinstaladas<\/td><\/tr><tr style=\"height: 24px;\"><td style=\"width: 49.2772%; height: 24px;\"><strong>Peso (trasero)<\/strong><\/td><td style=\"width: 50.7228%; height: 24px;\">915 \u00b1 20g (Sin v\u00e1lvulas tubeless ni cintas)<\/td><\/tr><tr style=\"height: 24px;\"><td style=\"width: 49.2772%; height: 24px;\"><strong>Carga m\u00e1xima, Bicicleta + Usuario (Kg)<\/strong><\/td><td style=\"width: 50.7228%; height: 24px;\">280lbs\/120kg<\/td><\/tr><tr style=\"height: 24px;\"><td style=\"width: 49.2772%; height: 24px;\"><strong>Tama\u00f1os de neum\u00e1ticos compatibles<\/strong><\/td><td style=\"width: 50.7228%; height: 24px;\">700 x 25-43C<\/td><\/tr><tr style=\"height: 48px;\"><td style=\"width: 49.2772%; height: 48px;\"><strong>Tama\u00f1os de neum\u00e1ticos recomendados<\/strong><\/td><td style=\"width: 50.7228%; height: 48px;\">700 x 28-30C<\/td><\/tr><tr style=\"height: 24px;\"><td style=\"width: 49.2772%; height: 24px;\"><strong>Certificaci\u00f3n<\/strong><\/td><td style=\"width: 50.7228%; height: 24px;\">Homologado por la UCI<\/td><\/tr><\/tbody><\/table>\t\t\t\t\t\t\t\t<\/div>\n\t\t\t\t<\/div>\n\t\t<div class=\"elementor-element elementor-element-d2c7677 e-con-full e-flex e-con e-child\" data-id=\"d2c7677\" data-element_type=\"container\" data-e-type=\"container\">\n\t\t\t\t<div class=\"elementor-element elementor-element-dc1f833 elementor-widget elementor-widget-text-editor\" data-id=\"dc1f833\" data-element_type=\"widget\" data-e-type=\"widget\" data-widget_type=\"text-editor.default\">\n\t\t\t\t\t\t\t\t\t<table style=\"border-collapse: collapse; width: 100%; height: 72px;\"><tbody><tr style=\"height: 24px;\"><td style=\"width: 50%; height: 24px;\">Desviaci\u00f3n lateral<\/td><td style=\"width: 50%; height: 24px;\">\u2264 0,3 mm<\/td><\/tr><tr style=\"height: 24px;\"><td style=\"width: 50%; height: 24px;\">Desviaci\u00f3n radial<\/td><td style=\"width: 50%; height: 24px;\">\u2264 0,35 mm<\/td><\/tr><tr style=\"height: 24px;\"><td style=\"width: 50%; height: 24px;\">Impacto de la UCI<\/td><td style=\"width: 50%; height: 24px;\">\u226580J<\/td><\/tr><tr><td style=\"width: 50%;\"> <\/td><td style=\"width: 50%;\"> <\/td><\/tr><tr><td style=\"width: 50%;\"> <\/td><td style=\"width: 50%;\"> <\/td><\/tr><tr><td style=\"width: 50%;\"> <\/td><td style=\"width: 50%;\"> <\/td><\/tr><tr><td style=\"width: 50%;\"> <\/td><td style=\"width: 50%;\"> <\/td><\/tr><tr><td style=\"width: 50%;\"> <\/td><td style=\"width: 50%;\"> <\/td><\/tr><\/tbody><\/table>\t\t\t\t\t\t\t\t<\/div>\n\t\t\t\t<\/div>\n\t\t\t\t\t<\/div>\n\t\t\t\t<\/div>\n\t\t\t\t<\/div>\n\t\t","protected":false},"excerpt":{"rendered":"<p>Transferencia de potencia de disco integrada<\/p>\n<p>Construcci\u00f3n sin costuras de la cubierta lateral y el disco | Transmisi\u00f3n directa de potencia | Optimizaci\u00f3n aerodin\u00e1mica de 25 mm para todo tipo de clima.<\/p>\n<p>Alta rigidez y resistencia a los impactos<\/p>\n<p>Paneles laterales de carbono + disco de buje + uni\u00f3n de precisi\u00f3n de la llanta | Resistencia a los ultraimpactos de 90 J | Supera la norma UCI en un 80%.<\/p>\n<p>Torneado de competici\u00f3n de precisi\u00f3n<\/p>\n<p>Ultraligero de 915 g | Excelente equilibrio din\u00e1mico | Rigurosa validaci\u00f3n en pista.<\/p>\n","protected":false},"featured_media":1517,"comment_status":"open","ping_status":"closed","template":"","meta":[],"product_brand":[],"product_cat":[94],"product_tag":[],"class_list":{"0":"post-3941","1":"product","2":"type-product","3":"status-publish","4":"has-post-thumbnail","6":"product_cat-triathlon","8":"first","9":"instock","10":"shipping-taxable","11":"purchasable","12":"product-type-variable"},"_links":{"self":[{"href":"https:\/\/phi-cycling.cc\/es\/wp-json\/wp\/v2\/product\/3941","targetHints":{"allow":["GET"]}}],"collection":[{"href":"https:\/\/phi-cycling.cc\/es\/wp-json\/wp\/v2\/product"}],"about":[{"href":"https:\/\/phi-cycling.cc\/es\/wp-json\/wp\/v2\/types\/product"}],"replies":[{"embeddable":true,"href":"https:\/\/phi-cycling.cc\/es\/wp-json\/wp\/v2\/comments?post=3941"}],"version-history":[{"count":1,"href":"https:\/\/phi-cycling.cc\/es\/wp-json\/wp\/v2\/product\/3941\/revisions"}],"predecessor-version":[{"id":3946,"href":"https:\/\/phi-cycling.cc\/es\/wp-json\/wp\/v2\/product\/3941\/revisions\/3946"}],"wp:featuredmedia":[{"embeddable":true,"href":"https:\/\/phi-cycling.cc\/es\/wp-json\/wp\/v2\/media\/1517"}],"wp:attachment":[{"href":"https:\/\/phi-cycling.cc\/es\/wp-json\/wp\/v2\/media?parent=3941"}],"wp:term":[{"taxonomy":"product_brand","embeddable":true,"href":"https:\/\/phi-cycling.cc\/es\/wp-json\/wp\/v2\/product_brand?post=3941"},{"taxonomy":"product_cat","embeddable":true,"href":"https:\/\/phi-cycling.cc\/es\/wp-json\/wp\/v2\/product_cat?post=3941"},{"taxonomy":"product_tag","embeddable":true,"href":"https:\/\/phi-cycling.cc\/es\/wp-json\/wp\/v2\/product_tag?post=3941"}],"curies":[{"name":"wp","href":"https:\/\/api.w.org\/{rel}","templated":true}]}}