{"id":3986,"date":"2025-12-25T11:01:11","date_gmt":"2025-12-25T03:01:11","guid":{"rendered":"https:\/\/phi-cycling.cc\/product\/phi-rueda-de-grava-core-g32\/"},"modified":"2026-04-07T17:32:11","modified_gmt":"2026-04-07T09:32:11","slug":"phi-rueda-de-grava-core-g32","status":"publish","type":"product","link":"https:\/\/phi-cycling.cc\/es\/producto\/phi-rueda-de-grava-core-g32\/","title":{"rendered":"PHi RUEDA DE GRAVA CORE G32"},"content":{"rendered":"\t\t<div data-elementor-type=\"product-post\" data-elementor-id=\"3986\" class=\"elementor elementor-3986 elementor-1429\" data-elementor-post-type=\"product\">\n\t\t\t\t<div class=\"elementor-element elementor-element-514dacf e-flex e-con-boxed e-con e-parent\" data-id=\"514dacf\" data-element_type=\"container\" data-e-type=\"container\">\n\t\t\t\t\t<div class=\"e-con-inner\">\n\t\t<div class=\"elementor-element elementor-element-00acfa9 e-con-full e-flex e-con e-child\" data-id=\"00acfa9\" data-element_type=\"container\" data-e-type=\"container\">\n\t\t\t\t<div class=\"elementor-element elementor-element-0795b77 elementor-widget elementor-widget-text-editor\" data-id=\"0795b77\" data-element_type=\"widget\" data-e-type=\"widget\" data-widget_type=\"text-editor.default\">\n\t\t\t\t\t\t\t\t\t<table style=\"border-collapse: collapse; width: 99.8968%;\"><tbody><tr><td style=\"width: 106.699%;\" colspan=\"2\" width=\"50%\">Llanta<\/td><\/tr><tr><td style=\"width: 50%;\"><strong>Tama\u00f1o de la rueda<\/strong><\/td><td style=\"width: 56.6986%;\">622mm(700c)<\/td><\/tr><tr><td style=\"width: 50%;\"><strong>Material<\/strong><\/td><td style=\"width: 56.6986%;\">Fibra de carbono<\/td><\/tr><tr><td style=\"width: 50%;\"><strong>Compatibilidad de neum\u00e1ticos<\/strong><\/td><td style=\"width: 56.6986%;\">Preparado para neum\u00e1ticos sin c\u00e1mara<\/td><\/tr><tr><td style=\"width: 50%;\"><strong>Tipo de cuenta<\/strong><\/td><td style=\"width: 56.6986%;\">Enganchado<\/td><\/tr><tr><td style=\"width: 50%;\"><strong>Profundidad de la llanta<\/strong><\/td><td style=\"width: 56.6986%;\">50 mm<\/td><\/tr><tr><td style=\"width: 50%;\"><strong>Anchura interior<\/strong><\/td><td style=\"width: 56.6986%;\">25 mm<\/td><\/tr><tr><td style=\"width: 50%;\"><strong>Anchura exterior<\/strong><\/td><td style=\"width: 56.6986%;\">31 mm<\/td><\/tr><\/tbody><\/table>\t\t\t\t\t\t\t\t<\/div>\n\t\t\t\t<\/div>\n\t\t<div class=\"elementor-element elementor-element-68d3727 e-con-full e-flex e-con e-child\" data-id=\"68d3727\" data-element_type=\"container\" data-e-type=\"container\">\n\t\t\t\t<div class=\"elementor-element elementor-element-4085215 elementor-widget elementor-widget-text-editor\" data-id=\"4085215\" data-element_type=\"widget\" data-e-type=\"widget\" data-widget_type=\"text-editor.default\">\n\t\t\t\t\t\t\t\t\t<table style=\"border-collapse: collapse; width: 100%;\"><tbody><tr><td style=\"width: 50%;\" colspan=\"2\" width=\"50%\"><strong>Cubo<\/strong><\/td><\/tr><tr><td style=\"width: 50%;\" width=\"50%\"><strong>Distancia entre bujes delanteros<\/strong><\/td><td style=\"width: 50%;\" width=\"50%\">12&#215;100 mm<\/td><\/tr><tr><td style=\"width: 50%;\"><strong>Distancia entre bujes traseros<\/strong><\/td><td style=\"width: 50%;\">12&#215;142 mm<\/td><\/tr><tr><td style=\"width: 50%;\"><strong>Rodamiento<\/strong><\/td><td style=\"width: 50%;\">S&amp;S Inoxidable<\/td><\/tr><tr><td style=\"width: 50%;\"><strong>Compatibilidad de frenos<\/strong><\/td><td style=\"width: 50%;\">Disco (bloqueo central)<\/td><\/tr><tr><td style=\"width: 50%;\"><strong>Tipo de rueda libre<\/strong><\/td><td style=\"width: 50%;\">Carraca<\/td><\/tr><tr><td style=\"width: 50%;\"><strong>Compatibilidad buje libre<\/strong><\/td><td style=\"width: 50%;\">Shimano HG\/ SRAM XDR<\/td><\/tr><tr><td style=\"width: 50%;\"><strong> <\/strong><\/td><td style=\"width: 50%;\"> <\/td><\/tr><\/tbody><\/table>\t\t\t\t\t\t\t\t<\/div>\n\t\t\t\t<\/div>\n\t\t<div class=\"elementor-element elementor-element-4a897de e-con-full e-flex e-con e-child\" data-id=\"4a897de\" data-element_type=\"container\" data-e-type=\"container\">\n\t\t\t\t<div class=\"elementor-element elementor-element-5deca42 elementor-widget elementor-widget-text-editor\" data-id=\"5deca42\" data-element_type=\"widget\" data-e-type=\"widget\" data-widget_type=\"text-editor.default\">\n\t\t\t\t\t\t\t\t\t<table style=\"border-collapse: collapse; width: 100%; height: 216px;\"><tbody><tr style=\"height: 24px;\"><td style=\"width: 100%; height: 24px;\" colspan=\"2\" width=\"50%\"><strong>Otros<\/strong><\/td><\/tr><tr style=\"height: 24px;\"><td style=\"width: 50.6224%; height: 24px;\"><strong>Acabado de la llanta<\/strong><\/td><td style=\"width: 49.3776%; height: 24px;\">Mate ahumado<\/td><\/tr><tr style=\"height: 24px;\"><td style=\"width: 50.6224%; height: 24px;\"><strong>Accesorios incluidos<\/strong><\/td><td style=\"width: 49.3776%; height: 24px;\">V\u00e1lvulas y cintas sin c\u00e1mara preinstaladas<\/td><\/tr><tr style=\"height: 24px;\"><td style=\"width: 50.6224%; height: 24px;\"><strong>Peso (par)<\/strong><\/td><td style=\"width: 49.3776%; height: 24px;\">1320g\u00b13%(Sin v\u00e1lvulas tubeless ni cintas)<\/td><\/tr><tr style=\"height: 24px;\"><td style=\"width: 50.6224%; height: 24px;\"><strong>Carga m\u00e1xima, Bicicleta + Usuario (Kg)<\/strong><\/td><td style=\"width: 49.3776%; height: 24px;\">120 kg<\/td><\/tr><tr style=\"height: 24px;\"><td style=\"width: 50.6224%; height: 24px;\"><strong>Tama\u00f1os de neum\u00e1ticos compatibles<\/strong><\/td><td style=\"width: 49.3776%; height: 24px;\">700 x 28-65C<\/td><\/tr><tr style=\"height: 48px;\"><td style=\"width: 50.6224%; height: 48px;\"><strong>Tama\u00f1os de neum\u00e1ticos recomendados<\/strong><\/td><td style=\"width: 49.3776%; height: 48px;\">700 x 28-40C<\/td><\/tr><tr style=\"height: 24px;\"><td style=\"width: 50.6224%; height: 24px;\"><strong>Certificaci\u00f3n<\/strong><\/td><td style=\"width: 49.3776%; height: 24px;\">Homologado por la UCI<\/td><\/tr><\/tbody><\/table>\t\t\t\t\t\t\t\t<\/div>\n\t\t\t\t<\/div>\n\t\t<div class=\"elementor-element elementor-element-d2c7677 e-con-full e-flex e-con e-child\" data-id=\"d2c7677\" data-element_type=\"container\" data-e-type=\"container\">\n\t\t\t\t<div class=\"elementor-element elementor-element-7ce548a elementor-widget elementor-widget-text-editor\" data-id=\"7ce548a\" data-element_type=\"widget\" data-e-type=\"widget\" data-widget_type=\"text-editor.default\">\n\t\t\t\t\t\t\t\t\t<table style=\"width: 99.897%; border-collapse: collapse; border-style: none; border-color: #ffffff; background-color: #ffffff;\" border=\"0\"><tbody><tr><td style=\"width: 106.693%;\" colspan=\"2\" width=\"50%\"><strong>Radios <\/strong>(Radios de carbono VONOA)<\/td><\/tr><tr><td style=\"width: 50%;\"><strong>N\u00famero de radios<\/strong><\/td><td style=\"width: 56.6928%;\">20F\/24R<\/td><\/tr><tr><td style=\"width: 50%;\"><strong>Tipo de radio<\/strong><\/td><td style=\"width: 56.6928%;\">Radios de carbono (3,2 mm)<\/td><\/tr><tr><td style=\"width: 50%;\"><strong> <\/strong><\/td><td style=\"width: 56.6928%;\"> <\/td><\/tr><tr><td style=\"width: 50%;\"><strong> <\/strong><\/td><td style=\"width: 56.6928%;\"> <\/td><\/tr><tr><td style=\"width: 50%;\"><strong> <\/strong><\/td><td style=\"width: 56.6928%;\"> <\/td><\/tr><tr><td style=\"width: 50%;\"><strong> <\/strong><\/td><td style=\"width: 56.6928%;\"> <\/td><\/tr><tr><td style=\"width: 50%;\"><strong> <\/strong><\/td><td style=\"width: 56.6928%;\"> <\/td><\/tr><\/tbody><\/table>\t\t\t\t\t\t\t\t<\/div>\n\t\t\t\t<\/div>\n\t\t\t\t\t<\/div>\n\t\t\t\t<\/div>\n\t\t\t\t<\/div>\n\t\t","protected":false},"excerpt":{"rendered":"<p>Core Gravel Series | Conquista el terreno abrupto<\/p>\n<p>Dise\u00f1ado con radios de carbono VONOA de alta rigidez y llantas de 50 mm de perfil doble<\/p>\n<p>espec\u00edficas para grava, este juego de ruedas afina el equilibrio entre la amortiguaci\u00f3n de las vibraciones y la estabilidad<\/p>\n<p>en superficies impredecibles.La anchura interna de 25 mm optimiza el apoyo de los neum\u00e1ticos<\/p>\n<p>para mejorar la tracci\u00f3n y el confort, mientras que los perfiles ver-s\u00e1tiles proporcionan un control \u00e1gil en los tramos t\u00e9cnicos<\/p>\n<p>y una eficiencia sostenida en terrenos mixtos, dise\u00f1ados para aventureros que redefinen los l\u00edmites<\/p>\n<p>.<\/p>\n","protected":false},"featured_media":1911,"comment_status":"open","ping_status":"closed","template":"","meta":[],"product_brand":[],"product_cat":[98],"product_tag":[115,116],"class_list":{"0":"post-3986","1":"product","2":"type-product","3":"status-publish","4":"has-post-thumbnail","6":"product_cat-rueda-gravel","7":"product_tag-700c","8":"product_tag-freno-de-disco","10":"first","11":"instock","12":"shipping-taxable","13":"purchasable","14":"product-type-variable"},"_links":{"self":[{"href":"https:\/\/phi-cycling.cc\/es\/wp-json\/wp\/v2\/product\/3986","targetHints":{"allow":["GET"]}}],"collection":[{"href":"https:\/\/phi-cycling.cc\/es\/wp-json\/wp\/v2\/product"}],"about":[{"href":"https:\/\/phi-cycling.cc\/es\/wp-json\/wp\/v2\/types\/product"}],"replies":[{"embeddable":true,"href":"https:\/\/phi-cycling.cc\/es\/wp-json\/wp\/v2\/comments?post=3986"}],"version-history":[{"count":1,"href":"https:\/\/phi-cycling.cc\/es\/wp-json\/wp\/v2\/product\/3986\/revisions"}],"predecessor-version":[{"id":4001,"href":"https:\/\/phi-cycling.cc\/es\/wp-json\/wp\/v2\/product\/3986\/revisions\/4001"}],"wp:featuredmedia":[{"embeddable":true,"href":"https:\/\/phi-cycling.cc\/es\/wp-json\/wp\/v2\/media\/1911"}],"wp:attachment":[{"href":"https:\/\/phi-cycling.cc\/es\/wp-json\/wp\/v2\/media?parent=3986"}],"wp:term":[{"taxonomy":"product_brand","embeddable":true,"href":"https:\/\/phi-cycling.cc\/es\/wp-json\/wp\/v2\/product_brand?post=3986"},{"taxonomy":"product_cat","embeddable":true,"href":"https:\/\/phi-cycling.cc\/es\/wp-json\/wp\/v2\/product_cat?post=3986"},{"taxonomy":"product_tag","embeddable":true,"href":"https:\/\/phi-cycling.cc\/es\/wp-json\/wp\/v2\/product_tag?post=3986"}],"curies":[{"name":"wp","href":"https:\/\/api.w.org\/{rel}","templated":true}]}}