{"id":4276,"date":"2025-12-06T02:31:58","date_gmt":"2025-12-05T18:31:58","guid":{"rendered":"https:\/\/phi-cycling.cc\/a-propos-de-nous\/"},"modified":"2026-04-08T09:43:01","modified_gmt":"2026-04-08T01:43:01","slug":"a-propos-de-nous","status":"publish","type":"page","link":"https:\/\/phi-cycling.cc\/fr\/a-propos-de-nous\/","title":{"rendered":"A propos de nous"},"content":{"rendered":"\t\t<div data-elementor-type=\"wp-page\" data-elementor-id=\"4276\" class=\"elementor elementor-4276 elementor-76\" data-elementor-post-type=\"page\">\n\t\t\t\t\t\t<section class=\"elementor-section elementor-top-section elementor-element elementor-element-3610c5bf elementor-section-height-min-height elementor-section-boxed elementor-section-height-default elementor-section-items-middle\" data-id=\"3610c5bf\" data-element_type=\"section\" data-e-type=\"section\" data-settings=\"{&quot;background_background&quot;:&quot;classic&quot;,&quot;background_motion_fx_motion_fx_scrolling&quot;:&quot;yes&quot;,&quot;background_motion_fx_translateY_effect&quot;:&quot;yes&quot;,&quot;background_motion_fx_translateY_speed&quot;:{&quot;unit&quot;:&quot;px&quot;,&quot;size&quot;:4,&quot;sizes&quot;:[]},&quot;background_motion_fx_translateY_affectedRange&quot;:{&quot;unit&quot;:&quot;%&quot;,&quot;size&quot;:&quot;&quot;,&quot;sizes&quot;:{&quot;start&quot;:0,&quot;end&quot;:100}},&quot;background_motion_fx_devices&quot;:[&quot;desktop&quot;,&quot;tablet&quot;,&quot;mobile&quot;]}\">\n\t\t\t\t\t\t\t<div class=\"elementor-background-overlay\"><\/div>\n\t\t\t\t\t\t\t<div class=\"elementor-container elementor-column-gap-wider\">\n\t\t\t\t\t<div class=\"elementor-column elementor-col-100 elementor-top-column elementor-element elementor-element-2b51f6d5\" data-id=\"2b51f6d5\" data-element_type=\"column\" data-e-type=\"column\">\n\t\t\t<div class=\"elementor-widget-wrap elementor-element-populated\">\n\t\t\t\t\t\t<div class=\"elementor-element elementor-element-6b19e615 elementor-widget elementor-widget-heading\" data-id=\"6b19e615\" data-element_type=\"widget\" data-e-type=\"widget\" data-widget_type=\"heading.default\">\n\t\t\t\t\t<h1 class=\"elementor-heading-title elementor-size-default\">A propos de  <\/h1>\t\t\t\t<\/div>\n\t\t\t\t\t<\/div>\n\t\t<\/div>\n\t\t\t\t\t<\/div>\n\t\t<\/section>\n\t\t<div class=\"elementor-element elementor-element-52de9a4 e-flex e-con-boxed e-con e-parent\" data-id=\"52de9a4\" data-element_type=\"container\" data-e-type=\"container\" data-settings=\"{&quot;background_background&quot;:&quot;classic&quot;}\">\n\t\t\t\t\t<div class=\"e-con-inner\">\n\t\t\t\t<div class=\"elementor-element elementor-element-8fadca1 elementor-widget elementor-widget-text-editor\" data-id=\"8fadca1\" data-element_type=\"widget\" data-e-type=\"widget\" data-widget_type=\"text-editor.default\">\n\t\t\t\t\t\t\t\t\t<p>PHi : Le ratio d&rsquo;or de la performance, con\u00e7u pour l&rsquo;\u00e9quilibre des performances<\/p><p>Une qualit\u00e9 de premier ordre, des prix abordables, un service local et une technologie Eco Carbon sans peinture<\/p><p>PHi (\u03a6) n&rsquo;est pas un symbole que nous avons emprunt\u00e9 &#8211; c&rsquo;est un principe que nous appliquons. Dans le cyclisme de haute performance, chaque gain a un co\u00fbt :<br>plus l\u00e9ger signifie plus faible, plus rigide signifie plus dur, plus rapide signifie souvent plus lourd. PHi a \u00e9t\u00e9 cr\u00e9\u00e9 pour r\u00e9soudre cette contradiction.  <\/p><p>PHi sort de la m\u00eame usine de Xiamen que les plus grandes marques europ\u00e9ennes et am\u00e9ricaines de roues en carbone. Gr\u00e2ce \u00e0 des lignes de production identiques, des mati\u00e8res premi\u00e8res de premi\u00e8re qualit\u00e9 et des normes de contr\u00f4le de qualit\u00e9 rigoureuses, nous vous offrons une qualit\u00e9 authentique de premier ordre, directement \u00e0 la source. De plus, nous mettons ce savoir-faire d&rsquo;\u00e9lite \u00e0 la port\u00e9e de tous les cyclistes, avec des prix accessibles et abordables et un service professionnel localis\u00e9 &#8211; le m\u00e9lange parfait d&rsquo;une qualit\u00e9 sup\u00e9rieure mondiale et d&rsquo;une assistance locale sur mesure.  <\/p><p>Nous pensons que tout le monde devrait ressentir le frisson de la performance ultime. Notre mission est simple : rendre les produits haut de gamme en fibre de carbone, autrefois r\u00e9serv\u00e9s aux athl\u00e8tes d&rsquo;\u00e9lite, accessibles \u00e0 tous les cyclistes passionn\u00e9s. \u00ab\u00a0Explorer les limites du carbone\u00a0\u00bb n&rsquo;est pas seulement notre slogan, c&rsquo;est notre engagement \u00e0 innover sans rel\u00e2che.  <\/p>\t\t\t\t\t\t\t\t<\/div>\n\t\t\t\t\t<\/div>\n\t\t\t\t<\/div>\n\t\t\t\t<\/div>\n\t\t","protected":false},"excerpt":{"rendered":"<p>A propos de PHi : Le ratio d&rsquo;or de la performance, con\u00e7u pour l&rsquo;\u00e9quilibre des performances Une qualit\u00e9 de premier ordre, des prix abordables, un service local et une technologie Eco Carbon sans peinture PHi (\u03a6) n&rsquo;est pas un symbole que nous avons emprunt\u00e9 &#8211; c&rsquo;est un principe que nous appliquons. Dans le cyclisme de [&hellip;]<\/p>\n","protected":false},"author":1,"featured_media":0,"parent":0,"menu_order":0,"comment_status":"closed","ping_status":"closed","template":"","meta":{"footnotes":""},"class_list":["post-4276","page","type-page","status-publish","hentry"],"_links":{"self":[{"href":"https:\/\/phi-cycling.cc\/fr\/wp-json\/wp\/v2\/pages\/4276","targetHints":{"allow":["GET"]}}],"collection":[{"href":"https:\/\/phi-cycling.cc\/fr\/wp-json\/wp\/v2\/pages"}],"about":[{"href":"https:\/\/phi-cycling.cc\/fr\/wp-json\/wp\/v2\/types\/page"}],"author":[{"embeddable":true,"href":"https:\/\/phi-cycling.cc\/fr\/wp-json\/wp\/v2\/users\/1"}],"replies":[{"embeddable":true,"href":"https:\/\/phi-cycling.cc\/fr\/wp-json\/wp\/v2\/comments?post=4276"}],"version-history":[{"count":2,"href":"https:\/\/phi-cycling.cc\/fr\/wp-json\/wp\/v2\/pages\/4276\/revisions"}],"predecessor-version":[{"id":4692,"href":"https:\/\/phi-cycling.cc\/fr\/wp-json\/wp\/v2\/pages\/4276\/revisions\/4692"}],"wp:attachment":[{"href":"https:\/\/phi-cycling.cc\/fr\/wp-json\/wp\/v2\/media?parent=4276"}],"curies":[{"name":"wp","href":"https:\/\/api.w.org\/{rel}","templated":true}]}}