{"id":4302,"date":"2025-12-16T03:37:49","date_gmt":"2025-12-15T19:37:49","guid":{"rendered":"https:\/\/phi-cycling.cc\/politique-dexpedition\/"},"modified":"2026-04-08T09:42:41","modified_gmt":"2026-04-08T01:42:41","slug":"politique-dexpedition","status":"publish","type":"page","link":"https:\/\/phi-cycling.cc\/fr\/politique-dexpedition\/","title":{"rendered":"Politique d&rsquo;exp\u00e9dition"},"content":{"rendered":"\t\t<div data-elementor-type=\"wp-page\" data-elementor-id=\"4302\" class=\"elementor elementor-4302 elementor-792\" data-elementor-post-type=\"page\">\n\t\t\t\t<div class=\"elementor-element elementor-element-c4eed0c e-flex e-con-boxed e-con e-parent\" data-id=\"c4eed0c\" data-element_type=\"container\" data-e-type=\"container\" data-settings=\"{&quot;background_background&quot;:&quot;classic&quot;}\">\n\t\t\t\t\t<div class=\"e-con-inner\">\n\t\t\t\t<div class=\"elementor-element elementor-element-bb17af0 elementor-widget elementor-widget-text-editor\" data-id=\"bb17af0\" data-element_type=\"widget\" data-e-type=\"widget\" data-widget_type=\"text-editor.default\">\n\t\t\t\t\t\t\t\t\t<p>Exp\u00e9dition gratuite<br>Nous exp\u00e9dions dans le monde entier par l&rsquo;interm\u00e9diaire d&rsquo;un service de messagerie international r\u00e9put\u00e9. Si votre pays n&rsquo;est pas propos\u00e9 en option sur notre site web, veuillez nous contacter \u00e0 l&rsquo;adresse service@phi-cycling.cc pour plus d&rsquo;informations. <\/p><p>Nous offrons une livraison gratuite dans plus de 70 pays pour toutes les commandes de roues sur notre site web.<\/p><p>En outre, nous proposons actuellement une m\u00e9thode d&rsquo;exp\u00e9dition avec taxe incluse pour les pays suivants :<\/p><p>\u00c9tats-Unis<br>Canada (disponible sur demande)<br>La plupart des pays de l&rsquo;UE<br>Royaume-Uni<br>Australie<br>\u00c9mirats arabes unis<br>Malaisie<br>Tha\u00eflande<br>Vietnam<br>Manille, Philippines (disponible sur demande)<\/p><p>Les clients ne doivent pas payer de droits de douane s&rsquo;ils choisissent le mode d&rsquo;exp\u00e9dition taxe incluse dans leur commande.<\/p><p>En raison des co\u00fbts de messagerie \u00e9lev\u00e9s pour l&rsquo;exp\u00e9dition vers des destinations \u00e9loign\u00e9es sp\u00e9cifiques, nous ne sommes pas en mesure d&rsquo;assurer la gratuit\u00e9 des frais de port dans les pays suivants. Des frais suppl\u00e9mentaires seront appliqu\u00e9s : <\/p><p>Turquie, Isra\u00ebl, Chili, Br\u00e9sil, Argentine, Uruguay, P\u00e9rou, Mexique, Costa Rica, Arabie Saoudite, Qatar. Si votre adresse de livraison se trouve dans l&rsquo;un de ces pays, veuillez nous contacter \u00e0 l&rsquo;adresse service@phi-cycling.cc pour de plus amples informations. <\/p><p>Nous proposons plusieurs options de livraison. Le d\u00e9lai d&rsquo;exp\u00e9dition varie en fonction de la m\u00e9thode de livraison utilis\u00e9e : (EMS\/DPD : 15-30 jours, Fedex\/DHL\/UPS : 5-10 jours). Des retards suppl\u00e9mentaires peuvent survenir en raison du d\u00e9douanement dans le pays de destination.  <\/p><p>Une fois la commande exp\u00e9di\u00e9e, nous vous enverrons imm\u00e9diatement le num\u00e9ro de suivi par courrier \u00e9lectronique. Vous pouvez \u00e9galement le consulter directement sur notre site web. En outre, vous pouvez suivre votre colis sur ce site web : https:\/\/www.17track.net\/  <\/p><p>*La livraison gratuite est limit\u00e9e aux commandes de roues uniquement. Les commandes d&rsquo;accessoires uniquement sont soumises \u00e0 des frais d&rsquo;exp\u00e9dition suppl\u00e9mentaires. <\/p><p>Traitement des commandes<br>Toute commande pass\u00e9e du lundi au vendredi sera trait\u00e9e le jour m\u00eame. Toute commande pass\u00e9e le samedi ou le dimanche sera trait\u00e9e le lundi suivant. Une fois que vous avez pass\u00e9 votre commande, nous l&rsquo;envoyons \u00e0 l&rsquo;usine pour la production. La production prend g\u00e9n\u00e9ralement 5 jours ouvrables si les jantes sont en stock. Les commandes personnalis\u00e9es ou les commandes de jantes qui ne sont pas en stock prennent g\u00e9n\u00e9ralement 12 \u00e0 15 jours ouvrables. Le d\u00e9lai de livraison est la somme du temps de production et du temps de logistique. Une fois les roues exp\u00e9di\u00e9es, nous vous enverrons le num\u00e9ro de suivi (*Les exp\u00e9ditions internationales n\u00e9cessitent un d\u00e9lai de traitement de 3 \u00e0 5 jours ouvrables).<\/p><p>Nous ne sommes pas en mesure de contr\u00f4ler la vitesse d&rsquo;exp\u00e9dition une fois qu&rsquo;un article a \u00e9t\u00e9 exp\u00e9di\u00e9 de notre entrep\u00f4t. Nous vous demandons donc d&rsquo;\u00eatre patient. Si vous souhaitez une exp\u00e9dition plus rapide, veuillez nous contacter \u00e0 l&rsquo;adresse service@phi-cycling.cc.  <\/p>\t\t\t\t\t\t\t\t<\/div>\n\t\t\t\t\t<\/div>\n\t\t\t\t<\/div>\n\t\t\t\t<\/div>\n\t\t","protected":false},"excerpt":{"rendered":"<p>Exp\u00e9dition gratuiteNous exp\u00e9dions dans le monde entier par l&rsquo;interm\u00e9diaire d&rsquo;un service de messagerie international r\u00e9put\u00e9. Si votre pays n&rsquo;est pas propos\u00e9 en option sur notre site web, veuillez nous contacter \u00e0 l&rsquo;adresse service@phi-cycling.cc pour plus d&rsquo;informations. Nous offrons une livraison gratuite dans plus de 70 pays pour toutes les commandes de roues sur notre site [&hellip;]<\/p>\n","protected":false},"author":1,"featured_media":0,"parent":0,"menu_order":0,"comment_status":"closed","ping_status":"closed","template":"","meta":{"footnotes":""},"class_list":["post-4302","page","type-page","status-publish","hentry"],"_links":{"self":[{"href":"https:\/\/phi-cycling.cc\/fr\/wp-json\/wp\/v2\/pages\/4302","targetHints":{"allow":["GET"]}}],"collection":[{"href":"https:\/\/phi-cycling.cc\/fr\/wp-json\/wp\/v2\/pages"}],"about":[{"href":"https:\/\/phi-cycling.cc\/fr\/wp-json\/wp\/v2\/types\/page"}],"author":[{"embeddable":true,"href":"https:\/\/phi-cycling.cc\/fr\/wp-json\/wp\/v2\/users\/1"}],"replies":[{"embeddable":true,"href":"https:\/\/phi-cycling.cc\/fr\/wp-json\/wp\/v2\/comments?post=4302"}],"version-history":[{"count":2,"href":"https:\/\/phi-cycling.cc\/fr\/wp-json\/wp\/v2\/pages\/4302\/revisions"}],"predecessor-version":[{"id":4678,"href":"https:\/\/phi-cycling.cc\/fr\/wp-json\/wp\/v2\/pages\/4302\/revisions\/4678"}],"wp:attachment":[{"href":"https:\/\/phi-cycling.cc\/fr\/wp-json\/wp\/v2\/media?parent=4302"}],"curies":[{"name":"wp","href":"https:\/\/api.w.org\/{rel}","templated":true}]}}