{"id":4782,"date":"2025-12-06T01:47:58","date_gmt":"2025-12-05T17:47:58","guid":{"rendered":"https:\/\/phi-cycling.cc\/refund_returns\/"},"modified":"2026-04-08T13:33:53","modified_gmt":"2026-04-08T05:33:53","slug":"politique-de-remboursement-et-de-retour","status":"publish","type":"page","link":"https:\/\/phi-cycling.cc\/fr\/politique-de-remboursement-et-de-retour\/","title":{"rendered":"Politique de Remboursement et de Retour"},"content":{"rendered":"\t\t<div data-elementor-type=\"wp-page\" data-elementor-id=\"4782\" class=\"elementor elementor-4782 elementor-12\" data-elementor-post-type=\"page\">\n\t\t\t\t<div class=\"elementor-element elementor-element-398e84a6 e-flex e-con-boxed e-con e-parent\" data-id=\"398e84a6\" data-element_type=\"container\" data-e-type=\"container\" data-settings=\"{&quot;background_background&quot;:&quot;classic&quot;}\">\n\t\t\t\t\t<div class=\"e-con-inner\">\n\t\t\t\t<div class=\"elementor-element elementor-element-72c1bc6a elementor-widget elementor-widget-text-editor\" data-id=\"72c1bc6a\" data-element_type=\"widget\" data-e-type=\"widget\" data-widget_type=\"text-editor.default\">\n\t\t\t\t\t\t\t\t\t<div class=\"qk-md-paragraph\"><strong class=\"qk-md-strong complete\"><span class=\"qk-md-text complete\">Politique de Remboursement et de Retour<\/span><\/strong><\/div>\n<div class=\"qk-md-paragraph\"><span class=\"qk-md-text complete\">Toute demande de retour doit \u00eatre effectu\u00e9e en remplissant d&rsquo;abord le Formulaire de Demande de Service Apr\u00e8s-Vente. Veuillez ne nous renvoyer aucun article sans avoir re\u00e7u une approbation pr\u00e9alable. Tout article retourn\u00e9 sans approbation pr\u00e9alable ne sera pas \u00e9ligible \u00e0 un remboursement. Tout probl\u00e8me concernant des marchandises endommag\u00e9es ou manquantes doit \u00eatre communiqu\u00e9 \u00e0 PHi dans les 7 jours suivant la livraison. Si cela ne se produit pas dans les 7 jours, PHi ne sera pas tenu responsable de tout dommage ou perte.<\/span><\/div>\n<div class=\"qk-md-paragraph\"><strong class=\"qk-md-strong complete\"><span class=\"qk-md-text complete\">1 ANNULATION OU MODIFICATION D&rsquo;UNE COMMANDE AVANT L&rsquo;EXP\u00c9DITION<\/span><\/strong><\/div>\n<ol class=\"qk-md-ol\" start=\"1\">\n<li class=\"qk-md-li complete\">\n<div class=\"qk-md-paragraph\"><span class=\"qk-md-text complete\">Si vous souhaitez modifier ou annuler votre commande, veuillez le faire dans les 24 heures suivant votre commande en contactant PHiwheels par e-mail ou via le chat en direct du site officiel. Les demandes de modification ou d&rsquo;annulation apr\u00e8s 24 heures pourraient ne pas \u00eatre accord\u00e9es. Si elles sont accord\u00e9es, des frais suppl\u00e9mentaires pourraient s&rsquo;appliquer.<\/span><\/div>\n<\/li>\n<li class=\"qk-md-li complete\">\n<div class=\"qk-md-paragraph\"><span class=\"qk-md-text complete\">Pass\u00e9 24 heures apr\u00e8s une commande personnalis\u00e9e, les retours et\/ou modifications sont tr\u00e8s peu probables. Les commandes personnalis\u00e9es incluent des jantes personnalis\u00e9es, des moyeux sur\u00e9lev\u00e9s, des rayons sur\u00e9lev\u00e9s, des d\u00e9calcomanies personnalis\u00e9es, pas de d\u00e9calcomanies, etc.<\/span><\/div>\n<\/li>\n<li class=\"qk-md-li complete\">\n<div class=\"qk-md-paragraph\"><span class=\"qk-md-text complete\">Si vous souhaitez annuler votre commande avant qu&rsquo;elle ne soit exp\u00e9di\u00e9e, vous pouvez nous en informer par e-mail ou via le chat en direct du site officiel de PHi. Dans certains cas, la commande peut d\u00e9j\u00e0 avoir \u00e9t\u00e9 exp\u00e9di\u00e9e avant que vous ne receviez une notification.<\/span><\/div>\n<\/li>\n<li class=\"qk-md-li complete\">\n<div class=\"qk-md-paragraph\"><span class=\"qk-md-text complete\">Une fois qu&rsquo;une commande a \u00e9t\u00e9 exp\u00e9di\u00e9e via le transporteur, elle ne peut \u00eatre ni annul\u00e9e ni modifi\u00e9e.<\/span><\/div>\n<\/li>\n<\/ol>\n<div class=\"qk-md-paragraph\"><strong class=\"qk-md-strong complete\"><span class=\"qk-md-text complete\">2 PRODUIT ENDOMMAG\u00c9 OU MANQUANT<\/span><\/strong><\/div>\n<ol class=\"qk-md-ol\" start=\"1\">\n<li class=\"qk-md-li complete\">\n<div class=\"qk-md-paragraph\"><span class=\"qk-md-text complete\">Veuillez v\u00e9rifier soigneusement le colis de livraison \u00e0 son arriv\u00e9e avant de signer. S&rsquo;il y a des dommages \u00e9vidents, veuillez prendre des photos des dommages et refuser le colis. Dans les 7 jours suivant l&rsquo;arriv\u00e9e, envoyez \u00e0 PHi les photos du colis endommag\u00e9 par e-mail ou chat en direct.<\/span><\/div>\n<\/li>\n<li class=\"qk-md-li complete\">\n<div class=\"qk-md-paragraph\"><span class=\"qk-md-text complete\">Si une r\u00e9clamation est faite aupr\u00e8s de la soci\u00e9t\u00e9 de transport, elle fournira un num\u00e9ro d&rsquo;indemnisation. Veuillez informer PHi de ce num\u00e9ro aux fins de suivi de la livraison.<\/span><\/div>\n<\/li>\n<li class=\"qk-md-li complete\">\n<div class=\"qk-md-paragraph\"><span class=\"qk-md-text complete\">Si vous avez sign\u00e9 pour le colis, puis que vous trouvez que les marchandises sont endommag\u00e9es apr\u00e8s l&rsquo;avoir ouvert, veuillez contacter PHi dans les 7 jours suivant la livraison. Apr\u00e8s avoir re\u00e7u l&rsquo;approbation pour un retour, r\u00e9exp\u00e9diez le colis \u00e0 PHi dans les 30 jours suivant la date de livraison. Dans les 10 jours suivant le retour des marchandises \u00e0 PHi, la cause du probl\u00e8me sera v\u00e9rifi\u00e9e, et vous serez contact\u00e9 concernant la possibilit\u00e9 d&rsquo;un remboursement complet ou d&rsquo;un remplacement. En cas de remboursement, le remboursement sera envoy\u00e9 sur votre compte de paiement d&rsquo;origine.<\/span><\/div>\n<\/li>\n<\/ol>\n<div class=\"qk-md-paragraph\"><strong class=\"qk-md-strong complete\"><span class=\"qk-md-text complete\">3 RETOURS NON LI\u00c9S \u00c0 L&rsquo;\u00c9TAT DU PRODUIT<\/span><\/strong><br \/><span class=\"qk-md-text complete\">Nous esp\u00e9rons que vous appr\u00e9cierez votre achat. Si le produit que vous avez command\u00e9 ne r\u00e9pond pas \u00e0 vos attentes pour une raison quelconque, il peut \u00eatre retourn\u00e9 avec certaines limitations.<\/span><\/div>\n<div class=\"qk-md-paragraph\"><span class=\"qk-md-text complete\">Dans les 30 jours suivant la livraison, contactez PHi via le chat en direct du site officiel ou par e-mail. Ne renvoyez aucun article \u00e0 PHi sans avoir re\u00e7u une approbation pr\u00e9alable.<\/span><\/div>\n<div class=\"qk-md-paragraph\"><span class=\"qk-md-text complete\">Vous serez responsable des \u00e9l\u00e9ments suivants : frais d&rsquo;exp\u00e9dition \u00e0 votre adresse, frais d&rsquo;exp\u00e9dition \u00e0 PHi, et toutes taxes, frais ou droits associ\u00e9s \u00e0 l&rsquo;exp\u00e9dition. Dans les 10 jours ouvrables suivant le retour du produit \u00e0 PHiw, le remboursement sera organis\u00e9.<\/span><\/div>\n<div class=\"qk-md-paragraph\"><span class=\"qk-md-text complete\">Si l&rsquo;un de ces \u00e9l\u00e9ments s&rsquo;applique \u00e0 votre commande, il n&rsquo;est pas \u00e9ligible \u00e0 un retour :<\/span><\/div>\n<ul class=\"qk-md-ul\">\n<li class=\"qk-md-li complete\"><span class=\"qk-md-text complete\">Le produit a \u00e9t\u00e9 utilis\u00e9<\/span><\/li>\n<li class=\"qk-md-li complete\"><span class=\"qk-md-text complete\">L&#8217;emballage du produit est endommag\u00e9<\/span><\/li>\n<li class=\"qk-md-li complete\"><span class=\"qk-md-text complete\">Le produit lui-m\u00eame est endommag\u00e9<\/span><\/li>\n<li class=\"qk-md-li complete\"><span class=\"qk-md-text complete\">Le produit n&rsquo;est pas en \u00e9tat complet de revente<\/span><\/li>\n<li class=\"qk-md-li complete\"><span class=\"qk-md-text complete\">Le produit retourn\u00e9 n&rsquo;est pas re\u00e7u par PHi<\/span><\/li>\n<li class=\"qk-md-li complete\"><span class=\"qk-md-text complete\">Plus de 30 jours se sont \u00e9coul\u00e9s depuis la livraison<\/span><\/li>\n<li class=\"qk-md-li complete\"><span class=\"qk-md-text complete\">Il n&rsquo;y a pas de preuve d&rsquo;achat<\/span><\/li>\n<li class=\"qk-md-li complete\"><span class=\"qk-md-text complete\">Le produit est class\u00e9 comme dur\u00e9e limit\u00e9e uniquement et\/ou n&rsquo;est plus en production<\/span><\/li>\n<\/ul>\n<div class=\"qk-md-paragraph\"><strong class=\"qk-md-strong complete\"><span class=\"qk-md-text complete\">4 D\u00c9FAUTS DE FABRICATION SUSPECT\u00c9S<\/span><\/strong><br \/><span class=\"qk-md-text complete\">Si tout produit achet\u00e9 aupr\u00e8s de PHi est soup\u00e7onn\u00e9 d&rsquo;avoir un d\u00e9faut de fabrication dans les 3 ans suivant sa date de livraison, veuillez remplir notre Formulaire de Demande de Service Apr\u00e8s-Vente. Plus d&rsquo;informations sont disponibles dans notre Politique de Garantie.<\/span><\/div>\n<div class=\"qk-md-paragraph\"><strong class=\"qk-md-strong complete\"><span class=\"qk-md-text complete\">5 PROC\u00c9DURE DE REMBOURSEMENT<\/span><\/strong><br \/><span class=\"qk-md-text complete\">Si le produit que vous retournez r\u00e9pond aux normes de retour et de remboursement de PHi, vous serez contact\u00e9 dans les 10 jours ouvrables pour confirmer avec vous le montant \u00e0 rembourser et organiser son envoi. Un remboursement serait ensuite envoy\u00e9 sur votre compte de paiement d&rsquo;origine. La banque peut prendre quelques jours pour traiter la transaction. Si PHi vous notifie que le remboursement a \u00e9t\u00e9 envoy\u00e9, et qu&rsquo;il y a un retard, veuillez contacter directement votre banque. Si le remboursement n&rsquo;a toujours pas \u00e9t\u00e9 re\u00e7u dans les 7 jours suivant la notification, veuillez contacter PHi.<\/span><\/div>\n<div class=\"qk-md-paragraph\"><span class=\"qk-md-text complete\">Si le produit retourn\u00e9 ne r\u00e9pond pas aux normes de retour et de remboursement de PHi, il sera rejet\u00e9 et vous sera retourn\u00e9. Dans ce cas, vous serez responsable des frais d&rsquo;exp\u00e9dition.<\/span><\/div>\n<div class=\"qk-md-paragraph\"><span class=\"qk-md-text complete\">Veuillez noter que le montant rembours\u00e9 n&rsquo;inclut pas les frais de transfert suppl\u00e9mentaires ou les changements de taux de conversion de change. S&rsquo;il y a des frais suppl\u00e9mentaires associ\u00e9s \u00e0 un transfert \u00e0 PHi, ces frais seront \u00e0 la charge du client.<\/span><\/div>\n<div class=\"qk-md-paragraph\"><span class=\"qk-md-text complete\">S&rsquo;il y a eu une erreur dans votre commande, comme l&rsquo;envoi du mauvais article, PHi sera responsable des frais d&rsquo;exp\u00e9dition de retour.<\/span><\/div>\n<div class=\"qk-md-paragraph\"><span class=\"qk-md-text complete\">Pendant les \u00e9v\u00e9nements de vente, les d\u00e9lais de retour et de remboursement peuvent \u00eatre sujets \u00e0 modification. Veuillez v\u00e9rifier les d\u00e9tails de l&rsquo;\u00e9v\u00e9nement pour plus d&rsquo;informations.<\/span><\/div>\n<div class=\"qk-md-paragraph\"><span class=\"qk-md-text complete\">Si vous avez des questions concernant votre achat ou sa garantie, veuillez vous r\u00e9f\u00e9rer \u00e0 la Politique de Garantie de PHi. Vous pouvez \u00e9galement contacter PHi par e-mail \u00e0\u00a0<\/span><a class=\"qk-md-link\" href=\"mailto:service@phi-cycling.cc\" target=\"_blank\" rel=\"noopener noreferrer\">mailto:service@phi-cycling.cc<\/a><span class=\"qk-md-text complete\">\u00a0ou sur le chat en direct du site officiel.<\/span><\/div>\n<div class=\"qk-md-paragraph\"><span class=\"qk-md-text complete\">PHi s&rsquo;engage et est en train de construire un r\u00e9seau de service mondial. Le but de ce r\u00e9seau est de mieux servir nos coureurs. Cela permet un service et un support pratiques o\u00f9 que vous soyez dans le monde.<\/span><\/div>\t\t\t\t\t\t\t\t<\/div>\n\t\t\t\t\t<\/div>\n\t\t\t\t<\/div>\n\t\t\t\t<\/div>\n\t\t","protected":false},"excerpt":{"rendered":"<p>Politique de Remboursement et de Retour Toute demande de retour doit \u00eatre effectu\u00e9e en remplissant d&rsquo;abord le Formulaire de Demande de Service Apr\u00e8s-Vente. Veuillez ne nous renvoyer aucun article sans avoir re\u00e7u une approbation pr\u00e9alable. Tout article retourn\u00e9 sans approbation pr\u00e9alable ne sera pas \u00e9ligible \u00e0 un remboursement. Tout probl\u00e8me concernant des marchandises endommag\u00e9es ou [&hellip;]<\/p>\n","protected":false},"author":1,"featured_media":0,"parent":0,"menu_order":0,"comment_status":"closed","ping_status":"closed","template":"","meta":{"footnotes":""},"class_list":["post-4782","page","type-page","status-publish","hentry"],"_links":{"self":[{"href":"https:\/\/phi-cycling.cc\/fr\/wp-json\/wp\/v2\/pages\/4782","targetHints":{"allow":["GET"]}}],"collection":[{"href":"https:\/\/phi-cycling.cc\/fr\/wp-json\/wp\/v2\/pages"}],"about":[{"href":"https:\/\/phi-cycling.cc\/fr\/wp-json\/wp\/v2\/types\/page"}],"author":[{"embeddable":true,"href":"https:\/\/phi-cycling.cc\/fr\/wp-json\/wp\/v2\/users\/1"}],"replies":[{"embeddable":true,"href":"https:\/\/phi-cycling.cc\/fr\/wp-json\/wp\/v2\/comments?post=4782"}],"version-history":[{"count":5,"href":"https:\/\/phi-cycling.cc\/fr\/wp-json\/wp\/v2\/pages\/4782\/revisions"}],"predecessor-version":[{"id":4852,"href":"https:\/\/phi-cycling.cc\/fr\/wp-json\/wp\/v2\/pages\/4782\/revisions\/4852"}],"wp:attachment":[{"href":"https:\/\/phi-cycling.cc\/fr\/wp-json\/wp\/v2\/media?parent=4782"}],"curies":[{"name":"wp","href":"https:\/\/api.w.org\/{rel}","templated":true}]}}