{"id":4787,"date":"2025-12-06T01:36:43","date_gmt":"2025-12-05T17:36:43","guid":{"rendered":"https:\/\/phi-cycling.cc\/privacy-policy\/"},"modified":"2026-04-08T11:27:20","modified_gmt":"2026-04-08T03:27:20","slug":"politique-de-confidentialite","status":"publish","type":"page","link":"https:\/\/phi-cycling.cc\/fr\/politique-de-confidentialite\/","title":{"rendered":"POLITIQUE DE CONFIDENTIALIT\u00c9"},"content":{"rendered":"\t\t<div data-elementor-type=\"wp-page\" data-elementor-id=\"4787\" class=\"elementor elementor-4787 elementor-3\" data-elementor-post-type=\"page\">\n\t\t\t\t<div class=\"elementor-element elementor-element-794755c4 e-flex e-con-boxed e-con e-parent\" data-id=\"794755c4\" data-element_type=\"container\" data-e-type=\"container\" data-settings=\"{&quot;background_background&quot;:&quot;classic&quot;}\">\n\t\t\t\t\t<div class=\"e-con-inner\">\n\t\t\t\t<div class=\"elementor-element elementor-element-bff2088 elementor-widget elementor-widget-text-editor\" data-id=\"bff2088\" data-element_type=\"widget\" data-e-type=\"widget\" data-widget_type=\"text-editor.default\">\n\t\t\t\t\t\t\t\t\t<div class=\"qk-md-paragraph\"><strong class=\"qk-md-strong complete\"><span class=\"qk-md-text complete\">POLITIQUE DE CONFIDENTIALIT\u00c9<\/span><\/strong><\/div>\n<div class=\"qk-md-paragraph\"><span class=\"qk-md-text complete\">PHi s&rsquo;engage \u00e0 pr\u00e9server la confidentialit\u00e9 de tous les visiteurs de notre site web. Veuillez lire la politique de confidentialit\u00e9 suivante pour comprendre comment nous utilisons et prot\u00e9geons les informations que vous nous fournissez.<\/span><\/div>\n<div class=\"qk-md-paragraph\"><span class=\"qk-md-text complete\">En vous inscrivant ou en passant une commande sur ce site web, vous consentez \u00e0 la collecte et \u00e0 l&rsquo;utilisation de vos informations conform\u00e9ment aux termes de cette politique.<\/span><\/div>\n<div class=\"qk-md-paragraph\"><strong class=\"qk-md-strong complete\"><span class=\"qk-md-text complete\">INFORMATIONS QUE NOUS COLLECTONS AUPR\u00c8S DE VOUS<\/span><\/strong><br \/><span class=\"qk-md-text complete\">Lorsque vous visitez, vous inscrivez ou commandez des produits ou services sur PHi, il peut vous \u00eatre demand\u00e9 de fournir certaines informations vous concernant, y compris votre nom, vos coordonn\u00e9es et les informations relatives \u00e0 votre carte de cr\u00e9dit ou de d\u00e9bit.<\/span><\/div>\n<div class=\"qk-md-paragraph\"><span class=\"qk-md-text complete\">Nous pouvons \u00e9galement collecter des informations sur votre utilisation de notre site web, les messages de chat et les e-mails ou lettres que vous nous envoyez.<\/span><\/div>\n<div class=\"qk-md-paragraph\"><span class=\"qk-md-text complete\">Afin de maintenir les normes du service client et d&rsquo;aider \u00e0 la formation du personnel, nous pouvons enregistrer et surveiller les appels entrants.<\/span><\/div>\n<div class=\"qk-md-paragraph\"><strong class=\"qk-md-strong complete\"><span class=\"qk-md-text complete\">UTILISATION DE VOS INFORMATIONS<\/span><\/strong><br \/><span class=\"qk-md-text complete\">Vos informations nous permettront de vous donner acc\u00e8s \u00e0 la fonction de chat ainsi qu&rsquo;\u00e0 la fonction de paiement de notre site web. Elles nous permettront \u00e9galement de vous facturer et de vous contacter concernant vos commandes. Nous utiliserons et analyserons \u00e9galement les informations que nous collectons afin d&rsquo;am\u00e9liorer notre service client et nos produits.<\/span><\/div>\n<div class=\"qk-md-paragraph\"><span class=\"qk-md-text complete\">Vous avez la possibilit\u00e9 de vous abonner \u00e0 notre newsletter par e-mail. Nous pouvons utiliser vos informations pour vous contacter pour des commentaires et pour vous informer occasionnellement des changements importants sur notre site web ainsi que des nouvelles offres de produits et services qui pourraient vous int\u00e9resser. Afin de respecter le client, ces mises \u00e0 jour ne seront envoy\u00e9es que quelques fois par an. Si vous changez d&rsquo;avis au sujet d&rsquo;\u00eatre contact\u00e9 \u00e0 l&rsquo;avenir, veuillez nous le faire savoir par e-mail \u00e0\u00a0<\/span><a class=\"qk-md-link\" href=\"mailto:service@phi-cycling.cc\" target=\"_blank\" rel=\"noopener noreferrer\">mailto:service@phi-cycling.cc<\/a><span class=\"qk-md-text complete\">.<\/span><\/div>\n<div class=\"qk-md-paragraph\"><strong class=\"qk-md-strong complete\"><span class=\"qk-md-text complete\">COOKIES<\/span><\/strong><br \/><span class=\"qk-md-text complete\">Les cookies sont de petites quantit\u00e9s d&rsquo;informations cr\u00e9\u00e9es par notre serveur web qui peuvent \u00eatre stock\u00e9es sur votre ordinateur, t\u00e9l\u00e9phone ou tout autre appareil disposant d&rsquo;un navigateur web. \u00c0 moins que vous n&rsquo;ayez s\u00e9lectionn\u00e9 l&rsquo;option de ne pas accepter les cookies sur le site web, notre syst\u00e8me \u00e9mettra des cookies sur votre appareil lorsque vous vous connecterez au site. Les cookies vous facilitent la connexion et l&rsquo;utilisation du site \u00e0 l&rsquo;avenir. Ils nous permettent \u00e9galement de surveiller le trafic du site web et de personnaliser le contenu du site pour vous. Vous pouvez choisir de configurer votre navigateur pour d\u00e9sactiver les cookies.<\/span><\/div>\n<div class=\"qk-md-paragraph\"><strong class=\"qk-md-strong complete\"><span class=\"qk-md-text complete\">S\u00c9CURIT\u00c9 ET CONSERVATION DES DONN\u00c9ES<\/span><\/strong><br \/><span class=\"qk-md-text complete\">Nous employons des mesures de s\u00e9curit\u00e9 pour prot\u00e9ger vos informations contre l&rsquo;acc\u00e8s par des personnes non autoris\u00e9es et contre le traitement illicite, la perte accidentelle, la destruction et les dommages. Nous conserverons vos informations pendant une p\u00e9riode raisonnable ou aussi longtemps que la loi l&rsquo;exige. Nous ne stockons pas les informations de carte de cr\u00e9dit.<\/span><\/div>\n<div class=\"qk-md-paragraph\"><strong class=\"qk-md-strong complete\"><span class=\"qk-md-text complete\">ACC\u00c8S ET MISE \u00c0 JOUR<\/span><\/strong><br \/><span class=\"qk-md-text complete\">Vous avez le droit de voir les informations d\u00e9tenues \u00e0 votre sujet, et vous pouvez nous demander d&rsquo;apporter les changements n\u00e9cessaires pour garantir qu&rsquo;elles sont exactes et tenues \u00e0 jour. Si vous souhaitez le faire, veuillez nous contacter par e-mail \u00e0\u00a0<\/span><a class=\"qk-md-link\" href=\"mailto:service@phi-cycling.cc\" target=\"_blank\" rel=\"noopener noreferrer\">mailto:service@phi-cycling.cc<\/a><span class=\"qk-md-text complete\">.<\/span><\/div>\n<div class=\"qk-md-paragraph\"><strong class=\"qk-md-strong complete\"><span class=\"qk-md-text complete\">CHANGEMENTS \u00c0 NOTRE POLITIQUE DE CONFIDENTIALIT\u00c9<\/span><\/strong><br \/><span class=\"qk-md-text complete\">Toute modification apport\u00e9e \u00e0 notre politique de confidentialit\u00e9 \u00e0 l&rsquo;avenir sera publi\u00e9e sur le site web et, le cas \u00e9ch\u00e9ant, vous sera envoy\u00e9e par e-mail.<\/span><\/div>\n<div class=\"qk-md-paragraph\"><strong class=\"qk-md-strong complete\"><span class=\"qk-md-text complete\">CONTACT<\/span><\/strong><br \/><span class=\"qk-md-text complete\">Tous les commentaires, questions et demandes relatifs \u00e0 notre utilisation de vos informations sont les bienvenus et doivent nous \u00eatre envoy\u00e9s par e-mail \u00e0\u00a0<\/span><a class=\"qk-md-link\" href=\"mailto:service@phi-cycling.cc\" target=\"_blank\" rel=\"noopener noreferrer\">mailto:service@phi-cycling.cc<\/a><span class=\"qk-md-text complete\">.<\/span><\/div>\t\t\t\t\t\t\t\t<\/div>\n\t\t\t\t\t<\/div>\n\t\t\t\t<\/div>\n\t\t\t\t<\/div>\n\t\t","protected":false},"excerpt":{"rendered":"<p>POLITIQUE DE CONFIDENTIALIT\u00c9 PHi s&rsquo;engage \u00e0 pr\u00e9server la confidentialit\u00e9 de tous les visiteurs de notre site web. Veuillez lire la politique de confidentialit\u00e9 suivante pour comprendre comment nous utilisons et prot\u00e9geons les informations que vous nous fournissez. En vous inscrivant ou en passant une commande sur ce site web, vous consentez \u00e0 la collecte et [&hellip;]<\/p>\n","protected":false},"author":1,"featured_media":0,"parent":0,"menu_order":0,"comment_status":"closed","ping_status":"open","template":"","meta":{"footnotes":""},"class_list":["post-4787","page","type-page","status-publish","hentry"],"_links":{"self":[{"href":"https:\/\/phi-cycling.cc\/fr\/wp-json\/wp\/v2\/pages\/4787","targetHints":{"allow":["GET"]}}],"collection":[{"href":"https:\/\/phi-cycling.cc\/fr\/wp-json\/wp\/v2\/pages"}],"about":[{"href":"https:\/\/phi-cycling.cc\/fr\/wp-json\/wp\/v2\/types\/page"}],"author":[{"embeddable":true,"href":"https:\/\/phi-cycling.cc\/fr\/wp-json\/wp\/v2\/users\/1"}],"replies":[{"embeddable":true,"href":"https:\/\/phi-cycling.cc\/fr\/wp-json\/wp\/v2\/comments?post=4787"}],"version-history":[{"count":5,"href":"https:\/\/phi-cycling.cc\/fr\/wp-json\/wp\/v2\/pages\/4787\/revisions"}],"predecessor-version":[{"id":4810,"href":"https:\/\/phi-cycling.cc\/fr\/wp-json\/wp\/v2\/pages\/4787\/revisions\/4810"}],"wp:attachment":[{"href":"https:\/\/phi-cycling.cc\/fr\/wp-json\/wp\/v2\/media?parent=4787"}],"curies":[{"name":"wp","href":"https:\/\/api.w.org\/{rel}","templated":true}]}}