{"id":4792,"date":"2025-12-17T09:24:05","date_gmt":"2025-12-17T01:24:05","guid":{"rendered":"https:\/\/phi-cycling.cc\/terms-and-conditions\/"},"modified":"2026-04-08T11:44:51","modified_gmt":"2026-04-08T03:44:51","slug":"termes-et-conditions","status":"publish","type":"page","link":"https:\/\/phi-cycling.cc\/fr\/termes-et-conditions\/","title":{"rendered":"Termes et conditions"},"content":{"rendered":"\t\t<div data-elementor-type=\"wp-page\" data-elementor-id=\"4792\" class=\"elementor elementor-4792 elementor-942\" data-elementor-post-type=\"page\">\n\t\t\t\t<div class=\"elementor-element elementor-element-c1b1459 e-flex e-con-boxed e-con e-parent\" data-id=\"c1b1459\" data-element_type=\"container\" data-e-type=\"container\" data-settings=\"{&quot;background_background&quot;:&quot;classic&quot;}\">\n\t\t\t\t\t<div class=\"e-con-inner\">\n\t\t\t\t<div class=\"elementor-element elementor-element-c20467c elementor-widget elementor-widget-text-editor\" data-id=\"c20467c\" data-element_type=\"widget\" data-e-type=\"widget\" data-widget_type=\"text-editor.default\">\n\t\t\t\t\t\t\t\t\t<div class=\"qk-md-paragraph\"><strong class=\"qk-md-strong complete\"><span class=\"qk-md-text complete\">Termes et conditions<\/span><\/strong><br \/><span class=\"qk-md-text complete\">Les pr\u00e9sentes conditions g\u00e9n\u00e9rales s&rsquo;appliquent \u00e0 l&rsquo;utilisation de ce site web \u00e0 l&rsquo;adresse phi-cycling.cc. En acc\u00e9dant \u00e0 ce site web et\/ou en passant une commande, vous acceptez d&rsquo;\u00eatre li\u00e9 par ces termes et conditions.<\/span><\/div><div class=\"qk-md-paragraph\"><span class=\"qk-md-text complete\">L&rsquo;utilisation de ce site web indique que vous acceptez ces conditions, que vous choisissiez ou non de vous inscrire chez nous ou de commander chez nous. Si vous n&rsquo;acceptez pas ces conditions, n&rsquo;utilisez pas ce site web.<\/span><\/div><div class=\"qk-md-paragraph\"><strong class=\"qk-md-strong complete\"><span class=\"qk-md-text complete\">NOS COORDONN\u00c9ES SONT LES SUIVANTES :<\/span><\/strong><br \/><span class=\"qk-md-text complete\">E-mail g\u00e9n\u00e9ral :\u00a0<\/span><a class=\"qk-md-link\" href=\"mailto:service@phi-cycling.cc\" target=\"_blank\" rel=\"noopener noreferrer\">mailto:service@phi-cycling.cc<\/a><\/div><div class=\"qk-md-paragraph\"><strong class=\"qk-md-strong complete\"><span class=\"qk-md-text complete\">INTRODUCTION<\/span><\/strong><br \/><span class=\"qk-md-text complete\">1.1 Vous pourrez acc\u00e9der \u00e0 toutes les zones de ce site web sans enregistrer vos coordonn\u00e9es chez nous, \u00e0 l&rsquo;exception du processus de paiement et du chat en direct.<\/span><\/div><div class=\"qk-md-paragraph\"><span class=\"qk-md-text complete\">1.2 Nous pouvons r\u00e9viser ces termes et conditions \u00e0 tout moment en mettant \u00e0 jour cette publication. Nous vous conseillons de v\u00e9rifier ce site web de temps \u00e0 autre pour examiner les termes et conditions actuels, car ils sont contraignants pour vous. Certaines dispositions des pr\u00e9sentes conditions g\u00e9n\u00e9rales peuvent \u00eatre remplac\u00e9es par des avis juridiques ou des termes express\u00e9ment d\u00e9sign\u00e9s situ\u00e9s sur certaines pages de ce site web. Si vous ne souhaitez pas accepter de nouveaux termes et conditions apr\u00e8s que nous en avons donn\u00e9 avis, vous ne devez pas continuer \u00e0 utiliser ce site web.<\/span><\/div><div class=\"qk-md-paragraph\"><strong class=\"qk-md-strong complete\"><span class=\"qk-md-text complete\">COMMANDE CHEZ NOUS<\/span><\/strong><br \/><span class=\"qk-md-text complete\">2.1 Vous \u00eates r\u00e9put\u00e9 passer une commande chez nous en commandant via notre processus de paiement en ligne. Dans le cadre de notre processus de paiement, vous aurez la possibilit\u00e9 de v\u00e9rifier votre commande et de corriger toute erreur. Nous vous enverrons un accus\u00e9 de r\u00e9ception de commande, d\u00e9taillant les produits que vous avez command\u00e9s.<\/span><\/div><div class=\"qk-md-paragraph\"><span class=\"qk-md-text complete\">2.2 Lorsque votre paiement aura \u00e9t\u00e9 re\u00e7u, la commande commencera \u00e0 \u00eatre trait\u00e9e. Nous pr\u00e9parerons l&rsquo;article que vous avez command\u00e9 et l&rsquo;exp\u00e9dierons d\u00e8s que possible. Une fois l&rsquo;article exp\u00e9di\u00e9, nous vous enverrons l&rsquo;avis de livraison et les informations logistiques par e-mail. Les commandes ne peuvent pas \u00eatre annul\u00e9es apr\u00e8s avoir \u00e9t\u00e9 exp\u00e9di\u00e9es. S&rsquo;il y a des probl\u00e8mes concernant la commande, vous pouvez consulter notre politique de service apr\u00e8s-vente.<\/span><\/div><div class=\"qk-md-paragraph\"><span class=\"qk-md-text complete\">2.3 Nous pouvons refuser d&rsquo;accepter une commande :<\/span><br \/><span class=\"qk-md-text complete\">(a) lorsque les marchandises ne sont pas disponibles ;<\/span><br \/><span class=\"qk-md-text complete\">(b) lorsque nous ne pouvons pas obtenir l&rsquo;autorisation pour votre paiement ;<\/span><br \/><span class=\"qk-md-text complete\">(c) s&rsquo;il y a eu une erreur de prix ou de description de produit ;<\/span><\/div><div class=\"qk-md-paragraph\"><strong class=\"qk-md-strong complete\"><span class=\"qk-md-text complete\">POLITIQUE D&rsquo;ANNULATION ET DE RETOUR<\/span><\/strong><br \/><span class=\"qk-md-text complete\">Veuillez consulter notre page Annulations, Remboursements et Retours pour notre POLITIQUE COMPL\u00c8TE D&rsquo;ANNULATION ET DE RETOUR.<\/span><\/div><div class=\"qk-md-paragraph\"><strong class=\"qk-md-strong complete\"><span class=\"qk-md-text complete\">LICENCE<\/span><\/strong><br \/><span class=\"qk-md-text complete\">4.1 Vous \u00eates autoris\u00e9 \u00e0 imprimer et t\u00e9l\u00e9charger le mat\u00e9riel trouv\u00e9 sur ce site web pour votre propre usage sur la base suivante :<\/span><br \/><span class=\"qk-md-text complete\">(a) aucun document ou graphique connexe sur ce site web n&rsquo;est modifi\u00e9 de quelque mani\u00e8re que ce soit ;<\/span><br \/><span class=\"qk-md-text complete\">(b) aucun graphique sur ce site web n&rsquo;est utilis\u00e9 s\u00e9par\u00e9ment du texte d&rsquo;accompagnement ;<\/span><br \/><span class=\"qk-md-text complete\">(c) tous nos avis de droit d&rsquo;auteur et de marque commerciale et cet avis de permission apparaissent dans toutes les copies.<\/span><\/div><div class=\"qk-md-paragraph\"><span class=\"qk-md-text complete\">4.2 Sauf indication contraire, les droits d&rsquo;auteur et autres droits de propri\u00e9t\u00e9 intellectuelle sur tout le mat\u00e9riel de ce site web (y compris sans limitation les photographies et les images graphiques) nous appartiennent ou \u00e0 nos conc\u00e9dants. Aux fins des pr\u00e9sentes conditions g\u00e9n\u00e9rales, toute utilisation d&rsquo;extraits de ce site web autre que conform\u00e9ment \u00e0 la clause 4.1 ci-dessus \u00e0 quelque fin que ce soit est interdite. Si vous enfreignez l&rsquo;une des conditions des pr\u00e9sentes conditions g\u00e9n\u00e9rales, votre permission d&rsquo;utiliser ce site web prend automatiquement fin et vous devez imm\u00e9diatement d\u00e9truire tout extrait t\u00e9l\u00e9charg\u00e9 ou imprim\u00e9 de ce site web.<\/span><\/div><div class=\"qk-md-paragraph\"><span class=\"qk-md-text complete\">4.3 Sous r\u00e9serve de la clause 4.1, aucune partie de ce site web ne peut \u00eatre reproduite ou stock\u00e9e dans tout autre site web ou incluse dans tout syst\u00e8me ou service de r\u00e9cup\u00e9ration \u00e9lectronique public ou priv\u00e9 sans notre autorisation \u00e9crite pr\u00e9alable.<\/span><\/div><div class=\"qk-md-paragraph\"><span class=\"qk-md-text complete\">4.4 Tous les droits non express\u00e9ment accord\u00e9s dans les pr\u00e9sentes conditions sont r\u00e9serv\u00e9s.<\/span><\/div><div class=\"qk-md-paragraph\"><span class=\"qk-md-text complete\">4.5 PHi, le logo PHi et l&rsquo;ic\u00f4ne sont une marque commerciale de PHi et leur utilisation et reproduction n&rsquo;est autoris\u00e9e qu&rsquo;avec une autorisation \u00e9crite expresse pr\u00e9alable de PHi.<\/span><\/div><div class=\"qk-md-paragraph\"><strong class=\"qk-md-strong complete\"><span class=\"qk-md-text complete\">ACC\u00c8S AU SERVICE<\/span><\/strong><br \/><span class=\"qk-md-text complete\">5.1 Bien que nous nous efforcions de garantir que ce site web est normalement disponible 24 heures par jour, nous ne serons pas responsables si pour quelque raison que ce soit ce site web est indisponible \u00e0 tout moment ou pour toute p\u00e9riode.<\/span><br \/><span class=\"qk-md-text complete\">5.2 L&rsquo;acc\u00e8s \u00e0 ce site web peut \u00eatre suspendu temporairement et sans pr\u00e9avis en cas de d\u00e9faillance du syst\u00e8me, de maintenance ou de r\u00e9paration ou pour des raisons ind\u00e9pendantes de notre volont\u00e9.<\/span><\/div><div class=\"qk-md-paragraph\"><strong class=\"qk-md-strong complete\"><span class=\"qk-md-text complete\">MAT\u00c9RIEL ET CONDUITE DES VISITEURS<\/span><\/strong><br \/><span class=\"qk-md-text complete\">6.1 \u00c0 l&rsquo;exception des informations personnellement identifiables, qui sont couvertes par la politique de confidentialit\u00e9, tout mat\u00e9riel que vous transmettez ou publiez sur ce site web sera consid\u00e9r\u00e9 comme non confidentiel et non propri\u00e9taire. Nous n&rsquo;aurons aucune obligation concernant ce mat\u00e9riel. Nous et nos mandataires serons libres de copier, divulguer, distribuer, incorporer et autrement utiliser ce mat\u00e9riel et toutes les donn\u00e9es, images, sons, textes et autres choses qui y sont incorpor\u00e9s \u00e0 toutes fins commerciales ou non commerciales.<\/span><br \/><span class=\"qk-md-text complete\">6.2 Il vous est interdit de publier ou de transmettre vers ou depuis ce site web tout mat\u00e9riel :<\/span><br \/><span class=\"qk-md-text complete\">(a) qui est mena\u00e7ant, diffamatoire, obsc\u00e8ne, ind\u00e9cent, s\u00e9ditieux, offensant, pornographique, abusif, susceptible d&rsquo;inciter \u00e0 la haine raciale, discriminatoire, mena\u00e7ant, scandaleux, inflammatoire, blasph\u00e9matoire, en violation de la confidentialit\u00e9, en violation de la vie priv\u00e9e ou qui peut causer des d\u00e9sagr\u00e9ments ou des inconv\u00e9nients ;<\/span><br \/><span class=\"qk-md-text complete\">(b) pour lequel vous n&rsquo;avez pas obtenu toutes les licences et\/ou approbations n\u00e9cessaires ;<\/span><br \/><span class=\"qk-md-text complete\">(c) qui constitue ou encourage une conduite qui serait consid\u00e9r\u00e9e comme une infraction criminelle, donnerait lieu \u00e0 une responsabilit\u00e9 civile, ou serait autrement contraire \u00e0 la loi de ou enfreindrait les droits de tout tiers, dans n&rsquo;importe quel pays du monde ; ou<\/span><br \/><span class=\"qk-md-text complete\">(d) qui est techniquement nuisible (y compris, sans limitation, les virus informatiques, les bombes logiques, les chevaux de Troie, les vers, les composants nuisibles, les donn\u00e9es corrompues ou autres logiciels malveillants ou donn\u00e9es nuisibles).<\/span><\/div><div class=\"qk-md-paragraph\"><span class=\"qk-md-text complete\">6.3 Vous ne pouvez pas utiliser de mani\u00e8re abusive le site web (y compris, sans limitation, par le piratage).<\/span><\/div><div class=\"qk-md-paragraph\"><span class=\"qk-md-text complete\">6.4 Nous coop\u00e9rerons pleinement avec toute autorit\u00e9 d&rsquo;application de la loi ou ordonnance du tribunal demandant ou nous enjoignant de divulguer l&rsquo;identit\u00e9 ou de localiser toute personne publiant tout mat\u00e9riel en violation des clauses 6.2 ou 6.3.<\/span><\/div><div class=\"qk-md-paragraph\"><strong class=\"qk-md-strong complete\"><span class=\"qk-md-text complete\">LIENS VERS ET DEPUIS D&rsquo;AUTRES SITES WEB<\/span><\/strong><br \/><span class=\"qk-md-text complete\">7.1 Les liens vers des sites web de tiers sur ce site web sont fournis uniquement pour votre commodit\u00e9. Si vous utilisez ces liens, vous quittez ce site web. Nous n&rsquo;avons pas examin\u00e9 tous ces sites web tiers et ne contr\u00f4lons pas et ne sommes pas responsables de ces sites web ou de leur contenu ou disponibilit\u00e9. Nous n&rsquo;approuvons donc pas et ne faisons aucune d\u00e9claration \u00e0 leur sujet, ou \u00e0 propos de tout mat\u00e9riel qui s&rsquo;y trouve, ou de tout r\u00e9sultat qui pourrait \u00eatre obtenu en les utilisant. Si vous d\u00e9cidez d&rsquo;acc\u00e9der \u00e0 l&rsquo;un des sites web tiers li\u00e9s \u00e0 ce site web, vous le faites enti\u00e8rement \u00e0 vos propres risques.<\/span><\/div><div class=\"qk-md-paragraph\"><span class=\"qk-md-text complete\">7.2 Vous pouvez cr\u00e9er un lien vers ce site web, mais vous \u00eates soumis aux conditions suivantes :<\/span><br \/><span class=\"qk-md-text complete\">(a) vous ne retirez pas, ne d\u00e9formez pas ou ne modifiez pas autrement la taille ou l&rsquo;apparence du logo PHi ;<\/span><br \/><span class=\"qk-md-text complete\">(b) vous ne cr\u00e9ez pas un cadre ou tout autre environnement de navigateur ou de bordure autour de ce site web ;<\/span><br \/><span class=\"qk-md-text complete\">(c) vous n&rsquo;impliquez en aucune mani\u00e8re que nous approuvons des produits ou services autres que les n\u00f4tres ;<\/span><br \/><span class=\"qk-md-text complete\">(d) vous ne d\u00e9formez pas votre relation avec nous ni ne pr\u00e9sentez toute autre fausse information \u00e0 notre sujet ;<\/span><br \/><span class=\"qk-md-text complete\">(e) vous n&rsquo;utilisez pas autrement toutes les marques commerciales PHi affich\u00e9es sur ce site web sans notre autorisation \u00e9crite expresse ;<\/span><br \/><span class=\"qk-md-text complete\">(g) votre site web ne contient pas de contenu qui est d\u00e9sagr\u00e9able, offensant ou controvers\u00e9, enfreint tout droit de propri\u00e9t\u00e9 intellectuelle ou d&rsquo;autres droits de toute autre personne ou autrement ne se conforme pas \u00e0 toutes les lois et r\u00e9glementations applicables.<\/span><br \/><span class=\"qk-md-text complete\">Nous nous r\u00e9servons express\u00e9ment le droit de r\u00e9voquer le droit accord\u00e9 dans la pr\u00e9sente clause 7.2 pour violation de ces conditions et de prendre toute mesure que nous jugeons appropri\u00e9e.<\/span><br \/><span class=\"qk-md-text complete\">7.3 Vous nous indemniserez pleinement pour toute perte ou dommage que nous pourrions subir ou encourir \u00e0 la suite de votre violation de la clause 7.2.<\/span><\/div><div class=\"qk-md-paragraph\"><strong class=\"qk-md-strong complete\"><span class=\"qk-md-text complete\">INSCRIPTION<\/span><\/strong><br \/><span class=\"qk-md-text complete\">8.1 Pour vous inscrire sur phi-cycling.cc, vous devez avoir plus de dix-huit ans.<\/span><\/div><div class=\"qk-md-paragraph\"><span class=\"qk-md-text complete\">8.2 Chaque inscription est destin\u00e9e \u00e0 un seul utilisateur uniquement. Nous ne vous permettons pas de partager votre nom d&rsquo;utilisateur et votre mot de passe avec toute autre personne ni avec plusieurs utilisateurs sur un r\u00e9seau.<\/span><\/div><div class=\"qk-md-paragraph\"><span class=\"qk-md-text complete\">8.3 La responsabilit\u00e9 de la s\u00e9curit\u00e9 de tous les mots de passe \u00e9mis vous incombe et si vous savez ou soup\u00e7onnez que quelqu&rsquo;un d&rsquo;autre conna\u00eet votre mot de passe, vous devez nous contacter imm\u00e9diatement.<\/span><\/div><div class=\"qk-md-paragraph\"><span class=\"qk-md-text complete\">8.4 Nous pouvons suspendre ou annuler votre inscription imm\u00e9diatement \u00e0 notre discr\u00e9tion raisonnable ou si vous enfreignez l&rsquo;une de vos obligations en vertu des pr\u00e9sentes conditions g\u00e9n\u00e9rales.<\/span><\/div><div class=\"qk-md-paragraph\"><strong class=\"qk-md-strong complete\"><span class=\"qk-md-text complete\">AVERTISSEMENT<\/span><\/strong><br \/><span class=\"qk-md-text complete\">9.1 Bien que nous nous efforcions de garantir que les informations sur ce site web sont correctes, nous ne garantissons pas l&rsquo;exactitude et l&rsquo;exhaustivit\u00e9 du mat\u00e9riel sur ce site web. Nous pouvons apporter des modifications au mat\u00e9riel sur ce site web, ou aux produits et prix qui y sont d\u00e9crits, \u00e0 tout moment sans pr\u00e9avis. Le mat\u00e9riel sur ce site web peut \u00eatre p\u00e9rim\u00e9, et nous ne prenons aucun engagement de mettre \u00e0 jour ce mat\u00e9riel.<\/span><\/div>\t\t\t\t\t\t\t\t<\/div>\n\t\t\t\t\t<\/div>\n\t\t\t\t<\/div>\n\t\t\t\t<\/div>\n\t\t","protected":false},"excerpt":{"rendered":"<p>Termes et conditionsLes pr\u00e9sentes conditions g\u00e9n\u00e9rales s&rsquo;appliquent \u00e0 l&rsquo;utilisation de ce site web \u00e0 l&rsquo;adresse phi-cycling.cc. En acc\u00e9dant \u00e0 ce site web et\/ou en passant une commande, vous acceptez d&rsquo;\u00eatre li\u00e9 par ces termes et conditions.L&rsquo;utilisation de ce site web indique que vous acceptez ces conditions, que vous choisissiez ou non de vous inscrire chez [&hellip;]<\/p>\n","protected":false},"author":1,"featured_media":0,"parent":0,"menu_order":0,"comment_status":"closed","ping_status":"closed","template":"","meta":{"footnotes":""},"class_list":["post-4792","page","type-page","status-publish","hentry"],"_links":{"self":[{"href":"https:\/\/phi-cycling.cc\/fr\/wp-json\/wp\/v2\/pages\/4792","targetHints":{"allow":["GET"]}}],"collection":[{"href":"https:\/\/phi-cycling.cc\/fr\/wp-json\/wp\/v2\/pages"}],"about":[{"href":"https:\/\/phi-cycling.cc\/fr\/wp-json\/wp\/v2\/types\/page"}],"author":[{"embeddable":true,"href":"https:\/\/phi-cycling.cc\/fr\/wp-json\/wp\/v2\/users\/1"}],"replies":[{"embeddable":true,"href":"https:\/\/phi-cycling.cc\/fr\/wp-json\/wp\/v2\/comments?post=4792"}],"version-history":[{"count":4,"href":"https:\/\/phi-cycling.cc\/fr\/wp-json\/wp\/v2\/pages\/4792\/revisions"}],"predecessor-version":[{"id":4830,"href":"https:\/\/phi-cycling.cc\/fr\/wp-json\/wp\/v2\/pages\/4792\/revisions\/4830"}],"wp:attachment":[{"href":"https:\/\/phi-cycling.cc\/fr\/wp-json\/wp\/v2\/media?parent=4792"}],"curies":[{"name":"wp","href":"https:\/\/api.w.org\/{rel}","templated":true}]}}