{"id":3915,"date":"2025-12-25T13:53:27","date_gmt":"2025-12-25T05:53:27","guid":{"rendered":"https:\/\/phi-cycling.cc\/product\/phi-disc-wheel-master\/"},"modified":"2026-04-07T19:23:17","modified_gmt":"2026-04-07T11:23:17","slug":"phi-disc-wheel-master","status":"publish","type":"product","link":"https:\/\/phi-cycling.cc\/fr\/produit\/phi-disc-wheel-master\/","title":{"rendered":"PHi DISC WHEEL MASTER"},"content":{"rendered":"\t\t<div data-elementor-type=\"product-post\" data-elementor-id=\"3915\" class=\"elementor elementor-3915 elementor-1515\" data-elementor-post-type=\"product\">\n\t\t\t\t<div class=\"elementor-element elementor-element-514dacf e-flex e-con-boxed e-con e-parent\" data-id=\"514dacf\" data-element_type=\"container\" data-e-type=\"container\">\n\t\t\t\t\t<div class=\"e-con-inner\">\n\t\t<div class=\"elementor-element elementor-element-00acfa9 e-con-full e-flex e-con e-child\" data-id=\"00acfa9\" data-element_type=\"container\" data-e-type=\"container\">\n\t\t\t\t<div class=\"elementor-element elementor-element-0795b77 elementor-widget elementor-widget-text-editor\" data-id=\"0795b77\" data-element_type=\"widget\" data-e-type=\"widget\" data-widget_type=\"text-editor.default\">\n\t\t\t\t\t\t\t\t\t<table style=\"border-collapse: collapse; width: 99.8949%; height: 256px;\"><tbody><tr style=\"height: 24px;\"><td style=\"width: 97.4176%; height: 24px;\" colspan=\"2\" width=\"50%\">Jante (arri\u00e8re)<\/td><\/tr><tr style=\"height: 24px;\"><td style=\"width: 50%; height: 24px;\"><strong>Taille de la roue<\/strong><\/td><td style=\"width: 47.4176%; height: 24px;\">622mm(700c)<\/td><\/tr><tr><td style=\"width: 50%;\">Mat\u00e9riau<strong><br><\/strong><\/td><td style=\"width: 47.4176%;\">Fibre de carbone<\/td><\/tr><tr style=\"height: 48px;\"><td style=\"width: 50%; height: 48px;\"><strong>Compatibilit\u00e9 des pneus<\/strong><\/td><td style=\"width: 47.4176%; height: 48px;\">Compatible avec les pneus sans chambre \u00e0 air<\/td><\/tr><tr style=\"height: 24px;\"><td style=\"width: 50%; height: 24px;\"><strong>Type de perle<\/strong><\/td><td style=\"width: 47.4176%; height: 24px;\">Crochet<\/td><\/tr><tr style=\"height: 24px;\"><td style=\"width: 50%; height: 24px;\"><strong>Profondeur de la jante<\/strong><\/td><td style=\"width: 47.4176%; height: 24px;\">25 mm<\/td><\/tr><tr style=\"height: 24px;\"><td style=\"width: 50%; height: 24px;\"><strong>Largeur int\u00e9rieure<\/strong><\/td><td style=\"width: 47.4176%; height: 24px;\">23 mm<\/td><\/tr><tr style=\"height: 24px;\"><td style=\"width: 50%; height: 24px;\"><strong>Largeur ext\u00e9rieure<\/strong><\/td><td style=\"width: 47.4176%; height: 24px;\">30 mm<\/td><\/tr><\/tbody><\/table>\t\t\t\t\t\t\t\t<\/div>\n\t\t\t\t<\/div>\n\t\t<div class=\"elementor-element elementor-element-68d3727 e-con-full e-flex e-con e-child\" data-id=\"68d3727\" data-element_type=\"container\" data-e-type=\"container\">\n\t\t\t\t<div class=\"elementor-element elementor-element-4085215 elementor-widget elementor-widget-text-editor\" data-id=\"4085215\" data-element_type=\"widget\" data-e-type=\"widget\" data-widget_type=\"text-editor.default\">\n\t\t\t\t\t\t\t\t\t<table style=\"border-collapse: collapse; width: 100%;\"><tbody><tr><td style=\"width: 50%;\" colspan=\"2\" width=\"50%\"><strong>Hub<\/strong><\/td><\/tr><tr><td style=\"width: 50%;\"><strong>Espacement des moyeux arri\u00e8re<\/strong><\/td><td style=\"width: 50%;\">12x142mm<\/td><\/tr><tr><td style=\"width: 50%;\"><strong>Palier<\/strong><\/td><td style=\"width: 50%;\">Acier inoxydable Enduro<\/td><\/tr><tr><td style=\"width: 50%;\"><strong>Compatibilit\u00e9 des freins<\/strong><\/td><td style=\"width: 50%;\">Disque (blocage central)<\/td><\/tr><tr><td style=\"width: 50%;\"><strong>Type de roue libre<\/strong><\/td><td style=\"width: 50%;\">\u00e0 cliquet<\/td><\/tr><tr><td style=\"width: 50%;\"><strong>Compatibilit\u00e9 des moyeux libres<\/strong><\/td><td style=\"width: 50%;\">Shimano HG\/ SRAM XDR<\/td><\/tr><tr><td style=\"width: 50%;\"><strong> <\/strong><\/td><td style=\"width: 50%;\"> <\/td><\/tr><tr><td style=\"width: 50%;\"><strong> <\/strong><\/td><td style=\"width: 50%;\"> <\/td><\/tr><\/tbody><\/table>\t\t\t\t\t\t\t\t<\/div>\n\t\t\t\t<\/div>\n\t\t<div class=\"elementor-element elementor-element-4a897de e-con-full e-flex e-con e-child\" data-id=\"4a897de\" data-element_type=\"container\" data-e-type=\"container\">\n\t\t\t\t<div class=\"elementor-element elementor-element-5deca42 elementor-widget elementor-widget-text-editor\" data-id=\"5deca42\" data-element_type=\"widget\" data-e-type=\"widget\" data-widget_type=\"text-editor.default\">\n\t\t\t\t\t\t\t\t\t<table style=\"border-collapse: collapse; width: 100%; height: 216px;\"><tbody><tr style=\"height: 24px;\"><td style=\"width: 100%; height: 24px;\" colspan=\"2\" width=\"50%\"><strong>Autre<\/strong><\/td><\/tr><tr style=\"height: 24px;\"><td style=\"width: 49.2772%; height: 24px;\"><strong>Finition de la jante<\/strong><\/td><td style=\"width: 50.7228%; height: 24px;\">Finition brute<\/td><\/tr><tr style=\"height: 24px;\"><td style=\"width: 49.2772%; height: 24px;\"><strong>Accessoires inclus<\/strong><\/td><td style=\"width: 50.7228%; height: 24px;\">Soupapes et rubans sans chambre \u00e0 air pr\u00e9install\u00e9s<\/td><\/tr><tr style=\"height: 24px;\"><td style=\"width: 49.2772%; height: 24px;\"><strong>Poids (arri\u00e8re)<\/strong><\/td><td style=\"width: 50.7228%; height: 24px;\">915 \u00b1 20g (sans valves ni bandes tubeless)<\/td><\/tr><tr style=\"height: 24px;\"><td style=\"width: 49.2772%; height: 24px;\"><strong>Charge maximale, v\u00e9lo + utilisateur (Kg)<\/strong><\/td><td style=\"width: 50.7228%; height: 24px;\">280lbs\/120kg<\/td><\/tr><tr style=\"height: 24px;\"><td style=\"width: 49.2772%; height: 24px;\"><strong>Tailles de pneus compatibles<\/strong><\/td><td style=\"width: 50.7228%; height: 24px;\">700 x 25-43C<\/td><\/tr><tr style=\"height: 48px;\"><td style=\"width: 49.2772%; height: 48px;\"><strong>Tailles de pneus recommand\u00e9es<\/strong><\/td><td style=\"width: 50.7228%; height: 48px;\">700 x 28-30C<\/td><\/tr><tr style=\"height: 24px;\"><td style=\"width: 49.2772%; height: 24px;\"><strong>Certification<\/strong><\/td><td style=\"width: 50.7228%; height: 24px;\">Approuv\u00e9 par l&rsquo;UCI<\/td><\/tr><\/tbody><\/table>\t\t\t\t\t\t\t\t<\/div>\n\t\t\t\t<\/div>\n\t\t<div class=\"elementor-element elementor-element-d2c7677 e-con-full e-flex e-con e-child\" data-id=\"d2c7677\" data-element_type=\"container\" data-e-type=\"container\">\n\t\t\t\t<div class=\"elementor-element elementor-element-dc1f833 elementor-widget elementor-widget-text-editor\" data-id=\"dc1f833\" data-element_type=\"widget\" data-e-type=\"widget\" data-widget_type=\"text-editor.default\">\n\t\t\t\t\t\t\t\t\t<table style=\"border-collapse: collapse; width: 100%; height: 72px;\"><tbody><tr style=\"height: 24px;\"><td style=\"width: 50%; height: 24px;\">Faux-rond lat\u00e9ral<\/td><td style=\"width: 50%; height: 24px;\">\u2264 0,3 mm<\/td><\/tr><tr style=\"height: 24px;\"><td style=\"width: 50%; height: 24px;\">Faux-rond radial<\/td><td style=\"width: 50%; height: 24px;\">\u2264 0,35 mm<\/td><\/tr><tr style=\"height: 24px;\"><td style=\"width: 50%; height: 24px;\">Impact UCI<\/td><td style=\"width: 50%; height: 24px;\">\u226580J<\/td><\/tr><tr><td style=\"width: 50%;\"> <\/td><td style=\"width: 50%;\"> <\/td><\/tr><tr><td style=\"width: 50%;\"> <\/td><td style=\"width: 50%;\"> <\/td><\/tr><tr><td style=\"width: 50%;\"> <\/td><td style=\"width: 50%;\"> <\/td><\/tr><tr><td style=\"width: 50%;\"> <\/td><td style=\"width: 50%;\"> <\/td><\/tr><tr><td style=\"width: 50%;\"> <\/td><td style=\"width: 50%;\"> <\/td><\/tr><\/tbody><\/table>\t\t\t\t\t\t\t\t<\/div>\n\t\t\t\t<\/div>\n\t\t\t\t\t<\/div>\n\t\t\t\t<\/div>\n\t\t\t\t<\/div>\n\t\t","protected":false},"excerpt":{"rendered":"<p>Transfert de puissance par disque int\u00e9gr\u00e9<\/p>\n<p>Construction sans couture entre le couvercle lat\u00e9ral et le disque|Direction de la puissance| Optimisation a\u00e9rodynamique tout temps de 25 mm.<\/p>\n<p>Haute rigidit\u00e9 et r\u00e9sistance aux chocs<\/p>\n<p>Panneaux lat\u00e9raux en carbone + disque du moyeu + jante coll\u00e9s avec pr\u00e9cision | R\u00e9sistance aux ultra-impacts de 90J | D\u00e9passe la norme UCI de 80%.<\/p>\n<p>Rotation de pr\u00e9cision<\/p>\n<p>Ultral\u00e9ger de 915 g | Excellent \u00e9quilibre dynamique | Validation rigoureuse sur piste.<\/p>\n","protected":false},"featured_media":3916,"comment_status":"open","ping_status":"closed","template":"","meta":[],"product_brand":[],"product_cat":[93],"product_tag":[],"class_list":{"0":"post-3915","1":"product","2":"type-product","3":"status-publish","4":"has-post-thumbnail","6":"product_cat-triathlon","8":"first","9":"instock","10":"shipping-taxable","11":"purchasable","12":"product-type-variable"},"_links":{"self":[{"href":"https:\/\/phi-cycling.cc\/fr\/wp-json\/wp\/v2\/product\/3915","targetHints":{"allow":["GET"]}}],"collection":[{"href":"https:\/\/phi-cycling.cc\/fr\/wp-json\/wp\/v2\/product"}],"about":[{"href":"https:\/\/phi-cycling.cc\/fr\/wp-json\/wp\/v2\/types\/product"}],"replies":[{"embeddable":true,"href":"https:\/\/phi-cycling.cc\/fr\/wp-json\/wp\/v2\/comments?post=3915"}],"version-history":[{"count":3,"href":"https:\/\/phi-cycling.cc\/fr\/wp-json\/wp\/v2\/product\/3915\/revisions"}],"predecessor-version":[{"id":4395,"href":"https:\/\/phi-cycling.cc\/fr\/wp-json\/wp\/v2\/product\/3915\/revisions\/4395"}],"wp:featuredmedia":[{"embeddable":true,"href":"https:\/\/phi-cycling.cc\/fr\/wp-json\/wp\/v2\/media\/3916"}],"wp:attachment":[{"href":"https:\/\/phi-cycling.cc\/fr\/wp-json\/wp\/v2\/media?parent=3915"}],"wp:term":[{"taxonomy":"product_brand","embeddable":true,"href":"https:\/\/phi-cycling.cc\/fr\/wp-json\/wp\/v2\/product_brand?post=3915"},{"taxonomy":"product_cat","embeddable":true,"href":"https:\/\/phi-cycling.cc\/fr\/wp-json\/wp\/v2\/product_cat?post=3915"},{"taxonomy":"product_tag","embeddable":true,"href":"https:\/\/phi-cycling.cc\/fr\/wp-json\/wp\/v2\/product_tag?post=3915"}],"curies":[{"name":"wp","href":"https:\/\/api.w.org\/{rel}","templated":true}]}}