{"id":4033,"date":"2025-12-25T10:36:07","date_gmt":"2025-12-25T02:36:07","guid":{"rendered":"https:\/\/phi-cycling.cc\/product\/phi-route-core-d50\/"},"modified":"2026-04-07T19:29:13","modified_gmt":"2026-04-07T11:29:13","slug":"phi-route-core-d50","status":"publish","type":"product","link":"https:\/\/phi-cycling.cc\/fr\/produit\/phi-route-core-d50\/","title":{"rendered":"PHi ROUTE CORE D50"},"content":{"rendered":"\t\t<div data-elementor-type=\"product-post\" data-elementor-id=\"4033\" class=\"elementor elementor-4033 elementor-1414\" data-elementor-post-type=\"product\">\n\t\t\t\t<div class=\"elementor-element elementor-element-514dacf e-flex e-con-boxed e-con e-parent\" data-id=\"514dacf\" data-element_type=\"container\" data-e-type=\"container\">\n\t\t\t\t\t<div class=\"e-con-inner\">\n\t\t<div class=\"elementor-element elementor-element-00acfa9 e-con-full e-flex e-con e-child\" data-id=\"00acfa9\" data-element_type=\"container\" data-e-type=\"container\">\n\t\t\t\t<div class=\"elementor-element elementor-element-0795b77 elementor-widget elementor-widget-text-editor\" data-id=\"0795b77\" data-element_type=\"widget\" data-e-type=\"widget\" data-widget_type=\"text-editor.default\">\n\t\t\t\t\t\t\t\t\t<table style=\"border-collapse: collapse; width: 99.897%;\"><tbody><tr><td style=\"width: 106.621%;\" colspan=\"2\" width=\"50%\">Jante<\/td><\/tr><tr><td style=\"width: 50%;\"><strong>Taille de la roue<\/strong><\/td><td style=\"width: 56.6214%;\">622mm(700c)<\/td><\/tr><tr><td style=\"width: 50%;\"><strong>Mat\u00e9riau<\/strong><\/td><td style=\"width: 56.6214%;\">Fibre de carbone<\/td><\/tr><tr><td style=\"width: 50%;\"><strong>Compatibilit\u00e9 des pneus<\/strong><\/td><td style=\"width: 56.6214%;\">Compatible avec les pneus sans chambre \u00e0 air<\/td><\/tr><tr><td style=\"width: 50%;\"><strong>Type de perle<\/strong><\/td><td style=\"width: 56.6214%;\">Crochet<\/td><\/tr><tr><td style=\"width: 50%;\"><strong>Profondeur de la jante<\/strong><\/td><td style=\"width: 56.6214%;\">50 mm<\/td><\/tr><tr><td style=\"width: 50%;\"><strong>Largeur int\u00e9rieure<\/strong><\/td><td style=\"width: 56.6214%;\">23 mm<\/td><\/tr><tr><td style=\"width: 50%;\"><strong>Largeur ext\u00e9rieure<\/strong><\/td><td style=\"width: 56.6214%;\">30 mm<\/td><\/tr><\/tbody><\/table>\t\t\t\t\t\t\t\t<\/div>\n\t\t\t\t<\/div>\n\t\t<div class=\"elementor-element elementor-element-68d3727 e-con-full e-flex e-con e-child\" data-id=\"68d3727\" data-element_type=\"container\" data-e-type=\"container\">\n\t\t\t\t<div class=\"elementor-element elementor-element-4085215 elementor-widget elementor-widget-text-editor\" data-id=\"4085215\" data-element_type=\"widget\" data-e-type=\"widget\" data-widget_type=\"text-editor.default\">\n\t\t\t\t\t\t\t\t\t<table style=\"border-collapse: collapse; width: 100%;\"><tbody><tr><td style=\"width: 50%;\" colspan=\"2\" width=\"50%\"><strong>Hub<\/strong><\/td><\/tr><tr><td style=\"width: 50%;\" width=\"50%\"><strong>Espacement des moyeux avant<\/strong><\/td><td style=\"width: 50%;\" width=\"50%\">12x100mm<\/td><\/tr><tr><td style=\"width: 50%;\"><strong>Espacement des moyeux arri\u00e8re<\/strong><\/td><td style=\"width: 50%;\">12x142mm<\/td><\/tr><tr><td style=\"width: 50%;\"><strong>Palier<\/strong><\/td><td style=\"width: 50%;\">S&amp;S Stainless<\/td><\/tr><tr><td style=\"width: 50%;\"><strong>Compatibilit\u00e9 des freins<\/strong><\/td><td style=\"width: 50%;\">Disque (blocage central)<\/td><\/tr><tr><td style=\"width: 50%;\"><strong>Type de roue libre<\/strong><\/td><td style=\"width: 50%;\">\u00e0 cliquet<\/td><\/tr><tr><td style=\"width: 50%;\"><strong>Compatibilit\u00e9 des moyeux libres<\/strong><\/td><td style=\"width: 50%;\">Shimano HG\/ SRAM XDR<\/td><\/tr><tr><td style=\"width: 50%;\"><strong> <\/strong><\/td><td style=\"width: 50%;\"> <\/td><\/tr><\/tbody><\/table>\t\t\t\t\t\t\t\t<\/div>\n\t\t\t\t<\/div>\n\t\t<div class=\"elementor-element elementor-element-4a897de e-con-full e-flex e-con e-child\" data-id=\"4a897de\" data-element_type=\"container\" data-e-type=\"container\">\n\t\t\t\t<div class=\"elementor-element elementor-element-5deca42 elementor-widget elementor-widget-text-editor\" data-id=\"5deca42\" data-element_type=\"widget\" data-e-type=\"widget\" data-widget_type=\"text-editor.default\">\n\t\t\t\t\t\t\t\t\t<table style=\"border-collapse: collapse; width: 100%; height: 216px;\"><tbody><tr style=\"height: 24px;\"><td style=\"width: 100%; height: 24px;\" colspan=\"2\" width=\"50%\"><strong>Autre<\/strong><\/td><\/tr><tr style=\"height: 24px;\"><td style=\"width: 49.7255%; height: 24px;\"><strong>Finition de la jante<\/strong><\/td><td style=\"width: 50.2745%; height: 24px;\">Mat fum\u00e9<\/td><\/tr><tr style=\"height: 24px;\"><td style=\"width: 49.7255%; height: 24px;\"><strong>Accessoires inclus<\/strong><\/td><td style=\"width: 50.2745%; height: 24px;\">Soupapes et rubans sans chambre \u00e0 air pr\u00e9install\u00e9s<\/td><\/tr><tr style=\"height: 24px;\"><td style=\"width: 49.7255%; height: 24px;\"><strong>Poids (paire)<\/strong><\/td><td style=\"width: 50.2745%; height: 24px;\">1277g\u00b13%(Sans valves ni bandes tubeless)<\/td><\/tr><tr style=\"height: 24px;\"><td style=\"width: 49.7255%; height: 24px;\"><strong>Charge maximale, v\u00e9lo + utilisateur (Kg)<\/strong><\/td><td style=\"width: 50.2745%; height: 24px;\">270lbs\/120kg<\/td><\/tr><tr style=\"height: 24px;\"><td style=\"width: 49.7255%; height: 24px;\"><strong>Tailles de pneus compatibles<\/strong><\/td><td style=\"width: 50.2745%; height: 24px;\">700 x 28-45C<\/td><\/tr><tr style=\"height: 48px;\"><td style=\"width: 49.7255%; height: 48px;\"><strong>Tailles de pneus recommand\u00e9es<\/strong><\/td><td style=\"width: 50.2745%; height: 48px;\">700 x 28-30C<\/td><\/tr><tr style=\"height: 24px;\"><td style=\"width: 49.7255%; height: 24px;\"><strong>Certification<\/strong><\/td><td style=\"width: 50.2745%; height: 24px;\">Approuv\u00e9 par l&rsquo;UCI<\/td><\/tr><\/tbody><\/table>\t\t\t\t\t\t\t\t<\/div>\n\t\t\t\t<\/div>\n\t\t<div class=\"elementor-element elementor-element-d2c7677 e-con-full e-flex e-con e-child\" data-id=\"d2c7677\" data-element_type=\"container\" data-e-type=\"container\">\n\t\t\t\t<div class=\"elementor-element elementor-element-7ce548a elementor-widget elementor-widget-text-editor\" data-id=\"7ce548a\" data-element_type=\"widget\" data-e-type=\"widget\" data-widget_type=\"text-editor.default\">\n\t\t\t\t\t\t\t\t\t<table style=\"width: 99.8969%; border-collapse: collapse; border-style: none; border-color: #ffffff; background-color: #ffffff;\" border=\"0\"><tbody><tr><td style=\"width: 106.918%;\" colspan=\"2\" width=\"50%\"><strong>Parler  <\/strong><\/td><\/tr><tr><td style=\"width: 50%;\"><strong>Nombre de rayons<\/strong><\/td><td style=\"width: 56.9178%;\">20F\/24R<\/td><\/tr><tr><td style=\"width: 50%;\"><strong>Type de rayon<\/strong><\/td><td style=\"width: 56.9178%;\">Rayon carbone VONOA ST320<\/td><\/tr><tr><td style=\"width: 50%;\"><strong> <\/strong><\/td><td style=\"width: 56.9178%;\"> <\/td><\/tr><tr><td style=\"width: 50%;\"><strong> <\/strong><\/td><td style=\"width: 56.9178%;\"> <\/td><\/tr><tr><td style=\"width: 50%;\"><strong> <\/strong><\/td><td style=\"width: 56.9178%;\"> <\/td><\/tr><tr><td style=\"width: 50%;\"><strong> <\/strong><\/td><td style=\"width: 56.9178%;\"> <\/td><\/tr><tr><td style=\"width: 50%;\"><strong> <\/strong><\/td><td style=\"width: 56.9178%;\"> <\/td><\/tr><\/tbody><\/table>\t\t\t\t\t\t\t\t<\/div>\n\t\t\t\t<\/div>\n\t\t\t\t\t<\/div>\n\t\t\t\t<\/div>\n\t\t\t\t<\/div>\n\t\t","protected":false},"excerpt":{"rendered":"<p>Core Series | La base de la performance<\/p>\n<p>Con\u00e7ue avec des rayons en carbone VONOA \u00e0 haute rigidit\u00e9 et un profil de jante d\u00e9di\u00e9 de 50 mm, cette paire de roues<\/p>\n<p>optimise l&rsquo;\u00e9quilibre entre durabilit\u00e9 et transfert de puissance r\u00e9actif.<\/p>\n<p>Sa construction robuste offre une acc\u00e9l\u00e9ration fiable pour l&rsquo;entra\u00eenement quotidien et la pratique progressive du v\u00e9lo<\/p>\n<p>&#8211; con\u00e7ue pour les cyclistes qui cherchent \u00e0 atteindre des performances de pointe.<\/p>\n","protected":false},"featured_media":4041,"comment_status":"open","ping_status":"closed","template":"","meta":[],"product_brand":[],"product_cat":[80,71],"product_tag":[119,120],"class_list":{"0":"post-4033","1":"product","2":"type-product","3":"status-publish","4":"has-post-thumbnail","6":"product_cat-core","7":"product_cat-roue-de-route","8":"product_tag-700c","9":"product_tag-frein-a-disque","11":"first","12":"instock","13":"shipping-taxable","14":"purchasable","15":"product-type-variable"},"_links":{"self":[{"href":"https:\/\/phi-cycling.cc\/fr\/wp-json\/wp\/v2\/product\/4033","targetHints":{"allow":["GET"]}}],"collection":[{"href":"https:\/\/phi-cycling.cc\/fr\/wp-json\/wp\/v2\/product"}],"about":[{"href":"https:\/\/phi-cycling.cc\/fr\/wp-json\/wp\/v2\/types\/product"}],"replies":[{"embeddable":true,"href":"https:\/\/phi-cycling.cc\/fr\/wp-json\/wp\/v2\/comments?post=4033"}],"version-history":[{"count":2,"href":"https:\/\/phi-cycling.cc\/fr\/wp-json\/wp\/v2\/product\/4033\/revisions"}],"predecessor-version":[{"id":4413,"href":"https:\/\/phi-cycling.cc\/fr\/wp-json\/wp\/v2\/product\/4033\/revisions\/4413"}],"wp:featuredmedia":[{"embeddable":true,"href":"https:\/\/phi-cycling.cc\/fr\/wp-json\/wp\/v2\/media\/4041"}],"wp:attachment":[{"href":"https:\/\/phi-cycling.cc\/fr\/wp-json\/wp\/v2\/media?parent=4033"}],"wp:term":[{"taxonomy":"product_brand","embeddable":true,"href":"https:\/\/phi-cycling.cc\/fr\/wp-json\/wp\/v2\/product_brand?post=4033"},{"taxonomy":"product_cat","embeddable":true,"href":"https:\/\/phi-cycling.cc\/fr\/wp-json\/wp\/v2\/product_cat?post=4033"},{"taxonomy":"product_tag","embeddable":true,"href":"https:\/\/phi-cycling.cc\/fr\/wp-json\/wp\/v2\/product_tag?post=4033"}],"curies":[{"name":"wp","href":"https:\/\/api.w.org\/{rel}","templated":true}]}}