{"id":4123,"date":"2025-12-25T09:06:58","date_gmt":"2025-12-25T01:06:58","guid":{"rendered":"https:\/\/phi-cycling.cc\/product\/phi-route-elite-d45\/"},"modified":"2026-04-07T19:30:38","modified_gmt":"2026-04-07T11:30:38","slug":"phi-route-elite-d45","status":"publish","type":"product","link":"https:\/\/phi-cycling.cc\/fr\/produit\/phi-route-elite-d45\/","title":{"rendered":"PHi ROUTE ELITE D45"},"content":{"rendered":"\t\t<div data-elementor-type=\"product-post\" data-elementor-id=\"4123\" class=\"elementor elementor-4123 elementor-1359\" data-elementor-post-type=\"product\">\n\t\t\t\t<div class=\"elementor-element elementor-element-514dacf e-flex e-con-boxed e-con e-parent\" data-id=\"514dacf\" data-element_type=\"container\" data-e-type=\"container\">\n\t\t\t\t\t<div class=\"e-con-inner\">\n\t\t<div class=\"elementor-element elementor-element-00acfa9 e-con-full e-flex e-con e-child\" data-id=\"00acfa9\" data-element_type=\"container\" data-e-type=\"container\">\n\t\t\t\t<div class=\"elementor-element elementor-element-0795b77 elementor-widget elementor-widget-text-editor\" data-id=\"0795b77\" data-element_type=\"widget\" data-e-type=\"widget\" data-widget_type=\"text-editor.default\">\n\t\t\t\t\t\t\t\t\t<table style=\"border-collapse: collapse; width: 99.4488%; height: 216px;\"><tbody><tr style=\"height: 24px;\"><td style=\"width: 106.22%; height: 24px;\" colspan=\"2\" width=\"50%\">Jante<\/td><\/tr><tr style=\"height: 24px;\"><td style=\"width: 50%; height: 24px;\"><strong>Taille de la roue<\/strong><\/td><td style=\"width: 56.2201%; height: 24px;\">622mm(700c)<\/td><\/tr><tr style=\"height: 24px;\"><td style=\"width: 50%; height: 24px;\">Mat\u00e9riau<strong><br><\/strong><\/td><td style=\"width: 56.2201%; height: 24px;\">Fibre de carbone<\/td><\/tr><tr style=\"height: 48px;\"><td style=\"width: 50%; height: 48px;\"><strong>Compatibilit\u00e9 des pneus<\/strong><\/td><td style=\"width: 56.2201%; height: 48px;\">Compatible avec les pneus sans chambre \u00e0 air<\/td><\/tr><tr style=\"height: 24px;\"><td style=\"width: 50%; height: 24px;\"><strong>Type de perle<\/strong><\/td><td style=\"width: 56.2201%; height: 24px;\">Crochet<\/td><\/tr><tr style=\"height: 24px;\"><td style=\"width: 50%; height: 24px;\"><strong>Profondeur de la jante<\/strong><\/td><td style=\"width: 56.2201%; height: 24px;\">45 mm<\/td><\/tr><tr style=\"height: 24px;\"><td style=\"width: 50%; height: 24px;\"><strong>Largeur int\u00e9rieure<\/strong><\/td><td style=\"width: 56.2201%; height: 24px;\">22 mm<\/td><\/tr><tr style=\"height: 24px;\"><td style=\"width: 50%; height: 24px;\"><strong>Largeur ext\u00e9rieure<\/strong><\/td><td style=\"width: 56.2201%; height: 24px;\">30 mm<\/td><\/tr><\/tbody><\/table>\t\t\t\t\t\t\t\t<\/div>\n\t\t\t\t<\/div>\n\t\t<div class=\"elementor-element elementor-element-68d3727 e-con-full e-flex e-con e-child\" data-id=\"68d3727\" data-element_type=\"container\" data-e-type=\"container\">\n\t\t\t\t<div class=\"elementor-element elementor-element-4085215 elementor-widget elementor-widget-text-editor\" data-id=\"4085215\" data-element_type=\"widget\" data-e-type=\"widget\" data-widget_type=\"text-editor.default\">\n\t\t\t\t\t\t\t\t\t<table style=\"border-collapse: collapse; width: 100%;\"><tbody><tr><td style=\"width: 50%;\" colspan=\"2\" width=\"50%\"><strong>Hub<\/strong><\/td><\/tr><tr><td style=\"width: 50%;\" width=\"50%\"><strong>Espacement des moyeux avant<\/strong><\/td><td style=\"width: 50%;\" width=\"50%\">12x100mm<\/td><\/tr><tr><td style=\"width: 50%;\"><strong>Espacement des moyeux arri\u00e8re<\/strong><\/td><td style=\"width: 50%;\">12x142mm<\/td><\/tr><tr><td style=\"width: 50%;\"><strong>Palier<\/strong><\/td><td style=\"width: 50%;\">TPI C\u00e9ramique<\/td><\/tr><tr><td style=\"width: 50%;\"><strong>Compatibilit\u00e9 des freins<\/strong><\/td><td style=\"width: 50%;\">Disque (blocage central)<\/td><\/tr><tr><td style=\"width: 50%;\"><strong>Type de roue libre<\/strong><\/td><td style=\"width: 50%;\">\u00e0 cliquet<\/td><\/tr><tr><td style=\"width: 50%;\"><strong>Compatibilit\u00e9 des moyeux libres<\/strong><\/td><td style=\"width: 50%;\">Shimano HG\/ SRAM XDR<\/td><\/tr><tr><td style=\"width: 50%;\"><strong> <\/strong><\/td><td style=\"width: 50%;\"> <\/td><\/tr><\/tbody><\/table>\t\t\t\t\t\t\t\t<\/div>\n\t\t\t\t<\/div>\n\t\t<div class=\"elementor-element elementor-element-4a897de e-con-full e-flex e-con e-child\" data-id=\"4a897de\" data-element_type=\"container\" data-e-type=\"container\">\n\t\t\t\t<div class=\"elementor-element elementor-element-5deca42 elementor-widget elementor-widget-text-editor\" data-id=\"5deca42\" data-element_type=\"widget\" data-e-type=\"widget\" data-widget_type=\"text-editor.default\">\n\t\t\t\t\t\t\t\t\t<table style=\"border-collapse: collapse; width: 100%; height: 216px;\"><tbody><tr style=\"height: 24px;\"><td style=\"width: 100%; height: 24px;\" colspan=\"2\" width=\"50%\"><strong>Autre<\/strong><\/td><\/tr><tr style=\"height: 24px;\"><td style=\"width: 49.2771%; height: 24px;\"><strong>Finition de la jante<\/strong><\/td><td style=\"width: 50.7229%; height: 24px;\">Finition brute<\/td><\/tr><tr style=\"height: 24px;\"><td style=\"width: 49.2771%; height: 24px;\"><strong>Accessoires inclus<\/strong><\/td><td style=\"width: 50.7229%; height: 24px;\">Soupapes et rubans sans chambre \u00e0 air pr\u00e9install\u00e9s<\/td><\/tr><tr style=\"height: 24px;\"><td style=\"width: 49.2771%; height: 24px;\"><strong>Poids (paire)<\/strong><\/td><td style=\"width: 50.7229%; height: 24px;\">1129g\u00b13%(Sans valves ni bandes tubeless)<\/td><\/tr><tr style=\"height: 24px;\"><td style=\"width: 49.2771%; height: 24px;\"><strong>Charge maximale, v\u00e9lo + utilisateur (Kg)<\/strong><\/td><td style=\"width: 50.7229%; height: 24px;\">270lbs\/120kg<\/td><\/tr><tr style=\"height: 24px;\"><td style=\"width: 49.2771%; height: 24px;\"><strong>Tailles de pneus compatibles<\/strong><\/td><td style=\"width: 50.7229%; height: 24px;\">700 x 28-45C<\/td><\/tr><tr style=\"height: 48px;\"><td style=\"width: 49.2771%; height: 48px;\"><strong>Tailles de pneus recommand\u00e9es<\/strong><\/td><td style=\"width: 50.7229%; height: 48px;\">700 x 28-30C<\/td><\/tr><tr style=\"height: 24px;\"><td style=\"width: 49.2771%; height: 24px;\"><strong>Certification<\/strong><\/td><td style=\"width: 50.7229%; height: 24px;\">Approuv\u00e9 par l&rsquo;UCI<\/td><\/tr><\/tbody><\/table>\t\t\t\t\t\t\t\t<\/div>\n\t\t\t\t<\/div>\n\t\t<div class=\"elementor-element elementor-element-d2c7677 e-con-full e-flex e-con e-child\" data-id=\"d2c7677\" data-element_type=\"container\" data-e-type=\"container\">\n\t\t\t\t<div class=\"elementor-element elementor-element-7ce548a elementor-widget elementor-widget-text-editor\" data-id=\"7ce548a\" data-element_type=\"widget\" data-e-type=\"widget\" data-widget_type=\"text-editor.default\">\n\t\t\t\t\t\t\t\t\t<table style=\"width: 99.8968%; border-collapse: collapse; border-style: none; border-color: #ffffff; background-color: #ffffff;\" border=\"0\"><tbody><tr><td style=\"width: 106.699%;\" colspan=\"2\" width=\"50%\"><strong>Parler  <\/strong><\/td><\/tr><tr><td style=\"width: 50%;\"><strong>Nombre de rayons<\/strong><\/td><td style=\"width: 56.6986%;\">20F\/24R<\/td><\/tr><tr><td style=\"width: 50%;\"><strong>Type de rayon<\/strong><\/td><td style=\"width: 56.6986%;\">Rayon carbone l\u00e9ger VONOA SLR320<\/td><\/tr><tr><td style=\"width: 50%;\"><strong> <\/strong><\/td><td style=\"width: 56.6986%;\"> <\/td><\/tr><tr><td style=\"width: 50%;\"><strong> <\/strong><\/td><td style=\"width: 56.6986%;\"> <\/td><\/tr><tr><td style=\"width: 50%;\"><strong> <\/strong><\/td><td style=\"width: 56.6986%;\"> <\/td><\/tr><tr><td style=\"width: 50%;\"><strong> <\/strong><\/td><td style=\"width: 56.6986%;\"> <\/td><\/tr><tr><td style=\"width: 50%;\"><strong> <\/strong><\/td><td style=\"width: 56.6986%;\"> <\/td><\/tr><\/tbody><\/table>\t\t\t\t\t\t\t\t<\/div>\n\t\t\t\t<\/div>\n\t\t\t\t\t<\/div>\n\t\t\t\t<\/div>\n\t\t\t\t<\/div>\n\t\t","protected":false},"excerpt":{"rendered":"<p>Elite Series | Le comp\u00e9titeur polyvalent<\/p>\n<p>Con\u00e7u avec des rayons en carbone amovibles VONOA ultra-l\u00e9gers et des jantes en carbone de pr\u00e9cision.<\/p>\n<p>Le design \u00e0 double profil 35 mm\/45 mm\/62 mm est optimis\u00e9 pour les terrains mixtes et les \u00e9chapp\u00e9es.<\/p>\n<p>Avec un poids de d\u00e9part de 1100-1300 g, il atteint l&rsquo;\u00e9quilibre parfait entre la r\u00e9activit\u00e9 en mont\u00e9e<\/p>\n<p>et l&rsquo;efficacit\u00e9 a\u00e9rodynamique, con\u00e7u pour le cycliste comp\u00e9titif complet.<\/p>\n","protected":false},"featured_media":4130,"comment_status":"open","ping_status":"closed","template":"","meta":[],"product_brand":[],"product_cat":[83,71],"product_tag":[],"class_list":{"0":"post-4123","1":"product","2":"type-product","3":"status-publish","4":"has-post-thumbnail","6":"product_cat-elite","7":"product_cat-roue-de-route","9":"first","10":"instock","11":"shipping-taxable","12":"purchasable","13":"product-type-variable"},"_links":{"self":[{"href":"https:\/\/phi-cycling.cc\/fr\/wp-json\/wp\/v2\/product\/4123","targetHints":{"allow":["GET"]}}],"collection":[{"href":"https:\/\/phi-cycling.cc\/fr\/wp-json\/wp\/v2\/product"}],"about":[{"href":"https:\/\/phi-cycling.cc\/fr\/wp-json\/wp\/v2\/types\/product"}],"replies":[{"embeddable":true,"href":"https:\/\/phi-cycling.cc\/fr\/wp-json\/wp\/v2\/comments?post=4123"}],"version-history":[{"count":2,"href":"https:\/\/phi-cycling.cc\/fr\/wp-json\/wp\/v2\/product\/4123\/revisions"}],"predecessor-version":[{"id":4425,"href":"https:\/\/phi-cycling.cc\/fr\/wp-json\/wp\/v2\/product\/4123\/revisions\/4425"}],"wp:featuredmedia":[{"embeddable":true,"href":"https:\/\/phi-cycling.cc\/fr\/wp-json\/wp\/v2\/media\/4130"}],"wp:attachment":[{"href":"https:\/\/phi-cycling.cc\/fr\/wp-json\/wp\/v2\/media?parent=4123"}],"wp:term":[{"taxonomy":"product_brand","embeddable":true,"href":"https:\/\/phi-cycling.cc\/fr\/wp-json\/wp\/v2\/product_brand?post=4123"},{"taxonomy":"product_cat","embeddable":true,"href":"https:\/\/phi-cycling.cc\/fr\/wp-json\/wp\/v2\/product_cat?post=4123"},{"taxonomy":"product_tag","embeddable":true,"href":"https:\/\/phi-cycling.cc\/fr\/wp-json\/wp\/v2\/product_tag?post=4123"}],"curies":[{"name":"wp","href":"https:\/\/api.w.org\/{rel}","templated":true}]}}