{"id":4259,"date":"2025-12-06T03:49:32","date_gmt":"2025-12-05T19:49:32","guid":{"rendered":"https:\/\/phi-cycling.cc\/product\/phi-core-du-manche\/"},"modified":"2026-04-07T17:31:46","modified_gmt":"2026-04-07T09:31:46","slug":"phi-core-du-manche","status":"publish","type":"product","link":"https:\/\/phi-cycling.cc\/fr\/produit\/phi-core-du-manche\/","title":{"rendered":"PHi CORE DU MANCHE"},"content":{"rendered":"\t\t<div data-elementor-type=\"product-post\" data-elementor-id=\"4259\" class=\"elementor elementor-4259 elementor-117\" data-elementor-post-type=\"product\">\n\t\t\t\t<div class=\"elementor-element elementor-element-126bc4d9 e-flex e-con-boxed e-con e-parent\" data-id=\"126bc4d9\" data-element_type=\"container\" data-e-type=\"container\">\n\t\t\t\t\t<div class=\"e-con-inner\">\n\t\t\t\t<div class=\"elementor-element elementor-element-554025c1 elementor-widget elementor-widget-text-editor\" data-id=\"554025c1\" data-element_type=\"widget\" data-e-type=\"widget\" data-widget_type=\"text-editor.default\">\n\t\t\t\t\t\t\t\t\t<table style=\"border-collapse: collapse; width: 100%;\"><tbody><tr><td style=\"width: 50%;\">Options de largeur de barre<\/td><td style=\"width: 50%;\">360-440mm<\/td><\/tr><tr><td style=\"width: 50%;\">Chute<\/td><td style=\"width: 50%;\">125,1 mm<\/td><\/tr><tr><td style=\"width: 50%;\">Port\u00e9e<\/td><td style=\"width: 50%;\">79,6 mm<\/td><\/tr><tr><td style=\"width: 50%;\">Poids<\/td><td style=\"width: 50%;\">330g (90x400mm)<\/td><\/tr><\/tbody><\/table>\t\t\t\t\t\t\t\t<\/div>\n\t\t\t\t\t<\/div>\n\t\t\t\t<\/div>\n\t\t\t\t<\/div>\n\t\t","protected":false},"excerpt":{"rendered":"<p>Ultra l\u00e9ger<\/p>\n<p>Am\u00e9lioration de l&rsquo;agilit\u00e9 et de l&rsquo;efficacit\u00e9 de l&rsquo;escalade.<\/p>\n<p>Une puissance parfaitement \u00e9quilibr\u00e9e<\/p>\n<p>Transfert de force direct et direction pr\u00e9cise pour les sprints et les sections techniques.<\/p>\n<p>\u00c9cart de rigidit\u00e9 Leti\/Right : \u22640,5mm.<\/p>\n<p>Durabilit\u00e9 extr\u00eame au-del\u00e0 des normes<\/p>\n<p>Con\u00e7u pour r\u00e9sister aux efforts maximaux des jours de course et \u00e0 l&rsquo;usure sans rel\u00e2che de l&rsquo;entra\u00eenement quotidien.<\/p>\n<p>Plus de 240 000 cycles d&rsquo;essai, ce qui d\u00e9passe de loin la norme industrielle de 50 \u00e0 100 000 cycles.<\/p>\n<p>Serrage sans souci<\/p>\n<p>Installation facile et s\u00fbre avec une compatibilit\u00e9 totale Shimano\/SRAM et une tol\u00e9rance de couple \u00e9lev\u00e9e.<\/p>\n","protected":false},"featured_media":118,"comment_status":"open","ping_status":"closed","template":"","meta":[],"product_brand":[],"product_cat":[99],"product_tag":[],"class_list":{"0":"post-4259","1":"product","2":"type-product","3":"status-publish","4":"has-post-thumbnail","6":"product_cat-guidon","8":"first","9":"instock","10":"shipping-taxable","11":"purchasable","12":"product-type-simple"},"_links":{"self":[{"href":"https:\/\/phi-cycling.cc\/fr\/wp-json\/wp\/v2\/product\/4259","targetHints":{"allow":["GET"]}}],"collection":[{"href":"https:\/\/phi-cycling.cc\/fr\/wp-json\/wp\/v2\/product"}],"about":[{"href":"https:\/\/phi-cycling.cc\/fr\/wp-json\/wp\/v2\/types\/product"}],"replies":[{"embeddable":true,"href":"https:\/\/phi-cycling.cc\/fr\/wp-json\/wp\/v2\/comments?post=4259"}],"version-history":[{"count":1,"href":"https:\/\/phi-cycling.cc\/fr\/wp-json\/wp\/v2\/product\/4259\/revisions"}],"predecessor-version":[{"id":4266,"href":"https:\/\/phi-cycling.cc\/fr\/wp-json\/wp\/v2\/product\/4259\/revisions\/4266"}],"wp:featuredmedia":[{"embeddable":true,"href":"https:\/\/phi-cycling.cc\/fr\/wp-json\/wp\/v2\/media\/118"}],"wp:attachment":[{"href":"https:\/\/phi-cycling.cc\/fr\/wp-json\/wp\/v2\/media?parent=4259"}],"wp:term":[{"taxonomy":"product_brand","embeddable":true,"href":"https:\/\/phi-cycling.cc\/fr\/wp-json\/wp\/v2\/product_brand?post=4259"},{"taxonomy":"product_cat","embeddable":true,"href":"https:\/\/phi-cycling.cc\/fr\/wp-json\/wp\/v2\/product_cat?post=4259"},{"taxonomy":"product_tag","embeddable":true,"href":"https:\/\/phi-cycling.cc\/fr\/wp-json\/wp\/v2\/product_tag?post=4259"}],"curies":[{"name":"wp","href":"https:\/\/api.w.org\/{rel}","templated":true}]}}