{"id":4673,"date":"2025-12-16T03:37:49","date_gmt":"2025-12-15T19:37:49","guid":{"rendered":"https:\/\/phi-cycling.cc\/politica-di-spedizione\/"},"modified":"2026-04-08T09:42:33","modified_gmt":"2026-04-08T01:42:33","slug":"politica-di-spedizione","status":"publish","type":"page","link":"https:\/\/phi-cycling.cc\/it\/politica-di-spedizione\/","title":{"rendered":"Politica di spedizione"},"content":{"rendered":"\t\t<div data-elementor-type=\"wp-page\" data-elementor-id=\"4673\" class=\"elementor elementor-4673 elementor-792\" data-elementor-post-type=\"page\">\n\t\t\t\t<div class=\"elementor-element elementor-element-c4eed0c e-flex e-con-boxed e-con e-parent\" data-id=\"c4eed0c\" data-element_type=\"container\" data-e-type=\"container\" data-settings=\"{&quot;background_background&quot;:&quot;classic&quot;}\">\n\t\t\t\t\t<div class=\"e-con-inner\">\n\t\t\t\t<div class=\"elementor-element elementor-element-bb17af0 elementor-widget elementor-widget-text-editor\" data-id=\"bb17af0\" data-element_type=\"widget\" data-e-type=\"widget\" data-widget_type=\"text-editor.default\">\n\t\t\t\t\t\t\t\t\t<p>Spedizione gratuita<br>Spediamo in tutto il mondo utilizzando un rinomato servizio di corriere internazionale. Se il tuo paese non \u00e8 presente tra le opzioni del nostro sito web, contattaci all&#8217;indirizzo service@phi-cycling.cc per maggiori informazioni. <\/p><p>Offriamo la spedizione gratuita in pi\u00f9 di 70 paesi per tutti gli ordini di ruote sul nostro sito.<\/p><p>Inoltre, attualmente offriamo un metodo di spedizione con tasse incluse nei seguenti paesi:<\/p><p>Stati Uniti<br>Canada (disponibile su richiesta)<br>La maggior parte dei paesi dell&#8217;UE<br>Regno Unito<br>Australia<br>Emirati Arabi Uniti<br>Malesia<br>Thailandia<br>Vietnam<br>Manila, Filippine (disponibile su richiesta)<\/p><p>I clienti non devono pagare i dazi doganali se scelgono il metodo di spedizione con tasse incluse nei loro ordini.<\/p><p>A causa degli elevati costi di spedizione del corriere verso determinate destinazioni remote, non siamo in grado di fornire la spedizione gratuita nei seguenti paesi. Verranno applicati costi aggiuntivi: <\/p><p>Turchia, Israele, Cile, Brasile, Argentina, Uruguay, Per\u00f9, Messico, Costa Rica, Arabia Saudita, Qatar. Se il tuo indirizzo di spedizione si trova in uno di questi paesi, contattaci all&#8217;indirizzo service@phi-cycling.cc per ulteriori informazioni. <\/p><p>Offriamo diverse opzioni di consegna. I tempi di spedizione variano a seconda del metodo di consegna utilizzato: (EMS\/DPD: 15-30 giorni, Fedex\/DHL\/UPS: 5-10 giorni). Potrebbero verificarsi ulteriori ritardi dovuti allo sdoganamento nel paese di destinazione.  <\/p><p>Dopo la spedizione dell&#8217;ordine, ti invieremo immediatamente il numero di tracking via e-mail. Puoi anche controllarlo direttamente sul nostro sito web. Inoltre, puoi tracciare il tuo pacco attraverso questo sito web: https:\/\/www.17track.net\/  <\/p><p>*La spedizione gratuita \u00e8 limitata agli ordini di ruote. Gli ordini di soli accessori sono soggetti a spese di spedizione aggiuntive. <\/p><p>Elaborazione dell&#8217;ordine<br>Gli ordini effettuati dal luned\u00ec al venerd\u00ec saranno elaborati il giorno stesso. Gli ordini effettuati il sabato o la domenica saranno evasi il luned\u00ec successivo. Dopo aver effettuato l&#8217;ordine, lo invieremo alla fabbrica per la produzione. La produzione richiede solitamente 5 giorni lavorativi se i cerchi sono disponibili in magazzino. Gli ordini personalizzati o gli ordini con cerchi non disponibili in magazzino richiedono solitamente 12-15 giorni lavorativi. I tempi di consegna sono la somma dei tempi di produzione e dei tempi di logistica. Dopo la spedizione dei cerchi, ti invieremo il numero di tracciamento.(*La spedizione internazionale ha un tempo di elaborazione di 3-5 giorni lavorativi).<\/p><p>Non possiamo controllare la velocit\u00e0 di spedizione una volta che l&#8217;articolo \u00e8 stato spedito dal nostro magazzino. Ti preghiamo di essere paziente. Se desideri una spedizione pi\u00f9 rapida, contattaci all&#8217;indirizzo service@phi-cycling.cc.  <\/p>\t\t\t\t\t\t\t\t<\/div>\n\t\t\t\t\t<\/div>\n\t\t\t\t<\/div>\n\t\t\t\t<\/div>\n\t\t","protected":false},"excerpt":{"rendered":"<p>Spedizione gratuitaSpediamo in tutto il mondo utilizzando un rinomato servizio di corriere internazionale. Se il tuo paese non \u00e8 presente tra le opzioni del nostro sito web, contattaci all&#8217;indirizzo service@phi-cycling.cc per maggiori informazioni. Offriamo la spedizione gratuita in pi\u00f9 di 70 paesi per tutti gli ordini di ruote sul nostro sito. Inoltre, attualmente offriamo un [&hellip;]<\/p>\n","protected":false},"author":1,"featured_media":0,"parent":0,"menu_order":0,"comment_status":"closed","ping_status":"closed","template":"","meta":{"footnotes":""},"class_list":["post-4673","page","type-page","status-publish","hentry"],"_links":{"self":[{"href":"https:\/\/phi-cycling.cc\/it\/wp-json\/wp\/v2\/pages\/4673","targetHints":{"allow":["GET"]}}],"collection":[{"href":"https:\/\/phi-cycling.cc\/it\/wp-json\/wp\/v2\/pages"}],"about":[{"href":"https:\/\/phi-cycling.cc\/it\/wp-json\/wp\/v2\/types\/page"}],"author":[{"embeddable":true,"href":"https:\/\/phi-cycling.cc\/it\/wp-json\/wp\/v2\/users\/1"}],"replies":[{"embeddable":true,"href":"https:\/\/phi-cycling.cc\/it\/wp-json\/wp\/v2\/comments?post=4673"}],"version-history":[{"count":1,"href":"https:\/\/phi-cycling.cc\/it\/wp-json\/wp\/v2\/pages\/4673\/revisions"}],"predecessor-version":[{"id":4675,"href":"https:\/\/phi-cycling.cc\/it\/wp-json\/wp\/v2\/pages\/4673\/revisions\/4675"}],"wp:attachment":[{"href":"https:\/\/phi-cycling.cc\/it\/wp-json\/wp\/v2\/media?parent=4673"}],"curies":[{"name":"wp","href":"https:\/\/api.w.org\/{rel}","templated":true}]}}