{"id":4679,"date":"2025-12-16T03:34:12","date_gmt":"2025-12-15T19:34:12","guid":{"rendered":"https:\/\/phi-cycling.cc\/politica-di-garanzia\/"},"modified":"2026-04-08T09:42:41","modified_gmt":"2026-04-08T01:42:41","slug":"politica-di-garanzia","status":"publish","type":"page","link":"https:\/\/phi-cycling.cc\/it\/politica-di-garanzia\/","title":{"rendered":"Politica di garanzia"},"content":{"rendered":"\t\t<div data-elementor-type=\"wp-page\" data-elementor-id=\"4679\" class=\"elementor elementor-4679 elementor-787\" data-elementor-post-type=\"page\">\n\t\t\t\t<div class=\"elementor-element elementor-element-68bbc53 e-flex e-con-boxed e-con e-parent\" data-id=\"68bbc53\" data-element_type=\"container\" data-e-type=\"container\" data-settings=\"{&quot;background_background&quot;:&quot;classic&quot;}\">\n\t\t\t\t\t<div class=\"e-con-inner\">\n\t\t\t\t<div class=\"elementor-element elementor-element-7a7c9b3 elementor-widget elementor-widget-text-editor\" data-id=\"7a7c9b3\" data-element_type=\"widget\" data-e-type=\"widget\" data-widget_type=\"text-editor.default\">\n\t\t\t\t\t\t\t\t\t<p>POLITICA DI GARANZIA STANDARD<br>Apprezziamo i nostri clienti e ci impegniamo per garantire un&#8217;eccellente soddisfazione del cliente. Ogni ruota nuova acquistata su questo sito e presso i rivenditori certificati elencati sul nostro sito ha una garanzia di 3 anni. La nostra garanzia \u00e8 una dichiarazione del continuo impegno di PHi nel realizzare prodotti di alta qualit\u00e0.  <\/p><p>Quando inizia la garanzia? Quanto dura? <\/p><p>La garanzia limitata di 3 anni inizia dalla data di consegna delle ruote. Termina alla stessa data tre anni dopo. Il periodo di garanzia non si azzera in caso di sostituzione del cerchio o di altre parti.  <\/p><p>Quali ruote sono coperte dalla garanzia?<\/p><p>Tutte le ruote nuove acquistate sul sito PHi-cycling.cc e presso i rivenditori certificati presenti sul sito sono coperte da garanzia.<\/p><p>Le ruote di seconda mano sono in garanzia?<\/p><p>Il programma di garanzia non \u00e8 trasferibile e si applica solo all&#8217;acquirente iniziale.<\/p><p>Cosa \u00e8 coperto dalla garanzia?<\/p><p>La garanzia copre ruote, raggi, nippli e mozzi. La garanzia limitata copre solo i problemi causati da fattori non esterni durante il periodo di garanzia. Offriamo la sostituzione in caso di difetti nei materiali o nella lavorazione.  <\/p><p>Cosa non \u00e8 coperto dalla garanzia?<\/p><p>Parti vulnerabili come cuscinetti, valvole, sganci rapidi, assi passanti e pastiglie dei freni.<br>Assemblaggio o manutenzione non corretti.<br>Installazione di parti, accessori o pneumatici non originariamente previsti o compatibili con i cerchi\/ruote.<br>Danni o guasti causati da incidenti, danni accidentali, uso improprio del prodotto, danni da calore (tipicamente causati da una ruota troppo vicina allo scarico del veicolo), mancato rispetto delle specifiche d&#8217;uso del produttore o qualsiasi altro fattore esterno.<br>Utilizzo di raggi con calibro dritto.<br>Superamento del limite massimo di peso della ruota<br>Superamento della pressione del pneumatico indicata nella pagina del prodotto della ruota<br>Utilizzo di terreni e condizioni non adatti al tipo di ruote utilizzate<br>Utilizzo di una ruota non progettata per l&#8217;eMTB su una eMTB<br>Ruote acquistate da venditori non autorizzati<br>Cosa mi dici di spedizione e tasse?<\/p><p>Se il prodotto presenta un problema, ci faremo carico delle spese di spedizione e delle tasse associate solo se la causa \u00e8 legata alla produzione. Se il problema \u00e8 stato causato da fattori esterni, il cliente sar\u00e0 responsabile delle spese di spedizione e delle relative tasse.<br>Cosa succede se la mia ruota non \u00e8 pi\u00f9 disponibile sul sito? <\/p><p>Se PHi non produce pi\u00f9 il cerchio, il mozzo e i raggi che hai acquistato, ti aggiorneremo al modello equivalente pi\u00f9 recente senza costi aggiuntivi.<\/p><p>Come presentare una richiesta di garanzia?<\/p><p>Per presentare un reclamo in garanzia, compila e invia il modulo di assistenza post-vendita. Il modulo deve essere compilato e deve essere fornita una prova fotografica del problema. Una volta ricevuto il modulo, sarai contattato per ulteriori informazioni.  <\/p><p>Dove si possono revisionare le ruote?<\/p><p>Mentre le tue ruote sono in garanzia, possiamo farle riparare presso uno dei nostri centri di assistenza o presso la nostra sede centrale. Dopo aver inviato la richiesta di garanzia e dopo che ti avremo contattato, ti indicheremo il luogo in cui la tua ruota potr\u00e0 essere riparata. <\/p>\t\t\t\t\t\t\t\t<\/div>\n\t\t\t\t\t<\/div>\n\t\t\t\t<\/div>\n\t\t\t\t<\/div>\n\t\t","protected":false},"excerpt":{"rendered":"<p>POLITICA DI GARANZIA STANDARDApprezziamo i nostri clienti e ci impegniamo per garantire un&#8217;eccellente soddisfazione del cliente. Ogni ruota nuova acquistata su questo sito e presso i rivenditori certificati elencati sul nostro sito ha una garanzia di 3 anni. La nostra garanzia \u00e8 una dichiarazione del continuo impegno di PHi nel realizzare prodotti di alta qualit\u00e0. [&hellip;]<\/p>\n","protected":false},"author":1,"featured_media":0,"parent":0,"menu_order":0,"comment_status":"closed","ping_status":"closed","template":"","meta":{"footnotes":""},"class_list":["post-4679","page","type-page","status-publish","hentry"],"_links":{"self":[{"href":"https:\/\/phi-cycling.cc\/it\/wp-json\/wp\/v2\/pages\/4679","targetHints":{"allow":["GET"]}}],"collection":[{"href":"https:\/\/phi-cycling.cc\/it\/wp-json\/wp\/v2\/pages"}],"about":[{"href":"https:\/\/phi-cycling.cc\/it\/wp-json\/wp\/v2\/types\/page"}],"author":[{"embeddable":true,"href":"https:\/\/phi-cycling.cc\/it\/wp-json\/wp\/v2\/users\/1"}],"replies":[{"embeddable":true,"href":"https:\/\/phi-cycling.cc\/it\/wp-json\/wp\/v2\/comments?post=4679"}],"version-history":[{"count":1,"href":"https:\/\/phi-cycling.cc\/it\/wp-json\/wp\/v2\/pages\/4679\/revisions"}],"predecessor-version":[{"id":4681,"href":"https:\/\/phi-cycling.cc\/it\/wp-json\/wp\/v2\/pages\/4679\/revisions\/4681"}],"wp:attachment":[{"href":"https:\/\/phi-cycling.cc\/it\/wp-json\/wp\/v2\/media?parent=4679"}],"curies":[{"name":"wp","href":"https:\/\/api.w.org\/{rel}","templated":true}]}}