{"id":4696,"date":"2025-12-06T02:31:58","date_gmt":"2025-12-05T18:31:58","guid":{"rendered":"https:\/\/phi-cycling.cc\/chi-siamo\/"},"modified":"2026-04-08T09:43:00","modified_gmt":"2026-04-08T01:43:00","slug":"chi-siamo","status":"publish","type":"page","link":"https:\/\/phi-cycling.cc\/it\/chi-siamo\/","title":{"rendered":"Chi siamo"},"content":{"rendered":"\t\t<div data-elementor-type=\"wp-page\" data-elementor-id=\"4696\" class=\"elementor elementor-4696 elementor-76\" data-elementor-post-type=\"page\">\n\t\t\t\t\t\t<section class=\"elementor-section elementor-top-section elementor-element elementor-element-3610c5bf elementor-section-height-min-height elementor-section-boxed elementor-section-height-default elementor-section-items-middle\" data-id=\"3610c5bf\" data-element_type=\"section\" data-e-type=\"section\" data-settings=\"{&quot;background_background&quot;:&quot;classic&quot;,&quot;background_motion_fx_motion_fx_scrolling&quot;:&quot;yes&quot;,&quot;background_motion_fx_translateY_effect&quot;:&quot;yes&quot;,&quot;background_motion_fx_translateY_speed&quot;:{&quot;unit&quot;:&quot;px&quot;,&quot;size&quot;:4,&quot;sizes&quot;:[]},&quot;background_motion_fx_translateY_affectedRange&quot;:{&quot;unit&quot;:&quot;%&quot;,&quot;size&quot;:&quot;&quot;,&quot;sizes&quot;:{&quot;start&quot;:0,&quot;end&quot;:100}},&quot;background_motion_fx_devices&quot;:[&quot;desktop&quot;,&quot;tablet&quot;,&quot;mobile&quot;]}\">\n\t\t\t\t\t\t\t<div class=\"elementor-background-overlay\"><\/div>\n\t\t\t\t\t\t\t<div class=\"elementor-container elementor-column-gap-wider\">\n\t\t\t\t\t<div class=\"elementor-column elementor-col-100 elementor-top-column elementor-element elementor-element-2b51f6d5\" data-id=\"2b51f6d5\" data-element_type=\"column\" data-e-type=\"column\">\n\t\t\t<div class=\"elementor-widget-wrap elementor-element-populated\">\n\t\t\t\t\t\t<div class=\"elementor-element elementor-element-6b19e615 elementor-widget elementor-widget-heading\" data-id=\"6b19e615\" data-element_type=\"widget\" data-e-type=\"widget\" data-widget_type=\"heading.default\">\n\t\t\t\t\t<h1 class=\"elementor-heading-title elementor-size-default\">Informazioni su  <\/h1>\t\t\t\t<\/div>\n\t\t\t\t\t<\/div>\n\t\t<\/div>\n\t\t\t\t\t<\/div>\n\t\t<\/section>\n\t\t<div class=\"elementor-element elementor-element-52de9a4 e-flex e-con-boxed e-con e-parent\" data-id=\"52de9a4\" data-element_type=\"container\" data-e-type=\"container\" data-settings=\"{&quot;background_background&quot;:&quot;classic&quot;}\">\n\t\t\t\t\t<div class=\"e-con-inner\">\n\t\t\t\t<div class=\"elementor-element elementor-element-8fadca1 elementor-widget elementor-widget-text-editor\" data-id=\"8fadca1\" data-element_type=\"widget\" data-e-type=\"widget\" data-widget_type=\"text-editor.default\">\n\t\t\t\t\t\t\t\t\t<p>PHi: il rapporto d&#8217;oro delle prestazioni, progettato per l&#8217;equilibrio delle prestazioni<\/p><p>Qualit\u00e0 di alto livello, prezzi convenienti, assistenza locale e tecnologia Paintless Eco Carbon<\/p><p>PHi (\u03a6) non \u00e8 un simbolo che abbiamo preso in prestito, ma \u00e8 un principio che abbiamo studiato. Nel ciclismo ad alte prestazioni, ogni guadagno ha un costo:<br>pi\u00f9 leggero significa pi\u00f9 debole, pi\u00f9 rigido significa pi\u00f9 duro, pi\u00f9 veloce spesso significa pi\u00f9 pesante. PHi \u00e8 stato creato per risolvere questa contraddizione.  <\/p><p>PHi proviene dallo stesso stabilimento di produzione di Xiamen dei principali marchi di ruote in carbonio europei e americani. Costruite con linee di produzione identiche, materie prime di qualit\u00e0 superiore e rigorosi standard di controllo qualit\u00e0, offriamo un&#8217;autentica qualit\u00e0 di alto livello direttamente dalla fonte. Inoltre, portiamo questa qualit\u00e0 artigianale d&#8217;\u00e9lite a tutti i ciclisti con prezzi accessibili e convenienti e un servizio professionale localizzato: il mix perfetto di qualit\u00e0 globale e assistenza locale su misura.  <\/p><p>Crediamo che tutti debbano provare l&#8217;ebbrezza delle prestazioni estreme. La nostra missione \u00e8 semplice: rendere disponibili a tutti i ciclisti appassionati i prodotti in fibra di carbonio di alta gamma, un tempo riservati agli atleti d&#8217;\u00e9lite. &#8220;Esplorare i limiti del carbonio&#8221; non \u00e8 solo il nostro slogan: \u00e8 il nostro impegno a innovare senza sosta.  <\/p>\t\t\t\t\t\t\t\t<\/div>\n\t\t\t\t\t<\/div>\n\t\t\t\t<\/div>\n\t\t\t\t<\/div>\n\t\t","protected":false},"excerpt":{"rendered":"<p>Informazioni su PHi: il rapporto d&#8217;oro delle prestazioni, progettato per l&#8217;equilibrio delle prestazioni Qualit\u00e0 di alto livello, prezzi convenienti, assistenza locale e tecnologia Paintless Eco Carbon PHi (\u03a6) non \u00e8 un simbolo che abbiamo preso in prestito, ma \u00e8 un principio che abbiamo studiato. Nel ciclismo ad alte prestazioni, ogni guadagno ha un costo:pi\u00f9 leggero [&hellip;]<\/p>\n","protected":false},"author":1,"featured_media":0,"parent":0,"menu_order":0,"comment_status":"closed","ping_status":"closed","template":"","meta":{"footnotes":""},"class_list":["post-4696","page","type-page","status-publish","hentry"],"_links":{"self":[{"href":"https:\/\/phi-cycling.cc\/it\/wp-json\/wp\/v2\/pages\/4696","targetHints":{"allow":["GET"]}}],"collection":[{"href":"https:\/\/phi-cycling.cc\/it\/wp-json\/wp\/v2\/pages"}],"about":[{"href":"https:\/\/phi-cycling.cc\/it\/wp-json\/wp\/v2\/types\/page"}],"author":[{"embeddable":true,"href":"https:\/\/phi-cycling.cc\/it\/wp-json\/wp\/v2\/users\/1"}],"replies":[{"embeddable":true,"href":"https:\/\/phi-cycling.cc\/it\/wp-json\/wp\/v2\/comments?post=4696"}],"version-history":[{"count":1,"href":"https:\/\/phi-cycling.cc\/it\/wp-json\/wp\/v2\/pages\/4696\/revisions"}],"predecessor-version":[{"id":4698,"href":"https:\/\/phi-cycling.cc\/it\/wp-json\/wp\/v2\/pages\/4696\/revisions\/4698"}],"wp:attachment":[{"href":"https:\/\/phi-cycling.cc\/it\/wp-json\/wp\/v2\/media?parent=4696"}],"curies":[{"name":"wp","href":"https:\/\/api.w.org\/{rel}","templated":true}]}}