{"id":4784,"date":"2025-12-06T01:47:58","date_gmt":"2025-12-05T17:47:58","guid":{"rendered":"https:\/\/phi-cycling.cc\/refund_returns\/"},"modified":"2026-04-08T13:36:01","modified_gmt":"2026-04-08T05:36:01","slug":"politica-di-rimborso-e-reso","status":"publish","type":"page","link":"https:\/\/phi-cycling.cc\/it\/politica-di-rimborso-e-reso\/","title":{"rendered":"Politica di Rimborso e Reso"},"content":{"rendered":"\t\t<div data-elementor-type=\"wp-page\" data-elementor-id=\"4784\" class=\"elementor elementor-4784 elementor-12\" data-elementor-post-type=\"page\">\n\t\t\t\t<div class=\"elementor-element elementor-element-398e84a6 e-flex e-con-boxed e-con e-parent\" data-id=\"398e84a6\" data-element_type=\"container\" data-e-type=\"container\" data-settings=\"{&quot;background_background&quot;:&quot;classic&quot;}\">\n\t\t\t\t\t<div class=\"e-con-inner\">\n\t\t\t\t<div class=\"elementor-element elementor-element-72c1bc6a elementor-widget elementor-widget-text-editor\" data-id=\"72c1bc6a\" data-element_type=\"widget\" data-e-type=\"widget\" data-widget_type=\"text-editor.default\">\n\t\t\t\t\t\t\t\t\t<div class=\"qk-md-paragraph\"><strong class=\"qk-md-strong complete\"><span class=\"qk-md-text complete\">Politica di Rimborso e Reso<\/span><\/strong><\/div>\n<div class=\"qk-md-paragraph\"><span class=\"qk-md-text complete\">Tutte le richieste di reso devono essere effettuate compilando prima il Modulo di Richiesta di Assistenza Post-Vendita. Si prega di non rispedirci nessun articolo senza aver ricevuto un&#8217;approvazione preventiva. Qualsiasi articolo restituito senza approvazione preventiva non sar\u00e0 idoneo per un rimborso. Qualsiasi problema riguardante merce danneggiata o mancante deve essere comunicato a PHi entro 7 giorni dalla consegna. Se ci\u00f2 non avviene entro 7 giorni, PHi non sar\u00e0 ritenuta responsabile per eventuali danni o perdite.<\/span><\/div>\n<div class=\"qk-md-paragraph\"><strong class=\"qk-md-strong complete\"><span class=\"qk-md-text complete\">1 ANNULLAMENTO O MODIFICA DI UN ORDINE PRIMA DELLA SPEDIZIONE<\/span><\/strong><\/div>\n<ol class=\"qk-md-ol\" start=\"1\">\n<li class=\"qk-md-li complete\">\n<div class=\"qk-md-paragraph\"><span class=\"qk-md-text complete\">Se desideri modificare o annullare il tuo ordine, fallo entro 24 ore dall&#8217;effettuazione dell&#8217;ordine contattando PHiwheels via e-mail o la chat dal vivo del sito ufficiale. Le richieste di modifica o annullamento dopo 24 ore potrebbero non essere accolte. Se vengono accolte, potrebbero esserci costi aggiuntivi.<\/span><\/div>\n<\/li>\n<li class=\"qk-md-li complete\">\n<div class=\"qk-md-paragraph\"><span class=\"qk-md-text complete\">Dopo 24 ore dall&#8217;effettuazione di un ordine personalizzato, i resi e\/o le modifiche sono molto improbabili. Gli ordini personalizzati includono cerchi personalizzati, mozzi aggiornati, raggi aggiornati, decalcomanie personalizzate, nessuna decalcomania, ecc.<\/span><\/div>\n<\/li>\n<li class=\"qk-md-li complete\">\n<div class=\"qk-md-paragraph\"><span class=\"qk-md-text complete\">Se desideri annullare il tuo ordine prima che venga spedito, puoi notificarcelo via e-mail o la chat dal vivo del sito ufficiale di PHi. In alcuni casi, l&#8217;ordine potrebbe essere gi\u00e0 stato spedito prima che tu riceva una notifica.<\/span><\/div>\n<\/li>\n<li class=\"qk-md-li complete\">\n<div class=\"qk-md-paragraph\"><span class=\"qk-md-text complete\">Una volta che un ordine \u00e8 stato spedito tramite corriere, non pu\u00f2 essere annullato o modificato.<\/span><\/div>\n<\/li>\n<\/ol>\n<div class=\"qk-md-paragraph\"><strong class=\"qk-md-strong complete\"><span class=\"qk-md-text complete\">2 PRODOTTO DANNEGGIATO O MANCANTE<\/span><\/strong><\/div>\n<ol class=\"qk-md-ol\" start=\"1\">\n<li class=\"qk-md-li complete\">\n<div class=\"qk-md-paragraph\"><span class=\"qk-md-text complete\">Si prega di controllare attentamente il pacco di consegna al suo arrivo prima di firmare. Se ci sono danni evidenti, si prega di fare foto del danno e rifiutare il pacco. Entro 7 giorni dall&#8217;arrivo, inviare a PHi le foto del pacco danneggiato via e-mail o chat dal vivo.<\/span><\/div>\n<\/li>\n<li class=\"qk-md-li complete\">\n<div class=\"qk-md-paragraph\"><span class=\"qk-md-text complete\">Se viene presentata una reclamo alla compagnia di spedizione, questa fornir\u00e0 un numero di risarcimento. Si prega di informare PHi di questo numero ai fini del tracciamento della consegna.<\/span><\/div>\n<\/li>\n<li class=\"qk-md-li complete\">\n<div class=\"qk-md-paragraph\"><span class=\"qk-md-text complete\">Se hai firmato per il pacco, e poi scopri che la merce \u00e8 danneggiata dopo averlo aperto, contatta PHi entro 7 giorni dalla consegna. Dopo aver ricevuto l&#8217;approvazione per un reso, rispedisci il pacco a PHi entro 30 giorni dalla data di consegna. Entro 10 giorni dal ritorno della merce a PHi, la causa del problema sar\u00e0 verificata, e sarai contattato riguardo alla possibilit\u00e0 di un rimborso completo o di una sostituzione. In caso di rimborso, il rimborso sar\u00e0 inviato al tuo conto di pagamento originale.<\/span><\/div>\n<\/li>\n<\/ol>\n<div class=\"qk-md-paragraph\"><strong class=\"qk-md-strong complete\"><span class=\"qk-md-text complete\">3 RESI NON LEGATI ALLE CONDIZIONI DEL PRODOTTO<\/span><\/strong><br \/><span class=\"qk-md-text complete\">Speriamo che tu apprezzi il tuo acquisto. Se il prodotto che hai ordinato non soddisfa le tue aspettative per qualsiasi motivo, pu\u00f2 essere restituito con alcune limitazioni.<\/span><\/div>\n<div class=\"qk-md-paragraph\"><span class=\"qk-md-text complete\">Entro 30 giorni dalla consegna, contatta PHi tramite la chat dal vivo del sito ufficiale o via e-mail. Non rispedire nessun articolo a PHi senza aver ricevuto un&#8217;approvazione preventiva.<\/span><\/div>\n<div class=\"qk-md-paragraph\"><span class=\"qk-md-text complete\">Sarai responsabile per quanto segue: costo di spedizione al tuo indirizzo, costo di spedizione a PHi, e tutte le tasse, i costi o i dazi associati alla spedizione. Entro 10 giorni lavorativi dal ritorno del prodotto a PHiw, il rimborso sar\u00e0 organizzato.<\/span><\/div>\n<div class=\"qk-md-paragraph\"><span class=\"qk-md-text complete\">Se uno di questi si applica al tuo ordine, non \u00e8 idoneo per un reso:<\/span><\/div>\n<ul class=\"qk-md-ul\">\n<li class=\"qk-md-li complete\"><span class=\"qk-md-text complete\">Il prodotto \u00e8 stato utilizzato<\/span><\/li>\n<li class=\"qk-md-li complete\"><span class=\"qk-md-text complete\">La confezione del prodotto \u00e8 danneggiata<\/span><\/li>\n<li class=\"qk-md-li complete\"><span class=\"qk-md-text complete\">Il prodotto stesso \u00e8 danneggiato<\/span><\/li>\n<li class=\"qk-md-li complete\"><span class=\"qk-md-text complete\">Il prodotto non \u00e8 in piena condizione di rivendita<\/span><\/li>\n<li class=\"qk-md-li complete\"><span class=\"qk-md-text complete\">Il prodotto restituito non \u00e8 ricevuto da PHi<\/span><\/li>\n<li class=\"qk-md-li complete\"><span class=\"qk-md-text complete\">Sono passati pi\u00f9 di 30 giorni dalla consegna<\/span><\/li>\n<li class=\"qk-md-li complete\"><span class=\"qk-md-text complete\">Non c&#8217;\u00e8 prova d&#8217;acquisto<\/span><\/li>\n<li class=\"qk-md-li complete\"><span class=\"qk-md-text complete\">Il prodotto \u00e8 classificato come solo a tempo limitato e\/o non \u00e8 pi\u00f9 in produzione<\/span><\/li>\n<\/ul>\n<div class=\"qk-md-paragraph\"><strong class=\"qk-md-strong complete\"><span class=\"qk-md-text complete\">4 DIFETTI DI FABBRICAZIONE SOSPETTATI<\/span><\/strong><br \/><span class=\"qk-md-text complete\">Se qualsiasi prodotto acquistato da PHi \u00e8 sospettato di avere un difetto di fabbricazione entro 3 anni dalla data di consegna, si prega di compilare il nostro Modulo di Richiesta di Assistenza Post-Vendita. Maggiori informazioni sono disponibili nella nostra Politica di Garanzia.<\/span><\/div>\n<div class=\"qk-md-paragraph\"><strong class=\"qk-md-strong complete\"><span class=\"qk-md-text complete\">5 PROCEDURA DI RIMBORSO<\/span><\/strong><br \/><span class=\"qk-md-text complete\">Se il prodotto che stai restituendo soddisfa gli standard di reso e rimborso di PHi, sarai contattato entro 10 giorni lavorativi per confermare con te l&#8217;importo da rimborsare e organizzare il pagamento. Un rimborso verrebbe quindi inviato al tuo conto di pagamento originale. La banca potrebbe impiegare alcuni giorni per elaborare la transazione. Se PHi ti notifica che il rimborso \u00e8 stato inviato, e c&#8217;\u00e8 un ritardo, si prega di contattare direttamente la propria banca. Se il rimborso non \u00e8 ancora stato ricevuto entro 7 giorni dalla notifica, si prega di contattare PHi.<\/span><\/div>\n<div class=\"qk-md-paragraph\"><span class=\"qk-md-text complete\">Se il prodotto restituito non soddisfa gli standard di reso e rimborso di PHi, sar\u00e0 respinto e restituito a te. In questo caso, sarai responsabile per i costi di spedizione.<\/span><\/div>\n<div class=\"qk-md-paragraph\"><span class=\"qk-md-text complete\">Si prega di notare che l&#8217;importo rimborsato non include costi di trasferimento aggiuntivi o variazioni dei tassi di conversione valutaria. Se ci sono costi aggiuntivi associati a un trasferimento a PHi, questi costi saranno a carico del cliente.<\/span><\/div>\n<div class=\"qk-md-paragraph\"><span class=\"qk-md-text complete\">Se c&#8217;\u00e8 stato un errore nel tuo ordine, come l&#8217;invio dell&#8217;articolo sbagliato, PHi sar\u00e0 responsabile per i costi di spedizione del reso.<\/span><\/div>\n<div class=\"qk-md-paragraph\"><span class=\"qk-md-text complete\">Durante gli eventi di vendita, i tempi di reso e rimborso possono essere soggetti a modifiche. Si prega di controllare i dettagli dell&#8217;evento per maggiori informazioni.<\/span><\/div>\n<div class=\"qk-md-paragraph\"><span class=\"qk-md-text complete\">Se hai domande riguardanti il tuo acquisto o la sua garanzia, si prega di fare riferimento alla Politica di Garanzia di PHi. Puoi anche contattare PHi via e-mail a\u00a0<\/span><a class=\"qk-md-link\" href=\"mailto:service@phi-cycling.cc\" target=\"_blank\" rel=\"noopener noreferrer\">mailto:service@phi-cycling.cc<\/a><span class=\"qk-md-text complete\">\u00a0o sulla chat dal vivo del sito ufficiale.<\/span><\/div>\n<div class=\"qk-md-paragraph\"><span class=\"qk-md-text complete\">PHi \u00e8 impegnata e nel processo di costruzione di una rete di servizio globale. Lo scopo di questa rete \u00e8 servire meglio i nostri ciclisti. Ci\u00f2 consente un servizio e un supporto convenienti ovunque tu sia nel mondo.<\/span><\/div>\t\t\t\t\t\t\t\t<\/div>\n\t\t\t\t\t<\/div>\n\t\t\t\t<\/div>\n\t\t\t\t<\/div>\n\t\t","protected":false},"excerpt":{"rendered":"<p>Politica di Rimborso e Reso Tutte le richieste di reso devono essere effettuate compilando prima il Modulo di Richiesta di Assistenza Post-Vendita. Si prega di non rispedirci nessun articolo senza aver ricevuto un&#8217;approvazione preventiva. Qualsiasi articolo restituito senza approvazione preventiva non sar\u00e0 idoneo per un rimborso. Qualsiasi problema riguardante merce danneggiata o mancante deve essere [&hellip;]<\/p>\n","protected":false},"author":1,"featured_media":0,"parent":0,"menu_order":0,"comment_status":"closed","ping_status":"closed","template":"","meta":{"footnotes":""},"class_list":["post-4784","page","type-page","status-publish","hentry"],"_links":{"self":[{"href":"https:\/\/phi-cycling.cc\/it\/wp-json\/wp\/v2\/pages\/4784","targetHints":{"allow":["GET"]}}],"collection":[{"href":"https:\/\/phi-cycling.cc\/it\/wp-json\/wp\/v2\/pages"}],"about":[{"href":"https:\/\/phi-cycling.cc\/it\/wp-json\/wp\/v2\/types\/page"}],"author":[{"embeddable":true,"href":"https:\/\/phi-cycling.cc\/it\/wp-json\/wp\/v2\/users\/1"}],"replies":[{"embeddable":true,"href":"https:\/\/phi-cycling.cc\/it\/wp-json\/wp\/v2\/comments?post=4784"}],"version-history":[{"count":5,"href":"https:\/\/phi-cycling.cc\/it\/wp-json\/wp\/v2\/pages\/4784\/revisions"}],"predecessor-version":[{"id":4860,"href":"https:\/\/phi-cycling.cc\/it\/wp-json\/wp\/v2\/pages\/4784\/revisions\/4860"}],"wp:attachment":[{"href":"https:\/\/phi-cycling.cc\/it\/wp-json\/wp\/v2\/media?parent=4784"}],"curies":[{"name":"wp","href":"https:\/\/api.w.org\/{rel}","templated":true}]}}