{"id":4794,"date":"2025-12-17T09:24:05","date_gmt":"2025-12-17T01:24:05","guid":{"rendered":"https:\/\/phi-cycling.cc\/terms-and-conditions\/"},"modified":"2026-04-08T12:20:14","modified_gmt":"2026-04-08T04:20:14","slug":"termini-e-condizioni","status":"publish","type":"page","link":"https:\/\/phi-cycling.cc\/it\/termini-e-condizioni\/","title":{"rendered":"Termini e condizioni"},"content":{"rendered":"\t\t<div data-elementor-type=\"wp-page\" data-elementor-id=\"4794\" class=\"elementor elementor-4794 elementor-942\" data-elementor-post-type=\"page\">\n\t\t\t\t<div class=\"elementor-element elementor-element-c1b1459 e-flex e-con-boxed e-con e-parent\" data-id=\"c1b1459\" data-element_type=\"container\" data-e-type=\"container\" data-settings=\"{&quot;background_background&quot;:&quot;classic&quot;}\">\n\t\t\t\t\t<div class=\"e-con-inner\">\n\t\t\t\t<div class=\"elementor-element elementor-element-c20467c elementor-widget elementor-widget-text-editor\" data-id=\"c20467c\" data-element_type=\"widget\" data-e-type=\"widget\" data-widget_type=\"text-editor.default\">\n\t\t\t\t\t\t\t\t\t<div class=\"qk-md-paragraph\"><strong class=\"qk-md-strong complete\"><span class=\"qk-md-text complete\">Termini e condizioni<\/span><\/strong><br \/><span class=\"qk-md-text complete\">Questi termini e condizioni si applicano all&#8217;uso di questo sito web all&#8217;indirizzo phi-cycling.cc. Accedendo a questo sito web e\/o effettuando un ordine, accetti di essere vincolato da questi termini e condizioni.<\/span><\/div><div class=\"qk-md-paragraph\"><span class=\"qk-md-text complete\">L&#8217;uso di questo sito web indica che accetti questi termini indipendentemente dal fatto che tu scelga di registrarti con noi o di ordinare da noi. Se non accetti questi termini, non utilizzare questo sito web.<\/span><\/div><div class=\"qk-md-paragraph\"><strong class=\"qk-md-strong complete\"><span class=\"qk-md-text complete\">I NOSTRI DATI DI CONTATTO SONO I SEGUENTI:<\/span><\/strong><br \/><span class=\"qk-md-text complete\">E-mail generale:\u00a0<\/span><a class=\"qk-md-link\" href=\"mailto:service@phi-cycling.cc\" target=\"_blank\" rel=\"noopener noreferrer\">mailto:service@phi-cycling.cc<\/a><\/div><div class=\"qk-md-paragraph\"><strong class=\"qk-md-strong complete\"><span class=\"qk-md-text complete\">INTRODUZIONE<\/span><\/strong><br \/><span class=\"qk-md-text complete\">1.1 Potrai accedere a tutte le aree di questo sito web senza registrare i tuoi dati con noi, ad eccezione del checkout e della chat dal vivo.<\/span><\/div><div class=\"qk-md-paragraph\"><span class=\"qk-md-text complete\">1.2 Possiamo rivedere questi termini e condizioni in qualsiasi momento aggiornando questa pubblicazione. Ti consigliamo di controllare questo sito web di tanto in tanto per rivedere i termini e condizioni correnti, perch\u00e9 sono vincolanti per te. Alcune disposizioni di questi termini e condizioni possono essere sostituite da avvisi legali o termini espressamente designati situati su pagine particolari di questo sito web. Se non desideri accettare nuovi termini e condizioni dopo che ne abbiamo dato avviso, non dovresti continuare a utilizzare questo sito web.<\/span><\/div><div class=\"qk-md-paragraph\"><strong class=\"qk-md-strong complete\"><span class=\"qk-md-text complete\">ORDINARE DA NOI<\/span><\/strong><br \/><span class=\"qk-md-text complete\">2.1 Si considera che tu effettui un ordine con noi ordinando tramite il nostro processo di checkout online. Come parte del nostro processo di checkout ti verr\u00e0 data l&#8217;opportunit\u00e0 di controllare il tuo ordine e di correggere eventuali errori. Ti invieremo una conferma d&#8217;ordine, che dettaglia i prodotti che hai ordinato.<\/span><\/div><div><div class=\"qk-md-paragraph\"><span class=\"qk-md-text complete\">2.2 Quando il tuo pagamento sar\u00e0 stato ricevuto, l&#8217;ordine inizier\u00e0 l&#8217;elaborazione. Prepareremo l&#8217;articolo che hai ordinato e lo spediremo il prima possibile. Una volta che l&#8217;articolo \u00e8 stato spedito, ti invieremo l&#8217;avviso di consegna e le informazioni logistiche via e-mail. Gli ordini non possono essere annullati dopo che sono stati spediti. Se ci sono problemi riguardanti l&#8217;ordine, puoi rivedere la nostra politica di post-vendita.<\/span><\/div><div class=\"qk-md-paragraph\"><span class=\"qk-md-text complete\">2.3 Possiamo rifiutare di accettare un ordine:<\/span><br \/><span class=\"qk-md-text complete\">(a) quando le merci non sono disponibili;<\/span><br \/><span class=\"qk-md-text complete\">(b) quando non possiamo ottenere l&#8217;autorizzazione per il tuo pagamento;<\/span><br \/><span class=\"qk-md-text complete\">(c) se c&#8217;\u00e8 stato un errore di prezzo o di descrizione del prodotto;<\/span><\/div><div class=\"qk-md-paragraph\"><strong class=\"qk-md-strong complete\"><span class=\"qk-md-text complete\">POLITICA DI ANNULLAMENTO E RESO<\/span><\/strong><br \/><span class=\"qk-md-text complete\">Si prega di vedere la nostra pagina Annullamenti, Rimborsi e Resi per la nostra POLITICA COMPLETA DI ANNULLAMENTO E RESO.<\/span><\/div><div class=\"qk-md-paragraph\"><strong class=\"qk-md-strong complete\"><span class=\"qk-md-text complete\">LICENZA<\/span><\/strong><br \/><span class=\"qk-md-text complete\">4.1 Ti \u00e8 permesso stampare e scaricare il materiale trovato su questo sito web per il tuo uso personale sulla seguente base:<\/span><br \/><span class=\"qk-md-text complete\">(a) nessun documento o grafica correlata su questo sito web viene modificata in alcun modo;<\/span><br \/><span class=\"qk-md-text complete\">(b) nessuna grafica su questo sito web viene utilizzata separatamente dal testo di accompagnamento;<\/span><br \/><span class=\"qk-md-text complete\">(c) tutti i nostri avvisi di copyright e marchio commerciale e questo avviso di permesso appaiono in tutte le copie.<\/span><\/div><div class=\"qk-md-paragraph\"><span class=\"qk-md-text complete\">4.2 Salvo diversa indicazione, il copyright e altri diritti di propriet\u00e0 intellettuale su tutto il materiale di questo sito web (inclusi senza limitazione fotografie e immagini grafiche) sono di nostra propriet\u00e0 o dei nostri licenzianti. Ai fini di questi termini e condizioni, qualsiasi uso di estratti da questo sito web diverso da quello in conformit\u00e0 con la clausola 4.1 sopra per qualsiasi scopo \u00e8 proibito. Se violi uno qualsiasi dei termini di questi termini e condizioni, il tuo permesso di utilizzare questo sito web termina automaticamente e devi distruggere immediatamente qualsiasi estratto scaricato o stampato da questo sito web.<\/span><\/div><div class=\"qk-md-paragraph\"><span class=\"qk-md-text complete\">4.3 Fatta salva la clausola 4.1, nessuna parte di questo sito web pu\u00f2 essere riprodotta o archiviata in nessun altro sito web o inclusa in qualsiasi sistema o servizio di recupero elettronico pubblico o privato senza la nostra previa autorizzazione scritta.<\/span><\/div><div class=\"qk-md-paragraph\"><span class=\"qk-md-text complete\">4.4 Tutti i diritti non espressamente concessi in questi termini sono riservati.<\/span><\/div><div class=\"qk-md-paragraph\"><span class=\"qk-md-text complete\">4.5 PHi, il logo PHi e l&#8217;icona sono un marchio di fabbrica di PHi e il loro uso e riproduzione \u00e8 consentito solo con espressa previa autorizzazione scritta di PHi.<\/span><\/div><div class=\"qk-md-paragraph\"><strong class=\"qk-md-strong complete\"><span class=\"qk-md-text complete\">ACCESSO AL SERVIZIO<\/span><\/strong><br \/><span class=\"qk-md-text complete\">5.1 Sebbene ci sforziamo di garantire che questo sito web sia normalmente disponibile 24 ore al giorno, non saremo responsabili se per qualsiasi motivo questo sito web non \u00e8 disponibile in qualsiasi momento o per qualsiasi periodo.<\/span><br \/><span class=\"qk-md-text complete\">5.2 L&#8217;accesso a questo sito web pu\u00f2 essere sospeso temporaneamente e senza preavviso in caso di guasto del sistema, manutenzione o riparazione o per ragioni al di fuori del nostro controllo.<\/span><\/div><div class=\"qk-md-paragraph\"><strong class=\"qk-md-strong complete\"><span class=\"qk-md-text complete\">MATERIALE E CONDOTTA DEI VISITATORI<\/span><\/strong><br \/><span class=\"qk-md-text complete\">6.1 A parte le informazioni personalmente identificabili, che sono coperte dall&#8217;Informativa sulla privacy, qualsiasi materiale che trasmetti o pubblichi su questo sito web sar\u00e0 considerato non confidenziale e non proprietario. Non avremo obblighi riguardo a tale materiale. Noi e i nostri incaricati saremo liberi di copiare, divulgare, distribuire, incorporare e altrimenti utilizzare tale materiale e tutti i dati, immagini, suoni, testi e altre cose in esso contenute per qualsiasi scopo commerciale o non commerciale.<\/span><br \/><span class=\"qk-md-text complete\">6.2 Ti \u00e8 proibito pubblicare o trasmettere a o da questo sito web qualsiasi materiale:<\/span><br \/><span class=\"qk-md-text complete\">(a) che \u00e8 minaccioso, diffamatorio, osceno, indecente, sedizioso, offensivo, pornografico, abusivo, suscettibile di incitare all&#8217;odio razziale, discriminatorio, minaccioso, scandaloso, infiammatorio, blasfemo, in violazione della fiducia, in violazione della privacy o che pu\u00f2 causare fastidio o inconveniente;<\/span><br \/><span class=\"qk-md-text complete\">(b) per il quale non hai ottenuto tutte le licenze e\/o approvazioni necessarie;<\/span><br \/><span class=\"qk-md-text complete\">(c) che costituisce o incoraggia una condotta che sarebbe considerata un reato penale, darebbe luogo a responsabilit\u00e0 civile, o altrimenti sarebbe contrario alla legge o violerebbe i diritti di qualsiasi terza parte, in qualsiasi paese del mondo; o<\/span><br \/><span class=\"qk-md-text complete\">(d) che \u00e8 tecnicamente dannoso (inclusi, senza limitazione, virus per computer, bombe logiche, cavalli di Troia, worm, componenti dannosi, dati corrotti o altro software dannoso o dati dannosi).<\/span><\/div><div class=\"qk-md-paragraph\"><span class=\"qk-md-text complete\">6.3 Non puoi utilizzare in modo improprio il sito web (incluso, senza limitazione, tramite hacking).<\/span><\/div><div class=\"qk-md-paragraph\"><span class=\"qk-md-text complete\">6.4 Collaboreremo pienamente con qualsiasi autorit\u00e0 di applicazione della legge o ordine del tribunale che ci richieda o ci ingiunga di divulgare l&#8217;identit\u00e0 o localizzare chiunque pubblichi qualsiasi materiale in violazione delle clausole 6.2 o 6.3.<\/span><\/div><div class=\"qk-md-paragraph\"><strong class=\"qk-md-strong complete\"><span class=\"qk-md-text complete\">LINK A E DA ALTRI SITI WEB<\/span><\/strong><br \/><span class=\"qk-md-text complete\">7.1 I link a siti web di terze parti su questo sito web sono forniti solo per tua comodit\u00e0. Se utilizzi questi link, lasci questo sito web. Non abbiamo revisionato tutti questi siti web di terze parti e non controlliamo e non siamo responsabili per questi siti web o il loro contenuto o disponibilit\u00e0. Pertanto non li approviamo n\u00e9 facciamo dichiarazioni su di essi, o su qualsiasi materiale trovato l\u00ec, o su qualsiasi risultato che potrebbe essere ottenuto utilizzandoli. Se decidi di accedere a uno qualsiasi dei siti web di terze parti collegati a questo sito web, lo fai interamente a tuo rischio.<\/span><\/div><div class=\"qk-md-paragraph\"><span class=\"qk-md-text complete\">7.2 Puoi creare un link a questo sito web, ma sei soggetto alle seguenti condizioni:<\/span><br \/><span class=\"qk-md-text complete\">(a) non rimuovi, distorci o alteri in altro modo le dimensioni o l&#8217;aspetto del logo PHi;<\/span><br \/><span class=\"qk-md-text complete\">(b) non crei un frame o qualsiasi altro ambiente di browser o bordo attorno a questo sito web;<\/span><br \/><span class=\"qk-md-text complete\">(c) non implichi in alcun modo che stiamo approvando prodotti o servizi diversi dai nostri;<\/span><br \/><span class=\"qk-md-text complete\">(d) non falsifichi la tua relazione con noi n\u00e9 presenti altre false informazioni su di noi;<\/span><br \/><span class=\"qk-md-text complete\">(e) non utilizzi in altro modo alcun marchio PHi visualizzato su questo sito web senza la nostra espressa autorizzazione scritta;<\/span><br \/><span class=\"qk-md-text complete\">(g) il tuo sito web non contiene contenuti che sono sgradevoli, offensivi o controversi, viola qualsiasi diritto di propriet\u00e0 intellettuale o altri diritti di qualsiasi altra persona o altrimenti non \u00e8 conforme a tutte le leggi e regolamenti applicabili.<\/span><br \/><span class=\"qk-md-text complete\">Ci riserviamo espressamente il diritto di revocare il diritto concesso in questa clausola 7.2 per violazione di questi termini e di intraprendere qualsiasi azione riteniamo appropriata.<\/span><br \/><span class=\"qk-md-text complete\">7.3 Ci indennizzerai pienamente per qualsiasi perdita o danno che potremmo subire o sostenere a causa della tua violazione della clausola 7.2.<\/span><\/div><div class=\"qk-md-paragraph\"><strong class=\"qk-md-strong complete\"><span class=\"qk-md-text complete\">REGISTRAZIONE<\/span><\/strong><br \/><span class=\"qk-md-text complete\">8.1 Per registrarti su phi-cycling.cc devi avere pi\u00f9 di diciotto anni.<\/span><\/div><div class=\"qk-md-paragraph\"><span class=\"qk-md-text complete\">8.2 Ogni registrazione \u00e8 per un singolo utente solo. Non ti permettiamo di condividere il tuo nome utente e password con nessun&#8217;altra persona n\u00e9 con pi\u00f9 utenti su una rete.<\/span><\/div><div class=\"qk-md-paragraph\"><span class=\"qk-md-text complete\">8.3 La responsabilit\u00e0 per la sicurezza di eventuali password rilasciate ricade su di te e se sai o sospetti che qualcun altro conosca la tua password, dovresti contattarci immediatamente.<\/span><\/div><div class=\"qk-md-paragraph\"><span class=\"qk-md-text complete\">8.4 Possiamo sospendere o annullare la tua registrazione immediatamente a nostra ragionevole discrezione o se violi uno qualsiasi dei tuoi obblighi ai sensi di questi termini e condizioni.<\/span><\/div><div class=\"qk-md-paragraph\"><strong class=\"qk-md-strong complete\"><span class=\"qk-md-text complete\">ESCLUSIONE DI RESPONSABILIT\u00c0<\/span><\/strong><br \/><span class=\"qk-md-text complete\">9.1 Sebbene ci sforziamo di garantire che le informazioni su questo sito web siano corrette, non garantiamo l&#8217;accuratezza e la completezza del materiale su questo sito web. Possiamo apportare modifiche al materiale su questo sito web, o ai prodotti e prezzi in esso descritti, in qualsiasi momento senza preavviso. Il materiale su questo sito web potrebbe non essere aggiornato e non ci impegniamo ad aggiornare tale materiale.<\/span><\/div><\/div>\t\t\t\t\t\t\t\t<\/div>\n\t\t\t\t\t<\/div>\n\t\t\t\t<\/div>\n\t\t\t\t<\/div>\n\t\t","protected":false},"excerpt":{"rendered":"<p>Termini e condizioniQuesti termini e condizioni si applicano all&#8217;uso di questo sito web all&#8217;indirizzo phi-cycling.cc. Accedendo a questo sito web e\/o effettuando un ordine, accetti di essere vincolato da questi termini e condizioni.L&#8217;uso di questo sito web indica che accetti questi termini indipendentemente dal fatto che tu scelga di registrarti con noi o di ordinare [&hellip;]<\/p>\n","protected":false},"author":1,"featured_media":0,"parent":0,"menu_order":0,"comment_status":"closed","ping_status":"closed","template":"","meta":{"footnotes":""},"class_list":["post-4794","page","type-page","status-publish","hentry"],"_links":{"self":[{"href":"https:\/\/phi-cycling.cc\/it\/wp-json\/wp\/v2\/pages\/4794","targetHints":{"allow":["GET"]}}],"collection":[{"href":"https:\/\/phi-cycling.cc\/it\/wp-json\/wp\/v2\/pages"}],"about":[{"href":"https:\/\/phi-cycling.cc\/it\/wp-json\/wp\/v2\/types\/page"}],"author":[{"embeddable":true,"href":"https:\/\/phi-cycling.cc\/it\/wp-json\/wp\/v2\/users\/1"}],"replies":[{"embeddable":true,"href":"https:\/\/phi-cycling.cc\/it\/wp-json\/wp\/v2\/comments?post=4794"}],"version-history":[{"count":4,"href":"https:\/\/phi-cycling.cc\/it\/wp-json\/wp\/v2\/pages\/4794\/revisions"}],"predecessor-version":[{"id":4839,"href":"https:\/\/phi-cycling.cc\/it\/wp-json\/wp\/v2\/pages\/4794\/revisions\/4839"}],"wp:attachment":[{"href":"https:\/\/phi-cycling.cc\/it\/wp-json\/wp\/v2\/media?parent=4794"}],"curies":[{"name":"wp","href":"https:\/\/api.w.org\/{rel}","templated":true}]}}