{"id":4268,"date":"2025-12-06T02:31:58","date_gmt":"2025-12-05T18:31:58","guid":{"rendered":"https:\/\/phi-cycling.cc\/sobre-nos\/"},"modified":"2026-04-08T09:43:00","modified_gmt":"2026-04-08T01:43:00","slug":"sobre-nos","status":"publish","type":"page","link":"https:\/\/phi-cycling.cc\/pt-pt\/sobre-nos\/","title":{"rendered":"Sobre n\u00f3s"},"content":{"rendered":"\t\t<div data-elementor-type=\"wp-page\" data-elementor-id=\"4268\" class=\"elementor elementor-4268 elementor-76\" data-elementor-post-type=\"page\">\n\t\t\t\t\t\t<section class=\"elementor-section elementor-top-section elementor-element elementor-element-3610c5bf elementor-section-height-min-height elementor-section-boxed elementor-section-height-default elementor-section-items-middle\" data-id=\"3610c5bf\" data-element_type=\"section\" data-e-type=\"section\" data-settings=\"{&quot;background_background&quot;:&quot;classic&quot;,&quot;background_motion_fx_motion_fx_scrolling&quot;:&quot;yes&quot;,&quot;background_motion_fx_translateY_effect&quot;:&quot;yes&quot;,&quot;background_motion_fx_translateY_speed&quot;:{&quot;unit&quot;:&quot;px&quot;,&quot;size&quot;:4,&quot;sizes&quot;:[]},&quot;background_motion_fx_translateY_affectedRange&quot;:{&quot;unit&quot;:&quot;%&quot;,&quot;size&quot;:&quot;&quot;,&quot;sizes&quot;:{&quot;start&quot;:0,&quot;end&quot;:100}},&quot;background_motion_fx_devices&quot;:[&quot;desktop&quot;,&quot;tablet&quot;,&quot;mobile&quot;]}\">\n\t\t\t\t\t\t\t<div class=\"elementor-background-overlay\"><\/div>\n\t\t\t\t\t\t\t<div class=\"elementor-container elementor-column-gap-wider\">\n\t\t\t\t\t<div class=\"elementor-column elementor-col-100 elementor-top-column elementor-element elementor-element-2b51f6d5\" data-id=\"2b51f6d5\" data-element_type=\"column\" data-e-type=\"column\">\n\t\t\t<div class=\"elementor-widget-wrap elementor-element-populated\">\n\t\t\t\t\t\t<div class=\"elementor-element elementor-element-6b19e615 elementor-widget elementor-widget-heading\" data-id=\"6b19e615\" data-element_type=\"widget\" data-e-type=\"widget\" data-widget_type=\"heading.default\">\n\t\t\t\t\t<h1 class=\"elementor-heading-title elementor-size-default\">Sobre  <\/h1>\t\t\t\t<\/div>\n\t\t\t\t\t<\/div>\n\t\t<\/div>\n\t\t\t\t\t<\/div>\n\t\t<\/section>\n\t\t<div class=\"elementor-element elementor-element-52de9a4 e-flex e-con-boxed e-con e-parent\" data-id=\"52de9a4\" data-element_type=\"container\" data-e-type=\"container\" data-settings=\"{&quot;background_background&quot;:&quot;classic&quot;}\">\n\t\t\t\t\t<div class=\"e-con-inner\">\n\t\t\t\t<div class=\"elementor-element elementor-element-8fadca1 elementor-widget elementor-widget-text-editor\" data-id=\"8fadca1\" data-element_type=\"widget\" data-e-type=\"widget\" data-widget_type=\"text-editor.default\">\n\t\t\t\t\t\t\t\t\t<p>PHi: O r\u00e1cio de ouro do desempenho, concebido para o equil\u00edbrio do desempenho<\/p><p>Qualidade de topo, pre\u00e7os acess\u00edveis, servi\u00e7o localizado e tecnologia Eco Carbon sem pintura<\/p><p>PHi (\u03a6) n\u00e3o \u00e9 um s\u00edmbolo que tom\u00e1mos emprestado &#8211; \u00e9 um princ\u00edpio pelo qual nos regemos. No ciclismo de alta performance, cada ganho tem um custo:<br>mais leve significa mais fraco, mais r\u00edgido significa mais duro, mais r\u00e1pido significa muitas vezes mais pesado. O PHi foi criado para resolver esta contradi\u00e7\u00e3o.  <\/p><p>PHi vem das mesmas instala\u00e7\u00f5es de fabrico em Xiamen que as principais marcas europeias e americanas de rodas de carbono. Constru\u00eddas com linhas de produ\u00e7\u00e3o id\u00eanticas, mat\u00e9rias-primas de primeira qualidade e normas rigorosas de controlo de qualidade, oferecemos uma qualidade de topo aut\u00eantica diretamente da fonte. Al\u00e9m disso, levamos esta qualidade artesanal de elite a todos os ciclistas com pre\u00e7os acess\u00edveis e um servi\u00e7o profissional localizado &#8211; a combina\u00e7\u00e3o perfeita de qualidade premium global e apoio local personalizado.  <\/p><p>Acreditamos que todos devem experimentar a emo\u00e7\u00e3o do desempenho m\u00e1ximo. A nossa miss\u00e3o \u00e9 simples: tornar os produtos topo de gama em fibra de carbono, outrora reservados aos atletas de elite, dispon\u00edveis para todos os ciclistas apaixonados. &#8220;Explora os limites do carbono&#8221; n\u00e3o \u00e9 apenas o nosso slogan; \u00e9 o nosso compromisso com a inova\u00e7\u00e3o implac\u00e1vel.  <\/p>\t\t\t\t\t\t\t\t<\/div>\n\t\t\t\t\t<\/div>\n\t\t\t\t<\/div>\n\t\t\t\t<\/div>\n\t\t","protected":false},"excerpt":{"rendered":"<p>Sobre PHi: O r\u00e1cio de ouro do desempenho, concebido para o equil\u00edbrio do desempenho Qualidade de topo, pre\u00e7os acess\u00edveis, servi\u00e7o localizado e tecnologia Eco Carbon sem pintura PHi (\u03a6) n\u00e3o \u00e9 um s\u00edmbolo que tom\u00e1mos emprestado &#8211; \u00e9 um princ\u00edpio pelo qual nos regemos. No ciclismo de alta performance, cada ganho tem um custo:mais leve [&hellip;]<\/p>\n","protected":false},"author":1,"featured_media":0,"parent":0,"menu_order":0,"comment_status":"closed","ping_status":"closed","template":"","meta":{"footnotes":""},"class_list":["post-4268","page","type-page","status-publish","hentry"],"_links":{"self":[{"href":"https:\/\/phi-cycling.cc\/pt-pt\/wp-json\/wp\/v2\/pages\/4268","targetHints":{"allow":["GET"]}}],"collection":[{"href":"https:\/\/phi-cycling.cc\/pt-pt\/wp-json\/wp\/v2\/pages"}],"about":[{"href":"https:\/\/phi-cycling.cc\/pt-pt\/wp-json\/wp\/v2\/types\/page"}],"author":[{"embeddable":true,"href":"https:\/\/phi-cycling.cc\/pt-pt\/wp-json\/wp\/v2\/users\/1"}],"replies":[{"embeddable":true,"href":"https:\/\/phi-cycling.cc\/pt-pt\/wp-json\/wp\/v2\/comments?post=4268"}],"version-history":[{"count":1,"href":"https:\/\/phi-cycling.cc\/pt-pt\/wp-json\/wp\/v2\/pages\/4268\/revisions"}],"predecessor-version":[{"id":4270,"href":"https:\/\/phi-cycling.cc\/pt-pt\/wp-json\/wp\/v2\/pages\/4268\/revisions\/4270"}],"wp:attachment":[{"href":"https:\/\/phi-cycling.cc\/pt-pt\/wp-json\/wp\/v2\/media?parent=4268"}],"curies":[{"name":"wp","href":"https:\/\/api.w.org\/{rel}","templated":true}]}}