{"id":4294,"date":"2025-12-16T03:37:49","date_gmt":"2025-12-15T19:37:49","guid":{"rendered":"https:\/\/phi-cycling.cc\/politica-de-envio\/"},"modified":"2026-04-08T09:42:33","modified_gmt":"2026-04-08T01:42:33","slug":"politica-de-envio","status":"publish","type":"page","link":"https:\/\/phi-cycling.cc\/pt-pt\/politica-de-envio\/","title":{"rendered":"Pol\u00edtica de envio"},"content":{"rendered":"\t\t<div data-elementor-type=\"wp-page\" data-elementor-id=\"4294\" class=\"elementor elementor-4294 elementor-792\" data-elementor-post-type=\"page\">\n\t\t\t\t<div class=\"elementor-element elementor-element-c4eed0c e-flex e-con-boxed e-con e-parent\" data-id=\"c4eed0c\" data-element_type=\"container\" data-e-type=\"container\" data-settings=\"{&quot;background_background&quot;:&quot;classic&quot;}\">\n\t\t\t\t\t<div class=\"e-con-inner\">\n\t\t\t\t<div class=\"elementor-element elementor-element-bb17af0 elementor-widget elementor-widget-text-editor\" data-id=\"bb17af0\" data-element_type=\"widget\" data-e-type=\"widget\" data-widget_type=\"text-editor.default\">\n\t\t\t\t\t\t\t\t\t<p>Envio gratuito<br>Enviamos para todo o mundo utilizando um servi\u00e7o de correio internacional de renome. Se o teu pa\u00eds n\u00e3o estiver dispon\u00edvel como op\u00e7\u00e3o no nosso site, contacta-nos em service@phi-cycling.cc para mais informa\u00e7\u00f5es. <\/p><p>Oferecemos-te o envio gratuito para mais de 70 pa\u00edses em todas as encomendas de conjuntos de rodas no nosso site.<\/p><p>Al\u00e9m disso, atualmente oferecemos um m\u00e9todo de envio com impostos inclu\u00eddos para os seguintes pa\u00edses:<\/p><p>Estados Unidos<br>Canad\u00e1 (dispon\u00edvel mediante pedido)<br>A maioria dos pa\u00edses da UE<br>Reino Unido<br>Austr\u00e1lia<br>Emirados \u00c1rabes Unidos<br>Mal\u00e1sia<br>Tail\u00e2ndia<br>Vietname<br>Manila, Filipinas (dispon\u00edvel mediante pedido)<\/p><p>Os clientes n\u00e3o precisam de pagar direitos aduaneiros se escolherem o m\u00e9todo de envio com impostos inclu\u00eddos nas suas encomendas.<\/p><p>Devido aos elevados custos de envio para destinos remotos espec\u00edficos, n\u00e3o podemos fornecer envios gratuitos para os seguintes pa\u00edses. Ser\u00e3o aplicados custos adicionais: <\/p><p>Turquia, Israel, Chile, Brasil, Argentina, Uruguai, Peru, M\u00e9xico, Costa Rica, Ar\u00e1bia Saudita, Qatar. Se o teu endere\u00e7o de envio se situar num destes pa\u00edses, contacta-nos atrav\u00e9s de service@phi-cycling.cc para mais informa\u00e7\u00f5es. <\/p><p>Oferecemos-te v\u00e1rias op\u00e7\u00f5es de entrega. O tempo de envio varia consoante o m\u00e9todo de entrega utilizado: (EMS\/DPD: 15-30 dias, Fedex\/DHL\/UPS: 5-10 dias). Poder\u00e3o ocorrer atrasos adicionais devido ao desalfandegamento no pa\u00eds de destino.  <\/p><p>Ap\u00f3s a expedi\u00e7\u00e3o da encomenda, enviar-te-emos imediatamente o n\u00famero de seguimento por correio eletr\u00f3nico. Podes tamb\u00e9m consult\u00e1-lo diretamente no nosso s\u00edtio Web. Al\u00e9m disso, podes seguir a tua encomenda atrav\u00e9s deste s\u00edtio Web: https:\/\/www.17track.net\/  <\/p><p>*O envio gratuito limita-se apenas a encomendas de conjuntos de rodas. As encomendas apenas de acess\u00f3rios est\u00e3o sujeitas a taxas de envio adicionais. <\/p><p>Processamento de encomendas<br>As encomendas efectuadas de segunda a sexta-feira ser\u00e3o processadas no mesmo dia. As encomendas efectuadas no s\u00e1bado ou no domingo ser\u00e3o processadas na segunda-feira seguinte. Depois de teres feito a encomenda, enviamos a encomenda para a f\u00e1brica para produ\u00e7\u00e3o. A produ\u00e7\u00e3o demora normalmente 5 dias \u00fateis se as jantes estiverem em stock. As encomendas personalizadas ou as encomendas com jantes que n\u00e3o est\u00e3o atualmente em stock demoram normalmente 12-15 dias \u00fateis. O prazo de entrega \u00e9 a soma do tempo de produ\u00e7\u00e3o com o tempo de log\u00edstica. Depois de as jantes serem enviadas, enviar-te-emos o n\u00famero de seguimento (*Os envios internacionais t\u00eam um tempo de processamento de 3-5 dias \u00fateis).<\/p><p>N\u00e3o nos \u00e9 poss\u00edvel controlar a velocidade de envio depois de um artigo ter sido enviado do nosso armaz\u00e9m. S\u00ea paciente. Se necessitares de um envio mais r\u00e1pido, contacta-nos atrav\u00e9s de service@phi-cycling.cc.  <\/p>\t\t\t\t\t\t\t\t<\/div>\n\t\t\t\t\t<\/div>\n\t\t\t\t<\/div>\n\t\t\t\t<\/div>\n\t\t","protected":false},"excerpt":{"rendered":"<p>Envio gratuitoEnviamos para todo o mundo utilizando um servi\u00e7o de correio internacional de renome. Se o teu pa\u00eds n\u00e3o estiver dispon\u00edvel como op\u00e7\u00e3o no nosso site, contacta-nos em service@phi-cycling.cc para mais informa\u00e7\u00f5es. Oferecemos-te o envio gratuito para mais de 70 pa\u00edses em todas as encomendas de conjuntos de rodas no nosso site. Al\u00e9m disso, atualmente [&hellip;]<\/p>\n","protected":false},"author":1,"featured_media":0,"parent":0,"menu_order":0,"comment_status":"closed","ping_status":"closed","template":"","meta":{"footnotes":""},"class_list":["post-4294","page","type-page","status-publish","hentry"],"_links":{"self":[{"href":"https:\/\/phi-cycling.cc\/pt-pt\/wp-json\/wp\/v2\/pages\/4294","targetHints":{"allow":["GET"]}}],"collection":[{"href":"https:\/\/phi-cycling.cc\/pt-pt\/wp-json\/wp\/v2\/pages"}],"about":[{"href":"https:\/\/phi-cycling.cc\/pt-pt\/wp-json\/wp\/v2\/types\/page"}],"author":[{"embeddable":true,"href":"https:\/\/phi-cycling.cc\/pt-pt\/wp-json\/wp\/v2\/users\/1"}],"replies":[{"embeddable":true,"href":"https:\/\/phi-cycling.cc\/pt-pt\/wp-json\/wp\/v2\/comments?post=4294"}],"version-history":[{"count":1,"href":"https:\/\/phi-cycling.cc\/pt-pt\/wp-json\/wp\/v2\/pages\/4294\/revisions"}],"predecessor-version":[{"id":4297,"href":"https:\/\/phi-cycling.cc\/pt-pt\/wp-json\/wp\/v2\/pages\/4294\/revisions\/4297"}],"wp:attachment":[{"href":"https:\/\/phi-cycling.cc\/pt-pt\/wp-json\/wp\/v2\/media?parent=4294"}],"curies":[{"name":"wp","href":"https:\/\/api.w.org\/{rel}","templated":true}]}}