{"id":4785,"date":"2025-12-06T01:47:58","date_gmt":"2025-12-05T17:47:58","guid":{"rendered":"https:\/\/phi-cycling.cc\/refund_returns\/"},"modified":"2026-04-08T13:39:35","modified_gmt":"2026-04-08T05:39:35","slug":"politica-de-reembolso-e-devolucao","status":"publish","type":"page","link":"https:\/\/phi-cycling.cc\/pt-pt\/politica-de-reembolso-e-devolucao\/","title":{"rendered":"Pol\u00edtica de Reembolso e Devolu\u00e7\u00e3o"},"content":{"rendered":"\t\t<div data-elementor-type=\"wp-page\" data-elementor-id=\"4785\" class=\"elementor elementor-4785 elementor-12\" data-elementor-post-type=\"page\">\n\t\t\t\t<div class=\"elementor-element elementor-element-398e84a6 e-flex e-con-boxed e-con e-parent\" data-id=\"398e84a6\" data-element_type=\"container\" data-e-type=\"container\" data-settings=\"{&quot;background_background&quot;:&quot;classic&quot;}\">\n\t\t\t\t\t<div class=\"e-con-inner\">\n\t\t\t\t<div class=\"elementor-element elementor-element-72c1bc6a elementor-widget elementor-widget-text-editor\" data-id=\"72c1bc6a\" data-element_type=\"widget\" data-e-type=\"widget\" data-widget_type=\"text-editor.default\">\n\t\t\t\t\t\t\t\t\t<div data-chat-list-key=\"bf505410e258425bb88bb4f1d629358f-question-A\">\n<div class=\"answerItem-sQ6QT6 true quark\" data-msgid=\"bf505410e258425bb88bb4f1d629358f-answer\">\n<div class=\"containerWrap-x0TwX5\">\n<div class=\"content-MqQgCb\">\n<div class=\"markdown-pc-special-class\">\n<div id=\"qk-markdown-react\" class=\"qk-markdown qk-markdown-react qk-markdown-code-dark qk-markdown-complete\">\n<div class=\"qk-md-paragraph\"><strong class=\"qk-md-strong complete\"><span class=\"qk-md-text complete\">Pol\u00edtica de Reembolso e Devolu\u00e7\u00e3o<\/span><\/strong><\/div>\n<div class=\"qk-md-paragraph\"><span class=\"qk-md-text complete\">Todas as solicita\u00e7\u00f5es de devolu\u00e7\u00e3o devem ser feitas preenchendo primeiro o Formul\u00e1rio de Solicita\u00e7\u00e3o de P\u00f3s-Venda. Por favor, n\u00e3o envie nenhum item de volta para n\u00f3s sem receber aprova\u00e7\u00e3o pr\u00e9via. Quaisquer itens devolvidos sem aprova\u00e7\u00e3o pr\u00e9via n\u00e3o ser\u00e3o eleg\u00edveis para reembolso. Quaisquer problemas relacionados a mercadorias danificadas ou faltantes devem ser comunicados \u00e0 PHi dentro de 7 dias ap\u00f3s a entrega. Se isso n\u00e3o acontecer dentro de 7 dias, a PHi n\u00e3o ser\u00e1 responsabilizada por qualquer dano ou perda.<\/span><\/div>\n<div class=\"qk-md-paragraph\"><strong class=\"qk-md-strong complete\"><span class=\"qk-md-text complete\">1 CANCELAR OU MODIFICAR UM PEDIDO ANTES DO ENVIO<\/span><\/strong><\/div>\n<ol class=\"qk-md-ol\" start=\"1\">\n<li class=\"qk-md-li complete\">\n<div class=\"qk-md-paragraph\"><span class=\"qk-md-text complete\">Se voc\u00ea deseja modificar ou cancelar seu pedido, fa\u00e7a-o dentro de 24 horas ap\u00f3s fazer seu pedido entrando em contato com a PHiwheels por e-mail ou o chat ao vivo do site oficial. Solicita\u00e7\u00f5es de modifica\u00e7\u00e3o ou cancelamento ap\u00f3s 24 horas podem n\u00e3o ser concedidas. Se forem concedidas, pode haver taxas adicionais.<\/span><\/div>\n<\/li>\n<li class=\"qk-md-li complete\">\n<div class=\"qk-md-paragraph\"><span class=\"qk-md-text complete\">Ap\u00f3s 24 horas de fazer um pedido personalizado, devolu\u00e7\u00f5es e\/ou modifica\u00e7\u00f5es s\u00e3o muito improv\u00e1veis de serem concedidas. Pedidos personalizados incluem aros personalizados, cubos atualizados, raios atualizados, decalques personalizados, sem decalques, etc.<\/span><\/div>\n<\/li>\n<li class=\"qk-md-li complete\">\n<div class=\"qk-md-paragraph\"><span class=\"qk-md-text complete\">Se voc\u00ea deseja cancelar seu pedido antes que ele tenha sido enviado, voc\u00ea pode nos notificar por e-mail ou o chat ao vivo do site oficial da PHi. Em alguns casos, o pedido pode j\u00e1 ter sido despachado antes de voc\u00ea receber uma notifica\u00e7\u00e3o.<\/span><\/div>\n<\/li>\n<li class=\"qk-md-li complete\">\n<div class=\"qk-md-paragraph\"><span class=\"qk-md-text complete\">Uma vez que um pedido tenha sido despachado via transportadora, ele n\u00e3o pode ser cancelado ou modificado.<\/span><\/div>\n<\/li>\n<\/ol>\n<div class=\"qk-md-paragraph\"><strong class=\"qk-md-strong complete\"><span class=\"qk-md-text complete\">2 PRODUTO DANIFICADO OU FALTANTE<\/span><\/strong><\/div>\n<ol class=\"qk-md-ol\" start=\"1\">\n<li class=\"qk-md-li complete\">\n<div class=\"qk-md-paragraph\"><span class=\"qk-md-text complete\">Por favor, verifique cuidadosamente o pacote de entrega ap\u00f3s sua chegada antes de assinar. Se houver dano \u00f3bvio, por favor, tire fotos do dano e recuse o pacote. Dentro de 7 dias ap\u00f3s a chegada, envie \u00e0 PHi as fotos do pacote danificado por e-mail ou chat ao vivo.<\/span><\/div>\n<\/li>\n<li class=\"qk-md-li complete\">\n<div class=\"qk-md-paragraph\"><span class=\"qk-md-text complete\">Se uma reclama\u00e7\u00e3o for feita contra a empresa de transporte, eles fornecer\u00e3o um n\u00famero de compensa\u00e7\u00e3o. Por favor, informe a PHi sobre este n\u00famero para fins de rastreamento de entrega.<\/span><\/div>\n<\/li>\n<li class=\"qk-md-li complete\">\n<div class=\"qk-md-paragraph\"><span class=\"qk-md-text complete\">Se voc\u00ea assinou o pacote, e ent\u00e3o descobre que as mercadorias est\u00e3o danificadas ap\u00f3s abri-lo, por favor, entre em contato com a PHi dentro de 7 dias ap\u00f3s a entrega. Ap\u00f3s receber aprova\u00e7\u00e3o para uma devolu\u00e7\u00e3o, envie o pacote de volta para a PHi dentro de 30 dias da data de entrega. Dentro de 10 dias ap\u00f3s as mercadorias serem devolvidas \u00e0 PHi, a causa do problema ser\u00e1 verificada, e voc\u00ea ser\u00e1 contatado sobre a possibilidade de um reembolso total ou substitui\u00e7\u00e3o. No caso de um reembolso, o reembolso ser\u00e1 enviado para sua conta de pagamento original.<\/span><\/div>\n<\/li>\n<\/ol>\n<div class=\"qk-md-paragraph\">\n<div class=\"qk-md-paragraph\"><strong class=\"qk-md-strong complete\"><span class=\"qk-md-text complete\">3 DEVOLU\u00c7\u00d5ES N\u00c3O RELACIONADAS COM O ESTADO DO PRODUTO<\/span><\/strong><br \/><span class=\"qk-md-text complete\">Esperamos que desfrute da sua compra. Se o produto que encomendou n\u00e3o corresponder \u00e0s suas expectativas por qualquer motivo, pode ser devolvido com certas limita\u00e7\u00f5es.<\/span><\/div>\n<div class=\"qk-md-paragraph\"><span class=\"qk-md-text complete\">Dentro de 30 dias ap\u00f3s a entrega, entre em contacto com a PHi atrav\u00e9s do chat ao vivo do site oficial ou por e-mail. N\u00e3o envie nenhum artigo de volta para a PHi sem receber aprova\u00e7\u00e3o pr\u00e9via.<\/span><\/div>\n<div class=\"qk-md-paragraph\"><span class=\"qk-md-text complete\">Voc\u00ea ser\u00e1 respons\u00e1vel pelo seguinte: custo de envio para o seu endere\u00e7o, custo de envio para a PHi e quaisquer impostos, taxas ou direitos associados ao envio. Dentro de 10 dias \u00fateis ap\u00f3s o retorno do produto \u00e0 PHiw, o reembolso ser\u00e1 organizado.<\/span><\/div>\n<div class=\"qk-md-paragraph\"><span class=\"qk-md-text complete\">Se alguma destas se aplicar ao seu pedido, n\u00e3o \u00e9 eleg\u00edvel para devolu\u00e7\u00e3o:<\/span><\/div>\n<ul class=\"qk-md-ul\">\n<li class=\"qk-md-li complete\"><span class=\"qk-md-text complete\">O produto foi utilizado<\/span><\/li>\n<li class=\"qk-md-li complete\"><span class=\"qk-md-text complete\">A embalagem do produto est\u00e1 danificada<\/span><\/li>\n<li class=\"qk-md-li complete\"><span class=\"qk-md-text complete\">O pr\u00f3prio produto est\u00e1 danificado<\/span><\/li>\n<li class=\"qk-md-li complete\"><span class=\"qk-md-text complete\">O produto n\u00e3o est\u00e1 em total condi\u00e7\u00e3o de revenda<\/span><\/li>\n<li class=\"qk-md-li complete\"><span class=\"qk-md-text complete\">O produto devolvido n\u00e3o \u00e9 recebido pela PHi<\/span><\/li>\n<li class=\"qk-md-li complete\"><span class=\"qk-md-text complete\">Passaram-se mais de 30 dias desde a entrega<\/span><\/li>\n<li class=\"qk-md-li complete\"><span class=\"qk-md-text complete\">N\u00e3o h\u00e1 prova de compra<\/span><\/li>\n<li class=\"qk-md-li complete\"><span class=\"qk-md-text complete\">O produto \u00e9 classificado como apenas por tempo limitado e\/ou n\u00e3o est\u00e1 mais em produ\u00e7\u00e3o<\/span><\/li>\n<\/ul>\n<div class=\"qk-md-paragraph\"><strong class=\"qk-md-strong complete\"><span class=\"qk-md-text complete\">4 DEFEITOS DE FABRICO SUSPEITOS<\/span><\/strong><br \/><span class=\"qk-md-text complete\">Se qualquer produto comprado da PHi for suspeito de ter um defeito de fabrico dentro de 3 anos da sua data de entrega, por favor, preencha o nosso Formul\u00e1rio de Solicita\u00e7\u00e3o de P\u00f3s-Venda. Mais informa\u00e7\u00f5es est\u00e3o dispon\u00edveis na nossa Pol\u00edtica de Garantia.<\/span><\/div>\n<div class=\"qk-md-paragraph\"><strong class=\"qk-md-strong complete\"><span class=\"qk-md-text complete\">5 PROCEDIMENTO DE REEMBOLSO<\/span><\/strong><br \/><span class=\"qk-md-text complete\">Se o produto que est\u00e1 a devolver cumpre os padr\u00f5es de devolu\u00e7\u00e3o e reembolso da PHi, ser\u00e1 contactado dentro de 10 dias \u00fateis para confirmar consigo o valor a ser reembolsado e organizar o seu envio. Um reembolso seria ent\u00e3o enviado para a sua conta de pagamento original. Pode levar alguns dias para o banco processar a transa\u00e7\u00e3o. Se a PHi o notificar que o reembolso foi enviado e houver um atraso, por favor, contacte diretamente o seu banco. Se o reembolso ainda n\u00e3o foi recebido dentro de 7 dias da notifica\u00e7\u00e3o, por favor, contacte a PHi.<\/span><\/div>\n<div class=\"qk-md-paragraph\"><span class=\"qk-md-text complete\">Se o produto devolvido n\u00e3o cumpre os padr\u00f5es de devolu\u00e7\u00e3o e reembolso da PHi, ser\u00e1 rejeitado e devolvido para si. Neste caso, voc\u00ea ser\u00e1 respons\u00e1vel pelos custos de envio.<\/span><\/div>\n<div class=\"qk-md-paragraph\"><span class=\"qk-md-text complete\">Por favor, note que o valor reembolsado n\u00e3o inclui taxas de transfer\u00eancia adicionais ou altera\u00e7\u00f5es nas taxas de convers\u00e3o de c\u00e2mbio. Se houver taxas adicionais associadas a uma transfer\u00eancia para a PHi, estas taxas ser\u00e3o suportadas pelo cliente.<\/span><\/div>\n<div class=\"qk-md-paragraph\"><span class=\"qk-md-text complete\">Se houve um erro no seu pedido, como o envio do artigo errado, a PHi ser\u00e1 respons\u00e1vel pelos custos de envio de devolu\u00e7\u00e3o.<\/span><\/div>\n<div class=\"qk-md-paragraph\"><span class=\"qk-md-text complete\">Durante eventos de vendas, os tempos de devolu\u00e7\u00e3o e reembolso podem estar sujeitos a altera\u00e7\u00f5es. Por favor, verifique os detalhes do evento para mais informa\u00e7\u00f5es.<\/span><\/div>\n<div class=\"qk-md-paragraph\"><span class=\"qk-md-text complete\">Se tiver alguma d\u00favida sobre a sua compra ou a sua garantia, por favor, consulte a Pol\u00edtica de Garantia da PHi. Pode tamb\u00e9m contactar a PHi por e-mail para\u00a0<\/span><a class=\"qk-md-link\" href=\"mailto:service@phi-cycling.cc\" target=\"_blank\" rel=\"noopener noreferrer\">mailto:service@phi-cycling.cc<\/a><span class=\"qk-md-text complete\">\u00a0ou no chat ao vivo do site oficial.<\/span><\/div>\n<div class=\"qk-md-paragraph\"><span class=\"qk-md-text complete\">A PHi est\u00e1 empenhada e em processo de constru\u00e7\u00e3o de uma rede de servi\u00e7o global. O objetivo desta rede \u00e9 servir melhor os nossos ciclistas. Isso permite servi\u00e7o e suporte convenientes, n\u00e3o importa onde voc\u00ea esteja no mundo.<\/span><\/div>\n<\/div>\n<\/div>\n<\/div>\n<\/div>\n<div class=\"mt-4\">\n<div class=\"relative left-[-6px] flex items-center gap-2\">\n<div class=\"flex size-6 cursor-pointer items-center justify-center rounded transition-colors duration-200 hover:bg-tag\" data-state=\"closed\">\u00a0<\/div>\n<div class=\"flex size-6 cursor-pointer items-center justify-center rounded transition-colors duration-200 hover:bg-tag\" data-state=\"closed\">\u00a0<\/div>\n<\/div>\n<\/div>\n<\/div>\n<div class=\"flex-auto\">\u00a0<\/div>\n<div class=\"absolute left-0 top-[90%]\">\u00a0<\/div>\n<\/div>\n<\/div>\n<div data-chat-list-key=\"c277b283c4324565a283700b172ffbdc-question\">\n<div class=\"questionItem-u8_ahH group\" data-msgid=\"c277b283c4324565a283700b172ffbdc-question\">\n<div>\n<div class=\"location-wacR5m\">\u00a0<\/div>\n<div class=\"content-hKtCkw\">\n<div class=\"\">\n<div class=\"\">\n<div class=\"contentBox-PXNuf2\">\u00a0<\/div>\n<\/div>\n<\/div>\n<\/div>\n<\/div>\n<\/div>\n<\/div>\t\t\t\t\t\t\t\t<\/div>\n\t\t\t\t\t<\/div>\n\t\t\t\t<\/div>\n\t\t\t\t<\/div>\n\t\t","protected":false},"excerpt":{"rendered":"<p>Pol\u00edtica de Reembolso e Devolu\u00e7\u00e3o Todas as solicita\u00e7\u00f5es de devolu\u00e7\u00e3o devem ser feitas preenchendo primeiro o Formul\u00e1rio de Solicita\u00e7\u00e3o de P\u00f3s-Venda. Por favor, n\u00e3o envie nenhum item de volta para n\u00f3s sem receber aprova\u00e7\u00e3o pr\u00e9via. Quaisquer itens devolvidos sem aprova\u00e7\u00e3o pr\u00e9via n\u00e3o ser\u00e3o eleg\u00edveis para reembolso. Quaisquer problemas relacionados a mercadorias danificadas ou faltantes devem [&hellip;]<\/p>\n","protected":false},"author":1,"featured_media":0,"parent":0,"menu_order":0,"comment_status":"closed","ping_status":"closed","template":"","meta":{"footnotes":""},"class_list":["post-4785","page","type-page","status-publish","hentry"],"_links":{"self":[{"href":"https:\/\/phi-cycling.cc\/pt-pt\/wp-json\/wp\/v2\/pages\/4785","targetHints":{"allow":["GET"]}}],"collection":[{"href":"https:\/\/phi-cycling.cc\/pt-pt\/wp-json\/wp\/v2\/pages"}],"about":[{"href":"https:\/\/phi-cycling.cc\/pt-pt\/wp-json\/wp\/v2\/types\/page"}],"author":[{"embeddable":true,"href":"https:\/\/phi-cycling.cc\/pt-pt\/wp-json\/wp\/v2\/users\/1"}],"replies":[{"embeddable":true,"href":"https:\/\/phi-cycling.cc\/pt-pt\/wp-json\/wp\/v2\/comments?post=4785"}],"version-history":[{"count":5,"href":"https:\/\/phi-cycling.cc\/pt-pt\/wp-json\/wp\/v2\/pages\/4785\/revisions"}],"predecessor-version":[{"id":4865,"href":"https:\/\/phi-cycling.cc\/pt-pt\/wp-json\/wp\/v2\/pages\/4785\/revisions\/4865"}],"wp:attachment":[{"href":"https:\/\/phi-cycling.cc\/pt-pt\/wp-json\/wp\/v2\/media?parent=4785"}],"curies":[{"name":"wp","href":"https:\/\/api.w.org\/{rel}","templated":true}]}}