{"id":4790,"date":"2025-12-06T01:36:43","date_gmt":"2025-12-05T17:36:43","guid":{"rendered":"https:\/\/phi-cycling.cc\/privacy-policy\/"},"modified":"2026-04-08T11:35:25","modified_gmt":"2026-04-08T03:35:25","slug":"politica-de-privacidade","status":"publish","type":"page","link":"https:\/\/phi-cycling.cc\/pt-pt\/politica-de-privacidade\/","title":{"rendered":"POL\u00cdTICA DE PRIVACIDADE"},"content":{"rendered":"\t\t<div data-elementor-type=\"wp-page\" data-elementor-id=\"4790\" class=\"elementor elementor-4790 elementor-3\" data-elementor-post-type=\"page\">\n\t\t\t\t<div class=\"elementor-element elementor-element-794755c4 e-flex e-con-boxed e-con e-parent\" data-id=\"794755c4\" data-element_type=\"container\" data-e-type=\"container\" data-settings=\"{&quot;background_background&quot;:&quot;classic&quot;}\">\n\t\t\t\t\t<div class=\"e-con-inner\">\n\t\t\t\t<div class=\"elementor-element elementor-element-bff2088 elementor-widget elementor-widget-text-editor\" data-id=\"bff2088\" data-element_type=\"widget\" data-e-type=\"widget\" data-widget_type=\"text-editor.default\">\n\t\t\t\t\t\t\t\t\t<div class=\"qk-md-paragraph\"><strong class=\"qk-md-strong complete\"><span class=\"qk-md-text complete\">POL\u00cdTICA DE PRIVACIDADE<\/span><\/strong><\/div>\n<div class=\"qk-md-paragraph\"><span class=\"qk-md-text complete\">A PHi compromete-se a preservar a privacidade de todos os visitantes do nosso site. Por favor, leia a seguinte pol\u00edtica de privacidade para entender como usamos e protegemos as informa\u00e7\u00f5es que nos fornece.<\/span><\/div>\n<div class=\"qk-md-paragraph\"><span class=\"qk-md-text complete\">Ao registar-se ou fazer um pedido neste site, voc\u00ea consente a recolha e uso das suas informa\u00e7\u00f5es nos termos desta pol\u00edtica.<\/span><\/div>\n<div class=\"qk-md-paragraph\"><strong class=\"qk-md-strong complete\"><span class=\"qk-md-text complete\">INFORMA\u00c7\u00d5ES QUE RECOLHEMOS DE SI<\/span><\/strong><br \/><span class=\"qk-md-text complete\">Quando visita, regista ou encomenda produtos ou servi\u00e7os na PHi, pode ser solicitado a fornecer certas informa\u00e7\u00f5es sobre si mesmo, incluindo o seu nome, detalhes de contacto e informa\u00e7\u00f5es de cart\u00e3o de cr\u00e9dito ou d\u00e9bito.<\/span><\/div>\n<div class=\"qk-md-paragraph\"><span class=\"qk-md-text complete\">Podemos tamb\u00e9m recolher informa\u00e7\u00f5es sobre o seu uso do nosso site, mensagens de chat e e-mails ou cartas que nos envie.<\/span><\/div>\n<div class=\"qk-md-paragraph\"><span class=\"qk-md-text complete\">Para manter os padr\u00f5es de atendimento ao cliente e auxiliar na forma\u00e7\u00e3o de funcion\u00e1rios, podemos gravar e monitorizar chamadas recebidas.<\/span><\/div>\n<div class=\"qk-md-paragraph\"><strong class=\"qk-md-strong complete\"><span class=\"qk-md-text complete\">USO DAS SUAS INFORMA\u00c7\u00d5ES<\/span><\/strong><br \/><span class=\"qk-md-text complete\">As suas informa\u00e7\u00f5es permitir-nos-\u00e3o fornecer-lhe acesso \u00e0 fun\u00e7\u00e3o de chat, bem como \u00e0 fun\u00e7\u00e3o de checkout do nosso site. Tamb\u00e9m nos permitir\u00e3o fatur\u00e1-lo e contact\u00e1-lo em rela\u00e7\u00e3o aos seus pedidos. Tamb\u00e9m usaremos e analisaremos as informa\u00e7\u00f5es que recolhemos para que possamos melhorar o nosso servi\u00e7o de atendimento ao cliente e produtos.<\/span><\/div>\n<div class=\"qk-md-paragraph\"><span class=\"qk-md-text complete\">Voc\u00ea tem a op\u00e7\u00e3o de subscrever o nosso boletim informativo por e-mail. Podemos usar as suas informa\u00e7\u00f5es para contact\u00e1-lo para obter feedback e para ocasionalmente notific\u00e1-lo sobre altera\u00e7\u00f5es importantes no nosso site, bem como novas ofertas de produtos e servi\u00e7os que possam interessar-lhe. Para respeitar o cliente, estas atualiza\u00e7\u00f5es ser\u00e3o enviadas apenas algumas vezes por ano. Se mudar de ideia sobre ser contactado no futuro, por favor, informe-nos por e-mail para\u00a0<\/span><a class=\"qk-md-link\" href=\"mailto:service@phi-cycling.cc\" target=\"_blank\" rel=\"noopener noreferrer\">mailto:service@phi-cycling.cc<\/a><span class=\"qk-md-text complete\">.<\/span><\/div>\n<div class=\"qk-md-paragraph\"><strong class=\"qk-md-strong complete\"><span class=\"qk-md-text complete\">COOKIES<\/span><\/strong><br \/><span class=\"qk-md-text complete\">Os cookies s\u00e3o pequenas quantidades de informa\u00e7\u00f5es criadas pelo nosso servidor web que podem ser armazenadas no seu computador, telefone ou outro dispositivo com um navegador web. A menos que tenha selecionado a op\u00e7\u00e3o de n\u00e3o aceitar cookies no site, o nosso sistema emitir\u00e1 cookies para o seu dispositivo quando iniciar sess\u00e3o no site. Os cookies facilitam o login e o uso do site no futuro. Eles tamb\u00e9m nos permitem monitorizar o tr\u00e1fego do site e personalizar o conte\u00fado do site para si. Voc\u00ea pode optar por configurar o seu navegador para desativar os cookies.<\/span><\/div>\n<div class=\"qk-md-paragraph\"><strong class=\"qk-md-strong complete\"><span class=\"qk-md-text complete\">SEGURAN\u00c7A E RETEN\u00c7\u00c3O DE DADOS<\/span><\/strong><br \/><span class=\"qk-md-text complete\">Empregamos medidas de seguran\u00e7a para proteger as suas informa\u00e7\u00f5es contra o acesso por pessoas n\u00e3o autorizadas e contra o processamento ilegal, perda acidental, destrui\u00e7\u00e3o e dano. Manteremos as suas informa\u00e7\u00f5es por um per\u00edodo razo\u00e1vel ou enquanto a lei exigir. N\u00e3o armazenamos informa\u00e7\u00f5es de cart\u00e3o de cr\u00e9dito.<\/span><\/div>\n<div class=\"qk-md-paragraph\"><strong class=\"qk-md-strong complete\"><span class=\"qk-md-text complete\">ACESSO E ATUALIZA\u00c7\u00c3O<\/span><\/strong><br \/><span class=\"qk-md-text complete\">Voc\u00ea tem o direito de ver as informa\u00e7\u00f5es mantidas sobre si e pode pedir-nos para fazer as altera\u00e7\u00f5es necess\u00e1rias para garantir que sejam precisas e mantidas atualizadas. Se desejar fazer isso, entre em contacto connosco por e-mail em\u00a0<\/span><a class=\"qk-md-link\" href=\"mailto:service@phi-cycling.cc\" target=\"_blank\" rel=\"noopener noreferrer\">mailto:service@phi-cycling.cc<\/a><span class=\"qk-md-text complete\">.<\/span><\/div>\n<div class=\"qk-md-paragraph\"><strong class=\"qk-md-strong complete\"><span class=\"qk-md-text complete\">ALTERA\u00c7\u00d5ES \u00c0 NOSSA POL\u00cdTICA DE PRIVACIDADE<\/span><\/strong><br \/><span class=\"qk-md-text complete\">Quaisquer altera\u00e7\u00f5es feitas \u00e0 nossa pol\u00edtica de privacidade no futuro ser\u00e3o publicadas no site e, quando apropriado, ser-lhe-\u00e3o enviadas por e-mail.<\/span><\/div>\n<div class=\"qk-md-paragraph\"><strong class=\"qk-md-strong complete\"><span class=\"qk-md-text complete\">CONTATO<\/span><\/strong><br \/><span class=\"qk-md-text complete\">Todos os coment\u00e1rios, perguntas e solicita\u00e7\u00f5es relacionadas ao nosso uso das suas informa\u00e7\u00f5es s\u00e3o bem-vindos e devem ser enviados para n\u00f3s por e-mail para\u00a0<\/span><a class=\"qk-md-link\" href=\"mailto:service@phi-cycling.cc\" target=\"_blank\" rel=\"noopener noreferrer\">mailto:service@phi-cycling.cc<\/a><span class=\"qk-md-text complete\">.<\/span><\/div>\t\t\t\t\t\t\t\t<\/div>\n\t\t\t\t\t<\/div>\n\t\t\t\t<\/div>\n\t\t\t\t<\/div>\n\t\t","protected":false},"excerpt":{"rendered":"<p>POL\u00cdTICA DE PRIVACIDADE A PHi compromete-se a preservar a privacidade de todos os visitantes do nosso site. Por favor, leia a seguinte pol\u00edtica de privacidade para entender como usamos e protegemos as informa\u00e7\u00f5es que nos fornece. Ao registar-se ou fazer um pedido neste site, voc\u00ea consente a recolha e uso das suas informa\u00e7\u00f5es nos termos [&hellip;]<\/p>\n","protected":false},"author":1,"featured_media":0,"parent":0,"menu_order":0,"comment_status":"closed","ping_status":"open","template":"","meta":{"footnotes":""},"class_list":["post-4790","page","type-page","status-publish","hentry"],"_links":{"self":[{"href":"https:\/\/phi-cycling.cc\/pt-pt\/wp-json\/wp\/v2\/pages\/4790","targetHints":{"allow":["GET"]}}],"collection":[{"href":"https:\/\/phi-cycling.cc\/pt-pt\/wp-json\/wp\/v2\/pages"}],"about":[{"href":"https:\/\/phi-cycling.cc\/pt-pt\/wp-json\/wp\/v2\/types\/page"}],"author":[{"embeddable":true,"href":"https:\/\/phi-cycling.cc\/pt-pt\/wp-json\/wp\/v2\/users\/1"}],"replies":[{"embeddable":true,"href":"https:\/\/phi-cycling.cc\/pt-pt\/wp-json\/wp\/v2\/comments?post=4790"}],"version-history":[{"count":5,"href":"https:\/\/phi-cycling.cc\/pt-pt\/wp-json\/wp\/v2\/pages\/4790\/revisions"}],"predecessor-version":[{"id":4822,"href":"https:\/\/phi-cycling.cc\/pt-pt\/wp-json\/wp\/v2\/pages\/4790\/revisions\/4822"}],"wp:attachment":[{"href":"https:\/\/phi-cycling.cc\/pt-pt\/wp-json\/wp\/v2\/media?parent=4790"}],"curies":[{"name":"wp","href":"https:\/\/api.w.org\/{rel}","templated":true}]}}