{"id":4795,"date":"2025-12-17T09:24:05","date_gmt":"2025-12-17T01:24:05","guid":{"rendered":"https:\/\/phi-cycling.cc\/terms-and-conditions\/"},"modified":"2026-04-08T12:21:13","modified_gmt":"2026-04-08T04:21:13","slug":"termos-e-condicoes","status":"publish","type":"page","link":"https:\/\/phi-cycling.cc\/pt-pt\/termos-e-condicoes\/","title":{"rendered":"Termos e Condi\u00e7\u00f5es"},"content":{"rendered":"\t\t<div data-elementor-type=\"wp-page\" data-elementor-id=\"4795\" class=\"elementor elementor-4795 elementor-942\" data-elementor-post-type=\"page\">\n\t\t\t\t<div class=\"elementor-element elementor-element-c1b1459 e-flex e-con-boxed e-con e-parent\" data-id=\"c1b1459\" data-element_type=\"container\" data-e-type=\"container\" data-settings=\"{&quot;background_background&quot;:&quot;classic&quot;}\">\n\t\t\t\t\t<div class=\"e-con-inner\">\n\t\t\t\t<div class=\"elementor-element elementor-element-c20467c elementor-widget elementor-widget-text-editor\" data-id=\"c20467c\" data-element_type=\"widget\" data-e-type=\"widget\" data-widget_type=\"text-editor.default\">\n\t\t\t\t\t\t\t\t\t<div class=\"qk-md-paragraph\"><strong class=\"qk-md-strong complete\"><span class=\"qk-md-text complete\">Termos e Condi\u00e7\u00f5es<\/span><\/strong><br \/><span class=\"qk-md-text complete\">Estes termos e condi\u00e7\u00f5es aplicam-se ao uso deste site em phi-cycling.cc. Ao aceder a este site e\/ou fazer um pedido, concorda em ficar vinculado a estes termos e condi\u00e7\u00f5es.<\/span><\/div><div class=\"qk-md-paragraph\"><span class=\"qk-md-text complete\">Usar este site indica que aceita estes termos independentemente de escolher ou n\u00e3o registar-se connosco ou fazer-nos um pedido. Se n\u00e3o aceitar estes termos, n\u00e3o utilize este site.<\/span><\/div><div class=\"qk-md-paragraph\"><strong class=\"qk-md-strong complete\"><span class=\"qk-md-text complete\">OS NOSSOS DADOS DE CONTACTO S\u00c3O OS SEGUINTES:<\/span><\/strong><br \/><span class=\"qk-md-text complete\">E-mail geral:\u00a0<\/span><a class=\"qk-md-link\" href=\"mailto:service@phi-cycling.cc\" target=\"_blank\" rel=\"noopener noreferrer\">mailto:service@phi-cycling.cc<\/a><\/div><div class=\"qk-md-paragraph\"><strong class=\"qk-md-strong complete\"><span class=\"qk-md-text complete\">INTRODU\u00c7\u00c3O<\/span><\/strong><br \/><span class=\"qk-md-text complete\">1.1 Poder\u00e1 aceder a todas as \u00e1reas deste site sem registar os seus dados connosco, com exce\u00e7\u00e3o do checkout e do chat ao vivo.<\/span><\/div><div class=\"qk-md-paragraph\"><span class=\"qk-md-text complete\">1.2 Podemos rever estes termos e condi\u00e7\u00f5es a qualquer momento, atualizando esta publica\u00e7\u00e3o. Aconselhamo-lo a verificar este site de tempos a tempos para rever os termos e condi\u00e7\u00f5es atuais, porque s\u00e3o vinculativos para si. Certas disposi\u00e7\u00f5es destes termos e condi\u00e7\u00f5es podem ser substitu\u00eddas por avisos legais ou termos expressamente designados localizados em p\u00e1ginas espec\u00edficas deste site. Se n\u00e3o desejar aceitar novos termos e condi\u00e7\u00f5es ap\u00f3s termos dado aviso, n\u00e3o dever\u00e1 continuar a usar este site.<\/span><\/div><div class=\"qk-md-paragraph\"><strong class=\"qk-md-strong complete\"><span class=\"qk-md-text complete\">FAZER PEDIDOS CONNOSCO<\/span><\/strong><br \/><span class=\"qk-md-text complete\">2.1 Considera-se que faz um pedido connosco ao encomendar atrav\u00e9s do nosso processo de checkout online. Como parte do nosso processo de checkout, ser-lhe-\u00e1 dada a oportunidade de verificar o seu pedido e de corrigir eventuais erros. Enviar-lhe-emos uma confirma\u00e7\u00e3o de pedido, detalhando os produtos que encomendou.<\/span><\/div><div class=\"qk-md-paragraph\"><span class=\"qk-md-text complete\">2.2 Quando o seu pagamento for recebido, o pedido come\u00e7ar\u00e1 a ser processado. Prepararemos o artigo que encomendou e envi\u00e1-lo-emos o mais r\u00e1pido poss\u00edvel. Assim que o artigo for enviado, enviar-lhe-emos o aviso de entrega e as informa\u00e7\u00f5es log\u00edsticas por e-mail. Os pedidos n\u00e3o podem ser cancelados depois de enviados. Se houver algum problema relativamente ao pedido, pode consultar a nossa pol\u00edtica de p\u00f3s-venda.<\/span><\/div><div class=\"qk-md-paragraph\"><span class=\"qk-md-text complete\">2.3 Podemos recusar aceitar um pedido:<\/span><br \/><span class=\"qk-md-text complete\">(a) quando os produtos n\u00e3o estiverem dispon\u00edveis;<\/span><br \/><span class=\"qk-md-text complete\">(b) quando n\u00e3o pudermos obter autoriza\u00e7\u00e3o para o seu pagamento;<\/span><br \/><span class=\"qk-md-text complete\">(c) se houver um erro de pre\u00e7o ou de descri\u00e7\u00e3o do produto;<\/span><\/div><div class=\"qk-md-paragraph\"><strong class=\"qk-md-strong complete\"><span class=\"qk-md-text complete\">POL\u00cdTICA DE CANCELAMENTO E DEVOLU\u00c7\u00c3O<\/span><\/strong><br \/><span class=\"qk-md-text complete\">Por favor, veja a nossa p\u00e1gina de Cancelamentos, Reembolsos e Devolu\u00e7\u00f5es para a nossa POL\u00cdTICA COMPLETA DE CANCELAMENTO E DEVOLU\u00c7\u00c3O.<\/span><\/div><div class=\"qk-md-paragraph\"><strong class=\"qk-md-strong complete\"><span class=\"qk-md-text complete\">LICEN\u00c7A<\/span><\/strong><br \/><span class=\"qk-md-text complete\">4.1 \u00c9 permitido imprimir e descarregar material encontrado neste site para o seu pr\u00f3prio uso com a seguinte base:<\/span><br \/><span class=\"qk-md-text complete\">(a) nenhum documento ou gr\u00e1ficos relacionados neste site s\u00e3o modificados de qualquer forma;<\/span><br \/><span class=\"qk-md-text complete\">(b) nenhum gr\u00e1fico neste site \u00e9 usado separadamente do texto que o acompanha;<\/span><br \/><span class=\"qk-md-text complete\">(c) quaisquer avisos de direitos de autor e marca comercial nossos e este aviso de permiss\u00e3o aparecem em todas as c\u00f3pias.<\/span><\/div><div class=\"qk-md-paragraph\"><span class=\"qk-md-text complete\">4.2 Salvo indica\u00e7\u00e3o em contr\u00e1rio, os direitos de autor e outros direitos de propriedade intelectual em todo o material neste site (incluindo sem limita\u00e7\u00e3o fotografias e imagens gr\u00e1ficas) s\u00e3o de nossa propriedade ou dos nossos licenciantes. Para os fins destes termos e condi\u00e7\u00f5es, qualquer uso de excertos deste site que n\u00e3o seja de acordo com a cl\u00e1usula 4.1 acima para qualquer finalidade \u00e9 proibido. Se violar qualquer um dos termos nestes termos e condi\u00e7\u00f5es, a sua permiss\u00e3o para usar este site termina automaticamente e deve destruir imediatamente quaisquer excertos descarregados ou impressos deste site.<\/span><\/div><div class=\"qk-md-paragraph\"><span class=\"qk-md-text complete\">4.3 Sujeito \u00e0 cl\u00e1usula 4.1, nenhuma parte deste site pode ser reproduzida ou armazenada em qualquer outro site ou inclu\u00edda em qualquer sistema ou servi\u00e7o de recupera\u00e7\u00e3o eletr\u00f3nico p\u00fablico ou privado sem a nossa pr\u00e9via autoriza\u00e7\u00e3o por escrito.<\/span><\/div><div class=\"qk-md-paragraph\"><span class=\"qk-md-text complete\">4.4 Todos os direitos n\u00e3o expressamente concedidos nestes termos est\u00e3o reservados.<\/span><\/div><div class=\"qk-md-paragraph\"><span class=\"qk-md-text complete\">4.5 PHi, o log\u00f3tipo PHi e o \u00edcone s\u00e3o uma marca comercial da PHi e o seu uso e reprodu\u00e7\u00e3o s\u00f3 \u00e9 permitido com pr\u00e9via autoriza\u00e7\u00e3o expressa por escrito da PHi.<\/span><\/div><div class=\"qk-md-paragraph\"><strong class=\"qk-md-strong complete\"><span class=\"qk-md-text complete\">ACESSO AO SERVI\u00c7O<\/span><\/strong><br \/><span class=\"qk-md-text complete\">5.1 Embora nos esforcemos por garantir que este site esteja normalmente dispon\u00edvel 24 horas por dia, n\u00e3o seremos respons\u00e1veis se, por qualquer motivo, este site estiver indispon\u00edvel a qualquer momento ou por qualquer per\u00edodo.<\/span><br \/><span class=\"qk-md-text complete\">5.2 O acesso a este site pode ser suspenso temporariamente e sem aviso pr\u00e9vio em caso de falha do sistema, manuten\u00e7\u00e3o ou repara\u00e7\u00e3o ou por motivos alheios \u00e0 nossa vontade.<\/span><\/div><div class=\"qk-md-paragraph\"><strong class=\"qk-md-strong complete\"><span class=\"qk-md-text complete\">MATERIAL E CONDUTA DO VISITANTE<\/span><\/strong><br \/><span class=\"qk-md-text complete\">6.1 Com exce\u00e7\u00e3o de informa\u00e7\u00f5es pessoalmente identific\u00e1veis, que s\u00e3o cobertas pela Pol\u00edtica de Privacidade, qualquer material que transmitir ou publicar neste site ser\u00e1 considerado n\u00e3o confidencial e n\u00e3o propriet\u00e1rio. N\u00e3o teremos obriga\u00e7\u00f5es em rela\u00e7\u00e3o a tal material. N\u00f3s e os nossos nomeados seremos livres de copiar, divulgar, distribuir, incorporar e de outra forma usar tal material e todos os dados, imagens, sons, textos e outras coisas nele incorporadas para quaisquer fins comerciais ou n\u00e3o comerciais.<\/span><br \/><span class=\"qk-md-text complete\">6.2 Est\u00e1 proibido de publicar ou transmitir para ou a partir deste site qualquer material:<\/span><br \/><span class=\"qk-md-text complete\">(a) que seja amea\u00e7ador, difamat\u00f3rio, obsceno, indecente, sedicioso, ofensivo, pornogr\u00e1fico, abusivo, pass\u00edvel de incitar ao \u00f3dio racial, discriminat\u00f3rio, amea\u00e7ador, escandaloso, inflamat\u00f3rio, blasfemo, em viola\u00e7\u00e3o de confian\u00e7a, em viola\u00e7\u00e3o de privacidade ou que possa causar aborrecimento ou inconveniente;<\/span><br \/><span class=\"qk-md-text complete\">(b) para o qual n\u00e3o tenha obtido todas as licen\u00e7as e\/ou aprova\u00e7\u00f5es necess\u00e1rias;<\/span><br \/><span class=\"qk-md-text complete\">(c) que constitua ou encoraje conduta que seria considerada uma ofensa criminal, daria origem a responsabilidade civil, ou de outra forma seria contr\u00e1ria \u00e0 lei ou infringiria os direitos de qualquer terceiro, em qualquer pa\u00eds do mundo; ou<\/span><br \/><span class=\"qk-md-text complete\">(d) que seja tecnicamente prejudicial (incluindo, sem limita\u00e7\u00e3o, v\u00edrus de computador, bombas l\u00f3gicas, cavalos de Troia, worms, componentes prejudiciais, dados corrompidos ou outro software malicioso ou dados prejudiciais).<\/span><\/div><div class=\"qk-md-paragraph\"><span class=\"qk-md-text complete\">6.3 N\u00e3o pode fazer uso indevido do site (incluindo, sem limita\u00e7\u00e3o, atrav\u00e9s de hacking).<\/span><\/div><div class=\"qk-md-paragraph\"><span class=\"qk-md-text complete\">6.4 Cooperaremos plenamente com quaisquer autoridades de aplica\u00e7\u00e3o da lei ou ordem judicial que nos solicite ou ordene divulgar a identidade ou localizar qualquer pessoa que publique qualquer material em viola\u00e7\u00e3o das cl\u00e1usulas 6.2 ou 6.3.<\/span><\/div><div class=\"qk-md-paragraph\"><strong class=\"qk-md-strong complete\"><span class=\"qk-md-text complete\">LINKS PARA E DE OUTROS SITES<\/span><\/strong><br \/><span class=\"qk-md-text complete\">7.1 Links para sites de terceiros neste site s\u00e3o fornecidos apenas para sua conveni\u00eancia. Se usar estes links, deixa este site. N\u00e3o revimos todos estes sites de terceiros e n\u00e3o controlamos e n\u00e3o somos respons\u00e1veis por estes sites ou pelo seu conte\u00fado ou disponibilidade. Portanto, n\u00e3o os endossamos nem fazemos declara\u00e7\u00f5es sobre eles, ou sobre qualquer material neles encontrado, ou sobre quaisquer resultados que possam ser obtidos ao us\u00e1-los. Se decidir aceder a qualquer um dos sites de terceiros ligados a este site, f\u00e1-lo-\u00e1 inteiramente por sua conta e risco.<\/span><\/div><div class=\"qk-md-paragraph\"><span class=\"qk-md-text complete\">7.2 Pode criar um link para este site, mas est\u00e1 sujeito \u00e0s seguintes condi\u00e7\u00f5es:<\/span><br \/><span class=\"qk-md-text complete\">(a) n\u00e3o remove, distorce ou altera de outra forma o tamanho ou a apar\u00eancia do log\u00f3tipo PHi;<\/span><br \/><span class=\"qk-md-text complete\">(b) n\u00e3o cria uma moldura ou qualquer outro ambiente de navegador ou borda em redor deste site;<\/span><br \/><span class=\"qk-md-text complete\">(c) n\u00e3o implica de forma alguma que estamos a endossar quaisquer produtos ou servi\u00e7os que n\u00e3o os nossos;<\/span><br \/><span class=\"qk-md-text complete\">(d) n\u00e3o deturpa a sua rela\u00e7\u00e3o connosco nem apresenta qualquer outra informa\u00e7\u00e3o falsa sobre n\u00f3s;<\/span><br \/><span class=\"qk-md-text complete\">(e) n\u00e3o usa de outra forma quaisquer marcas comerciais da PHi exibidas neste site sem a nossa expressa autoriza\u00e7\u00e3o por escrito;<\/span><br \/><span class=\"qk-md-text complete\">(g) o seu site n\u00e3o cont\u00e9m conte\u00fado que seja desagrad\u00e1vel, ofensivo ou controverso, infrinja quaisquer direitos de propriedade intelectual ou outros direitos de qualquer outra pessoa ou de outra forma n\u00e3o cumpra todas as leis e regulamentos aplic\u00e1veis.<\/span><br \/><span class=\"qk-md-text complete\">Reservamo-nos expressamente o direito de revogar o direito concedido nesta cl\u00e1usula 7.2 por viola\u00e7\u00e3o destes termos e de tomar qualquer a\u00e7\u00e3o que consideremos apropriada.<\/span><br \/><span class=\"qk-md-text complete\">7.3 Indemnizar-nos-\u00e1 integralmente por qualquer perda ou dano que possamos sofrer ou incorrer como resultado da sua viola\u00e7\u00e3o da cl\u00e1usula 7.2.<\/span><\/div><div class=\"qk-md-paragraph\"><strong class=\"qk-md-strong complete\"><span class=\"qk-md-text complete\">REGISTO<\/span><\/strong><br \/><span class=\"qk-md-text complete\">8.1 Para se registar em phi-cycling.cc deve ter mais de dezoito anos de idade.<\/span><\/div><div class=\"qk-md-paragraph\"><span class=\"qk-md-text complete\">8.2 Cada registo \u00e9 apenas para um \u00fanico utilizador. N\u00e3o permitimos que partilhe o seu nome de utilizador e palavra-passe com qualquer outra pessoa nem com m\u00faltiplos utilizadores numa rede.<\/span><\/div><div class=\"qk-md-paragraph\"><span class=\"qk-md-text complete\">8.3 A responsabilidade pela seguran\u00e7a de quaisquer palavras-passe emitidas recai sobre si e se souber ou suspeitar que outra pessoa conhece a sua palavra-passe, deve contactar-nos imediatamente.<\/span><\/div><div class=\"qk-md-paragraph\"><span class=\"qk-md-text complete\">8.4 Podemos suspender ou cancelar o seu registo imediatamente a nosso crit\u00e9rio razo\u00e1vel ou se violar qualquer uma das suas obriga\u00e7\u00f5es sob estes termos e condi\u00e7\u00f5es.<\/span><\/div><div class=\"qk-md-paragraph\"><strong class=\"qk-md-strong complete\"><span class=\"qk-md-text complete\">AVISO LEGAL<\/span><\/strong><br \/><span class=\"qk-md-text complete\">9.1 Embora nos esforcemos por garantir que as informa\u00e7\u00f5es neste site est\u00e3o corretas, n\u00e3o garantimos a exatid\u00e3o e integridade do material neste site. Podemos fazer altera\u00e7\u00f5es ao material neste site, ou aos produtos e pre\u00e7os nele descritos, a qualquer momento sem aviso pr\u00e9vio. O material neste site pode estar desatualizado, e n\u00e3o assumimos qualquer compromisso de atualizar tal material.<\/span><\/div>\t\t\t\t\t\t\t\t<\/div>\n\t\t\t\t\t<\/div>\n\t\t\t\t<\/div>\n\t\t\t\t<\/div>\n\t\t","protected":false},"excerpt":{"rendered":"<p>Termos e Condi\u00e7\u00f5esEstes termos e condi\u00e7\u00f5es aplicam-se ao uso deste site em phi-cycling.cc. Ao aceder a este site e\/ou fazer um pedido, concorda em ficar vinculado a estes termos e condi\u00e7\u00f5es.Usar este site indica que aceita estes termos independentemente de escolher ou n\u00e3o registar-se connosco ou fazer-nos um pedido. Se n\u00e3o aceitar estes termos, n\u00e3o [&hellip;]<\/p>\n","protected":false},"author":1,"featured_media":0,"parent":0,"menu_order":0,"comment_status":"closed","ping_status":"closed","template":"","meta":{"footnotes":""},"class_list":["post-4795","page","type-page","status-publish","hentry"],"_links":{"self":[{"href":"https:\/\/phi-cycling.cc\/pt-pt\/wp-json\/wp\/v2\/pages\/4795","targetHints":{"allow":["GET"]}}],"collection":[{"href":"https:\/\/phi-cycling.cc\/pt-pt\/wp-json\/wp\/v2\/pages"}],"about":[{"href":"https:\/\/phi-cycling.cc\/pt-pt\/wp-json\/wp\/v2\/types\/page"}],"author":[{"embeddable":true,"href":"https:\/\/phi-cycling.cc\/pt-pt\/wp-json\/wp\/v2\/users\/1"}],"replies":[{"embeddable":true,"href":"https:\/\/phi-cycling.cc\/pt-pt\/wp-json\/wp\/v2\/comments?post=4795"}],"version-history":[{"count":4,"href":"https:\/\/phi-cycling.cc\/pt-pt\/wp-json\/wp\/v2\/pages\/4795\/revisions"}],"predecessor-version":[{"id":4843,"href":"https:\/\/phi-cycling.cc\/pt-pt\/wp-json\/wp\/v2\/pages\/4795\/revisions\/4843"}],"wp:attachment":[{"href":"https:\/\/phi-cycling.cc\/pt-pt\/wp-json\/wp\/v2\/media?parent=4795"}],"curies":[{"name":"wp","href":"https:\/\/api.w.org\/{rel}","templated":true}]}}