{"id":3783,"date":"2026-03-23T09:52:23","date_gmt":"2026-03-23T01:52:23","guid":{"rendered":"https:\/\/phi-cycling.cc\/product\/kit-de-atualizacao-do-corpo-do-cubo-livre\/"},"modified":"2026-04-07T17:31:46","modified_gmt":"2026-04-07T09:31:46","slug":"kit-de-atualizacao-do-corpo-do-cubo-livre","status":"publish","type":"product","link":"https:\/\/phi-cycling.cc\/pt-pt\/produto\/kit-de-atualizacao-do-corpo-do-cubo-livre\/","title":{"rendered":"Kit de atualiza\u00e7\u00e3o do corpo do cubo livre"},"content":{"rendered":"<p><img fetchpriority=\"high\" decoding=\"async\" class=\"alignnone size-large wp-image-3103\" src=\"https:\/\/phi-cycling.cc\/wp-content\/uploads\/2026\/03\/shimano-hg-1-1024x1024.jpg\" alt=\"\" width=\"800\" height=\"800\" srcset=\"https:\/\/phi-cycling.cc\/wp-content\/uploads\/2026\/03\/shimano-hg-1-1024x1024.jpg 1024w, https:\/\/phi-cycling.cc\/wp-content\/uploads\/2026\/03\/shimano-hg-1-300x300.jpg 300w, https:\/\/phi-cycling.cc\/wp-content\/uploads\/2026\/03\/shimano-hg-1-150x150.jpg 150w, https:\/\/phi-cycling.cc\/wp-content\/uploads\/2026\/03\/shimano-hg-1-768x769.jpg 768w, https:\/\/phi-cycling.cc\/wp-content\/uploads\/2026\/03\/shimano-hg-1-600x601.jpg 600w, https:\/\/phi-cycling.cc\/wp-content\/uploads\/2026\/03\/shimano-hg-1-100x100.jpg 100w, https:\/\/phi-cycling.cc\/wp-content\/uploads\/2026\/03\/shimano-hg-1-50x50.jpg 50w, https:\/\/phi-cycling.cc\/wp-content\/uploads\/2026\/03\/shimano-hg-1.jpg 1076w\" sizes=\"(max-width: 800px) 100vw, 800px\" \/> <img decoding=\"async\" class=\"alignnone size-large wp-image-3104\" src=\"https:\/\/phi-cycling.cc\/wp-content\/uploads\/2026\/03\/shimano-hg-2-1024x1024.jpg\" alt=\"\" width=\"800\" height=\"800\" srcset=\"https:\/\/phi-cycling.cc\/wp-content\/uploads\/2026\/03\/shimano-hg-2-1024x1024.jpg 1024w, https:\/\/phi-cycling.cc\/wp-content\/uploads\/2026\/03\/shimano-hg-2-300x300.jpg 300w, https:\/\/phi-cycling.cc\/wp-content\/uploads\/2026\/03\/shimano-hg-2-150x150.jpg 150w, https:\/\/phi-cycling.cc\/wp-content\/uploads\/2026\/03\/shimano-hg-2-768x768.jpg 768w, https:\/\/phi-cycling.cc\/wp-content\/uploads\/2026\/03\/shimano-hg-2-600x600.jpg 600w, https:\/\/phi-cycling.cc\/wp-content\/uploads\/2026\/03\/shimano-hg-2-100x100.jpg 100w, https:\/\/phi-cycling.cc\/wp-content\/uploads\/2026\/03\/shimano-hg-2-50x50.jpg 50w, https:\/\/phi-cycling.cc\/wp-content\/uploads\/2026\/03\/shimano-hg-2.jpg 1200w\" sizes=\"(max-width: 800px) 100vw, 800px\" \/> <img decoding=\"async\" class=\"alignnone size-large wp-image-3105\" src=\"https:\/\/phi-cycling.cc\/wp-content\/uploads\/2026\/03\/sram-xdr-1-1024x1024.jpg\" alt=\"\" width=\"800\" height=\"800\" srcset=\"https:\/\/phi-cycling.cc\/wp-content\/uploads\/2026\/03\/sram-xdr-1-1024x1024.jpg 1024w, https:\/\/phi-cycling.cc\/wp-content\/uploads\/2026\/03\/sram-xdr-1-300x300.jpg 300w, https:\/\/phi-cycling.cc\/wp-content\/uploads\/2026\/03\/sram-xdr-1-150x150.jpg 150w, https:\/\/phi-cycling.cc\/wp-content\/uploads\/2026\/03\/sram-xdr-1-768x768.jpg 768w, https:\/\/phi-cycling.cc\/wp-content\/uploads\/2026\/03\/sram-xdr-1-600x600.jpg 600w, https:\/\/phi-cycling.cc\/wp-content\/uploads\/2026\/03\/sram-xdr-1-100x100.jpg 100w, https:\/\/phi-cycling.cc\/wp-content\/uploads\/2026\/03\/sram-xdr-1-50x50.jpg 50w, https:\/\/phi-cycling.cc\/wp-content\/uploads\/2026\/03\/sram-xdr-1.jpg 1200w\" sizes=\"(max-width: 800px) 100vw, 800px\" \/> <img loading=\"lazy\" decoding=\"async\" class=\"alignnone size-large wp-image-3106\" src=\"https:\/\/phi-cycling.cc\/wp-content\/uploads\/2026\/03\/sram-xdr-2-1024x1024.jpg\" alt=\"\" width=\"800\" height=\"800\" srcset=\"https:\/\/phi-cycling.cc\/wp-content\/uploads\/2026\/03\/sram-xdr-2-1024x1024.jpg 1024w, https:\/\/phi-cycling.cc\/wp-content\/uploads\/2026\/03\/sram-xdr-2-300x300.jpg 300w, https:\/\/phi-cycling.cc\/wp-content\/uploads\/2026\/03\/sram-xdr-2-150x150.jpg 150w, https:\/\/phi-cycling.cc\/wp-content\/uploads\/2026\/03\/sram-xdr-2-768x768.jpg 768w, https:\/\/phi-cycling.cc\/wp-content\/uploads\/2026\/03\/sram-xdr-2-600x600.jpg 600w, https:\/\/phi-cycling.cc\/wp-content\/uploads\/2026\/03\/sram-xdr-2-100x100.jpg 100w, https:\/\/phi-cycling.cc\/wp-content\/uploads\/2026\/03\/sram-xdr-2-50x50.jpg 50w, https:\/\/phi-cycling.cc\/wp-content\/uploads\/2026\/03\/sram-xdr-2.jpg 1200w\" sizes=\"(max-width: 800px) 100vw, 800px\" \/><\/p>\n","protected":false},"excerpt":{"rendered":"<p>Corpo do cubo livre de substitui\u00e7\u00e3o &#8211; Op\u00e7\u00f5es Shimano HG e SRAM XDR<\/p>\n","protected":false},"featured_media":3105,"comment_status":"open","ping_status":"closed","template":"","meta":[],"product_brand":[],"product_cat":[105],"product_tag":[],"class_list":{"0":"post-3783","1":"product","2":"type-product","3":"status-publish","4":"has-post-thumbnail","6":"product_cat-acessorios","8":"first","9":"instock","10":"shipping-taxable","11":"purchasable","12":"product-type-variable"},"_links":{"self":[{"href":"https:\/\/phi-cycling.cc\/pt-pt\/wp-json\/wp\/v2\/product\/3783","targetHints":{"allow":["GET"]}}],"collection":[{"href":"https:\/\/phi-cycling.cc\/pt-pt\/wp-json\/wp\/v2\/product"}],"about":[{"href":"https:\/\/phi-cycling.cc\/pt-pt\/wp-json\/wp\/v2\/types\/product"}],"replies":[{"embeddable":true,"href":"https:\/\/phi-cycling.cc\/pt-pt\/wp-json\/wp\/v2\/comments?post=3783"}],"version-history":[{"count":1,"href":"https:\/\/phi-cycling.cc\/pt-pt\/wp-json\/wp\/v2\/product\/3783\/revisions"}],"predecessor-version":[{"id":4356,"href":"https:\/\/phi-cycling.cc\/pt-pt\/wp-json\/wp\/v2\/product\/3783\/revisions\/4356"}],"wp:featuredmedia":[{"embeddable":true,"href":"https:\/\/phi-cycling.cc\/pt-pt\/wp-json\/wp\/v2\/media\/3105"}],"wp:attachment":[{"href":"https:\/\/phi-cycling.cc\/pt-pt\/wp-json\/wp\/v2\/media?parent=3783"}],"wp:term":[{"taxonomy":"product_brand","embeddable":true,"href":"https:\/\/phi-cycling.cc\/pt-pt\/wp-json\/wp\/v2\/product_brand?post=3783"},{"taxonomy":"product_cat","embeddable":true,"href":"https:\/\/phi-cycling.cc\/pt-pt\/wp-json\/wp\/v2\/product_cat?post=3783"},{"taxonomy":"product_tag","embeddable":true,"href":"https:\/\/phi-cycling.cc\/pt-pt\/wp-json\/wp\/v2\/product_tag?post=3783"}],"curies":[{"name":"wp","href":"https:\/\/api.w.org\/{rel}","templated":true}]}}