{"id":3953,"date":"2025-12-25T13:53:27","date_gmt":"2025-12-25T05:53:27","guid":{"rendered":"https:\/\/phi-cycling.cc\/product\/phi-disc-wheel-master\/"},"modified":"2026-04-07T17:32:17","modified_gmt":"2026-04-07T09:32:17","slug":"phi-disc-wheel-master","status":"publish","type":"product","link":"https:\/\/phi-cycling.cc\/pt-pt\/produto\/phi-disc-wheel-master\/","title":{"rendered":"PHi DISC WHEEL MASTER"},"content":{"rendered":"\t\t<div data-elementor-type=\"product-post\" data-elementor-id=\"3953\" class=\"elementor elementor-3953 elementor-1515\" data-elementor-post-type=\"product\">\n\t\t\t\t<div class=\"elementor-element elementor-element-514dacf e-flex e-con-boxed e-con e-parent\" data-id=\"514dacf\" data-element_type=\"container\" data-e-type=\"container\">\n\t\t\t\t\t<div class=\"e-con-inner\">\n\t\t<div class=\"elementor-element elementor-element-00acfa9 e-con-full e-flex e-con e-child\" data-id=\"00acfa9\" data-element_type=\"container\" data-e-type=\"container\">\n\t\t\t\t<div class=\"elementor-element elementor-element-0795b77 elementor-widget elementor-widget-text-editor\" data-id=\"0795b77\" data-element_type=\"widget\" data-e-type=\"widget\" data-widget_type=\"text-editor.default\">\n\t\t\t\t\t\t\t\t\t<table style=\"border-collapse: collapse; width: 99.8949%; height: 256px;\"><tbody><tr style=\"height: 24px;\"><td style=\"width: 97.4176%; height: 24px;\" colspan=\"2\" width=\"50%\">Jante (traseira)<\/td><\/tr><tr style=\"height: 24px;\"><td style=\"width: 50%; height: 24px;\"><strong>Tamanho da roda<\/strong><\/td><td style=\"width: 47.4176%; height: 24px;\">622mm(700c)<\/td><\/tr><tr><td style=\"width: 50%;\">Material<strong><br><\/strong><\/td><td style=\"width: 47.4176%;\">Fibra de carbono<\/td><\/tr><tr style=\"height: 48px;\"><td style=\"width: 50%; height: 48px;\"><strong>Compatibilidade de pneus<\/strong><\/td><td style=\"width: 47.4176%; height: 48px;\">Preparado para pneus sem c\u00e2mara<\/td><\/tr><tr style=\"height: 24px;\"><td style=\"width: 50%; height: 24px;\"><strong>Tipo de conta<\/strong><\/td><td style=\"width: 47.4176%; height: 24px;\">Com gancho<\/td><\/tr><tr style=\"height: 24px;\"><td style=\"width: 50%; height: 24px;\"><strong>Profundidade do aro<\/strong><\/td><td style=\"width: 47.4176%; height: 24px;\">25 mm<\/td><\/tr><tr style=\"height: 24px;\"><td style=\"width: 50%; height: 24px;\"><strong>Largura interior<\/strong><\/td><td style=\"width: 47.4176%; height: 24px;\">23 mm<\/td><\/tr><tr style=\"height: 24px;\"><td style=\"width: 50%; height: 24px;\"><strong>Largura exterior<\/strong><\/td><td style=\"width: 47.4176%; height: 24px;\">30 mm<\/td><\/tr><\/tbody><\/table>\t\t\t\t\t\t\t\t<\/div>\n\t\t\t\t<\/div>\n\t\t<div class=\"elementor-element elementor-element-68d3727 e-con-full e-flex e-con e-child\" data-id=\"68d3727\" data-element_type=\"container\" data-e-type=\"container\">\n\t\t\t\t<div class=\"elementor-element elementor-element-4085215 elementor-widget elementor-widget-text-editor\" data-id=\"4085215\" data-element_type=\"widget\" data-e-type=\"widget\" data-widget_type=\"text-editor.default\">\n\t\t\t\t\t\t\t\t\t<table style=\"border-collapse: collapse; width: 100%;\"><tbody><tr><td style=\"width: 50%;\" colspan=\"2\" width=\"50%\"><strong>Hub<\/strong><\/td><\/tr><tr><td style=\"width: 50%;\"><strong>Espa\u00e7amento do cubo traseiro<\/strong><\/td><td style=\"width: 50%;\">12x142mm<\/td><\/tr><tr><td style=\"width: 50%;\"><strong>Rolamento<\/strong><\/td><td style=\"width: 50%;\">A\u00e7o inoxid\u00e1vel Enduro<\/td><\/tr><tr><td style=\"width: 50%;\"><strong>Compatibilidade de trav\u00f5es<\/strong><\/td><td style=\"width: 50%;\">Disco (bloqueio central)<\/td><\/tr><tr><td style=\"width: 50%;\"><strong>Tipo de cubo de roda livre<\/strong><\/td><td style=\"width: 50%;\">Catraca<\/td><\/tr><tr><td style=\"width: 50%;\"><strong>Compatibilidade com cubos de roda livre<\/strong><\/td><td style=\"width: 50%;\">Shimano HG\/ SRAM XDR<\/td><\/tr><tr><td style=\"width: 50%;\"><strong> <\/strong><\/td><td style=\"width: 50%;\"> <\/td><\/tr><tr><td style=\"width: 50%;\"><strong> <\/strong><\/td><td style=\"width: 50%;\"> <\/td><\/tr><\/tbody><\/table>\t\t\t\t\t\t\t\t<\/div>\n\t\t\t\t<\/div>\n\t\t<div class=\"elementor-element elementor-element-4a897de e-con-full e-flex e-con e-child\" data-id=\"4a897de\" data-element_type=\"container\" data-e-type=\"container\">\n\t\t\t\t<div class=\"elementor-element elementor-element-5deca42 elementor-widget elementor-widget-text-editor\" data-id=\"5deca42\" data-element_type=\"widget\" data-e-type=\"widget\" data-widget_type=\"text-editor.default\">\n\t\t\t\t\t\t\t\t\t<table style=\"border-collapse: collapse; width: 100%; height: 216px;\"><tbody><tr style=\"height: 24px;\"><td style=\"width: 100%; height: 24px;\" colspan=\"2\" width=\"50%\"><strong>Outros<\/strong><\/td><\/tr><tr style=\"height: 24px;\"><td style=\"width: 49.2772%; height: 24px;\"><strong>Acabamento do aro<\/strong><\/td><td style=\"width: 50.7228%; height: 24px;\">Acabamento em bruto<\/td><\/tr><tr style=\"height: 24px;\"><td style=\"width: 49.2772%; height: 24px;\"><strong>Acess\u00f3rios inclu\u00eddos<\/strong><\/td><td style=\"width: 50.7228%; height: 24px;\">V\u00e1lvulas e fitas tubeless pr\u00e9-instaladas<\/td><\/tr><tr style=\"height: 24px;\"><td style=\"width: 49.2772%; height: 24px;\"><strong>Peso (traseiro)<\/strong><\/td><td style=\"width: 50.7228%; height: 24px;\">915 \u00b1 20g (sem v\u00e1lvulas e fitas tubeless)<\/td><\/tr><tr style=\"height: 24px;\"><td style=\"width: 49.2772%; height: 24px;\"><strong>Carga m\u00e1xima, bicicleta + utilizador (kg)<\/strong><\/td><td style=\"width: 50.7228%; height: 24px;\">280lbs\/120kg<\/td><\/tr><tr style=\"height: 24px;\"><td style=\"width: 49.2772%; height: 24px;\"><strong>Tamanhos de pneus compat\u00edveis<\/strong><\/td><td style=\"width: 50.7228%; height: 24px;\">700 x 25-43C<\/td><\/tr><tr style=\"height: 48px;\"><td style=\"width: 49.2772%; height: 48px;\"><strong>Tamanhos de pneus recomendados<\/strong><\/td><td style=\"width: 50.7228%; height: 48px;\">700 x 28-30C<\/td><\/tr><tr style=\"height: 24px;\"><td style=\"width: 49.2772%; height: 24px;\"><strong>Certifica\u00e7\u00e3o<\/strong><\/td><td style=\"width: 50.7228%; height: 24px;\">Aprovado pela UCI<\/td><\/tr><\/tbody><\/table>\t\t\t\t\t\t\t\t<\/div>\n\t\t\t\t<\/div>\n\t\t<div class=\"elementor-element elementor-element-d2c7677 e-con-full e-flex e-con e-child\" data-id=\"d2c7677\" data-element_type=\"container\" data-e-type=\"container\">\n\t\t\t\t<div class=\"elementor-element elementor-element-dc1f833 elementor-widget elementor-widget-text-editor\" data-id=\"dc1f833\" data-element_type=\"widget\" data-e-type=\"widget\" data-widget_type=\"text-editor.default\">\n\t\t\t\t\t\t\t\t\t<table style=\"border-collapse: collapse; width: 100%; height: 72px;\"><tbody><tr style=\"height: 24px;\"><td style=\"width: 50%; height: 24px;\">Desloca\u00e7\u00e3o lateral<\/td><td style=\"width: 50%; height: 24px;\">\u2264 0,3 mm<\/td><\/tr><tr style=\"height: 24px;\"><td style=\"width: 50%; height: 24px;\">Desvio radial<\/td><td style=\"width: 50%; height: 24px;\">\u2264 0,35 mm<\/td><\/tr><tr style=\"height: 24px;\"><td style=\"width: 50%; height: 24px;\">Impacto da UCI<\/td><td style=\"width: 50%; height: 24px;\">\u226580J<\/td><\/tr><tr><td style=\"width: 50%;\"> <\/td><td style=\"width: 50%;\"> <\/td><\/tr><tr><td style=\"width: 50%;\"> <\/td><td style=\"width: 50%;\"> <\/td><\/tr><tr><td style=\"width: 50%;\"> <\/td><td style=\"width: 50%;\"> <\/td><\/tr><tr><td style=\"width: 50%;\"> <\/td><td style=\"width: 50%;\"> <\/td><\/tr><tr><td style=\"width: 50%;\"> <\/td><td style=\"width: 50%;\"> <\/td><\/tr><\/tbody><\/table>\t\t\t\t\t\t\t\t<\/div>\n\t\t\t\t<\/div>\n\t\t\t\t\t<\/div>\n\t\t\t\t<\/div>\n\t\t\t\t<\/div>\n\t\t","protected":false},"excerpt":{"rendered":"<p>Transfer\u00eancia de pot\u00eancia do disco integrada<\/p>\n<p>Constru\u00e7\u00e3o sem costuras da tampa lateral e do disco|Entrega direta de pot\u00eancia|Otimiza\u00e7\u00e3o aerodin\u00e2mica de 25 mm para todas as condi\u00e7\u00f5es meteorol\u00f3gicas.<\/p>\n<p>Elevada rigidez e resist\u00eancia aos impactos<\/p>\n<p>Pain\u00e9is laterais em carbono + disco do cubo + aro unidos com precis\u00e3o | Resist\u00eancia a ultra-impactos de 90J | Excede a norma UCI em 80%.<\/p>\n<p>Torneamento de corrida de precis\u00e3o<\/p>\n<p>915g ultraleve | Excelente equil\u00edbrio din\u00e2mico | Valida\u00e7\u00e3o rigorosa em pista.<\/p>\n","protected":false},"featured_media":1517,"comment_status":"open","ping_status":"closed","template":"","meta":[],"product_brand":[],"product_cat":[91],"product_tag":[],"class_list":{"0":"post-3953","1":"product","2":"type-product","3":"status-publish","4":"has-post-thumbnail","6":"product_cat-triathlon","8":"first","9":"instock","10":"shipping-taxable","11":"purchasable","12":"product-type-variable"},"_links":{"self":[{"href":"https:\/\/phi-cycling.cc\/pt-pt\/wp-json\/wp\/v2\/product\/3953","targetHints":{"allow":["GET"]}}],"collection":[{"href":"https:\/\/phi-cycling.cc\/pt-pt\/wp-json\/wp\/v2\/product"}],"about":[{"href":"https:\/\/phi-cycling.cc\/pt-pt\/wp-json\/wp\/v2\/types\/product"}],"replies":[{"embeddable":true,"href":"https:\/\/phi-cycling.cc\/pt-pt\/wp-json\/wp\/v2\/comments?post=3953"}],"version-history":[{"count":1,"href":"https:\/\/phi-cycling.cc\/pt-pt\/wp-json\/wp\/v2\/product\/3953\/revisions"}],"predecessor-version":[{"id":3958,"href":"https:\/\/phi-cycling.cc\/pt-pt\/wp-json\/wp\/v2\/product\/3953\/revisions\/3958"}],"wp:featuredmedia":[{"embeddable":true,"href":"https:\/\/phi-cycling.cc\/pt-pt\/wp-json\/wp\/v2\/media\/1517"}],"wp:attachment":[{"href":"https:\/\/phi-cycling.cc\/pt-pt\/wp-json\/wp\/v2\/media?parent=3953"}],"wp:term":[{"taxonomy":"product_brand","embeddable":true,"href":"https:\/\/phi-cycling.cc\/pt-pt\/wp-json\/wp\/v2\/product_brand?post=3953"},{"taxonomy":"product_cat","embeddable":true,"href":"https:\/\/phi-cycling.cc\/pt-pt\/wp-json\/wp\/v2\/product_cat?post=3953"},{"taxonomy":"product_tag","embeddable":true,"href":"https:\/\/phi-cycling.cc\/pt-pt\/wp-json\/wp\/v2\/product_tag?post=3953"}],"curies":[{"name":"wp","href":"https:\/\/api.w.org\/{rel}","templated":true}]}}