{"id":3971,"date":"2025-12-25T10:36:07","date_gmt":"2025-12-25T02:36:07","guid":{"rendered":"https:\/\/phi-cycling.cc\/product\/phi-road-wheel-core-d50\/"},"modified":"2026-04-07T17:32:11","modified_gmt":"2026-04-07T09:32:11","slug":"phi-road-wheel-core-d50","status":"publish","type":"product","link":"https:\/\/phi-cycling.cc\/pt-pt\/produto\/phi-road-wheel-core-d50\/","title":{"rendered":"PHi ROAD WHEEL CORE D50"},"content":{"rendered":"\t\t<div data-elementor-type=\"product-post\" data-elementor-id=\"3971\" class=\"elementor elementor-3971 elementor-1414\" data-elementor-post-type=\"product\">\n\t\t\t\t<div class=\"elementor-element elementor-element-514dacf e-flex e-con-boxed e-con e-parent\" data-id=\"514dacf\" data-element_type=\"container\" data-e-type=\"container\">\n\t\t\t\t\t<div class=\"e-con-inner\">\n\t\t<div class=\"elementor-element elementor-element-00acfa9 e-con-full e-flex e-con e-child\" data-id=\"00acfa9\" data-element_type=\"container\" data-e-type=\"container\">\n\t\t\t\t<div class=\"elementor-element elementor-element-0795b77 elementor-widget elementor-widget-text-editor\" data-id=\"0795b77\" data-element_type=\"widget\" data-e-type=\"widget\" data-widget_type=\"text-editor.default\">\n\t\t\t\t\t\t\t\t\t<table style=\"border-collapse: collapse; width: 99.897%;\"><tbody><tr><td style=\"width: 106.621%;\" colspan=\"2\" width=\"50%\">Borda<\/td><\/tr><tr><td style=\"width: 50%;\"><strong>Tamanho da roda<\/strong><\/td><td style=\"width: 56.6214%;\">622mm(700c)<\/td><\/tr><tr><td style=\"width: 50%;\"><strong>Material<\/strong><\/td><td style=\"width: 56.6214%;\">Fibra de carbono<\/td><\/tr><tr><td style=\"width: 50%;\"><strong>Compatibilidade de pneus<\/strong><\/td><td style=\"width: 56.6214%;\">Preparado para pneus sem c\u00e2mara<\/td><\/tr><tr><td style=\"width: 50%;\"><strong>Tipo de conta<\/strong><\/td><td style=\"width: 56.6214%;\">Com gancho<\/td><\/tr><tr><td style=\"width: 50%;\"><strong>Profundidade do aro<\/strong><\/td><td style=\"width: 56.6214%;\">50 mm<\/td><\/tr><tr><td style=\"width: 50%;\"><strong>Largura interior<\/strong><\/td><td style=\"width: 56.6214%;\">23 mm<\/td><\/tr><tr><td style=\"width: 50%;\"><strong>Largura exterior<\/strong><\/td><td style=\"width: 56.6214%;\">30 mm<\/td><\/tr><\/tbody><\/table>\t\t\t\t\t\t\t\t<\/div>\n\t\t\t\t<\/div>\n\t\t<div class=\"elementor-element elementor-element-68d3727 e-con-full e-flex e-con e-child\" data-id=\"68d3727\" data-element_type=\"container\" data-e-type=\"container\">\n\t\t\t\t<div class=\"elementor-element elementor-element-4085215 elementor-widget elementor-widget-text-editor\" data-id=\"4085215\" data-element_type=\"widget\" data-e-type=\"widget\" data-widget_type=\"text-editor.default\">\n\t\t\t\t\t\t\t\t\t<table style=\"border-collapse: collapse; width: 100%;\"><tbody><tr><td style=\"width: 50%;\" colspan=\"2\" width=\"50%\"><strong>Hub<\/strong><\/td><\/tr><tr><td style=\"width: 50%;\" width=\"50%\"><strong>Espa\u00e7amento do cubo dianteiro<\/strong><\/td><td style=\"width: 50%;\" width=\"50%\">12x100mm<\/td><\/tr><tr><td style=\"width: 50%;\"><strong>Espa\u00e7amento do cubo traseiro<\/strong><\/td><td style=\"width: 50%;\">12x142mm<\/td><\/tr><tr><td style=\"width: 50%;\"><strong>Rolamento<\/strong><\/td><td style=\"width: 50%;\">S&amp;S Inoxid\u00e1vel<\/td><\/tr><tr><td style=\"width: 50%;\"><strong>Compatibilidade de trav\u00f5es<\/strong><\/td><td style=\"width: 50%;\">Disco (bloqueio central)<\/td><\/tr><tr><td style=\"width: 50%;\"><strong>Tipo de cubo de roda livre<\/strong><\/td><td style=\"width: 50%;\">Catraca<\/td><\/tr><tr><td style=\"width: 50%;\"><strong>Compatibilidade com cubos de roda livre<\/strong><\/td><td style=\"width: 50%;\">Shimano HG\/ SRAM XDR<\/td><\/tr><tr><td style=\"width: 50%;\"><strong> <\/strong><\/td><td style=\"width: 50%;\"> <\/td><\/tr><\/tbody><\/table>\t\t\t\t\t\t\t\t<\/div>\n\t\t\t\t<\/div>\n\t\t<div class=\"elementor-element elementor-element-4a897de e-con-full e-flex e-con e-child\" data-id=\"4a897de\" data-element_type=\"container\" data-e-type=\"container\">\n\t\t\t\t<div class=\"elementor-element elementor-element-5deca42 elementor-widget elementor-widget-text-editor\" data-id=\"5deca42\" data-element_type=\"widget\" data-e-type=\"widget\" data-widget_type=\"text-editor.default\">\n\t\t\t\t\t\t\t\t\t<table style=\"border-collapse: collapse; width: 100%; height: 216px;\"><tbody><tr style=\"height: 24px;\"><td style=\"width: 100%; height: 24px;\" colspan=\"2\" width=\"50%\"><strong>Outros<\/strong><\/td><\/tr><tr style=\"height: 24px;\"><td style=\"width: 49.7255%; height: 24px;\"><strong>Acabamento do aro<\/strong><\/td><td style=\"width: 50.2745%; height: 24px;\">Fosco fumado<\/td><\/tr><tr style=\"height: 24px;\"><td style=\"width: 49.7255%; height: 24px;\"><strong>Acess\u00f3rios inclu\u00eddos<\/strong><\/td><td style=\"width: 50.2745%; height: 24px;\">V\u00e1lvulas e fitas tubeless pr\u00e9-instaladas<\/td><\/tr><tr style=\"height: 24px;\"><td style=\"width: 49.7255%; height: 24px;\"><strong>Peso (par)<\/strong><\/td><td style=\"width: 50.2745%; height: 24px;\">1277g\u00b13%(Sem v\u00e1lvulas e fitas tubeless)<\/td><\/tr><tr style=\"height: 24px;\"><td style=\"width: 49.7255%; height: 24px;\"><strong>Carga m\u00e1xima, bicicleta + utilizador (kg)<\/strong><\/td><td style=\"width: 50.2745%; height: 24px;\">270lbs\/120kg<\/td><\/tr><tr style=\"height: 24px;\"><td style=\"width: 49.7255%; height: 24px;\"><strong>Tamanhos de pneus compat\u00edveis<\/strong><\/td><td style=\"width: 50.2745%; height: 24px;\">700 x 28-45C<\/td><\/tr><tr style=\"height: 48px;\"><td style=\"width: 49.7255%; height: 48px;\"><strong>Tamanhos de pneus recomendados<\/strong><\/td><td style=\"width: 50.2745%; height: 48px;\">700 x 28-30C<\/td><\/tr><tr style=\"height: 24px;\"><td style=\"width: 49.7255%; height: 24px;\"><strong>Certifica\u00e7\u00e3o<\/strong><\/td><td style=\"width: 50.2745%; height: 24px;\">Aprovado pela UCI<\/td><\/tr><\/tbody><\/table>\t\t\t\t\t\t\t\t<\/div>\n\t\t\t\t<\/div>\n\t\t<div class=\"elementor-element elementor-element-d2c7677 e-con-full e-flex e-con e-child\" data-id=\"d2c7677\" data-element_type=\"container\" data-e-type=\"container\">\n\t\t\t\t<div class=\"elementor-element elementor-element-7ce548a elementor-widget elementor-widget-text-editor\" data-id=\"7ce548a\" data-element_type=\"widget\" data-e-type=\"widget\" data-widget_type=\"text-editor.default\">\n\t\t\t\t\t\t\t\t\t<table style=\"width: 99.8969%; border-collapse: collapse; border-style: none; border-color: #ffffff; background-color: #ffffff;\" border=\"0\"><tbody><tr><td style=\"width: 106.918%;\" colspan=\"2\" width=\"50%\"><strong>Fala  <\/strong><\/td><\/tr><tr><td style=\"width: 50%;\"><strong>Contagem de raios<\/strong><\/td><td style=\"width: 56.9178%;\">20F\/24R<\/td><\/tr><tr><td style=\"width: 50%;\"><strong>Tipo de raio<\/strong><\/td><td style=\"width: 56.9178%;\">Raio de carbono VONOA ST320<\/td><\/tr><tr><td style=\"width: 50%;\"><strong> <\/strong><\/td><td style=\"width: 56.9178%;\"> <\/td><\/tr><tr><td style=\"width: 50%;\"><strong> <\/strong><\/td><td style=\"width: 56.9178%;\"> <\/td><\/tr><tr><td style=\"width: 50%;\"><strong> <\/strong><\/td><td style=\"width: 56.9178%;\"> <\/td><\/tr><tr><td style=\"width: 50%;\"><strong> <\/strong><\/td><td style=\"width: 56.9178%;\"> <\/td><\/tr><tr><td style=\"width: 50%;\"><strong> <\/strong><\/td><td style=\"width: 56.9178%;\"> <\/td><\/tr><\/tbody><\/table>\t\t\t\t\t\t\t\t<\/div>\n\t\t\t\t<\/div>\n\t\t\t\t\t<\/div>\n\t\t\t\t<\/div>\n\t\t\t\t<\/div>\n\t\t","protected":false},"excerpt":{"rendered":"<p>S\u00e9rie CORE | A base do desempenho<\/p>\n<p>Concebido com raios de carbono VONOA de alta rigidez e um perfil de aro dedicado de 50 mm, este conjunto de rodas<\/p>\n<p>afina o equil\u00edbrio entre durabilidade e transfer\u00eancia de pot\u00eancia.<\/p>\n<p>A sua constru\u00e7\u00e3o robusta proporciona uma acelera\u00e7\u00e3o fi\u00e1vel para treinos di\u00e1rios e passeios progressivos<\/p>\n<p>&#8211; concebido para ciclistas que procuram atingir o desempenho m\u00e1ximo.<\/p>\n","protected":false},"featured_media":1894,"comment_status":"open","ping_status":"closed","template":"","meta":[],"product_brand":[],"product_cat":[82,73],"product_tag":[121,122],"class_list":{"0":"post-3971","1":"product","2":"type-product","3":"status-publish","4":"has-post-thumbnail","6":"product_cat-core","7":"product_cat-roda-de-estrada","8":"product_tag-700c","9":"product_tag-travao-de-disco","11":"first","12":"instock","13":"shipping-taxable","14":"purchasable","15":"product-type-variable"},"_links":{"self":[{"href":"https:\/\/phi-cycling.cc\/pt-pt\/wp-json\/wp\/v2\/product\/3971","targetHints":{"allow":["GET"]}}],"collection":[{"href":"https:\/\/phi-cycling.cc\/pt-pt\/wp-json\/wp\/v2\/product"}],"about":[{"href":"https:\/\/phi-cycling.cc\/pt-pt\/wp-json\/wp\/v2\/types\/product"}],"replies":[{"embeddable":true,"href":"https:\/\/phi-cycling.cc\/pt-pt\/wp-json\/wp\/v2\/comments?post=3971"}],"version-history":[{"count":1,"href":"https:\/\/phi-cycling.cc\/pt-pt\/wp-json\/wp\/v2\/product\/3971\/revisions"}],"predecessor-version":[{"id":4000,"href":"https:\/\/phi-cycling.cc\/pt-pt\/wp-json\/wp\/v2\/product\/3971\/revisions\/4000"}],"wp:featuredmedia":[{"embeddable":true,"href":"https:\/\/phi-cycling.cc\/pt-pt\/wp-json\/wp\/v2\/media\/1894"}],"wp:attachment":[{"href":"https:\/\/phi-cycling.cc\/pt-pt\/wp-json\/wp\/v2\/media?parent=3971"}],"wp:term":[{"taxonomy":"product_brand","embeddable":true,"href":"https:\/\/phi-cycling.cc\/pt-pt\/wp-json\/wp\/v2\/product_brand?post=3971"},{"taxonomy":"product_cat","embeddable":true,"href":"https:\/\/phi-cycling.cc\/pt-pt\/wp-json\/wp\/v2\/product_cat?post=3971"},{"taxonomy":"product_tag","embeddable":true,"href":"https:\/\/phi-cycling.cc\/pt-pt\/wp-json\/wp\/v2\/product_tag?post=3971"}],"curies":[{"name":"wp","href":"https:\/\/api.w.org\/{rel}","templated":true}]}}