{"id":4015,"date":"2025-12-25T11:01:11","date_gmt":"2025-12-25T03:01:11","guid":{"rendered":"https:\/\/phi-cycling.cc\/product\/phi-roda-de-gravacao-core-g32\/"},"modified":"2026-04-07T17:32:10","modified_gmt":"2026-04-07T09:32:10","slug":"phi-roda-de-gravacao-core-g32","status":"publish","type":"product","link":"https:\/\/phi-cycling.cc\/pt-pt\/produto\/phi-roda-de-gravacao-core-g32\/","title":{"rendered":"PHi RODA DE GRAVA\u00c7\u00c3O CORE G32"},"content":{"rendered":"\t\t<div data-elementor-type=\"product-post\" data-elementor-id=\"4015\" class=\"elementor elementor-4015 elementor-1429\" data-elementor-post-type=\"product\">\n\t\t\t\t<div class=\"elementor-element elementor-element-514dacf e-flex e-con-boxed e-con e-parent\" data-id=\"514dacf\" data-element_type=\"container\" data-e-type=\"container\">\n\t\t\t\t\t<div class=\"e-con-inner\">\n\t\t<div class=\"elementor-element elementor-element-00acfa9 e-con-full e-flex e-con e-child\" data-id=\"00acfa9\" data-element_type=\"container\" data-e-type=\"container\">\n\t\t\t\t<div class=\"elementor-element elementor-element-0795b77 elementor-widget elementor-widget-text-editor\" data-id=\"0795b77\" data-element_type=\"widget\" data-e-type=\"widget\" data-widget_type=\"text-editor.default\">\n\t\t\t\t\t\t\t\t\t<table style=\"border-collapse: collapse; width: 99.8968%;\"><tbody><tr><td style=\"width: 106.699%;\" colspan=\"2\" width=\"50%\">Borda<\/td><\/tr><tr><td style=\"width: 50%;\"><strong>Tamanho da roda<\/strong><\/td><td style=\"width: 56.6986%;\">622mm(700c)<\/td><\/tr><tr><td style=\"width: 50%;\"><strong>Material<\/strong><\/td><td style=\"width: 56.6986%;\">Fibra de carbono<\/td><\/tr><tr><td style=\"width: 50%;\"><strong>Compatibilidade de pneus<\/strong><\/td><td style=\"width: 56.6986%;\">Preparado para pneus sem c\u00e2mara<\/td><\/tr><tr><td style=\"width: 50%;\"><strong>Tipo de conta<\/strong><\/td><td style=\"width: 56.6986%;\">Com gancho<\/td><\/tr><tr><td style=\"width: 50%;\"><strong>Profundidade do aro<\/strong><\/td><td style=\"width: 56.6986%;\">50 mm<\/td><\/tr><tr><td style=\"width: 50%;\"><strong>Largura interior<\/strong><\/td><td style=\"width: 56.6986%;\">25 mm<\/td><\/tr><tr><td style=\"width: 50%;\"><strong>Largura exterior<\/strong><\/td><td style=\"width: 56.6986%;\">31 mm<\/td><\/tr><\/tbody><\/table>\t\t\t\t\t\t\t\t<\/div>\n\t\t\t\t<\/div>\n\t\t<div class=\"elementor-element elementor-element-68d3727 e-con-full e-flex e-con e-child\" data-id=\"68d3727\" data-element_type=\"container\" data-e-type=\"container\">\n\t\t\t\t<div class=\"elementor-element elementor-element-4085215 elementor-widget elementor-widget-text-editor\" data-id=\"4085215\" data-element_type=\"widget\" data-e-type=\"widget\" data-widget_type=\"text-editor.default\">\n\t\t\t\t\t\t\t\t\t<table style=\"border-collapse: collapse; width: 100%;\"><tbody><tr><td style=\"width: 50%;\" colspan=\"2\" width=\"50%\"><strong>Hub<\/strong><\/td><\/tr><tr><td style=\"width: 50%;\" width=\"50%\"><strong>Espa\u00e7amento do cubo dianteiro<\/strong><\/td><td style=\"width: 50%;\" width=\"50%\">12x100mm<\/td><\/tr><tr><td style=\"width: 50%;\"><strong>Espa\u00e7amento do cubo traseiro<\/strong><\/td><td style=\"width: 50%;\">12x142mm<\/td><\/tr><tr><td style=\"width: 50%;\"><strong>Rolamento<\/strong><\/td><td style=\"width: 50%;\">S&amp;S Inoxid\u00e1vel<\/td><\/tr><tr><td style=\"width: 50%;\"><strong>Compatibilidade de trav\u00f5es<\/strong><\/td><td style=\"width: 50%;\">Disco (bloqueio central)<\/td><\/tr><tr><td style=\"width: 50%;\"><strong>Tipo de cubo de roda livre<\/strong><\/td><td style=\"width: 50%;\">Catraca<\/td><\/tr><tr><td style=\"width: 50%;\"><strong>Compatibilidade com cubos de roda livre<\/strong><\/td><td style=\"width: 50%;\">Shimano HG\/ SRAM XDR<\/td><\/tr><tr><td style=\"width: 50%;\"><strong> <\/strong><\/td><td style=\"width: 50%;\"> <\/td><\/tr><\/tbody><\/table>\t\t\t\t\t\t\t\t<\/div>\n\t\t\t\t<\/div>\n\t\t<div class=\"elementor-element elementor-element-4a897de e-con-full e-flex e-con e-child\" data-id=\"4a897de\" data-element_type=\"container\" data-e-type=\"container\">\n\t\t\t\t<div class=\"elementor-element elementor-element-5deca42 elementor-widget elementor-widget-text-editor\" data-id=\"5deca42\" data-element_type=\"widget\" data-e-type=\"widget\" data-widget_type=\"text-editor.default\">\n\t\t\t\t\t\t\t\t\t<table style=\"border-collapse: collapse; width: 100%; height: 216px;\"><tbody><tr style=\"height: 24px;\"><td style=\"width: 100%; height: 24px;\" colspan=\"2\" width=\"50%\"><strong>Outros<\/strong><\/td><\/tr><tr style=\"height: 24px;\"><td style=\"width: 50.6224%; height: 24px;\"><strong>Acabamento do aro<\/strong><\/td><td style=\"width: 49.3776%; height: 24px;\">Fosco fumado<\/td><\/tr><tr style=\"height: 24px;\"><td style=\"width: 50.6224%; height: 24px;\"><strong>Acess\u00f3rios inclu\u00eddos<\/strong><\/td><td style=\"width: 49.3776%; height: 24px;\">V\u00e1lvulas e fitas tubeless pr\u00e9-instaladas<\/td><\/tr><tr style=\"height: 24px;\"><td style=\"width: 50.6224%; height: 24px;\"><strong>Peso (par)<\/strong><\/td><td style=\"width: 49.3776%; height: 24px;\">1320g\u00b13%(Sem v\u00e1lvulas e fitas tubeless)<\/td><\/tr><tr style=\"height: 24px;\"><td style=\"width: 50.6224%; height: 24px;\"><strong>Carga m\u00e1xima, bicicleta + utilizador (kg)<\/strong><\/td><td style=\"width: 49.3776%; height: 24px;\">285lbs\/120kg<\/td><\/tr><tr style=\"height: 24px;\"><td style=\"width: 50.6224%; height: 24px;\"><strong>Tamanhos de pneus compat\u00edveis<\/strong><\/td><td style=\"width: 49.3776%; height: 24px;\">700 x 28-65C<\/td><\/tr><tr style=\"height: 48px;\"><td style=\"width: 50.6224%; height: 48px;\"><strong>Tamanhos de pneus recomendados<\/strong><\/td><td style=\"width: 49.3776%; height: 48px;\">700 x 28-40C<\/td><\/tr><tr style=\"height: 24px;\"><td style=\"width: 50.6224%; height: 24px;\"><strong>Certifica\u00e7\u00e3o<\/strong><\/td><td style=\"width: 49.3776%; height: 24px;\">Aprovado pela UCI<\/td><\/tr><\/tbody><\/table>\t\t\t\t\t\t\t\t<\/div>\n\t\t\t\t<\/div>\n\t\t<div class=\"elementor-element elementor-element-d2c7677 e-con-full e-flex e-con e-child\" data-id=\"d2c7677\" data-element_type=\"container\" data-e-type=\"container\">\n\t\t\t\t<div class=\"elementor-element elementor-element-7ce548a elementor-widget elementor-widget-text-editor\" data-id=\"7ce548a\" data-element_type=\"widget\" data-e-type=\"widget\" data-widget_type=\"text-editor.default\">\n\t\t\t\t\t\t\t\t\t<table style=\"width: 99.897%; border-collapse: collapse; border-style: none; border-color: #ffffff; background-color: #ffffff;\" border=\"0\"><tbody><tr><td style=\"width: 106.693%;\" colspan=\"2\" width=\"50%\"><strong>Raio <\/strong>(Raio de carbono VONOA)<\/td><\/tr><tr><td style=\"width: 50%;\"><strong>Contagem de raios<\/strong><\/td><td style=\"width: 56.6928%;\">20F\/24R<\/td><\/tr><tr><td style=\"width: 50%;\"><strong>Tipo de raio<\/strong><\/td><td style=\"width: 56.6928%;\">Raio de carbono (3,2 mm)<\/td><\/tr><tr><td style=\"width: 50%;\"><strong> <\/strong><\/td><td style=\"width: 56.6928%;\"> <\/td><\/tr><tr><td style=\"width: 50%;\"><strong> <\/strong><\/td><td style=\"width: 56.6928%;\"> <\/td><\/tr><tr><td style=\"width: 50%;\"><strong> <\/strong><\/td><td style=\"width: 56.6928%;\"> <\/td><\/tr><tr><td style=\"width: 50%;\"><strong> <\/strong><\/td><td style=\"width: 56.6928%;\"> <\/td><\/tr><tr><td style=\"width: 50%;\"><strong> <\/strong><\/td><td style=\"width: 56.6928%;\"> <\/td><\/tr><\/tbody><\/table>\t\t\t\t\t\t\t\t<\/div>\n\t\t\t\t<\/div>\n\t\t\t\t\t<\/div>\n\t\t\t\t<\/div>\n\t\t\t\t<\/div>\n\t\t","protected":false},"excerpt":{"rendered":"<p>Core Gravel Series | Conquer Rough Terrain<\/p>\n<p>Concebido com raios de carbono VONOA de alta rigidez e aros de 50mm de perfil duplo<\/p>\n<p>espec\u00edficos para gravel, este conjunto de rodas afina o equil\u00edbrio entre amortecimento de vibra\u00e7\u00f5es e<\/p>\n<p>estabilidade em superf\u00edcies imprevis\u00edveis.A largura interna de 25 mm optimiza o suporte do pneu<\/p>\n<p>para uma tra\u00e7\u00e3o e conforto melhorados, enquanto os perfis vers\u00e1teis proporcionam um controlo \u00e1gil para sec\u00e7\u00f5es t\u00e9cnicas<\/p>\n<p>e uma efici\u00eancia sustentada para terrenos mistos &#8211; concebidas para aventureiros que redefinem<\/p>\n<p>os limites.<\/p>\n","protected":false},"featured_media":1911,"comment_status":"open","ping_status":"closed","template":"","meta":[],"product_brand":[],"product_cat":[97],"product_tag":[121,122],"class_list":{"0":"post-4015","1":"product","2":"type-product","3":"status-publish","4":"has-post-thumbnail","6":"product_cat-roda-gravel","7":"product_tag-700c","8":"product_tag-travao-de-disco","10":"first","11":"instock","12":"shipping-taxable","13":"purchasable","14":"product-type-variable"},"_links":{"self":[{"href":"https:\/\/phi-cycling.cc\/pt-pt\/wp-json\/wp\/v2\/product\/4015","targetHints":{"allow":["GET"]}}],"collection":[{"href":"https:\/\/phi-cycling.cc\/pt-pt\/wp-json\/wp\/v2\/product"}],"about":[{"href":"https:\/\/phi-cycling.cc\/pt-pt\/wp-json\/wp\/v2\/types\/product"}],"replies":[{"embeddable":true,"href":"https:\/\/phi-cycling.cc\/pt-pt\/wp-json\/wp\/v2\/comments?post=4015"}],"version-history":[{"count":1,"href":"https:\/\/phi-cycling.cc\/pt-pt\/wp-json\/wp\/v2\/product\/4015\/revisions"}],"predecessor-version":[{"id":4032,"href":"https:\/\/phi-cycling.cc\/pt-pt\/wp-json\/wp\/v2\/product\/4015\/revisions\/4032"}],"wp:featuredmedia":[{"embeddable":true,"href":"https:\/\/phi-cycling.cc\/pt-pt\/wp-json\/wp\/v2\/media\/1911"}],"wp:attachment":[{"href":"https:\/\/phi-cycling.cc\/pt-pt\/wp-json\/wp\/v2\/media?parent=4015"}],"wp:term":[{"taxonomy":"product_brand","embeddable":true,"href":"https:\/\/phi-cycling.cc\/pt-pt\/wp-json\/wp\/v2\/product_brand?post=4015"},{"taxonomy":"product_cat","embeddable":true,"href":"https:\/\/phi-cycling.cc\/pt-pt\/wp-json\/wp\/v2\/product_cat?post=4015"},{"taxonomy":"product_tag","embeddable":true,"href":"https:\/\/phi-cycling.cc\/pt-pt\/wp-json\/wp\/v2\/product_tag?post=4015"}],"curies":[{"name":"wp","href":"https:\/\/api.w.org\/{rel}","templated":true}]}}