{"id":4243,"date":"2025-12-06T03:49:32","date_gmt":"2025-12-05T19:49:32","guid":{"rendered":"https:\/\/phi-cycling.cc\/product\/phi-core-do-punho\/"},"modified":"2026-04-07T17:31:46","modified_gmt":"2026-04-07T09:31:46","slug":"phi-core-do-punho","status":"publish","type":"product","link":"https:\/\/phi-cycling.cc\/pt-pt\/produto\/phi-core-do-punho\/","title":{"rendered":"PHi CORE DO PUNHO"},"content":{"rendered":"\t\t<div data-elementor-type=\"product-post\" data-elementor-id=\"4243\" class=\"elementor elementor-4243 elementor-117\" data-elementor-post-type=\"product\">\n\t\t\t\t<div class=\"elementor-element elementor-element-126bc4d9 e-flex e-con-boxed e-con e-parent\" data-id=\"126bc4d9\" data-element_type=\"container\" data-e-type=\"container\">\n\t\t\t\t\t<div class=\"e-con-inner\">\n\t\t\t\t<div class=\"elementor-element elementor-element-554025c1 elementor-widget elementor-widget-text-editor\" data-id=\"554025c1\" data-element_type=\"widget\" data-e-type=\"widget\" data-widget_type=\"text-editor.default\">\n\t\t\t\t\t\t\t\t\t<table style=\"border-collapse: collapse; width: 100%;\"><tbody><tr><td style=\"width: 50%;\">Op\u00e7\u00f5es de largura da barra<\/td><td style=\"width: 50%;\">360-440mm<\/td><\/tr><tr><td style=\"width: 50%;\">Gota<\/td><td style=\"width: 50%;\">125,1 mm<\/td><\/tr><tr><td style=\"width: 50%;\">Alcan\u00e7a<\/td><td style=\"width: 50%;\">79,6 mm<\/td><\/tr><tr><td style=\"width: 50%;\">Peso<\/td><td style=\"width: 50%;\">330g (90x400mm)<\/td><\/tr><\/tbody><\/table>\t\t\t\t\t\t\t\t<\/div>\n\t\t\t\t\t<\/div>\n\t\t\t\t<\/div>\n\t\t\t\t<\/div>\n\t\t","protected":false},"excerpt":{"rendered":"<p>Ultra-leve<\/p>\n<p>Aumenta a agilidade e a efic\u00e1cia da escalada.<\/p>\n<p>Pot\u00eancia perfeitamente equilibrada<\/p>\n<p>Transfer\u00eancia direta de for\u00e7a e dire\u00e7\u00e3o n\u00edtida para sprints e sec\u00e7\u00f5es t\u00e9cnicas.<\/p>\n<p>Desvio de rigidez Leti\/Direita: \u22640,5 mm.<\/p>\n<p>Durabilidade extrema para al\u00e9m dos padr\u00f5es<\/p>\n<p>Concebida para resistir aos esfor\u00e7os m\u00e1ximos dos dias de corrida e ao desgaste sem descanso do treino di\u00e1rio.<\/p>\n<p>Mais de 240.000 ciclos de teste &#8211; excedendo largamente a norma da ind\u00fastria de 50-100k.<\/p>\n<p>Fixa\u00e7\u00e3o sem preocupa\u00e7\u00f5es<\/p>\n<p>Instala\u00e7\u00e3o f\u00e1cil e segura com total compatibilidade com Shimano\/SRAM e uma elevada toler\u00e2ncia de bin\u00e1rio.<\/p>\n","protected":false},"featured_media":118,"comment_status":"open","ping_status":"closed","template":"","meta":[],"product_brand":[],"product_cat":[101],"product_tag":[],"class_list":{"0":"post-4243","1":"product","2":"type-product","3":"status-publish","4":"has-post-thumbnail","6":"product_cat-guidao","8":"first","9":"instock","10":"shipping-taxable","11":"purchasable","12":"product-type-simple"},"_links":{"self":[{"href":"https:\/\/phi-cycling.cc\/pt-pt\/wp-json\/wp\/v2\/product\/4243","targetHints":{"allow":["GET"]}}],"collection":[{"href":"https:\/\/phi-cycling.cc\/pt-pt\/wp-json\/wp\/v2\/product"}],"about":[{"href":"https:\/\/phi-cycling.cc\/pt-pt\/wp-json\/wp\/v2\/types\/product"}],"replies":[{"embeddable":true,"href":"https:\/\/phi-cycling.cc\/pt-pt\/wp-json\/wp\/v2\/comments?post=4243"}],"version-history":[{"count":1,"href":"https:\/\/phi-cycling.cc\/pt-pt\/wp-json\/wp\/v2\/product\/4243\/revisions"}],"predecessor-version":[{"id":4250,"href":"https:\/\/phi-cycling.cc\/pt-pt\/wp-json\/wp\/v2\/product\/4243\/revisions\/4250"}],"wp:featuredmedia":[{"embeddable":true,"href":"https:\/\/phi-cycling.cc\/pt-pt\/wp-json\/wp\/v2\/media\/118"}],"wp:attachment":[{"href":"https:\/\/phi-cycling.cc\/pt-pt\/wp-json\/wp\/v2\/media?parent=4243"}],"wp:term":[{"taxonomy":"product_brand","embeddable":true,"href":"https:\/\/phi-cycling.cc\/pt-pt\/wp-json\/wp\/v2\/product_brand?post=4243"},{"taxonomy":"product_cat","embeddable":true,"href":"https:\/\/phi-cycling.cc\/pt-pt\/wp-json\/wp\/v2\/product_cat?post=4243"},{"taxonomy":"product_tag","embeddable":true,"href":"https:\/\/phi-cycling.cc\/pt-pt\/wp-json\/wp\/v2\/product_tag?post=4243"}],"curies":[{"name":"wp","href":"https:\/\/api.w.org\/{rel}","templated":true}]}}